{"id":85,"date":"2023-08-12T14:17:58","date_gmt":"2023-08-12T12:17:58","guid":{"rendered":"https:\/\/webery-server1.de\/t10-metallbau\/?page_id=85"},"modified":"2025-03-26T14:48:55","modified_gmt":"2025-03-26T13:48:55","slug":"ueber-uns","status":"publish","type":"page","link":"https:\/\/webery-server1.de\/t10-metallbau\/ueber-uns\/","title":{"rendered":"\u00dcber Uns"},"content":{"rendered":"\t\t<div data-elementor-type=\"wp-page\" data-elementor-id=\"85\" class=\"elementor elementor-85\" data-elementor-post-type=\"page\">\n\t\t\t\t<div class=\"elementor-element elementor-element-5da452b e-flex e-con-boxed e-con e-parent\" data-id=\"5da452b\" data-element_type=\"container\" data-settings=\"{&quot;background_background&quot;:&quot;classic&quot;}\">\n\t\t\t\t\t<div class=\"e-con-inner\">\n\t\t<div class=\"elementor-element elementor-element-a8c8231 e-con-full e-flex e-con e-child\" data-id=\"a8c8231\" data-element_type=\"container\">\n\t\t\t\t<div class=\"elementor-element elementor-element-a9c930b elementor-widget elementor-widget-elementskit-heading\" data-id=\"a9c930b\" data-element_type=\"widget\" data-widget_type=\"elementskit-heading.default\">\n\t\t\t\t<div class=\"elementor-widget-container\">\n\t\t\t\t\t<div class=\"ekit-wid-con\" ><div class=\"ekit-heading elementskit-section-title-wraper text_center   ekit_heading_tablet-   ekit_heading_mobile-text_center\"><\/div><\/div>\t\t\t\t<\/div>\n\t\t\t\t<\/div>\n\t\t\t\t<\/div>\n\t\t\t\t\t<\/div>\n\t\t\t\t<\/div>\n\t\t<div class=\"elementor-element elementor-element-c7473f8 e-flex e-con-boxed e-con e-parent\" data-id=\"c7473f8\" data-element_type=\"container\">\n\t\t\t\t\t<div class=\"e-con-inner\">\n\t\t<div class=\"elementor-element elementor-element-53bad87 e-con-full e-flex e-con e-child\" data-id=\"53bad87\" data-element_type=\"container\">\n\t\t\t\t<div class=\"elementor-element elementor-element-18411d1 elementor-widget elementor-widget-heading\" data-id=\"18411d1\" data-element_type=\"widget\" data-widget_type=\"heading.default\">\n\t\t\t\t<div class=\"elementor-widget-container\">\n\t\t\t\t\t<h2 class=\"elementor-heading-title elementor-size-default\">Wir brennen f\u00fcr den Metall- und Stahlbau und setzen uns daf\u00fcr ein, dass unsere Kunden die bestm\u00f6gliche L\u00f6sung erhalten.<\/h2>\t\t\t\t<\/div>\n\t\t\t\t<\/div>\n\t\t\t\t<div class=\"elementor-element elementor-element-966235b elementor-widget elementor-widget-text-editor\" data-id=\"966235b\" data-element_type=\"widget\" data-widget_type=\"text-editor.default\">\n\t\t\t\t<div class=\"elementor-widget-container\">\n\t\t\t\t\t\t\t\t\t<p>Die Gr\u00fcndung eines Unternehmens in der dritten Generation ist ein bedeutender Schritt, da es eine lange Tradition und Geschichte hat, die fortgesetzt werden soll. Unser Unternehmen der Metallbranche ist ein Familienunternehmen, das seit Jahrzehnten besteht und in der dritten Generation gef\u00fchrt wird. Durch eine sorgf\u00e4ltige Planung und Vorbereitung, stellen wir sicher, dass das Unternehmen stetig erfolgreich weitergef\u00fchrt wird.<\/p><p>Unser Unternehmen in der Metallbaubranche verf\u00fcgt \u00fcber modern ausgestattete Fertigungshallen, die eine Fertigungstiefe von \u00fcber 80 Prozent erm\u00f6glichen. Durch die Kombination mit unserem direkt angeschlossenen B\u00fcrogeb\u00e4ude sind wir in der Lage, schnell auf neue Situationen zu reagieren. Wir vereinen alles unter einem Dach, von der Projektierung \u00fcber die Konstruktion bis zur Fertigung. Unser Rundum-Sorglos-Paket wird durch unsere erfahrenen Montageteams erg\u00e4nzt.<\/p>\t\t\t\t\t\t\t\t<\/div>\n\t\t\t\t<\/div>\n\t\t\t\t<div class=\"elementor-element elementor-element-0120e91 elementor-widget elementor-widget-button\" data-id=\"0120e91\" data-element_type=\"widget\" data-widget_type=\"button.default\">\n\t\t\t\t<div class=\"elementor-widget-container\">\n\t\t\t\t\t\t\t\t\t<div class=\"elementor-button-wrapper\">\n\t\t\t\t\t<a class=\"elementor-button elementor-button-link elementor-size-sm\" href=\"https:\/\/webery-server1.de\/t10-metallbau\/kontakt\/\">\n\t\t\t\t\t\t<span class=\"elementor-button-content-wrapper\">\n\t\t\t\t\t\t\t\t\t<span class=\"elementor-button-text\">Kontakt aufnehmen!<\/span>\n\t\t\t\t\t<\/span>\n\t\t\t\t\t<\/a>\n\t\t\t\t<\/div>\n\t\t\t\t\t\t\t\t<\/div>\n\t\t\t\t<\/div>\n\t\t\t\t<\/div>\n\t\t<div class=\"elementor-element elementor-element-d78a588 e-con-full e-flex e-con e-child\" data-id=\"d78a588\" data-element_type=\"container\">\n\t\t\t\t<div class=\"elementor-element elementor-element-44f2272 elementor-widget elementor-widget-image\" data-id=\"44f2272\" data-element_type=\"widget\" data-widget_type=\"image.default\">\n\t\t\t\t<div class=\"elementor-widget-container\">\n\t\t\t\t\t\t\t\t\t\t\t\t\t\t\t<img fetchpriority=\"high\" decoding=\"async\" width=\"800\" height=\"534\" src=\"https:\/\/webery-server1.de\/t10-metallbau\/wp-content\/uploads\/2023\/09\/factory-worker-working-warehouse-handling-metal-material-production-1024x683.jpg\" class=\"attachment-large size-large wp-image-716\" alt=\"\" srcset=\"https:\/\/webery-server1.de\/t10-metallbau\/wp-content\/uploads\/2023\/09\/factory-worker-working-warehouse-handling-metal-material-production-1024x683.jpg 1024w, https:\/\/webery-server1.de\/t10-metallbau\/wp-content\/uploads\/2023\/09\/factory-worker-working-warehouse-handling-metal-material-production-300x200.jpg 300w, https:\/\/webery-server1.de\/t10-metallbau\/wp-content\/uploads\/2023\/09\/factory-worker-working-warehouse-handling-metal-material-production-768x512.jpg 768w, https:\/\/webery-server1.de\/t10-metallbau\/wp-content\/uploads\/2023\/09\/factory-worker-working-warehouse-handling-metal-material-production.jpg 1500w\" sizes=\"(max-width: 800px) 100vw, 800px\" \/>\t\t\t\t\t\t\t\t\t\t\t\t\t\t\t<\/div>\n\t\t\t\t<\/div>\n\t\t\t\t<\/div>\n\t\t\t\t\t<\/div>\n\t\t\t\t<\/div>\n\t\t<div class=\"elementor-element elementor-element-cacac2b e-flex e-con-boxed e-con e-parent\" data-id=\"cacac2b\" data-element_type=\"container\" data-settings=\"{&quot;background_background&quot;:&quot;classic&quot;}\">\n\t\t\t\t\t<div class=\"e-con-inner\">\n\t\t<div class=\"elementor-element elementor-element-6f0f9dc e-con-full e-flex e-con e-child\" data-id=\"6f0f9dc\" data-element_type=\"container\">\n\t\t\t\t<div class=\"elementor-element elementor-element-540fd7e elementor-widget elementor-widget-heading\" data-id=\"540fd7e\" data-element_type=\"widget\" data-widget_type=\"heading.default\">\n\t\t\t\t<div class=\"elementor-widget-container\">\n\t\t\t\t\t<h1 class=\"elementor-heading-title elementor-size-default\">Metallbau<\/h1>\t\t\t\t<\/div>\n\t\t\t\t<\/div>\n\t\t\t\t<div class=\"elementor-element elementor-element-8d6d256 elementor-widget elementor-widget-text-editor\" data-id=\"8d6d256\" data-element_type=\"widget\" data-widget_type=\"text-editor.default\">\n\t\t\t\t<div class=\"elementor-widget-container\">\n\t\t\t\t\t\t\t\t\t<p>Unser Unternehmen deckt das gesamte Spektrum der Metallbearbeitung bis hin zur Oberfl\u00e4chenbehandlung mittels Glasperlstrahlen ab. Wir verarbeiten Stahl, Edelstahl und Duplexstahl sowie Aluminium. Unsere erfahrenen Metallbauer und gepr\u00fcften Schwei\u00dfer fertigen alle Konstruktionen in drei modern ausgestatteten Fertigungshallen. Dabei erreichen wir eine Fertigungstiefe von \u00fcber 80 Prozent.<\/p>\t\t\t\t\t\t\t\t<\/div>\n\t\t\t\t<\/div>\n\t\t\t\t<\/div>\n\t\t<div class=\"elementor-element elementor-element-7389555 e-con-full e-flex e-con e-child\" data-id=\"7389555\" data-element_type=\"container\">\n\t\t\t\t<div class=\"elementor-element elementor-element-351e499 elementor-widget elementor-widget-image\" data-id=\"351e499\" data-element_type=\"widget\" data-widget_type=\"image.default\">\n\t\t\t\t<div class=\"elementor-widget-container\">\n\t\t\t\t\t\t\t\t\t\t\t\t\t\t\t<img decoding=\"async\" width=\"800\" height=\"533\" src=\"https:\/\/webery-server1.de\/t10-metallbau\/wp-content\/uploads\/2023\/09\/Leistungen-Metallbau-2-1024x682.jpeg\" class=\"attachment-large size-large wp-image-690\" alt=\"\" srcset=\"https:\/\/webery-server1.de\/t10-metallbau\/wp-content\/uploads\/2023\/09\/Leistungen-Metallbau-2-1024x682.jpeg 1024w, https:\/\/webery-server1.de\/t10-metallbau\/wp-content\/uploads\/2023\/09\/Leistungen-Metallbau-2-300x200.jpeg 300w, https:\/\/webery-server1.de\/t10-metallbau\/wp-content\/uploads\/2023\/09\/Leistungen-Metallbau-2-768x512.jpeg 768w, https:\/\/webery-server1.de\/t10-metallbau\/wp-content\/uploads\/2023\/09\/Leistungen-Metallbau-2-1536x1024.jpeg 1536w, https:\/\/webery-server1.de\/t10-metallbau\/wp-content\/uploads\/2023\/09\/Leistungen-Metallbau-2.jpeg 2000w\" sizes=\"(max-width: 800px) 100vw, 800px\" \/>\t\t\t\t\t\t\t\t\t\t\t\t\t\t\t<\/div>\n\t\t\t\t<\/div>\n\t\t\t\t<\/div>\n\t\t\t\t\t<\/div>\n\t\t\t\t<\/div>\n\t\t<div class=\"elementor-element elementor-element-46b4da0 e-flex e-con-boxed e-con e-parent\" data-id=\"46b4da0\" data-element_type=\"container\">\n\t\t\t\t\t<div class=\"e-con-inner\">\n\t\t<div class=\"elementor-element elementor-element-3130068 e-con-full e-flex e-con e-child\" data-id=\"3130068\" data-element_type=\"container\">\n\t\t\t\t<div class=\"elementor-element elementor-element-7ab6bc1 elementor-widget elementor-widget-heading\" data-id=\"7ab6bc1\" data-element_type=\"widget\" data-widget_type=\"heading.default\">\n\t\t\t\t<div class=\"elementor-widget-container\">\n\t\t\t\t\t<h2 class=\"elementor-heading-title elementor-size-default\">Zulassungen und Qualifikationen<\/h2>\t\t\t\t<\/div>\n\t\t\t\t<\/div>\n\t\t<div class=\"elementor-element elementor-element-beaeefe e-con-full e-flex e-con e-child\" data-id=\"beaeefe\" data-element_type=\"container\">\n\t\t<div class=\"elementor-element elementor-element-5f7b733 e-con-full e-flex e-con e-child\" data-id=\"5f7b733\" data-element_type=\"container\">\n\t\t\t\t<div class=\"elementor-element elementor-element-d362b86 elementor-icon-list--layout-traditional elementor-list-item-link-full_width elementor-widget elementor-widget-icon-list\" data-id=\"d362b86\" data-element_type=\"widget\" data-widget_type=\"icon-list.default\">\n\t\t\t\t<div class=\"elementor-widget-container\">\n\t\t\t\t\t\t\t<ul class=\"elementor-icon-list-items\">\n\t\t\t\t\t\t\t<li class=\"elementor-icon-list-item\">\n\t\t\t\t\t\t\t\t\t\t\t<span class=\"elementor-icon-list-icon\">\n\t\t\t\t\t\t\t<i aria-hidden=\"true\" class=\"icon icon-double-angle-pointing-to-right\"><\/i>\t\t\t\t\t\t<\/span>\n\t\t\t\t\t\t\t\t\t\t<span class=\"elementor-icon-list-text\">Zertifizierung nach EN1090 bis EXC2 f\u00fcr Stahl- und Metallbau<\/span>\n\t\t\t\t\t\t\t\t\t<\/li>\n\t\t\t\t\t\t\t\t<li class=\"elementor-icon-list-item\">\n\t\t\t\t\t\t\t\t\t\t\t<span class=\"elementor-icon-list-icon\">\n\t\t\t\t\t\t\t<i aria-hidden=\"true\" class=\"icon icon-double-angle-pointing-to-right\"><\/i>\t\t\t\t\t\t<\/span>\n\t\t\t\t\t\t\t\t\t\t<span class=\"elementor-icon-list-text\">Zertifikat EN 1090 EXC3 f\u00fcr Tragwerke und Bauteile aus Stahl und Aluminium bis EXC 3 nach EN 1090-2 oder aus Aluminium bis EXC3<\/span>\n\t\t\t\t\t\t\t\t\t<\/li>\n\t\t\t\t\t\t\t\t<li class=\"elementor-icon-list-item\">\n\t\t\t\t\t\t\t\t\t\t\t<span class=\"elementor-icon-list-icon\">\n\t\t\t\t\t\t\t<i aria-hidden=\"true\" class=\"icon icon-double-angle-pointing-to-right\"><\/i>\t\t\t\t\t\t<\/span>\n\t\t\t\t\t\t\t\t\t\t<span class=\"elementor-icon-list-text\">Zulassung nach EN DIN 1090 durch den T\u00dcV Nord<\/span>\n\t\t\t\t\t\t\t\t\t<\/li>\n\t\t\t\t\t\t<\/ul>\n\t\t\t\t\t\t<\/div>\n\t\t\t\t<\/div>\n\t\t\t\t<\/div>\n\t\t<div class=\"elementor-element elementor-element-c9a0fcc e-con-full e-flex e-con e-child\" data-id=\"c9a0fcc\" data-element_type=\"container\">\n\t\t\t\t<div class=\"elementor-element elementor-element-5d7de92 elementor-icon-list--layout-traditional elementor-list-item-link-full_width elementor-widget elementor-widget-icon-list\" data-id=\"5d7de92\" data-element_type=\"widget\" data-widget_type=\"icon-list.default\">\n\t\t\t\t<div class=\"elementor-widget-container\">\n\t\t\t\t\t\t\t<ul class=\"elementor-icon-list-items\">\n\t\t\t\t\t\t\t<li class=\"elementor-icon-list-item\">\n\t\t\t\t\t\t\t\t\t\t\t<span class=\"elementor-icon-list-icon\">\n\t\t\t\t\t\t\t<i aria-hidden=\"true\" class=\"icon icon-double-angle-pointing-to-right\"><\/i>\t\t\t\t\t\t<\/span>\n\t\t\t\t\t\t\t\t\t\t<span class=\"elementor-icon-list-text\">Eintragung als Fachunternehmen des Metall verarbeitenden Gewerbes in der Handwerksrolle der Handwerkskammer<\/span>\n\t\t\t\t\t\t\t\t\t<\/li>\n\t\t\t\t\t\t\t\t<li class=\"elementor-icon-list-item\">\n\t\t\t\t\t\t\t\t\t\t\t<span class=\"elementor-icon-list-icon\">\n\t\t\t\t\t\t\t<i aria-hidden=\"true\" class=\"icon icon-double-angle-pointing-to-right\"><\/i>\t\t\t\t\t\t<\/span>\n\t\t\t\t\t\t\t\t\t\t<span class=\"elementor-icon-list-text\">EG-Zertifikat \u00fcber werkseigene Produktionskontrolle nach EN1090-2 bis EXC 4<\/span>\n\t\t\t\t\t\t\t\t\t<\/li>\n\t\t\t\t\t\t\t\t<li class=\"elementor-icon-list-item\">\n\t\t\t\t\t\t\t\t\t\t\t<span class=\"elementor-icon-list-icon\">\n\t\t\t\t\t\t\t<i aria-hidden=\"true\" class=\"icon icon-double-angle-pointing-to-right\"><\/i>\t\t\t\t\t\t<\/span>\n\t\t\t\t\t\t\t\t\t\t<span class=\"elementor-icon-list-text\">HPQ EXC 3 DB nach DBS 918 005<\/span>\n\t\t\t\t\t\t\t\t\t<\/li>\n\t\t\t\t\t\t<\/ul>\n\t\t\t\t\t\t<\/div>\n\t\t\t\t<\/div>\n\t\t\t\t<\/div>\n\t\t\t\t<\/div>\n\t\t\t\t<div class=\"elementor-element elementor-element-11524eb elementor-widget elementor-widget-text-editor\" data-id=\"11524eb\" data-element_type=\"widget\" data-widget_type=\"text-editor.default\">\n\t\t\t\t<div class=\"elementor-widget-container\">\n\t\t\t\t\t\t\t\t\t<p>Weitere Zulassungen auf Anfrage<\/p>\t\t\t\t\t\t\t\t<\/div>\n\t\t\t\t<\/div>\n\t\t\t\t<\/div>\n\t\t\t\t\t<\/div>\n\t\t\t\t<\/div>\n\t\t<div class=\"elementor-element elementor-element-b22f164 e-flex e-con-boxed e-con e-parent\" data-id=\"b22f164\" data-element_type=\"container\" data-settings=\"{&quot;background_background&quot;:&quot;classic&quot;}\">\n\t\t\t\t\t<div class=\"e-con-inner\">\n\t\t<div class=\"elementor-element elementor-element-9b72767 e-con-full e-flex e-con e-child\" data-id=\"9b72767\" data-element_type=\"container\">\n\t\t\t\t<div class=\"elementor-element elementor-element-df5983e elementor-widget elementor-widget-heading\" data-id=\"df5983e\" data-element_type=\"widget\" data-widget_type=\"heading.default\">\n\t\t\t\t<div class=\"elementor-widget-container\">\n\t\t\t\t\t<h2 class=\"elementor-heading-title elementor-size-default\">Wir freuen uns auf Ihre Kontaktaufnahme.<\/h2>\t\t\t\t<\/div>\n\t\t\t\t<\/div>\n\t\t\t\t<div class=\"elementor-element elementor-element-45da400 elementor-align-center elementor-widget elementor-widget-button\" data-id=\"45da400\" data-element_type=\"widget\" data-widget_type=\"button.default\">\n\t\t\t\t<div class=\"elementor-widget-container\">\n\t\t\t\t\t\t\t\t\t<div class=\"elementor-button-wrapper\">\n\t\t\t\t\t<a class=\"elementor-button elementor-button-link elementor-size-sm\" href=\"https:\/\/webery-server1.de\/t10-metallbau\/kontakt\/\">\n\t\t\t\t\t\t<span class=\"elementor-button-content-wrapper\">\n\t\t\t\t\t\t\t\t\t<span class=\"elementor-button-text\">jetzt kontaktieren<\/span>\n\t\t\t\t\t<\/span>\n\t\t\t\t\t<\/a>\n\t\t\t\t<\/div>\n\t\t\t\t\t\t\t\t<\/div>\n\t\t\t\t<\/div>\n\t\t\t\t<\/div>\n\t\t\t\t\t<\/div>\n\t\t\t\t<\/div>\n\t\t\t\t<\/div>\n\t\t","protected":false},"excerpt":{"rendered":"<p>Wir brennen f\u00fcr den Metall- und Stahlbau und setzen uns daf\u00fcr ein, dass unsere Kunden die bestm\u00f6gliche L\u00f6sung erhalten. Die Gr\u00fcndung eines Unternehmens in der dritten Generation ist ein bedeutender Schritt, da es eine lange Tradition und Geschichte hat, die fortgesetzt werden soll. Unser Unternehmen der Metallbranche ist ein Familienunternehmen, das seit Jahrzehnten besteht und [&hellip;]<\/p>\n","protected":false},"author":1,"featured_media":0,"parent":0,"menu_order":0,"comment_status":"closed","ping_status":"closed","template":"","meta":{"footnotes":""},"class_list":["post-85","page","type-page","status-publish","hentry"],"_links":{"self":[{"href":"https:\/\/webery-server1.de\/t10-metallbau\/wp-json\/wp\/v2\/pages\/85","targetHints":{"allow":["GET"]}}],"collection":[{"href":"https:\/\/webery-server1.de\/t10-metallbau\/wp-json\/wp\/v2\/pages"}],"about":[{"href":"https:\/\/webery-server1.de\/t10-metallbau\/wp-json\/wp\/v2\/types\/page"}],"author":[{"embeddable":true,"href":"https:\/\/webery-server1.de\/t10-metallbau\/wp-json\/wp\/v2\/users\/1"}],"replies":[{"embeddable":true,"href":"https:\/\/webery-server1.de\/t10-metallbau\/wp-json\/wp\/v2\/comments?post=85"}],"version-history":[{"count":7,"href":"https:\/\/webery-server1.de\/t10-metallbau\/wp-json\/wp\/v2\/pages\/85\/revisions"}],"predecessor-version":[{"id":910,"href":"https:\/\/webery-server1.de\/t10-metallbau\/wp-json\/wp\/v2\/pages\/85\/revisions\/910"}],"wp:attachment":[{"href":"https:\/\/webery-server1.de\/t10-metallbau\/wp-json\/wp\/v2\/media?parent=85"}],"curies":[{"name":"wp","href":"https:\/\/api.w.org\/{rel}","templated":true}]}}