{"id":85,"date":"2023-08-12T14:17:58","date_gmt":"2023-08-12T12:17:58","guid":{"rendered":"https:\/\/webery-server1.de\/t12-coach\/?page_id=85"},"modified":"2025-04-01T12:09:24","modified_gmt":"2025-04-01T10:09:24","slug":"coachings","status":"publish","type":"page","link":"https:\/\/webery-server1.de\/t12-coach\/coachings\/","title":{"rendered":"Coachings"},"content":{"rendered":"\t\t<div data-elementor-type=\"wp-page\" data-elementor-id=\"85\" class=\"elementor elementor-85\" data-elementor-post-type=\"page\">\n\t\t\t\t<div class=\"elementor-element elementor-element-f223a09 e-flex e-con-boxed e-con e-parent\" data-id=\"f223a09\" data-element_type=\"container\" data-settings=\"{&quot;background_background&quot;:&quot;classic&quot;}\">\n\t\t\t\t\t<div class=\"e-con-inner\">\n\t\t<div class=\"elementor-element elementor-element-5b36e7e e-con-full e-flex e-con e-child\" data-id=\"5b36e7e\" data-element_type=\"container\">\n\t\t\t\t<div class=\"elementor-element elementor-element-1308657 elementor-widget elementor-widget-elementskit-heading\" data-id=\"1308657\" data-element_type=\"widget\" data-widget_type=\"elementskit-heading.default\">\n\t\t\t\t<div class=\"elementor-widget-container\">\n\t\t\t\t\t<div class=\"ekit-wid-con\" ><div class=\"ekit-heading elementskit-section-title-wraper text_center   ekit_heading_tablet-   ekit_heading_mobile-text_center\"><\/div><\/div>\t\t\t\t<\/div>\n\t\t\t\t<\/div>\n\t\t\t\t<\/div>\n\t\t\t\t\t<\/div>\n\t\t\t\t<\/div>\n\t\t<div class=\"elementor-element elementor-element-2bea02c e-flex e-con-boxed e-con e-parent\" data-id=\"2bea02c\" data-element_type=\"container\" data-settings=\"{&quot;background_background&quot;:&quot;classic&quot;}\">\n\t\t\t\t\t<div class=\"e-con-inner\">\n\t\t<div class=\"elementor-element elementor-element-96805b5 e-con-full e-flex e-con e-child\" data-id=\"96805b5\" data-element_type=\"container\">\n\t\t<div class=\"elementor-element elementor-element-9a060a4 e-con-full e-flex e-con e-child\" data-id=\"9a060a4\" data-element_type=\"container\" id=\"c1\">\n\t\t<div class=\"elementor-element elementor-element-0dbfa60 e-con-full e-flex e-con e-child\" data-id=\"0dbfa60\" data-element_type=\"container\">\n\t\t\t\t<div class=\"elementor-element elementor-element-40978ba elementor-widget elementor-widget-heading\" data-id=\"40978ba\" data-element_type=\"widget\" data-widget_type=\"heading.default\">\n\t\t\t\t<div class=\"elementor-widget-container\">\n\t\t\t\t\t<h2 class=\"elementor-heading-title elementor-size-default\">Coachings<\/h2>\t\t\t\t<\/div>\n\t\t\t\t<\/div>\n\t\t\t\t<div class=\"elementor-element elementor-element-c674ad1 elementor-widget elementor-widget-text-editor\" data-id=\"c674ad1\" data-element_type=\"widget\" data-widget_type=\"text-editor.default\">\n\t\t\t\t<div class=\"elementor-widget-container\">\n\t\t\t\t\t\t\t\t\t<p>Sein Coaching-Angebot umfasst Einzel-Coaching f\u00fcr F\u00fchrungskr\u00e4fte und Leistungstr\u00e4ger, Teamentwicklung f\u00fcr Schl\u00fcsselteams und Management-Training f\u00fcr entscheidende Mitarbeiter. Dabei legt er gro\u00dfen Wert darauf, dass das Coaching auf die Bed\u00fcrfnisse jedes einzelnen Kunden ausgerichtet ist und eine ma\u00dfgeschneiderte F\u00fchrungsentwicklung bietet. Zun\u00e4chst wird ein Bild der aktuellen Situation und Herausforderungen der jeweiligen F\u00fchrungskraft oder Teams erstellt und das Coaching konzentriert sich auf die entscheidenden Punkte.<\/p>\t\t\t\t\t\t\t\t<\/div>\n\t\t\t\t<\/div>\n\t\t\t\t<div class=\"elementor-element elementor-element-b34b046 elementor-widget elementor-widget-button\" data-id=\"b34b046\" data-element_type=\"widget\" data-widget_type=\"button.default\">\n\t\t\t\t<div class=\"elementor-widget-container\">\n\t\t\t\t\t\t\t\t\t<div class=\"elementor-button-wrapper\">\n\t\t\t\t\t<a class=\"elementor-button elementor-button-link elementor-size-sm\" href=\"https:\/\/webery-server1.de\/t12-coach\/kontakt\/\">\n\t\t\t\t\t\t<span class=\"elementor-button-content-wrapper\">\n\t\t\t\t\t\t\t\t\t<span class=\"elementor-button-text\">jetzt kontaktieren<\/span>\n\t\t\t\t\t<\/span>\n\t\t\t\t\t<\/a>\n\t\t\t\t<\/div>\n\t\t\t\t\t\t\t\t<\/div>\n\t\t\t\t<\/div>\n\t\t\t\t<\/div>\n\t\t\t\t<\/div>\n\t\t<div class=\"elementor-element elementor-element-dc30875 e-con-full e-flex e-con e-child\" data-id=\"dc30875\" data-element_type=\"container\" id=\"c2\">\n\t\t<div class=\"elementor-element elementor-element-b73f7db e-con-full e-flex e-con e-child\" data-id=\"b73f7db\" data-element_type=\"container\">\n\t\t\t\t<div class=\"elementor-element elementor-element-cc5e6f4 elementor-widget elementor-widget-heading\" data-id=\"cc5e6f4\" data-element_type=\"widget\" data-widget_type=\"heading.default\">\n\t\t\t\t<div class=\"elementor-widget-container\">\n\t\t\t\t\t<h2 class=\"elementor-heading-title elementor-size-default\">F\u00fchrungs&shy;kr\u00e4fte&shy;entwicklung<\/h2>\t\t\t\t<\/div>\n\t\t\t\t<\/div>\n\t\t\t\t<div class=\"elementor-element elementor-element-068654f elementor-widget elementor-widget-text-editor\" data-id=\"068654f\" data-element_type=\"widget\" data-widget_type=\"text-editor.default\">\n\t\t\t\t<div class=\"elementor-widget-container\">\n\t\t\t\t\t\t\t\t\t<p>Coaching f\u00fcr F\u00fchrungskr\u00e4fte ist ein wichtiger Bereich, um ihre F\u00e4higkeiten und F\u00fchrungskompetenzen zu verbessern. M. M\u00fcller sieht sich als Begleiter bei der F\u00fchrungskr\u00e4fteentwicklung seiner Kunden und \u00a0begleitet Unternehmen und F\u00fchrungskr\u00e4fte in wichtigen Augenblicken &#8211; sei es bei pers\u00f6nlichen oder unternehmerischen Herausforderungen. Das Ziel ist es, nachhaltige Ver\u00e4nderungen zu erreichen, die sowohl die Unternehmensziele als auch die Bed\u00fcrfnisse der Coachees und Teams ber\u00fccksichtigen.<\/p><p>Ein besonderes Merkmal von M. M\u00fcllers Coaching ist der vertrauliche Raum, den er f\u00fcr seine Kunden schafft. Hier k\u00f6nnen sie Klartext sprechen und eindeutige Antworten auf schwierige Fragen finden. Das Einzel-Coaching und Team-Coaching ist ein Raum f\u00fcr Selbstvertrauen und Mut zum Risiko.<\/p>\t\t\t\t\t\t\t\t<\/div>\n\t\t\t\t<\/div>\n\t\t\t\t<div class=\"elementor-element elementor-element-3540b9f elementor-widget elementor-widget-button\" data-id=\"3540b9f\" data-element_type=\"widget\" data-widget_type=\"button.default\">\n\t\t\t\t<div class=\"elementor-widget-container\">\n\t\t\t\t\t\t\t\t\t<div class=\"elementor-button-wrapper\">\n\t\t\t\t\t<a class=\"elementor-button elementor-button-link elementor-size-sm\" href=\"https:\/\/webery-server1.de\/t12-coach\/kontakt\/\">\n\t\t\t\t\t\t<span class=\"elementor-button-content-wrapper\">\n\t\t\t\t\t\t\t\t\t<span class=\"elementor-button-text\">jetzt kontaktieren<\/span>\n\t\t\t\t\t<\/span>\n\t\t\t\t\t<\/a>\n\t\t\t\t<\/div>\n\t\t\t\t\t\t\t\t<\/div>\n\t\t\t\t<\/div>\n\t\t\t\t<\/div>\n\t\t\t\t<\/div>\n\t\t<div class=\"elementor-element elementor-element-d32845c e-con-full e-flex e-con e-child\" data-id=\"d32845c\" data-element_type=\"container\" id=\"c3\">\n\t\t<div class=\"elementor-element elementor-element-ef0cde1 e-con-full e-flex e-con e-child\" data-id=\"ef0cde1\" data-element_type=\"container\">\n\t\t\t\t<div class=\"elementor-element elementor-element-7113809 elementor-widget elementor-widget-heading\" data-id=\"7113809\" data-element_type=\"widget\" data-widget_type=\"heading.default\">\n\t\t\t\t<div class=\"elementor-widget-container\">\n\t\t\t\t\t<h2 class=\"elementor-heading-title elementor-size-default\">Coaching f\u00fcr Unternehmen<\/h2>\t\t\t\t<\/div>\n\t\t\t\t<\/div>\n\t\t\t\t<div class=\"elementor-element elementor-element-1175d31 elementor-widget elementor-widget-text-editor\" data-id=\"1175d31\" data-element_type=\"widget\" data-widget_type=\"text-editor.default\">\n\t\t\t\t<div class=\"elementor-widget-container\">\n\t\t\t\t\t\t\t\t\t<p>M\u00fcller arbeitet mit Unternehmen zusammen, um ihnen dabei zu helfen, ihre Ziele zu erreichen und ihre Mitarbeiter zu motivieren und zu f\u00f6rdern. Er nutzt seine Expertise in verschiedenen Bereichen, um ma\u00dfgeschneiderte L\u00f6sungen f\u00fcr jedes Unternehmen zu entwickeln.<\/p>\t\t\t\t\t\t\t\t<\/div>\n\t\t\t\t<\/div>\n\t\t\t\t<div class=\"elementor-element elementor-element-002672c elementor-widget elementor-widget-button\" data-id=\"002672c\" data-element_type=\"widget\" data-widget_type=\"button.default\">\n\t\t\t\t<div class=\"elementor-widget-container\">\n\t\t\t\t\t\t\t\t\t<div class=\"elementor-button-wrapper\">\n\t\t\t\t\t<a class=\"elementor-button elementor-button-link elementor-size-sm\" href=\"https:\/\/webery-server1.de\/t12-coach\/kontakt\/\">\n\t\t\t\t\t\t<span class=\"elementor-button-content-wrapper\">\n\t\t\t\t\t\t\t\t\t<span class=\"elementor-button-text\">jetzt kontaktieren<\/span>\n\t\t\t\t\t<\/span>\n\t\t\t\t\t<\/a>\n\t\t\t\t<\/div>\n\t\t\t\t\t\t\t\t<\/div>\n\t\t\t\t<\/div>\n\t\t\t\t<\/div>\n\t\t\t\t<\/div>\n\t\t<div class=\"elementor-element elementor-element-8cfbe93 e-con-full e-flex e-con e-child\" data-id=\"8cfbe93\" data-element_type=\"container\" id=\"c4\">\n\t\t<div class=\"elementor-element elementor-element-9bbf5c2 e-con-full e-flex e-con e-child\" data-id=\"9bbf5c2\" data-element_type=\"container\">\n\t\t\t\t<div class=\"elementor-element elementor-element-5397308 elementor-widget elementor-widget-heading\" data-id=\"5397308\" data-element_type=\"widget\" data-widget_type=\"heading.default\">\n\t\t\t\t<div class=\"elementor-widget-container\">\n\t\t\t\t\t<h2 class=\"elementor-heading-title elementor-size-default\">KI im Innovations&shy;management<\/h2>\t\t\t\t<\/div>\n\t\t\t\t<\/div>\n\t\t\t\t<div class=\"elementor-element elementor-element-a32048d elementor-widget elementor-widget-text-editor\" data-id=\"a32048d\" data-element_type=\"widget\" data-widget_type=\"text-editor.default\">\n\t\t\t\t<div class=\"elementor-widget-container\">\n\t\t\t\t\t\t\t\t\t<p>M\u00fcller bietet Expertise im Bereich KI im Innovationsmanagement an. Wir haben uns intensiv mit der Frage auseinandergesetzt, wo und wie KI Unternehmen in Zukunft ersetzen wird. Hier sind einige Erkenntnisse, die wir gewonnen haben:<\/p><p>KI als Unterst\u00fctzung im Coaching: Obwohl es unwahrscheinlich ist, dass KI menschliche Coaches vollst\u00e4ndig ersetzen wird, spielt KI bereits jetzt eine Rolle im Coaching. Insbesondere bei Chatbot-basiertem oder -unterst\u00fctztem Coaching \u00fcbernimmt KI spezifische Aufgaben wie die Anleitung von Coaching-\u00dcbungen oder das Nachhalten mittels Remindern.<\/p><p>Potenziale von Chatbots im Coaching: Chatbots bieten Potenziale und Einsatzm\u00f6glichkeiten als digitale Coaching-Begleiter und Assistenten. Sie k\u00f6nnen beispielsweise bei der Unterst\u00fctzung von Coachingprozessen eingesetzt werden.<\/p><p>Forschung und empirische Studien: Die Forschung zu digitalen Coaching-Ans\u00e4tzen und KI-gest\u00fctztem Coaching ist noch relativ begrenzt. Es gibt noch wenig theoretische Unterf\u00fctterung und die wenigen empirischen Studien zu Chatbot-Coaching ber\u00fccksichtigen oft nicht den organisationalen Kontext des Coachings.<\/p><p>Es ist wichtig zu betonen, dass KI im Coaching als Unterst\u00fctzung und Erg\u00e4nzung zum menschlichen Coach betrachtet werden sollte. Die menschliche Interaktion, das Einf\u00fchlungsverm\u00f6gen und die individuelle Anpassungsf\u00e4higkeit eines menschlichen Coaches sind nach wie vor von unsch\u00e4tzbarem Wert. KI kann jedoch bestimmte Aufgaben \u00fcbernehmen und den Coaching-Prozess effizienter gestalten.<\/p><p>Unser Coaching-Unternehmen ist darauf spezialisiert, die Vorteile von KI im Innovationsmanagement zu nutzen und Unternehmen dabei zu unterst\u00fctzen, die Potenziale von KI im Coaching zu erkennen und zu nutzen. Wir bieten ma\u00dfgeschneiderte L\u00f6sungen, die sowohl die menschliche Expertise als auch die M\u00f6glichkeiten der KI optimal kombinieren.<\/p>\t\t\t\t\t\t\t\t<\/div>\n\t\t\t\t<\/div>\n\t\t\t\t<div class=\"elementor-element elementor-element-c0d24c6 elementor-widget elementor-widget-button\" data-id=\"c0d24c6\" data-element_type=\"widget\" data-widget_type=\"button.default\">\n\t\t\t\t<div class=\"elementor-widget-container\">\n\t\t\t\t\t\t\t\t\t<div class=\"elementor-button-wrapper\">\n\t\t\t\t\t<a class=\"elementor-button elementor-button-link elementor-size-sm\" href=\"https:\/\/webery-server1.de\/t12-coach\/kontakt\/\">\n\t\t\t\t\t\t<span class=\"elementor-button-content-wrapper\">\n\t\t\t\t\t\t\t\t\t<span class=\"elementor-button-text\">jetzt kontaktieren<\/span>\n\t\t\t\t\t<\/span>\n\t\t\t\t\t<\/a>\n\t\t\t\t<\/div>\n\t\t\t\t\t\t\t\t<\/div>\n\t\t\t\t<\/div>\n\t\t\t\t<\/div>\n\t\t\t\t<\/div>\n\t\t\t\t<\/div>\n\t\t\t\t\t<\/div>\n\t\t\t\t<\/div>\n\t\t\t\t<\/div>\n\t\t","protected":false},"excerpt":{"rendered":"<p>Coachings Sein Coaching-Angebot umfasst Einzel-Coaching f\u00fcr F\u00fchrungskr\u00e4fte und Leistungstr\u00e4ger, Teamentwicklung f\u00fcr Schl\u00fcsselteams und Management-Training f\u00fcr entscheidende Mitarbeiter. Dabei legt er gro\u00dfen Wert darauf, dass das Coaching auf die Bed\u00fcrfnisse jedes einzelnen Kunden ausgerichtet ist und eine ma\u00dfgeschneiderte F\u00fchrungsentwicklung bietet. Zun\u00e4chst wird ein Bild der aktuellen Situation und Herausforderungen der jeweiligen F\u00fchrungskraft oder Teams erstellt und [&hellip;]<\/p>\n","protected":false},"author":1,"featured_media":0,"parent":0,"menu_order":0,"comment_status":"closed","ping_status":"closed","template":"","meta":{"footnotes":""},"class_list":["post-85","page","type-page","status-publish","hentry"],"_links":{"self":[{"href":"https:\/\/webery-server1.de\/t12-coach\/wp-json\/wp\/v2\/pages\/85","targetHints":{"allow":["GET"]}}],"collection":[{"href":"https:\/\/webery-server1.de\/t12-coach\/wp-json\/wp\/v2\/pages"}],"about":[{"href":"https:\/\/webery-server1.de\/t12-coach\/wp-json\/wp\/v2\/types\/page"}],"author":[{"embeddable":true,"href":"https:\/\/webery-server1.de\/t12-coach\/wp-json\/wp\/v2\/users\/1"}],"replies":[{"embeddable":true,"href":"https:\/\/webery-server1.de\/t12-coach\/wp-json\/wp\/v2\/comments?post=85"}],"version-history":[{"count":18,"href":"https:\/\/webery-server1.de\/t12-coach\/wp-json\/wp\/v2\/pages\/85\/revisions"}],"predecessor-version":[{"id":1340,"href":"https:\/\/webery-server1.de\/t12-coach\/wp-json\/wp\/v2\/pages\/85\/revisions\/1340"}],"wp:attachment":[{"href":"https:\/\/webery-server1.de\/t12-coach\/wp-json\/wp\/v2\/media?parent=85"}],"curies":[{"name":"wp","href":"https:\/\/api.w.org\/{rel}","templated":true}]}}