{"id":11,"date":"2023-08-12T13:30:29","date_gmt":"2023-08-12T11:30:29","guid":{"rendered":"https:\/\/webery-server1.de\/t13-energieberatung\/?page_id=11"},"modified":"2025-04-01T12:17:54","modified_gmt":"2025-04-01T10:17:54","slug":"startseite","status":"publish","type":"page","link":"https:\/\/webery-server1.de\/t13-energieberatung\/","title":{"rendered":"Start"},"content":{"rendered":"\t\t<div data-elementor-type=\"wp-page\" data-elementor-id=\"11\" class=\"elementor elementor-11\" data-elementor-post-type=\"page\">\n\t\t\t\t<div class=\"elementor-element elementor-element-0f719ef e-con-full e-flex e-con e-parent\" data-id=\"0f719ef\" data-element_type=\"container\">\n\t\t<div class=\"elementor-element elementor-element-5e24987 e-con-full e-flex e-con e-child\" data-id=\"5e24987\" data-element_type=\"container\">\n\t\t\t\t<div class=\"elementor-element elementor-element-c518332 elementor-widget elementor-widget-shortcode\" data-id=\"c518332\" data-element_type=\"widget\" data-widget_type=\"shortcode.default\">\n\t\t\t\t<div class=\"elementor-widget-container\">\n\t\t\t\t\t\t\t<div class=\"elementor-shortcode\"><\/div>\n\t\t\t\t\t\t<\/div>\n\t\t\t\t<\/div>\n\t\t\t\t<\/div>\n\t\t\t\t<\/div>\n\t\t<div class=\"elementor-element elementor-element-6cd435e e-flex e-con-boxed e-con e-parent\" data-id=\"6cd435e\" data-element_type=\"container\">\n\t\t\t\t\t<div class=\"e-con-inner\">\n\t\t<div class=\"elementor-element elementor-element-a4a6d41 e-con-full e-flex e-con e-child\" data-id=\"a4a6d41\" data-element_type=\"container\" data-settings=\"{&quot;background_background&quot;:&quot;classic&quot;}\">\n\t\t<div class=\"elementor-element elementor-element-4f66330 e-con-full e-flex e-con e-child\" data-id=\"4f66330\" data-element_type=\"container\" data-settings=\"{&quot;background_background&quot;:&quot;classic&quot;}\">\n\t\t<div class=\"elementor-element elementor-element-20e59d9 e-con-full e-flex e-con e-child\" data-id=\"20e59d9\" data-element_type=\"container\">\n\t\t\t\t<div class=\"elementor-element elementor-element-e1cbc71 ekit-equal-height-disable elementor-widget elementor-widget-elementskit-icon-box\" data-id=\"e1cbc71\" data-element_type=\"widget\" data-widget_type=\"elementskit-icon-box.default\">\n\t\t\t\t<div class=\"elementor-widget-container\">\n\t\t\t\t\t<div class=\"ekit-wid-con\" >        <!-- link opening -->\n                <a href=\"https:\/\/webery-server1.de\/t13-energieberatung\/konzepterstellung\/\" class=\"ekit_global_links\">\n                <!-- end link opening -->\n\n        <div class=\"elementskit-infobox text- text-left icon-lef-right-aligin elementor-animation- media  \">\n                    <div class=\"elementskit-box-header elementor-animation-\">\n                <div class=\"elementskit-info-box-icon  text-center\">\n                    <i aria-hidden=\"true\" class=\"elementkit-infobox-icon icon icon-vertical-timeline\"><\/i>\n                <\/div>\n          <\/div>\n                        <div class=\"box-body\">\n                            <h3 class=\"elementskit-info-box-title\">\n                    Konzepterstellung                <\/h3>\n                                            <\/div>\n        \n        \n                <\/div>\n                <\/a>\n        <\/div>\t\t\t\t<\/div>\n\t\t\t\t<\/div>\n\t\t\t\t<div class=\"elementor-element elementor-element-8a85da9 ekit-equal-height-disable elementor-widget elementor-widget-elementskit-icon-box\" data-id=\"8a85da9\" data-element_type=\"widget\" data-widget_type=\"elementskit-icon-box.default\">\n\t\t\t\t<div class=\"elementor-widget-container\">\n\t\t\t\t\t<div class=\"ekit-wid-con\" >        <!-- link opening -->\n                <a href=\"https:\/\/webery-server1.de\/t13-energieberatung\/foerdermittel\/\" class=\"ekit_global_links\">\n                <!-- end link opening -->\n\n        <div class=\"elementskit-infobox text- text-left icon-lef-right-aligin elementor-animation- media  \">\n                    <div class=\"elementskit-box-header elementor-animation-\">\n                <div class=\"elementskit-info-box-icon  text-center\">\n                    <i aria-hidden=\"true\" class=\"elementkit-infobox-icon icon icon-save-money\"><\/i>\n                <\/div>\n          <\/div>\n                        <div class=\"box-body\">\n                            <h3 class=\"elementskit-info-box-title\">\n                    F\u00f6rdermittel                <\/h3>\n                                            <\/div>\n        \n        \n                <\/div>\n                <\/a>\n        <\/div>\t\t\t\t<\/div>\n\t\t\t\t<\/div>\n\t\t\t\t<div class=\"elementor-element elementor-element-74b1ae3 ekit-equal-height-disable elementor-widget elementor-widget-elementskit-icon-box\" data-id=\"74b1ae3\" data-element_type=\"widget\" data-widget_type=\"elementskit-icon-box.default\">\n\t\t\t\t<div class=\"elementor-widget-container\">\n\t\t\t\t\t<div class=\"ekit-wid-con\" >        <!-- link opening -->\n                <a href=\"https:\/\/webery-server1.de\/t13-energieberatung\/baubegleitung\/\" class=\"ekit_global_links\">\n                <!-- end link opening -->\n\n        <div class=\"elementskit-infobox text- text-left icon-lef-right-aligin elementor-animation- media  \">\n                    <div class=\"elementskit-box-header elementor-animation-\">\n                <div class=\"elementskit-info-box-icon  text-center\">\n                    <i aria-hidden=\"true\" class=\"elementkit-infobox-icon icon icon-crane\"><\/i>\n                <\/div>\n          <\/div>\n                        <div class=\"box-body\">\n                            <h3 class=\"elementskit-info-box-title\">\n                    Baubegleitung                 <\/h3>\n                                            <\/div>\n        \n        \n                <\/div>\n                <\/a>\n        <\/div>\t\t\t\t<\/div>\n\t\t\t\t<\/div>\n\t\t\t\t<div class=\"elementor-element elementor-element-7b92b30 ekit-equal-height-disable elementor-widget elementor-widget-elementskit-icon-box\" data-id=\"7b92b30\" data-element_type=\"widget\" data-widget_type=\"elementskit-icon-box.default\">\n\t\t\t\t<div class=\"elementor-widget-container\">\n\t\t\t\t\t<div class=\"ekit-wid-con\" >        <!-- link opening -->\n                <a href=\"https:\/\/webery-server1.de\/t13-energieberatung\/waermepumpe\/\" class=\"ekit_global_links\">\n                <!-- end link opening -->\n\n        <div class=\"elementskit-infobox text- text-left icon-lef-right-aligin elementor-animation- media  \">\n                    <div class=\"elementskit-box-header elementor-animation-\">\n                <div class=\"elementskit-info-box-icon  text-center\">\n                    <i aria-hidden=\"true\" class=\"elementkit-infobox-icon fas fa-fire\"><\/i>\n                <\/div>\n          <\/div>\n                        <div class=\"box-body\">\n                            <h3 class=\"elementskit-info-box-title\">\n                    W\u00e4rmepumpe                <\/h3>\n                                            <\/div>\n        \n        \n                <\/div>\n                <\/a>\n        <\/div>\t\t\t\t<\/div>\n\t\t\t\t<\/div>\n\t\t\t\t<div class=\"elementor-element elementor-element-53ab1cb ekit-equal-height-disable elementor-widget elementor-widget-elementskit-icon-box\" data-id=\"53ab1cb\" data-element_type=\"widget\" data-widget_type=\"elementskit-icon-box.default\">\n\t\t\t\t<div class=\"elementor-widget-container\">\n\t\t\t\t\t<div class=\"ekit-wid-con\" >        <!-- link opening -->\n                <a href=\"https:\/\/webery-server1.de\/t13-energieberatung\/energie\/\" class=\"ekit_global_links\">\n                <!-- end link opening -->\n\n        <div class=\"elementskit-infobox text- text-left icon-lef-right-aligin elementor-animation- media  \">\n                    <div class=\"elementskit-box-header elementor-animation-\">\n                <div class=\"elementskit-info-box-icon  text-center\">\n                    <i aria-hidden=\"true\" class=\"elementkit-infobox-icon icon icon-energy-saving\"><\/i>\n                <\/div>\n          <\/div>\n                        <div class=\"box-body\">\n                            <h3 class=\"elementskit-info-box-title\">\n                    Energieverbrauchs- und Energiebedarfsausweise                <\/h3>\n                                            <\/div>\n        \n        \n                <\/div>\n                <\/a>\n        <\/div>\t\t\t\t<\/div>\n\t\t\t\t<\/div>\n\t\t\t\t<\/div>\n\t\t\t\t<\/div>\n\t\t\t\t<\/div>\n\t\t<div class=\"elementor-element elementor-element-20d2881 e-con-full e-flex e-con e-child\" data-id=\"20d2881\" data-element_type=\"container\">\n\t\t\t\t<div class=\"elementor-element elementor-element-2c45ceb elementor-widget elementor-widget-spacer\" data-id=\"2c45ceb\" data-element_type=\"widget\" data-widget_type=\"spacer.default\">\n\t\t\t\t<div class=\"elementor-widget-container\">\n\t\t\t\t\t\t\t<div class=\"elementor-spacer\">\n\t\t\t<div class=\"elementor-spacer-inner\"><\/div>\n\t\t<\/div>\n\t\t\t\t\t\t<\/div>\n\t\t\t\t<\/div>\n\t\t\t\t<div class=\"elementor-element elementor-element-77fbd2f elementor-widget elementor-widget-heading\" data-id=\"77fbd2f\" data-element_type=\"widget\" data-widget_type=\"heading.default\">\n\t\t\t\t<div class=\"elementor-widget-container\">\n\t\t\t\t\t<h2 class=\"elementor-heading-title elementor-size-default\">Willkommen auf unserer Webseite f\u00fcr <\/h2>\t\t\t\t<\/div>\n\t\t\t\t<\/div>\n\t\t\t\t<div class=\"elementor-element elementor-element-24c718f elementor-widget elementor-widget-heading\" data-id=\"24c718f\" data-element_type=\"widget\" data-widget_type=\"heading.default\">\n\t\t\t\t<div class=\"elementor-widget-container\">\n\t\t\t\t\t<h1 class=\"elementor-heading-title elementor-size-default\">Energieberatung im Bereich Immobilien! <\/h1>\t\t\t\t<\/div>\n\t\t\t\t<\/div>\n\t\t\t\t<div class=\"elementor-element elementor-element-48b01c3 elementor-widget elementor-widget-text-editor\" data-id=\"48b01c3\" data-element_type=\"widget\" data-widget_type=\"text-editor.default\">\n\t\t\t\t<div class=\"elementor-widget-container\">\n\t\t\t\t\t\t\t\t\t<p>Wir sind ein Team von Experten, das sich auf die Optimierung der Energieeffizienz von Geb\u00e4uden spezialisiert hat. Wir helfen Ihnen dabei, Energie und Kosten zu sparen, indem wir Ihnen ma\u00dfgeschneiderte L\u00f6sungen f\u00fcr Ihr Geb\u00e4ude anbieten.<\/p><p>Unser Ziel ist es, Ihnen dabei zu helfen, Ihre Energiekosten zu senken und gleichzeitig die Umwelt zu schonen. Wir bieten eine breite Palette von Dienstleistungen an, die von der Energieberatung bis hin zur Umsetzung von Energieeffizienzma\u00dfnahmen reichen. <strong>Kontaktieren Sie uns noch heute, um zu erfahren, wie wir Ihnen helfen k\u00f6nnen, Ihre Energiekosten zu senken und Ihre Immobilie energieeffizienter zu machen! <\/strong><\/p><p><strong>Kontaktieren Sie uns gerne f\u00fcr ein unverbindliches Beratungsgespr\u00e4ch. <\/strong><\/p>\t\t\t\t\t\t\t\t<\/div>\n\t\t\t\t<\/div>\n\t\t\t\t<div class=\"elementor-element elementor-element-ba911fa elementor-widget elementor-widget-button\" data-id=\"ba911fa\" data-element_type=\"widget\" data-widget_type=\"button.default\">\n\t\t\t\t<div class=\"elementor-widget-container\">\n\t\t\t\t\t\t\t\t\t<div class=\"elementor-button-wrapper\">\n\t\t\t\t\t<a class=\"elementor-button elementor-button-link elementor-size-sm\" href=\"https:\/\/webery-server1.de\/t13-energieberatung\/kontakt\/\">\n\t\t\t\t\t\t<span class=\"elementor-button-content-wrapper\">\n\t\t\t\t\t\t\t\t\t<span class=\"elementor-button-text\">jetzt kontaktieren<\/span>\n\t\t\t\t\t<\/span>\n\t\t\t\t\t<\/a>\n\t\t\t\t<\/div>\n\t\t\t\t\t\t\t\t<\/div>\n\t\t\t\t<\/div>\n\t\t\t\t<\/div>\n\t\t\t\t\t<\/div>\n\t\t\t\t<\/div>\n\t\t<div class=\"elementor-element elementor-element-b1fde28 e-flex e-con-boxed e-con e-parent\" data-id=\"b1fde28\" data-element_type=\"container\" data-settings=\"{&quot;background_background&quot;:&quot;gradient&quot;}\">\n\t\t\t\t\t<div class=\"e-con-inner\">\n\t\t<div class=\"elementor-element elementor-element-c2969d9 e-con-full e-flex e-con e-child\" data-id=\"c2969d9\" data-element_type=\"container\">\n\t\t\t\t<div class=\"elementor-element elementor-element-4be88c7 elementor-widget elementor-widget-heading\" data-id=\"4be88c7\" data-element_type=\"widget\" data-widget_type=\"heading.default\">\n\t\t\t\t<div class=\"elementor-widget-container\">\n\t\t\t\t\t<h2 class=\"elementor-heading-title elementor-size-default\">Wir freuen uns auf Ihre Kontaktaufnahme.<\/h2>\t\t\t\t<\/div>\n\t\t\t\t<\/div>\n\t\t\t\t<div class=\"elementor-element elementor-element-ec63b8c elementor-align-center elementor-widget elementor-widget-button\" data-id=\"ec63b8c\" data-element_type=\"widget\" data-widget_type=\"button.default\">\n\t\t\t\t<div class=\"elementor-widget-container\">\n\t\t\t\t\t\t\t\t\t<div class=\"elementor-button-wrapper\">\n\t\t\t\t\t<a class=\"elementor-button elementor-button-link elementor-size-sm\" href=\"https:\/\/webery-server1.de\/t13-energieberatung\/kontakt\/\">\n\t\t\t\t\t\t<span class=\"elementor-button-content-wrapper\">\n\t\t\t\t\t\t\t\t\t<span class=\"elementor-button-text\">jetzt kontaktieren<\/span>\n\t\t\t\t\t<\/span>\n\t\t\t\t\t<\/a>\n\t\t\t\t<\/div>\n\t\t\t\t\t\t\t\t<\/div>\n\t\t\t\t<\/div>\n\t\t\t\t<\/div>\n\t\t\t\t\t<\/div>\n\t\t\t\t<\/div>\n\t\t\t\t<\/div>\n\t\t","protected":false},"excerpt":{"rendered":"<p>Konzepterstellung F\u00f6rdermittel Baubegleitung W\u00e4rmepumpe Energieverbrauchs- und Energiebedarfsausweise Willkommen auf unserer Webseite f\u00fcr Energieberatung im Bereich Immobilien! Wir sind ein Team von Experten, das sich auf die Optimierung der Energieeffizienz von Geb\u00e4uden spezialisiert hat. Wir helfen Ihnen dabei, Energie und Kosten zu sparen, indem wir Ihnen ma\u00dfgeschneiderte L\u00f6sungen f\u00fcr Ihr Geb\u00e4ude anbieten. Unser Ziel ist es, [&hellip;]<\/p>\n","protected":false},"author":1,"featured_media":0,"parent":0,"menu_order":0,"comment_status":"closed","ping_status":"closed","template":"","meta":{"footnotes":""},"class_list":["post-11","page","type-page","status-publish","hentry"],"_links":{"self":[{"href":"https:\/\/webery-server1.de\/t13-energieberatung\/wp-json\/wp\/v2\/pages\/11","targetHints":{"allow":["GET"]}}],"collection":[{"href":"https:\/\/webery-server1.de\/t13-energieberatung\/wp-json\/wp\/v2\/pages"}],"about":[{"href":"https:\/\/webery-server1.de\/t13-energieberatung\/wp-json\/wp\/v2\/types\/page"}],"author":[{"embeddable":true,"href":"https:\/\/webery-server1.de\/t13-energieberatung\/wp-json\/wp\/v2\/users\/1"}],"replies":[{"embeddable":true,"href":"https:\/\/webery-server1.de\/t13-energieberatung\/wp-json\/wp\/v2\/comments?post=11"}],"version-history":[{"count":6,"href":"https:\/\/webery-server1.de\/t13-energieberatung\/wp-json\/wp\/v2\/pages\/11\/revisions"}],"predecessor-version":[{"id":1115,"href":"https:\/\/webery-server1.de\/t13-energieberatung\/wp-json\/wp\/v2\/pages\/11\/revisions\/1115"}],"wp:attachment":[{"href":"https:\/\/webery-server1.de\/t13-energieberatung\/wp-json\/wp\/v2\/media?parent=11"}],"curies":[{"name":"wp","href":"https:\/\/api.w.org\/{rel}","templated":true}]}}