{"id":487,"date":"2023-08-28T13:00:55","date_gmt":"2023-08-28T11:00:55","guid":{"rendered":"https:\/\/webery-server1.de\/t13-energieberatung\/?page_id=487"},"modified":"2025-04-01T12:18:30","modified_gmt":"2025-04-01T10:18:30","slug":"waermepumpe","status":"publish","type":"page","link":"https:\/\/webery-server1.de\/t13-energieberatung\/waermepumpe\/","title":{"rendered":"W\u00e4rmepumpe"},"content":{"rendered":"\t\t<div data-elementor-type=\"wp-page\" data-elementor-id=\"487\" class=\"elementor elementor-487\" data-elementor-post-type=\"page\">\n\t\t\t\t<div class=\"elementor-element elementor-element-6a5f780 e-flex e-con-boxed e-con e-parent\" data-id=\"6a5f780\" data-element_type=\"container\" data-settings=\"{&quot;background_background&quot;:&quot;gradient&quot;}\">\n\t\t\t\t\t<div class=\"e-con-inner\">\n\t\t<div class=\"elementor-element elementor-element-38ff9a0 e-con-full e-flex e-con e-child\" data-id=\"38ff9a0\" data-element_type=\"container\">\n\t\t\t\t<div class=\"elementor-element elementor-element-6315d86 elementor-widget elementor-widget-elementskit-heading\" data-id=\"6315d86\" data-element_type=\"widget\" data-widget_type=\"elementskit-heading.default\">\n\t\t\t\t<div class=\"elementor-widget-container\">\n\t\t\t\t\t<div class=\"ekit-wid-con\" ><div class=\"ekit-heading elementskit-section-title-wraper text_left   ekit_heading_tablet-   ekit_heading_mobile-text_center\"><\/div><\/div>\t\t\t\t<\/div>\n\t\t\t\t<\/div>\n\t\t\t\t<\/div>\n\t\t\t\t\t<\/div>\n\t\t\t\t<\/div>\n\t\t<div class=\"elementor-element elementor-element-d4b5031 e-flex e-con-boxed e-con e-parent\" data-id=\"d4b5031\" data-element_type=\"container\">\n\t\t\t\t\t<div class=\"e-con-inner\">\n\t\t<div class=\"elementor-element elementor-element-0876797 e-con-full e-flex e-con e-child\" data-id=\"0876797\" data-element_type=\"container\">\n\t\t\t\t<div class=\"elementor-element elementor-element-a3d60ef elementor-widget elementor-widget-text-editor\" data-id=\"a3d60ef\" data-element_type=\"widget\" data-widget_type=\"text-editor.default\">\n\t\t\t\t<div class=\"elementor-widget-container\">\n\t\t\t\t\t\t\t\t\t<p>Eine W\u00e4rmepumpe ist eine effiziente und umweltfreundliche M\u00f6glichkeit, um ein Haus zu beheizen. Im Folgenden sind einige Vorteile aufgelistet, die der Einbau einer W\u00e4rmepumpe mit sich bringt:<\/p>\t\t\t\t\t\t\t\t<\/div>\n\t\t\t\t<\/div>\n\t\t\t\t<\/div>\n\t\t<div class=\"elementor-element elementor-element-d9415ee e-con-full e-flex e-con e-child\" data-id=\"d9415ee\" data-element_type=\"container\">\n\t\t\t\t<div class=\"elementor-element elementor-element-d60ef95 elementor-widget elementor-widget-image\" data-id=\"d60ef95\" data-element_type=\"widget\" data-widget_type=\"image.default\">\n\t\t\t\t<div class=\"elementor-widget-container\">\n\t\t\t\t\t\t\t\t\t\t\t\t\t\t\t<img fetchpriority=\"high\" decoding=\"async\" width=\"800\" height=\"534\" src=\"https:\/\/webery-server1.de\/t13-energieberatung\/wp-content\/uploads\/2023\/08\/Wa\u0308rmepumpe2-1024x684.jpeg\" class=\"attachment-large size-large wp-image-856\" alt=\"\" srcset=\"https:\/\/webery-server1.de\/t13-energieberatung\/wp-content\/uploads\/2023\/08\/Wa\u0308rmepumpe2-1024x684.jpeg 1024w, https:\/\/webery-server1.de\/t13-energieberatung\/wp-content\/uploads\/2023\/08\/Wa\u0308rmepumpe2-300x200.jpeg 300w, https:\/\/webery-server1.de\/t13-energieberatung\/wp-content\/uploads\/2023\/08\/Wa\u0308rmepumpe2-768x513.jpeg 768w, https:\/\/webery-server1.de\/t13-energieberatung\/wp-content\/uploads\/2023\/08\/Wa\u0308rmepumpe2-1536x1025.jpeg 1536w, https:\/\/webery-server1.de\/t13-energieberatung\/wp-content\/uploads\/2023\/08\/Wa\u0308rmepumpe2.jpeg 2000w\" sizes=\"(max-width: 800px) 100vw, 800px\" \/>\t\t\t\t\t\t\t\t\t\t\t\t\t\t\t<\/div>\n\t\t\t\t<\/div>\n\t\t\t\t<\/div>\n\t\t\t\t\t<\/div>\n\t\t\t\t<\/div>\n\t\t<div class=\"elementor-element elementor-element-080cdc0 e-flex e-con-boxed e-con e-parent\" data-id=\"080cdc0\" data-element_type=\"container\" data-settings=\"{&quot;background_background&quot;:&quot;classic&quot;}\">\n\t\t\t\t\t<div class=\"e-con-inner\">\n\t\t<div class=\"elementor-element elementor-element-a956ace e-con-full e-flex e-con e-child\" data-id=\"a956ace\" data-element_type=\"container\">\n\t\t\t\t<div class=\"elementor-element elementor-element-fc5f36b ekit-equal-height-disable elementor-widget elementor-widget-elementskit-icon-box\" data-id=\"fc5f36b\" data-element_type=\"widget\" data-widget_type=\"elementskit-icon-box.default\">\n\t\t\t\t<div class=\"elementor-widget-container\">\n\t\t\t\t\t<div class=\"ekit-wid-con\" >        <!-- link opening -->\n                <!-- end link opening -->\n\n        <div class=\"elementskit-infobox text- text-left icon-lef-right-aligin elementor-animation- media  \">\n                    <div class=\"elementskit-box-header elementor-animation-\">\n                <div class=\"elementskit-info-box-icon  text-center\">\n                    <i aria-hidden=\"true\" class=\"elementkit-infobox-icon icon icon-Leaf\"><\/i>\n                <\/div>\n          <\/div>\n                        <div class=\"box-body\">\n                            <h3 class=\"elementskit-info-box-title\">\n                    Energieeffizienz                <\/h3>\n                        \t\t  \t<p>W\u00e4rmepumpen nutzen die W\u00e4rme aus der Umgebung, um ein Haus zu beheizen. Dadurch ben\u00f6tigen sie weniger Energie als herk\u00f6mmliche Heizsysteme und k\u00f6nnen zu erheblichen Einsparungen bei den Energiekosten f\u00fchren.<\/p>\n                                <\/div>\n        \n        \n                <\/div>\n        <\/div>\t\t\t\t<\/div>\n\t\t\t\t<\/div>\n\t\t\t\t<div class=\"elementor-element elementor-element-97391d8 ekit-equal-height-disable elementor-widget elementor-widget-elementskit-icon-box\" data-id=\"97391d8\" data-element_type=\"widget\" data-widget_type=\"elementskit-icon-box.default\">\n\t\t\t\t<div class=\"elementor-widget-container\">\n\t\t\t\t\t<div class=\"ekit-wid-con\" >        <!-- link opening -->\n                <!-- end link opening -->\n\n        <div class=\"elementskit-infobox text- text-left icon-lef-right-aligin elementor-animation- media  \">\n                    <div class=\"elementskit-box-header elementor-animation-\">\n                <div class=\"elementskit-info-box-icon  text-center\">\n                    <i aria-hidden=\"true\" class=\"elementkit-infobox-icon icon icon-Leaf\"><\/i>\n                <\/div>\n          <\/div>\n                        <div class=\"box-body\">\n                            <h3 class=\"elementskit-info-box-title\">\n                    Umweltfreundlichkeit                <\/h3>\n                        \t\t  \t<p>Da W\u00e4rmepumpen weniger Energie ben\u00f6tigen, um ein Haus zu beheizen, tragen sie auch zur Reduzierung der CO2-Emissionen bei. Dies ist besonders wichtig im Hinblick auf den Klimawandel und den Schutz der Umwelt.<\/p>\n                                <\/div>\n        \n        \n                <\/div>\n        <\/div>\t\t\t\t<\/div>\n\t\t\t\t<\/div>\n\t\t\t\t<div class=\"elementor-element elementor-element-290f6c8 ekit-equal-height-disable elementor-widget elementor-widget-elementskit-icon-box\" data-id=\"290f6c8\" data-element_type=\"widget\" data-widget_type=\"elementskit-icon-box.default\">\n\t\t\t\t<div class=\"elementor-widget-container\">\n\t\t\t\t\t<div class=\"ekit-wid-con\" >        <!-- link opening -->\n                <!-- end link opening -->\n\n        <div class=\"elementskit-infobox text- text-left icon-lef-right-aligin elementor-animation- media  \">\n                    <div class=\"elementskit-box-header elementor-animation-\">\n                <div class=\"elementskit-info-box-icon  text-center\">\n                    <i aria-hidden=\"true\" class=\"elementkit-infobox-icon icon icon-Leaf\"><\/i>\n                <\/div>\n          <\/div>\n                        <div class=\"box-body\">\n                            <h3 class=\"elementskit-info-box-title\">\n                    Flexibilit\u00e4t                <\/h3>\n                        \t\t  \t<p>W\u00e4rmepumpen k\u00f6nnen in vielen verschiedenen Umgebungen eingesetzt werden, einschlie\u00dflich Wohnh\u00e4usern, B\u00fcros und Industrieanlagen. Sie k\u00f6nnen auch in Kombination mit anderen Heizsystemen wie Solarthermie oder Biomasse eingesetzt werden.<\/p>\n                                <\/div>\n        \n        \n                <\/div>\n        <\/div>\t\t\t\t<\/div>\n\t\t\t\t<\/div>\n\t\t\t\t<div class=\"elementor-element elementor-element-e1dfd8b elementor-widget elementor-widget-text-editor\" data-id=\"e1dfd8b\" data-element_type=\"widget\" data-widget_type=\"text-editor.default\">\n\t\t\t\t<div class=\"elementor-widget-container\">\n\t\t\t\t\t\t\t\t\t<p>Der Einbau einer W\u00e4rmepumpe macht besonders dann Sinn, wenn das Haus gut isoliert ist und \u00fcber eine niedrige Heizlast verf\u00fcgt. Eine W\u00e4rmepumpe ist auch eine gute Wahl, wenn das Haus \u00fcber eine Fu\u00dfbodenheizung verf\u00fcgt, da diese Heizsysteme mit niedrigeren Temperaturen arbeiten als herk\u00f6mmliche Heizk\u00f6rper. Es ist jedoch wichtig, dass der Einbau von einem Experten durchgef\u00fchrt wird, um sicherzustellen, dass die W\u00e4rmepumpe ordnungsgem\u00e4\u00df installiert und eingestellt wird.<\/p>\t\t\t\t\t\t\t\t<\/div>\n\t\t\t\t<\/div>\n\t\t\t\t<\/div>\n\t\t\t\t\t<\/div>\n\t\t\t\t<\/div>\n\t\t<div class=\"elementor-element elementor-element-545df53 e-flex e-con-boxed e-con e-parent\" data-id=\"545df53\" data-element_type=\"container\" data-settings=\"{&quot;background_background&quot;:&quot;gradient&quot;}\">\n\t\t\t\t\t<div class=\"e-con-inner\">\n\t\t<div class=\"elementor-element elementor-element-edd70eb e-con-full e-flex e-con e-child\" data-id=\"edd70eb\" data-element_type=\"container\">\n\t\t\t\t<div class=\"elementor-element elementor-element-43b6c7f elementor-widget elementor-widget-heading\" data-id=\"43b6c7f\" data-element_type=\"widget\" data-widget_type=\"heading.default\">\n\t\t\t\t<div class=\"elementor-widget-container\">\n\t\t\t\t\t<h2 class=\"elementor-heading-title elementor-size-default\">Wir freuen uns \u00fcber Ihren Anruf. <\/h2>\t\t\t\t<\/div>\n\t\t\t\t<\/div>\n\t\t\t\t<div class=\"elementor-element elementor-element-cd9886c elementor-align-center elementor-widget elementor-widget-button\" data-id=\"cd9886c\" data-element_type=\"widget\" data-widget_type=\"button.default\">\n\t\t\t\t<div class=\"elementor-widget-container\">\n\t\t\t\t\t\t\t\t\t<div class=\"elementor-button-wrapper\">\n\t\t\t\t\t<a class=\"elementor-button elementor-button-link elementor-size-sm\" href=\"https:\/\/webery-server1.de\/t13-energieberatung\/kontakt\/\">\n\t\t\t\t\t\t<span class=\"elementor-button-content-wrapper\">\n\t\t\t\t\t\t\t\t\t<span class=\"elementor-button-text\">jetzt kontaktieren<\/span>\n\t\t\t\t\t<\/span>\n\t\t\t\t\t<\/a>\n\t\t\t\t<\/div>\n\t\t\t\t\t\t\t\t<\/div>\n\t\t\t\t<\/div>\n\t\t\t\t<\/div>\n\t\t\t\t\t<\/div>\n\t\t\t\t<\/div>\n\t\t\t\t<\/div>\n\t\t","protected":false},"excerpt":{"rendered":"<p>Eine W\u00e4rmepumpe ist eine effiziente und umweltfreundliche M\u00f6glichkeit, um ein Haus zu beheizen. Im Folgenden sind einige Vorteile aufgelistet, die der Einbau einer W\u00e4rmepumpe mit sich bringt: Energieeffizienz W\u00e4rmepumpen nutzen die W\u00e4rme aus der Umgebung, um ein Haus zu beheizen. Dadurch ben\u00f6tigen sie weniger Energie als herk\u00f6mmliche Heizsysteme und k\u00f6nnen zu erheblichen Einsparungen bei den [&hellip;]<\/p>\n","protected":false},"author":1,"featured_media":0,"parent":0,"menu_order":0,"comment_status":"closed","ping_status":"closed","template":"","meta":{"footnotes":""},"class_list":["post-487","page","type-page","status-publish","hentry"],"_links":{"self":[{"href":"https:\/\/webery-server1.de\/t13-energieberatung\/wp-json\/wp\/v2\/pages\/487","targetHints":{"allow":["GET"]}}],"collection":[{"href":"https:\/\/webery-server1.de\/t13-energieberatung\/wp-json\/wp\/v2\/pages"}],"about":[{"href":"https:\/\/webery-server1.de\/t13-energieberatung\/wp-json\/wp\/v2\/types\/page"}],"author":[{"embeddable":true,"href":"https:\/\/webery-server1.de\/t13-energieberatung\/wp-json\/wp\/v2\/users\/1"}],"replies":[{"embeddable":true,"href":"https:\/\/webery-server1.de\/t13-energieberatung\/wp-json\/wp\/v2\/comments?post=487"}],"version-history":[{"count":6,"href":"https:\/\/webery-server1.de\/t13-energieberatung\/wp-json\/wp\/v2\/pages\/487\/revisions"}],"predecessor-version":[{"id":1118,"href":"https:\/\/webery-server1.de\/t13-energieberatung\/wp-json\/wp\/v2\/pages\/487\/revisions\/1118"}],"wp:attachment":[{"href":"https:\/\/webery-server1.de\/t13-energieberatung\/wp-json\/wp\/v2\/media?parent=487"}],"curies":[{"name":"wp","href":"https:\/\/api.w.org\/{rel}","templated":true}]}}