{"id":793,"date":"2023-09-03T11:13:21","date_gmt":"2023-09-03T09:13:21","guid":{"rendered":"https:\/\/webery-server1.de\/t13-energieberatung\/?page_id=793"},"modified":"2025-04-01T12:15:17","modified_gmt":"2025-04-01T10:15:17","slug":"baubegleitung","status":"publish","type":"page","link":"https:\/\/webery-server1.de\/t13-energieberatung\/baubegleitung\/","title":{"rendered":"Baubegleitung"},"content":{"rendered":"\t\t<div data-elementor-type=\"wp-page\" data-elementor-id=\"793\" class=\"elementor elementor-793\" data-elementor-post-type=\"page\">\n\t\t\t\t<div class=\"elementor-element elementor-element-82103cf e-flex e-con-boxed e-con e-parent\" data-id=\"82103cf\" data-element_type=\"container\" data-settings=\"{&quot;background_background&quot;:&quot;gradient&quot;}\">\n\t\t\t\t\t<div class=\"e-con-inner\">\n\t\t<div class=\"elementor-element elementor-element-4f2bfd4 e-con-full e-flex e-con e-child\" data-id=\"4f2bfd4\" data-element_type=\"container\">\n\t\t\t\t<div class=\"elementor-element elementor-element-c32e0a1 elementor-widget elementor-widget-elementskit-heading\" data-id=\"c32e0a1\" data-element_type=\"widget\" data-widget_type=\"elementskit-heading.default\">\n\t\t\t\t<div class=\"elementor-widget-container\">\n\t\t\t\t\t<div class=\"ekit-wid-con\" ><div class=\"ekit-heading elementskit-section-title-wraper text_left   ekit_heading_tablet-   ekit_heading_mobile-text_center\"><\/div><\/div>\t\t\t\t<\/div>\n\t\t\t\t<\/div>\n\t\t\t\t<\/div>\n\t\t\t\t\t<\/div>\n\t\t\t\t<\/div>\n\t\t<div class=\"elementor-element elementor-element-98a7702 e-flex e-con-boxed e-con e-parent\" data-id=\"98a7702\" data-element_type=\"container\">\n\t\t\t\t\t<div class=\"e-con-inner\">\n\t\t<div class=\"elementor-element elementor-element-7cea604 e-con-full e-flex e-con e-child\" data-id=\"7cea604\" data-element_type=\"container\">\n\t\t\t\t<div class=\"elementor-element elementor-element-66868f0 elementor-widget elementor-widget-text-editor\" data-id=\"66868f0\" data-element_type=\"widget\" data-widget_type=\"text-editor.default\">\n\t\t\t\t<div class=\"elementor-widget-container\">\n\t\t\t\t\t\t\t\t\t<p>Unsere Energieberatung bietet umfassende Baubegleitungsdienstleistungen an, um sicherzustellen, dass Ihre Bauprojekte energieeffizient und nachhaltig umgesetzt werden. Neben der Gew\u00e4hrleistung der Sicherheit bieten wir folgende Leistungen an:<\/p>\t\t\t\t\t\t\t\t<\/div>\n\t\t\t\t<\/div>\n\t\t\t\t<\/div>\n\t\t<div class=\"elementor-element elementor-element-290b306 e-con-full e-flex e-con e-child\" data-id=\"290b306\" data-element_type=\"container\">\n\t\t\t\t<div class=\"elementor-element elementor-element-483e2a0 elementor-widget elementor-widget-image\" data-id=\"483e2a0\" data-element_type=\"widget\" data-widget_type=\"image.default\">\n\t\t\t\t<div class=\"elementor-widget-container\">\n\t\t\t\t\t\t\t\t\t\t\t\t\t\t\t<img fetchpriority=\"high\" decoding=\"async\" width=\"800\" height=\"533\" src=\"https:\/\/webery-server1.de\/t13-energieberatung\/wp-content\/uploads\/2023\/08\/Solar-1024x682.jpeg\" class=\"attachment-large size-large wp-image-854\" alt=\"\" srcset=\"https:\/\/webery-server1.de\/t13-energieberatung\/wp-content\/uploads\/2023\/08\/Solar-1024x682.jpeg 1024w, https:\/\/webery-server1.de\/t13-energieberatung\/wp-content\/uploads\/2023\/08\/Solar-300x200.jpeg 300w, https:\/\/webery-server1.de\/t13-energieberatung\/wp-content\/uploads\/2023\/08\/Solar-768x512.jpeg 768w, https:\/\/webery-server1.de\/t13-energieberatung\/wp-content\/uploads\/2023\/08\/Solar-1536x1024.jpeg 1536w, https:\/\/webery-server1.de\/t13-energieberatung\/wp-content\/uploads\/2023\/08\/Solar.jpeg 2000w\" sizes=\"(max-width: 800px) 100vw, 800px\" \/>\t\t\t\t\t\t\t\t\t\t\t\t\t\t\t<\/div>\n\t\t\t\t<\/div>\n\t\t\t\t<\/div>\n\t\t\t\t\t<\/div>\n\t\t\t\t<\/div>\n\t\t<div class=\"elementor-element elementor-element-c662b74 e-flex e-con-boxed e-con e-parent\" data-id=\"c662b74\" data-element_type=\"container\" data-settings=\"{&quot;background_background&quot;:&quot;classic&quot;}\">\n\t\t\t\t\t<div class=\"e-con-inner\">\n\t\t<div class=\"elementor-element elementor-element-9585343 e-con-full e-flex e-con e-child\" data-id=\"9585343\" data-element_type=\"container\">\n\t\t\t\t<div class=\"elementor-element elementor-element-515ed40 ekit-equal-height-disable elementor-widget elementor-widget-elementskit-icon-box\" data-id=\"515ed40\" data-element_type=\"widget\" data-widget_type=\"elementskit-icon-box.default\">\n\t\t\t\t<div class=\"elementor-widget-container\">\n\t\t\t\t\t<div class=\"ekit-wid-con\" >        <!-- link opening -->\n                <!-- end link opening -->\n\n        <div class=\"elementskit-infobox text- text-left icon-lef-right-aligin elementor-animation- media  \">\n                    <div class=\"elementskit-box-header elementor-animation-\">\n                <div class=\"elementskit-info-box-icon  text-center\">\n                    <i aria-hidden=\"true\" class=\"elementkit-infobox-icon icon icon-Leaf\"><\/i>\n                <\/div>\n          <\/div>\n                        <div class=\"box-body\">\n                            <h3 class=\"elementskit-info-box-title\">\n                    Angebots&shy;vergleich                <\/h3>\n                        \t\t  \t<p>Wir unterst\u00fctzen Sie bei der Auswahl der besten Angebote f\u00fcr energieeffiziente Bauma\u00dfnahmen. Durch den Vergleich verschiedener Angebote k\u00f6nnen Sie die besten Optionen f\u00fcr Ihr Projekt ausw\u00e4hlen.<\/p>\n                                <\/div>\n        \n        \n                <\/div>\n        <\/div>\t\t\t\t<\/div>\n\t\t\t\t<\/div>\n\t\t\t\t<div class=\"elementor-element elementor-element-aa7b5ad ekit-equal-height-disable elementor-widget elementor-widget-elementskit-icon-box\" data-id=\"aa7b5ad\" data-element_type=\"widget\" data-widget_type=\"elementskit-icon-box.default\">\n\t\t\t\t<div class=\"elementor-widget-container\">\n\t\t\t\t\t<div class=\"ekit-wid-con\" >        <!-- link opening -->\n                <!-- end link opening -->\n\n        <div class=\"elementskit-infobox text- text-left icon-lef-right-aligin elementor-animation- media  \">\n                    <div class=\"elementskit-box-header elementor-animation-\">\n                <div class=\"elementskit-info-box-icon  text-center\">\n                    <i aria-hidden=\"true\" class=\"elementkit-infobox-icon icon icon-Leaf\"><\/i>\n                <\/div>\n          <\/div>\n                        <div class=\"box-body\">\n                            <h3 class=\"elementskit-info-box-title\">\n                    Sanierungs&shy;fahrplan                <\/h3>\n                        \t\t  \t<p>Wir erstellen einen individuellen Sanierungsfahrplan, der auf Ihre spezifischen Bed\u00fcrfnisse und Ziele zugeschnitten ist. Dieser Plan dient als Leitfaden f\u00fcr die Umsetzung energieeffizienter Ma\u00dfnahmen w\u00e4hrend des Bauprozesses.<\/p>\n                                <\/div>\n        \n        \n                <\/div>\n        <\/div>\t\t\t\t<\/div>\n\t\t\t\t<\/div>\n\t\t\t\t<div class=\"elementor-element elementor-element-f238a61 ekit-equal-height-disable elementor-widget elementor-widget-elementskit-icon-box\" data-id=\"f238a61\" data-element_type=\"widget\" data-widget_type=\"elementskit-icon-box.default\">\n\t\t\t\t<div class=\"elementor-widget-container\">\n\t\t\t\t\t<div class=\"ekit-wid-con\" >        <!-- link opening -->\n                <!-- end link opening -->\n\n        <div class=\"elementskit-infobox text- text-left icon-lef-right-aligin elementor-animation- media  \">\n                    <div class=\"elementskit-box-header elementor-animation-\">\n                <div class=\"elementskit-info-box-icon  text-center\">\n                    <i aria-hidden=\"true\" class=\"elementkit-infobox-icon icon icon-Leaf\"><\/i>\n                <\/div>\n          <\/div>\n                        <div class=\"box-body\">\n                            <h3 class=\"elementskit-info-box-title\">\n                    Vor-Ort-Termin inkl. Dokumentation                <\/h3>\n                        \t\t  \t<p>Wir f\u00fchren regelm\u00e4\u00dfige Vor-Ort-Termine durch, um den Fortschritt des Bauprojekts zu \u00fcberpr\u00fcfen und eventuelle Anpassungen vorzunehmen. <\/p>\n                                <\/div>\n        \n        \n                <\/div>\n        <\/div>\t\t\t\t<\/div>\n\t\t\t\t<\/div>\n\t\t\t\t<div class=\"elementor-element elementor-element-e1f9fd7 elementor-widget elementor-widget-text-editor\" data-id=\"e1f9fd7\" data-element_type=\"widget\" data-widget_type=\"text-editor.default\">\n\t\t\t\t<div class=\"elementor-widget-container\">\n\t\t\t\t\t\t\t\t\t<p>Unsere Baubegleitung geht \u00fcber das blo\u00dfe &#8222;auf Nummer sicher gehen&#8220; hinaus. Wir unterst\u00fctzen Sie aktiv dabei, energieeffiziente L\u00f6sungen umzusetzen und Ihre Ziele in Bezug auf Nachhaltigkeit und Energieeinsparung zu erreichen.<\/p>\t\t\t\t\t\t\t\t<\/div>\n\t\t\t\t<\/div>\n\t\t\t\t<\/div>\n\t\t\t\t\t<\/div>\n\t\t\t\t<\/div>\n\t\t<div class=\"elementor-element elementor-element-c2837ba e-flex e-con-boxed e-con e-parent\" data-id=\"c2837ba\" data-element_type=\"container\" data-settings=\"{&quot;background_background&quot;:&quot;gradient&quot;}\">\n\t\t\t\t\t<div class=\"e-con-inner\">\n\t\t<div class=\"elementor-element elementor-element-e90a2b9 e-con-full e-flex e-con e-child\" data-id=\"e90a2b9\" data-element_type=\"container\">\n\t\t\t\t<div class=\"elementor-element elementor-element-8fdea74 elementor-widget elementor-widget-heading\" data-id=\"8fdea74\" data-element_type=\"widget\" data-widget_type=\"heading.default\">\n\t\t\t\t<div class=\"elementor-widget-container\">\n\t\t\t\t\t<h2 class=\"elementor-heading-title elementor-size-default\">Vertrauen Sie auf unsere Expertise und Erfahrung, um Ihr Bauprojekt erfolgreich umzusetzen. <\/h2>\t\t\t\t<\/div>\n\t\t\t\t<\/div>\n\t\t\t\t<div class=\"elementor-element elementor-element-401e904 elementor-align-center elementor-widget elementor-widget-button\" data-id=\"401e904\" data-element_type=\"widget\" data-widget_type=\"button.default\">\n\t\t\t\t<div class=\"elementor-widget-container\">\n\t\t\t\t\t\t\t\t\t<div class=\"elementor-button-wrapper\">\n\t\t\t\t\t<a class=\"elementor-button elementor-button-link elementor-size-sm\" href=\"https:\/\/webery-server1.de\/t13-energieberatung\/kontakt\/\">\n\t\t\t\t\t\t<span class=\"elementor-button-content-wrapper\">\n\t\t\t\t\t\t\t\t\t<span class=\"elementor-button-text\">jetzt kontaktieren<\/span>\n\t\t\t\t\t<\/span>\n\t\t\t\t\t<\/a>\n\t\t\t\t<\/div>\n\t\t\t\t\t\t\t\t<\/div>\n\t\t\t\t<\/div>\n\t\t\t\t<\/div>\n\t\t\t\t\t<\/div>\n\t\t\t\t<\/div>\n\t\t\t\t<\/div>\n\t\t","protected":false},"excerpt":{"rendered":"<p>Unsere Energieberatung bietet umfassende Baubegleitungsdienstleistungen an, um sicherzustellen, dass Ihre Bauprojekte energieeffizient und nachhaltig umgesetzt werden. Neben der Gew\u00e4hrleistung der Sicherheit bieten wir folgende Leistungen an: Angebots&shy;vergleich Wir unterst\u00fctzen Sie bei der Auswahl der besten Angebote f\u00fcr energieeffiziente Bauma\u00dfnahmen. Durch den Vergleich verschiedener Angebote k\u00f6nnen Sie die besten Optionen f\u00fcr Ihr Projekt ausw\u00e4hlen. Sanierungs&shy;fahrplan Wir [&hellip;]<\/p>\n","protected":false},"author":1,"featured_media":0,"parent":0,"menu_order":0,"comment_status":"closed","ping_status":"closed","template":"","meta":{"footnotes":""},"class_list":["post-793","page","type-page","status-publish","hentry"],"_links":{"self":[{"href":"https:\/\/webery-server1.de\/t13-energieberatung\/wp-json\/wp\/v2\/pages\/793","targetHints":{"allow":["GET"]}}],"collection":[{"href":"https:\/\/webery-server1.de\/t13-energieberatung\/wp-json\/wp\/v2\/pages"}],"about":[{"href":"https:\/\/webery-server1.de\/t13-energieberatung\/wp-json\/wp\/v2\/types\/page"}],"author":[{"embeddable":true,"href":"https:\/\/webery-server1.de\/t13-energieberatung\/wp-json\/wp\/v2\/users\/1"}],"replies":[{"embeddable":true,"href":"https:\/\/webery-server1.de\/t13-energieberatung\/wp-json\/wp\/v2\/comments?post=793"}],"version-history":[{"count":9,"href":"https:\/\/webery-server1.de\/t13-energieberatung\/wp-json\/wp\/v2\/pages\/793\/revisions"}],"predecessor-version":[{"id":1093,"href":"https:\/\/webery-server1.de\/t13-energieberatung\/wp-json\/wp\/v2\/pages\/793\/revisions\/1093"}],"wp:attachment":[{"href":"https:\/\/webery-server1.de\/t13-energieberatung\/wp-json\/wp\/v2\/media?parent=793"}],"curies":[{"name":"wp","href":"https:\/\/api.w.org\/{rel}","templated":true}]}}