{"id":91,"date":"2023-08-12T14:54:30","date_gmt":"2023-08-12T12:54:30","guid":{"rendered":"https:\/\/webery-server1.de\/t13-energieberatung\/?page_id=91"},"modified":"2025-04-01T12:16:31","modified_gmt":"2025-04-01T10:16:31","slug":"foerdermittel","status":"publish","type":"page","link":"https:\/\/webery-server1.de\/t13-energieberatung\/foerdermittel\/","title":{"rendered":"F\u00f6rdermittel"},"content":{"rendered":"\t\t<div data-elementor-type=\"wp-page\" data-elementor-id=\"91\" class=\"elementor elementor-91\" data-elementor-post-type=\"page\">\n\t\t\t\t<div class=\"elementor-element elementor-element-70af7d1 e-flex e-con-boxed e-con e-parent\" data-id=\"70af7d1\" data-element_type=\"container\" data-settings=\"{&quot;background_background&quot;:&quot;gradient&quot;}\">\n\t\t\t\t\t<div class=\"e-con-inner\">\n\t\t<div class=\"elementor-element elementor-element-99a84de e-con-full e-flex e-con e-child\" data-id=\"99a84de\" data-element_type=\"container\">\n\t\t\t\t<div class=\"elementor-element elementor-element-c7c74a5 elementor-widget elementor-widget-elementskit-heading\" data-id=\"c7c74a5\" data-element_type=\"widget\" data-widget_type=\"elementskit-heading.default\">\n\t\t\t\t<div class=\"elementor-widget-container\">\n\t\t\t\t\t<div class=\"ekit-wid-con\" ><div class=\"ekit-heading elementskit-section-title-wraper text_left   ekit_heading_tablet-   ekit_heading_mobile-text_center\"><\/div><\/div>\t\t\t\t<\/div>\n\t\t\t\t<\/div>\n\t\t\t\t<\/div>\n\t\t\t\t\t<\/div>\n\t\t\t\t<\/div>\n\t\t<div class=\"elementor-element elementor-element-d09e611 e-flex e-con-boxed e-con e-parent\" data-id=\"d09e611\" data-element_type=\"container\">\n\t\t\t\t\t<div class=\"e-con-inner\">\n\t\t<div class=\"elementor-element elementor-element-a39ddd6 e-con-full e-flex e-con e-child\" data-id=\"a39ddd6\" data-element_type=\"container\">\n\t\t\t\t<div class=\"elementor-element elementor-element-ef3cbd3 elementor-widget elementor-widget-text-editor\" data-id=\"ef3cbd3\" data-element_type=\"widget\" data-widget_type=\"text-editor.default\">\n\t\t\t\t<div class=\"elementor-widget-container\">\n\t\t\t\t\t\t\t\t\t<p>Unser Unternehmen f\u00fcr Energieberatung informiert Sie gerne \u00fcber F\u00f6rdermittel f\u00fcr denkmalgesch\u00fctzte Immobilien <strong>vor und nach 2013<\/strong> sowie f\u00fcr Mehrfamilienh\u00e4user, Einfamilienh\u00e4user und sonstige Immobilien. Hier sind einige wichtige Informationen zu diesen Themen:<\/p>\t\t\t\t\t\t\t\t<\/div>\n\t\t\t\t<\/div>\n\t\t\t\t<\/div>\n\t\t<div class=\"elementor-element elementor-element-7b2a5a6 e-con-full e-flex e-con e-child\" data-id=\"7b2a5a6\" data-element_type=\"container\">\n\t\t\t\t<div class=\"elementor-element elementor-element-954c920 elementor-widget elementor-widget-image\" data-id=\"954c920\" data-element_type=\"widget\" data-widget_type=\"image.default\">\n\t\t\t\t<div class=\"elementor-widget-container\">\n\t\t\t\t\t\t\t\t\t\t\t\t\t\t\t<img fetchpriority=\"high\" decoding=\"async\" width=\"800\" height=\"400\" src=\"https:\/\/webery-server1.de\/t13-energieberatung\/wp-content\/uploads\/2023\/08\/Fo\u0308rderung-1024x512.jpeg\" class=\"attachment-large size-large wp-image-852\" alt=\"\" srcset=\"https:\/\/webery-server1.de\/t13-energieberatung\/wp-content\/uploads\/2023\/08\/Fo\u0308rderung-1024x512.jpeg 1024w, https:\/\/webery-server1.de\/t13-energieberatung\/wp-content\/uploads\/2023\/08\/Fo\u0308rderung-300x150.jpeg 300w, https:\/\/webery-server1.de\/t13-energieberatung\/wp-content\/uploads\/2023\/08\/Fo\u0308rderung-768x384.jpeg 768w, https:\/\/webery-server1.de\/t13-energieberatung\/wp-content\/uploads\/2023\/08\/Fo\u0308rderung-1536x768.jpeg 1536w, https:\/\/webery-server1.de\/t13-energieberatung\/wp-content\/uploads\/2023\/08\/Fo\u0308rderung.jpeg 2000w\" sizes=\"(max-width: 800px) 100vw, 800px\" \/>\t\t\t\t\t\t\t\t\t\t\t\t\t\t\t<\/div>\n\t\t\t\t<\/div>\n\t\t\t\t<\/div>\n\t\t\t\t\t<\/div>\n\t\t\t\t<\/div>\n\t\t<div class=\"elementor-element elementor-element-8ca790c e-flex e-con-boxed e-con e-parent\" data-id=\"8ca790c\" data-element_type=\"container\" data-settings=\"{&quot;background_background&quot;:&quot;classic&quot;}\">\n\t\t\t\t\t<div class=\"e-con-inner\">\n\t\t<div class=\"elementor-element elementor-element-5150a89 e-con-full e-flex e-con e-child\" data-id=\"5150a89\" data-element_type=\"container\">\n\t\t\t\t<div class=\"elementor-element elementor-element-f748245 elementor-widget elementor-widget-heading\" data-id=\"f748245\" data-element_type=\"widget\" data-widget_type=\"heading.default\">\n\t\t\t\t<div class=\"elementor-widget-container\">\n\t\t\t\t\t<h2 class=\"elementor-heading-title elementor-size-default\">F\u00f6rdermittel f\u00fcr denkmalgesch\u00fctzte Immobilien vor und nach 2013<\/h2>\t\t\t\t<\/div>\n\t\t\t\t<\/div>\n\t\t\t\t<\/div>\n\t\t<div class=\"elementor-element elementor-element-9853f27 e-con-full e-flex e-con e-child\" data-id=\"9853f27\" data-element_type=\"container\">\n\t\t\t\t<div class=\"elementor-element elementor-element-7befe02 ekit-equal-height-disable elementor-widget elementor-widget-elementskit-icon-box\" data-id=\"7befe02\" data-element_type=\"widget\" data-widget_type=\"elementskit-icon-box.default\">\n\t\t\t\t<div class=\"elementor-widget-container\">\n\t\t\t\t\t<div class=\"ekit-wid-con\" >        <!-- link opening -->\n                <a href=\"\/t12-coach\/coachings#c1\" class=\"ekit_global_links\">\n                <!-- end link opening -->\n\n        <div class=\"elementskit-infobox text- text-left icon-lef-right-aligin elementor-animation- media  \">\n                    <div class=\"elementskit-box-header elementor-animation-\">\n                <div class=\"elementskit-info-box-icon  text-center\">\n                    <i aria-hidden=\"true\" class=\"elementkit-infobox-icon icon icon-Leaf\"><\/i>\n                <\/div>\n          <\/div>\n                        <div class=\"box-body\">\n                            <h3 class=\"elementskit-info-box-title\">\n                    Vor 2013                <\/h3>\n                        \t\t  \t<p>gab es verschiedene F\u00f6rderprogramme f\u00fcr denkmalgesch\u00fctzte Immobilien, wie z.B. das Programm \"Denkmalschutz-Sonderprogramm\" des Bundes und das \"Programm St\u00e4dtebaulicher Denkmalschutz\" der L\u00e4nder.<\/p>\n                                <\/div>\n        \n        \n                <\/div>\n                <\/a>\n        <\/div>\t\t\t\t<\/div>\n\t\t\t\t<\/div>\n\t\t\t\t<div class=\"elementor-element elementor-element-8c16d6d ekit-equal-height-disable elementor-widget elementor-widget-elementskit-icon-box\" data-id=\"8c16d6d\" data-element_type=\"widget\" data-widget_type=\"elementskit-icon-box.default\">\n\t\t\t\t<div class=\"elementor-widget-container\">\n\t\t\t\t\t<div class=\"ekit-wid-con\" >        <!-- link opening -->\n                <a href=\"\/t12-coach\/coachings#c1\" class=\"ekit_global_links\">\n                <!-- end link opening -->\n\n        <div class=\"elementskit-infobox text- text-left icon-lef-right-aligin elementor-animation- media  \">\n                    <div class=\"elementskit-box-header elementor-animation-\">\n                <div class=\"elementskit-info-box-icon  text-center\">\n                    <i aria-hidden=\"true\" class=\"elementkit-infobox-icon icon icon-Leaf\"><\/i>\n                <\/div>\n          <\/div>\n                        <div class=\"box-body\">\n                            <h3 class=\"elementskit-info-box-title\">\n                    Seit 2013                 <\/h3>\n                        \t\t  \t<p>gibt es das \"Programm zur F\u00f6rderung von Investitionen in nationale Kulturdenkm\u00e4ler\" des Bundes, das den Erhalt und die Sanierung von Kulturdenkm\u00e4lern unterst\u00fctzt.<\/p>\n                                <\/div>\n        \n        \n                <\/div>\n                <\/a>\n        <\/div>\t\t\t\t<\/div>\n\t\t\t\t<\/div>\n\t\t\t\t<\/div>\n\t\t\t\t\t<\/div>\n\t\t\t\t<\/div>\n\t\t<div class=\"elementor-element elementor-element-5dc8e95 e-flex e-con-boxed e-con e-parent\" data-id=\"5dc8e95\" data-element_type=\"container\">\n\t\t\t\t\t<div class=\"e-con-inner\">\n\t\t<div class=\"elementor-element elementor-element-0b1587b e-con-full e-flex e-con e-child\" data-id=\"0b1587b\" data-element_type=\"container\">\n\t\t\t\t<div class=\"elementor-element elementor-element-04e6e2a ekit-equal-height-disable elementor-widget elementor-widget-elementskit-icon-box\" data-id=\"04e6e2a\" data-element_type=\"widget\" data-widget_type=\"elementskit-icon-box.default\">\n\t\t\t\t<div class=\"elementor-widget-container\">\n\t\t\t\t\t<div class=\"ekit-wid-con\" >        <!-- link opening -->\n                <!-- end link opening -->\n\n        <div class=\"elementskit-infobox text- text-left icon-lef-right-aligin elementor-animation- media  \">\n                    <div class=\"elementskit-box-header elementor-animation-\">\n                <div class=\"elementskit-info-box-icon  text-center\">\n                    <i aria-hidden=\"true\" class=\"elementkit-infobox-icon icon icon-Leaf\"><\/i>\n                <\/div>\n          <\/div>\n                        <div class=\"box-body\">\n                        \t\t  \t<p>Es gibt verschiedene F\u00f6rderprogramme auf Bundes- und Landesebene f\u00fcr die energetische Sanierung von Wohngeb\u00e4uden, wie z.B. das \"Bundesprogramm Energieeffizienz in der Geb\u00e4udesanierung\" und das \"KfW-Programm Energieeffizient Sanieren\".<\/p>\n                                <\/div>\n        \n        \n                <\/div>\n        <\/div>\t\t\t\t<\/div>\n\t\t\t\t<\/div>\n\t\t\t\t<div class=\"elementor-element elementor-element-8b8a730 ekit-equal-height-disable elementor-widget elementor-widget-elementskit-icon-box\" data-id=\"8b8a730\" data-element_type=\"widget\" data-widget_type=\"elementskit-icon-box.default\">\n\t\t\t\t<div class=\"elementor-widget-container\">\n\t\t\t\t\t<div class=\"ekit-wid-con\" >        <!-- link opening -->\n                <!-- end link opening -->\n\n        <div class=\"elementskit-infobox text- text-left icon-lef-right-aligin elementor-animation- media  \">\n                    <div class=\"elementskit-box-header elementor-animation-\">\n                <div class=\"elementskit-info-box-icon  text-center\">\n                    <i aria-hidden=\"true\" class=\"elementkit-infobox-icon icon icon-Leaf\"><\/i>\n                <\/div>\n          <\/div>\n                        <div class=\"box-body\">\n                        \t\t  \t<p>Auch die L\u00e4nder bieten eigene F\u00f6rderprogramme an, wie z.B. das \"F\u00f6rderprogramm Energieeffizient Sanieren\" in Nordrhein-Westfalen.<\/p>\n                                <\/div>\n        \n        \n                <\/div>\n        <\/div>\t\t\t\t<\/div>\n\t\t\t\t<\/div>\n\t\t\t\t<\/div>\n\t\t<div class=\"elementor-element elementor-element-c647209 e-con-full e-flex e-con e-child\" data-id=\"c647209\" data-element_type=\"container\">\n\t\t\t\t<div class=\"elementor-element elementor-element-f61be57 elementor-widget elementor-widget-heading\" data-id=\"f61be57\" data-element_type=\"widget\" data-widget_type=\"heading.default\">\n\t\t\t\t<div class=\"elementor-widget-container\">\n\t\t\t\t\t<h2 class=\"elementor-heading-title elementor-size-default\">F\u00f6rdermittel f\u00fcr Mehrfamilienh\u00e4user, Einfamilienh\u00e4user und sonstige Immobilien<\/h2>\t\t\t\t<\/div>\n\t\t\t\t<\/div>\n\t\t\t\t<\/div>\n\t\t\t\t\t<\/div>\n\t\t\t\t<\/div>\n\t\t<div class=\"elementor-element elementor-element-164afa4 e-flex e-con-boxed e-con e-parent\" data-id=\"164afa4\" data-element_type=\"container\" data-settings=\"{&quot;background_background&quot;:&quot;gradient&quot;}\">\n\t\t\t\t\t<div class=\"e-con-inner\">\n\t\t<div class=\"elementor-element elementor-element-db44427 e-con-full e-flex e-con e-child\" data-id=\"db44427\" data-element_type=\"container\">\n\t\t\t\t<div class=\"elementor-element elementor-element-b5e03ef elementor-widget elementor-widget-heading\" data-id=\"b5e03ef\" data-element_type=\"widget\" data-widget_type=\"heading.default\">\n\t\t\t\t<div class=\"elementor-widget-container\">\n\t\t\t\t\t<h2 class=\"elementor-heading-title elementor-size-default\">Wir freuen uns auf Ihre Kontaktaufnahme.<\/h2>\t\t\t\t<\/div>\n\t\t\t\t<\/div>\n\t\t\t\t<div class=\"elementor-element elementor-element-e5d47f1 elementor-widget elementor-widget-text-editor\" data-id=\"e5d47f1\" data-element_type=\"widget\" data-widget_type=\"text-editor.default\">\n\t\t\t\t<div class=\"elementor-widget-container\">\n\t\t\t\t\t\t\t\t\t<p><strong>Unser Unternehmen f\u00fcr Energieberatung steht Ihnen gerne zur Verf\u00fcgung, um Sie bei der Beantragung von F\u00f6rdermitteln f\u00fcr Ihre Immobilie zu unterst\u00fctzen. Kontaktieren Sie uns gerne f\u00fcr weitere Informationen. <\/strong><\/p>\t\t\t\t\t\t\t\t<\/div>\n\t\t\t\t<\/div>\n\t\t\t\t<div class=\"elementor-element elementor-element-86f903a elementor-align-center elementor-widget elementor-widget-button\" data-id=\"86f903a\" data-element_type=\"widget\" data-widget_type=\"button.default\">\n\t\t\t\t<div class=\"elementor-widget-container\">\n\t\t\t\t\t\t\t\t\t<div class=\"elementor-button-wrapper\">\n\t\t\t\t\t<a class=\"elementor-button elementor-button-link elementor-size-sm\" href=\"https:\/\/webery-server1.de\/t13-energieberatung\/kontakt\/\">\n\t\t\t\t\t\t<span class=\"elementor-button-content-wrapper\">\n\t\t\t\t\t\t\t\t\t<span class=\"elementor-button-text\">jetzt kontaktieren<\/span>\n\t\t\t\t\t<\/span>\n\t\t\t\t\t<\/a>\n\t\t\t\t<\/div>\n\t\t\t\t\t\t\t\t<\/div>\n\t\t\t\t<\/div>\n\t\t\t\t<\/div>\n\t\t\t\t\t<\/div>\n\t\t\t\t<\/div>\n\t\t\t\t<\/div>\n\t\t","protected":false},"excerpt":{"rendered":"<p>Unser Unternehmen f\u00fcr Energieberatung informiert Sie gerne \u00fcber F\u00f6rdermittel f\u00fcr denkmalgesch\u00fctzte Immobilien vor und nach 2013 sowie f\u00fcr Mehrfamilienh\u00e4user, Einfamilienh\u00e4user und sonstige Immobilien. Hier sind einige wichtige Informationen zu diesen Themen: F\u00f6rdermittel f\u00fcr denkmalgesch\u00fctzte Immobilien vor und nach 2013 Vor 2013 gab es verschiedene F\u00f6rderprogramme f\u00fcr denkmalgesch\u00fctzte Immobilien, wie z.B. das Programm &#8222;Denkmalschutz-Sonderprogramm&#8220; des Bundes [&hellip;]<\/p>\n","protected":false},"author":1,"featured_media":0,"parent":0,"menu_order":0,"comment_status":"closed","ping_status":"closed","template":"","meta":{"footnotes":""},"class_list":["post-91","page","type-page","status-publish","hentry"],"_links":{"self":[{"href":"https:\/\/webery-server1.de\/t13-energieberatung\/wp-json\/wp\/v2\/pages\/91","targetHints":{"allow":["GET"]}}],"collection":[{"href":"https:\/\/webery-server1.de\/t13-energieberatung\/wp-json\/wp\/v2\/pages"}],"about":[{"href":"https:\/\/webery-server1.de\/t13-energieberatung\/wp-json\/wp\/v2\/types\/page"}],"author":[{"embeddable":true,"href":"https:\/\/webery-server1.de\/t13-energieberatung\/wp-json\/wp\/v2\/users\/1"}],"replies":[{"embeddable":true,"href":"https:\/\/webery-server1.de\/t13-energieberatung\/wp-json\/wp\/v2\/comments?post=91"}],"version-history":[{"count":3,"href":"https:\/\/webery-server1.de\/t13-energieberatung\/wp-json\/wp\/v2\/pages\/91\/revisions"}],"predecessor-version":[{"id":1103,"href":"https:\/\/webery-server1.de\/t13-energieberatung\/wp-json\/wp\/v2\/pages\/91\/revisions\/1103"}],"wp:attachment":[{"href":"https:\/\/webery-server1.de\/t13-energieberatung\/wp-json\/wp\/v2\/media?parent=91"}],"curies":[{"name":"wp","href":"https:\/\/api.w.org\/{rel}","templated":true}]}}