{"id":487,"date":"2023-08-28T13:00:55","date_gmt":"2023-08-28T11:00:55","guid":{"rendered":"https:\/\/webery-server1.de\/t14-spedition\/?page_id=487"},"modified":"2025-04-01T12:24:53","modified_gmt":"2025-04-01T10:24:53","slug":"jobs","status":"publish","type":"page","link":"https:\/\/webery-server1.de\/t14-spedition\/jobs\/","title":{"rendered":"Jobs"},"content":{"rendered":"\t\t<div data-elementor-type=\"wp-page\" data-elementor-id=\"487\" class=\"elementor elementor-487\" data-elementor-post-type=\"page\">\n\t\t\t\t<div class=\"elementor-element elementor-element-2904f37 e-flex e-con-boxed e-con e-parent\" data-id=\"2904f37\" data-element_type=\"container\" data-settings=\"{&quot;background_background&quot;:&quot;classic&quot;}\">\n\t\t\t\t\t<div class=\"e-con-inner\">\n\t\t<div class=\"elementor-element elementor-element-755f5b0 e-con-full e-flex e-con e-child\" data-id=\"755f5b0\" data-element_type=\"container\">\n\t\t\t\t<div class=\"elementor-element elementor-element-6702727 elementor-widget elementor-widget-elementskit-heading\" data-id=\"6702727\" data-element_type=\"widget\" data-widget_type=\"elementskit-heading.default\">\n\t\t\t\t<div class=\"elementor-widget-container\">\n\t\t\t\t\t<div class=\"ekit-wid-con\" ><div class=\"ekit-heading elementskit-section-title-wraper text_center   ekit_heading_tablet-   ekit_heading_mobile-text_center\"><\/div><\/div>\t\t\t\t<\/div>\n\t\t\t\t<\/div>\n\t\t\t\t<\/div>\n\t\t\t\t\t<\/div>\n\t\t\t\t<\/div>\n\t\t<div class=\"elementor-element elementor-element-4bf288b e-flex e-con-boxed e-con e-parent\" data-id=\"4bf288b\" data-element_type=\"container\">\n\t\t\t\t\t<div class=\"e-con-inner\">\n\t\t<div class=\"elementor-element elementor-element-7ecbcaa e-con-full e-flex e-con e-child\" data-id=\"7ecbcaa\" data-element_type=\"container\">\n\t\t\t\t<div class=\"elementor-element elementor-element-286e0a3 elementor-widget elementor-widget-text-editor\" data-id=\"286e0a3\" data-element_type=\"widget\" data-widget_type=\"text-editor.default\">\n\t\t\t\t<div class=\"elementor-widget-container\">\n\t\t\t\t\t\t\t\t\t<p><strong>Wir freuen uns \u00fcber Ihr Interesse an einer Karriere bei unserem Speditionsunternehmen.<\/strong><\/p>\t\t\t\t\t\t\t\t<\/div>\n\t\t\t\t<\/div>\n\t\t\t\t<div class=\"elementor-element elementor-element-8201efa elementor-widget elementor-widget-text-editor\" data-id=\"8201efa\" data-element_type=\"widget\" data-widget_type=\"text-editor.default\">\n\t\t\t\t<div class=\"elementor-widget-container\">\n\t\t\t\t\t\t\t\t\t<p>Wir sind immer auf der Suche nach motivierten und qualifizierten Mitarbeitern, die unser Team bereichern k\u00f6nnen. Wenn Sie der Meinung sind, dass Sie zu uns passen und uns mit Ihren F\u00e4higkeiten und Erfahrungen unterst\u00fctzen k\u00f6nnen, dann freuen wir uns auf Ihre Initiativbewerbung.<\/p><p>Um uns ein besseres Bild von Ihnen und Ihren F\u00e4higkeiten zu machen, bitten wir Sie, uns folgende Informationen zukommen zu lassen:<\/p><p>Pers\u00f6nliche Daten: Name, Anschrift, Telefonnummer, E-Mail-Adresse<\/p><p>Berufliche Situation: Aktuelle T\u00e4tigkeit, Berufserfahrung, Ausbildung<\/p><p>Lebenslauf, Zeugnisse, Dokumente: Bitte f\u00fcgen Sie Ihrem Anschreiben einen tabellarischen Lebenslauf sowie relevante Zeugnisse und Dokumente bei.<\/p><p>Sonstiges: Wenn Sie uns noch weitere Informationen \u00fcber sich mitteilen m\u00f6chten, k\u00f6nnen Sie dies gerne tun.<\/p><p>Bitte senden Sie uns Ihre Bewerbungsunterlagen per E-Mail an [E-Mail-Adresse einf\u00fcgen]. Wir werden Ihre Bewerbung sorgf\u00e4ltig pr\u00fcfen und uns schnellstm\u00f6glich bei Ihnen melden.<\/p><p><strong>Wir freuen uns auf Ihre Bewerbung!<\/strong><\/p>\t\t\t\t\t\t\t\t<\/div>\n\t\t\t\t<\/div>\n\t\t\t\t<\/div>\n\t\t<div class=\"elementor-element elementor-element-e5853a9 e-con-full e-flex e-con e-child\" data-id=\"e5853a9\" data-element_type=\"container\">\n\t\t\t\t<div class=\"elementor-element elementor-element-23523c8 elementor-widget elementor-widget-image\" data-id=\"23523c8\" data-element_type=\"widget\" data-widget_type=\"image.default\">\n\t\t\t\t<div class=\"elementor-widget-container\">\n\t\t\t\t\t\t\t\t\t\t\t\t\t\t\t<img fetchpriority=\"high\" decoding=\"async\" width=\"800\" height=\"533\" src=\"https:\/\/webery-server1.de\/t14-spedition\/wp-content\/uploads\/2023\/09\/AdobeStock_50189972-1024x682.jpeg\" class=\"attachment-large size-large wp-image-866\" alt=\"\" srcset=\"https:\/\/webery-server1.de\/t14-spedition\/wp-content\/uploads\/2023\/09\/AdobeStock_50189972-1024x682.jpeg 1024w, https:\/\/webery-server1.de\/t14-spedition\/wp-content\/uploads\/2023\/09\/AdobeStock_50189972-300x200.jpeg 300w, https:\/\/webery-server1.de\/t14-spedition\/wp-content\/uploads\/2023\/09\/AdobeStock_50189972-768x512.jpeg 768w, https:\/\/webery-server1.de\/t14-spedition\/wp-content\/uploads\/2023\/09\/AdobeStock_50189972-1536x1024.jpeg 1536w, https:\/\/webery-server1.de\/t14-spedition\/wp-content\/uploads\/2023\/09\/AdobeStock_50189972.jpeg 2000w\" sizes=\"(max-width: 800px) 100vw, 800px\" \/>\t\t\t\t\t\t\t\t\t\t\t\t\t\t\t<\/div>\n\t\t\t\t<\/div>\n\t\t\t\t<\/div>\n\t\t\t\t\t<\/div>\n\t\t\t\t<\/div>\n\t\t<div class=\"elementor-element elementor-element-38b4eff e-flex e-con-boxed e-con e-parent\" data-id=\"38b4eff\" data-element_type=\"container\" data-settings=\"{&quot;background_background&quot;:&quot;classic&quot;}\">\n\t\t\t\t\t<div class=\"e-con-inner\">\n\t\t<div class=\"elementor-element elementor-element-c3d8b1b e-con-full e-flex e-con e-child\" data-id=\"c3d8b1b\" data-element_type=\"container\">\n\t\t\t\t<div class=\"elementor-element elementor-element-960362d elementor-widget elementor-widget-heading\" data-id=\"960362d\" data-element_type=\"widget\" data-widget_type=\"heading.default\">\n\t\t\t\t<div class=\"elementor-widget-container\">\n\t\t\t\t\t<h2 class=\"elementor-heading-title elementor-size-default\">Bewerbungsformular<\/h2>\t\t\t\t<\/div>\n\t\t\t\t<\/div>\n\t\t\t\t<div class=\"elementor-element elementor-element-e6b8d36 elementor-widget elementor-widget-text-editor\" data-id=\"e6b8d36\" data-element_type=\"widget\" data-widget_type=\"text-editor.default\">\n\t\t\t\t<div class=\"elementor-widget-container\">\n\t\t\t\t\t\t\t\t\t<p><strong><em>Werde Teil der Energiewende und bewirb dich jetzt! &#8211; ganz ohne Anschreiben!\u00a0<\/em><\/strong><\/p><p><em>100 % vertraulich &amp; unverbindlich! Vereinbare jetzt ein pers\u00f6nliches <strong>Kennenlerngespr\u00e4ch<\/strong> mit uns.<\/em><\/p>\t\t\t\t\t\t\t\t<\/div>\n\t\t\t\t<\/div>\n\t\t\t\t<\/div>\n\t\t\t\t\t<\/div>\n\t\t\t\t<\/div>\n\t\t<div class=\"elementor-element elementor-element-4ee24e7 e-flex e-con-boxed e-con e-parent\" data-id=\"4ee24e7\" data-element_type=\"container\" data-settings=\"{&quot;background_background&quot;:&quot;classic&quot;}\">\n\t\t\t\t\t<div class=\"e-con-inner\">\n\t\t<div class=\"elementor-element elementor-element-f892a4a e-con-full e-flex e-con e-child\" data-id=\"f892a4a\" data-element_type=\"container\">\n\t\t\t\t<div class=\"elementor-element elementor-element-6ad879b elementor-button-align-stretch elementor-widget elementor-widget-form\" data-id=\"6ad879b\" data-element_type=\"widget\" data-settings=\"{&quot;step_next_label&quot;:&quot;N\\u00e4chster&quot;,&quot;step_previous_label&quot;:&quot;Voriger&quot;,&quot;button_width&quot;:&quot;100&quot;,&quot;step_type&quot;:&quot;number_text&quot;,&quot;step_icon_shape&quot;:&quot;circle&quot;}\" data-widget_type=\"form.default\">\n\t\t\t\t<div class=\"elementor-widget-container\">\n\t\t\t\t\t\t\t<form class=\"elementor-form\" method=\"post\" name=\"Neues Formular\" aria-label=\"Neues Formular\">\n\t\t\t<input type=\"hidden\" name=\"post_id\" value=\"487\"\/>\n\t\t\t<input type=\"hidden\" name=\"form_id\" value=\"6ad879b\"\/>\n\t\t\t<input type=\"hidden\" name=\"referer_title\" value=\"Jobs\" \/>\n\n\t\t\t\t\t\t\t<input type=\"hidden\" name=\"queried_id\" value=\"487\"\/>\n\t\t\t\n\t\t\t<div class=\"elementor-form-fields-wrapper elementor-labels-above\">\n\t\t\t\t\t\t\t\t<div class=\"elementor-field-type-select elementor-field-group elementor-column elementor-field-group-name elementor-col-100\">\n\t\t\t\t\t\t\t\t\t\t\t\t<label for=\"form-field-name\" class=\"elementor-field-label\">\n\t\t\t\t\t\t\t\tBewerben als\t\t\t\t\t\t\t<\/label>\n\t\t\t\t\t\t\t\t<div class=\"elementor-field elementor-select-wrapper remove-before \">\n\t\t\t<div class=\"select-caret-down-wrapper\">\n\t\t\t\t<i aria-hidden=\"true\" class=\"eicon-caret-down\"><\/i>\t\t\t<\/div>\n\t\t\t<select name=\"form_fields[name]\" id=\"form-field-name\" class=\"elementor-field-textual elementor-size-sm\">\n\t\t\t\t\t\t\t\t\t<option value=\"Anlagenmechaniker (m\/w\/d) f\u00fcr Sanit\u00e4r-, Heizung- und Klimatechnik in Vollzeit Monteur\/in im Installateur- und Heizungsbauerhandwerk\">Anlagenmechaniker (m\/w\/d) f\u00fcr Sanit\u00e4r-, Heizung- und Klimatechnik in Vollzeit Monteur\/in im Installateur- und Heizungsbauerhandwerk<\/option>\n\t\t\t\t\t\t\t\t\t<option value=\"Ausbildung als Anlagenmechaniker f\u00fcr Sanit\u00e4r- und Heizung (m\/w\/d)\">Ausbildung als Anlagenmechaniker f\u00fcr Sanit\u00e4r- und Heizung (m\/w\/d)<\/option>\n\t\t\t\t\t\t\t<\/select>\n\t\t<\/div>\n\t\t\t\t\t\t<\/div>\n\t\t\t\t\t\t\t\t<div class=\"elementor-field-type-text elementor-field-group elementor-column elementor-field-group-field_9fa23bb elementor-col-100\">\n\t\t\t\t\t\t\t\t\t\t\t\t<label for=\"form-field-field_9fa23bb\" class=\"elementor-field-label\">\n\t\t\t\t\t\t\t\tVorname | Nachname\t\t\t\t\t\t\t<\/label>\n\t\t\t\t\t\t\t\t\t\t\t\t\t\t<input size=\"1\" type=\"text\" name=\"form_fields[field_9fa23bb]\" id=\"form-field-field_9fa23bb\" class=\"elementor-field elementor-size-sm  elementor-field-textual\">\n\t\t\t\t\t\t\t\t\t\t\t<\/div>\n\t\t\t\t\t\t\t\t<div class=\"elementor-field-type-email elementor-field-group elementor-column elementor-field-group-email elementor-col-50 elementor-field-required\">\n\t\t\t\t\t\t\t\t\t\t\t\t<label for=\"form-field-email\" class=\"elementor-field-label\">\n\t\t\t\t\t\t\t\tE-Mail\t\t\t\t\t\t\t<\/label>\n\t\t\t\t\t\t\t\t\t\t\t\t\t\t<input size=\"1\" type=\"email\" name=\"form_fields[email]\" id=\"form-field-email\" class=\"elementor-field elementor-size-sm  elementor-field-textual\" required=\"required\">\n\t\t\t\t\t\t\t\t\t\t\t<\/div>\n\t\t\t\t\t\t\t\t<div class=\"elementor-field-type-tel elementor-field-group elementor-column elementor-field-group-field_f1bc2cf elementor-col-50 elementor-field-required\">\n\t\t\t\t\t\t\t\t\t\t\t\t<label for=\"form-field-field_f1bc2cf\" class=\"elementor-field-label\">\n\t\t\t\t\t\t\t\tTelefon\t\t\t\t\t\t\t<\/label>\n\t\t\t\t\t\t\t\t<input size=\"1\" type=\"tel\" name=\"form_fields[field_f1bc2cf]\" id=\"form-field-field_f1bc2cf\" class=\"elementor-field elementor-size-sm  elementor-field-textual\" required=\"required\" pattern=\"[0-9()#&amp;+*-=.]+\" title=\"Nur Nummern oder Telefon-Zeichen (#, -, *, etc) werden akzeptiert.\">\n\n\t\t\t\t\t\t<\/div>\n\t\t\t\t\t\t\t\t<div class=\"elementor-field-type-textarea elementor-field-group elementor-column elementor-field-group-message elementor-col-100\">\n\t\t\t\t\t\t\t\t\t\t\t\t<label for=\"form-field-message\" class=\"elementor-field-label\">\n\t\t\t\t\t\t\t\tPers\u00f6nliche Nachricht\t\t\t\t\t\t\t<\/label>\n\t\t\t\t\t\t<textarea class=\"elementor-field-textual elementor-field  elementor-size-sm\" name=\"form_fields[message]\" id=\"form-field-message\" rows=\"4\" placeholder=\"Nachricht\"><\/textarea>\t\t\t\t<\/div>\n\t\t\t\t\t\t\t\t<div class=\"elementor-field-type-upload elementor-field-group elementor-column elementor-field-group-field_112e095 elementor-col-100\">\n\t\t\t\t\t\t\t\t\t\t\t\t<label for=\"form-field-field_112e095\" class=\"elementor-field-label\">\n\t\t\t\t\t\t\t\tDatei Upload (Lebenslauf)\t\t\t\t\t\t\t<\/label>\n\t\t\t\t\t\t\t\t<input type=\"file\" name=\"form_fields[field_112e095]\" id=\"form-field-field_112e095\" class=\"elementor-field elementor-size-sm  elementor-upload-field\">\n\n\t\t\t\t\t\t<\/div>\n\t\t\t\t\t\t\t\t<div class=\"elementor-field-type-upload elementor-field-group elementor-column elementor-field-group-field_24fa449 elementor-col-100\">\n\t\t\t\t\t\t\t\t\t\t\t\t<label for=\"form-field-field_24fa449\" class=\"elementor-field-label\">\n\t\t\t\t\t\t\t\tDatei Upload Sonstige\t\t\t\t\t\t\t<\/label>\n\t\t\t\t\t\t\t\t<input type=\"file\" name=\"form_fields[field_24fa449]\" id=\"form-field-field_24fa449\" class=\"elementor-field elementor-size-sm  elementor-upload-field\">\n\n\t\t\t\t\t\t<\/div>\n\t\t\t\t\t\t\t\t<div class=\"elementor-field-group elementor-column elementor-field-type-submit elementor-col-100 e-form__buttons\">\n\t\t\t\t\t<button class=\"elementor-button elementor-size-sm\" type=\"submit\">\n\t\t\t\t\t\t<span class=\"elementor-button-content-wrapper\">\n\t\t\t\t\t\t\t\t\t\t\t\t\t\t\t\t\t\t\t\t\t\t<span class=\"elementor-button-text\">Senden<\/span>\n\t\t\t\t\t\t\t\t\t\t\t\t\t<\/span>\n\t\t\t\t\t<\/button>\n\t\t\t\t<\/div>\n\t\t\t<\/div>\n\t\t<\/form>\n\t\t\t\t\t\t<\/div>\n\t\t\t\t<\/div>\n\t\t\t\t<\/div>\n\t\t\t\t\t<\/div>\n\t\t\t\t<\/div>\n\t\t<div class=\"elementor-element elementor-element-0e72373 e-flex e-con-boxed e-con e-parent\" data-id=\"0e72373\" data-element_type=\"container\" data-settings=\"{&quot;background_background&quot;:&quot;classic&quot;}\">\n\t\t\t\t\t<div class=\"e-con-inner\">\n\t\t<div class=\"elementor-element elementor-element-320b24a e-con-full e-flex e-con e-child\" data-id=\"320b24a\" data-element_type=\"container\">\n\t\t\t\t<div class=\"elementor-element elementor-element-b00d3b1 elementor-widget elementor-widget-heading\" data-id=\"b00d3b1\" data-element_type=\"widget\" data-widget_type=\"heading.default\">\n\t\t\t\t<div class=\"elementor-widget-container\">\n\t\t\t\t\t<h2 class=\"elementor-heading-title elementor-size-default\">Kontaktieren Sie uns, um mehr \u00fcber uns zu erfahren!<\/h2>\t\t\t\t<\/div>\n\t\t\t\t<\/div>\n\t\t\t\t<div class=\"elementor-element elementor-element-4d9ff19 elementor-align-center elementor-widget elementor-widget-button\" data-id=\"4d9ff19\" data-element_type=\"widget\" data-widget_type=\"button.default\">\n\t\t\t\t<div class=\"elementor-widget-container\">\n\t\t\t\t\t\t\t\t\t<div class=\"elementor-button-wrapper\">\n\t\t\t\t\t<a class=\"elementor-button elementor-button-link elementor-size-sm\" href=\"https:\/\/webery-server1.de\/t14-spedition\/kontakt\/\">\n\t\t\t\t\t\t<span class=\"elementor-button-content-wrapper\">\n\t\t\t\t\t\t\t\t\t<span class=\"elementor-button-text\">jetzt kontaktieren<\/span>\n\t\t\t\t\t<\/span>\n\t\t\t\t\t<\/a>\n\t\t\t\t<\/div>\n\t\t\t\t\t\t\t\t<\/div>\n\t\t\t\t<\/div>\n\t\t\t\t<\/div>\n\t\t<div class=\"elementor-element elementor-element-aa7bc4a e-con-full e-flex e-con e-child\" data-id=\"aa7bc4a\" data-element_type=\"container\">\n\t\t\t\t<div class=\"elementor-element elementor-element-2970db9 elementor-widget elementor-widget-image\" data-id=\"2970db9\" data-element_type=\"widget\" data-widget_type=\"image.default\">\n\t\t\t\t<div class=\"elementor-widget-container\">\n\t\t\t\t\t\t\t\t\t\t\t\t\t\t\t<img decoding=\"async\" width=\"800\" height=\"876\" src=\"https:\/\/webery-server1.de\/t14-spedition\/wp-content\/uploads\/2023\/09\/2410213_P9HNQE1-935x1024.png\" class=\"attachment-large size-large wp-image-915\" alt=\"\" srcset=\"https:\/\/webery-server1.de\/t14-spedition\/wp-content\/uploads\/2023\/09\/2410213_P9HNQE1-935x1024.png 935w, https:\/\/webery-server1.de\/t14-spedition\/wp-content\/uploads\/2023\/09\/2410213_P9HNQE1-274x300.png 274w, https:\/\/webery-server1.de\/t14-spedition\/wp-content\/uploads\/2023\/09\/2410213_P9HNQE1-768x841.png 768w, https:\/\/webery-server1.de\/t14-spedition\/wp-content\/uploads\/2023\/09\/2410213_P9HNQE1-1403x1536.png 1403w, https:\/\/webery-server1.de\/t14-spedition\/wp-content\/uploads\/2023\/09\/2410213_P9HNQE1.png 1500w\" sizes=\"(max-width: 800px) 100vw, 800px\" \/>\t\t\t\t\t\t\t\t\t\t\t\t\t\t\t<\/div>\n\t\t\t\t<\/div>\n\t\t\t\t<\/div>\n\t\t\t\t\t<\/div>\n\t\t\t\t<\/div>\n\t\t\t\t<\/div>\n\t\t","protected":false},"excerpt":{"rendered":"<p>Wir freuen uns \u00fcber Ihr Interesse an einer Karriere bei unserem Speditionsunternehmen. Wir sind immer auf der Suche nach motivierten und qualifizierten Mitarbeitern, die unser Team bereichern k\u00f6nnen. Wenn Sie der Meinung sind, dass Sie zu uns passen und uns mit Ihren F\u00e4higkeiten und Erfahrungen unterst\u00fctzen k\u00f6nnen, dann freuen wir uns auf Ihre Initiativbewerbung. Um [&hellip;]<\/p>\n","protected":false},"author":1,"featured_media":0,"parent":0,"menu_order":0,"comment_status":"closed","ping_status":"closed","template":"","meta":{"footnotes":""},"class_list":["post-487","page","type-page","status-publish","hentry"],"_links":{"self":[{"href":"https:\/\/webery-server1.de\/t14-spedition\/wp-json\/wp\/v2\/pages\/487","targetHints":{"allow":["GET"]}}],"collection":[{"href":"https:\/\/webery-server1.de\/t14-spedition\/wp-json\/wp\/v2\/pages"}],"about":[{"href":"https:\/\/webery-server1.de\/t14-spedition\/wp-json\/wp\/v2\/types\/page"}],"author":[{"embeddable":true,"href":"https:\/\/webery-server1.de\/t14-spedition\/wp-json\/wp\/v2\/users\/1"}],"replies":[{"embeddable":true,"href":"https:\/\/webery-server1.de\/t14-spedition\/wp-json\/wp\/v2\/comments?post=487"}],"version-history":[{"count":6,"href":"https:\/\/webery-server1.de\/t14-spedition\/wp-json\/wp\/v2\/pages\/487\/revisions"}],"predecessor-version":[{"id":1075,"href":"https:\/\/webery-server1.de\/t14-spedition\/wp-json\/wp\/v2\/pages\/487\/revisions\/1075"}],"wp:attachment":[{"href":"https:\/\/webery-server1.de\/t14-spedition\/wp-json\/wp\/v2\/media?parent=487"}],"curies":[{"name":"wp","href":"https:\/\/api.w.org\/{rel}","templated":true}]}}