{"id":85,"date":"2023-08-12T14:17:58","date_gmt":"2023-08-12T12:17:58","guid":{"rendered":"https:\/\/webery-server1.de\/t14-spedition\/?page_id=85"},"modified":"2025-04-01T12:28:49","modified_gmt":"2025-04-01T10:28:49","slug":"ueber-uns","status":"publish","type":"page","link":"https:\/\/webery-server1.de\/t14-spedition\/ueber-uns\/","title":{"rendered":"\u00dcber Uns"},"content":{"rendered":"\t\t<div data-elementor-type=\"wp-page\" data-elementor-id=\"85\" class=\"elementor elementor-85\" data-elementor-post-type=\"page\">\n\t\t\t\t<div class=\"elementor-element elementor-element-23bcd0e e-flex e-con-boxed e-con e-parent\" data-id=\"23bcd0e\" data-element_type=\"container\" data-settings=\"{&quot;background_background&quot;:&quot;classic&quot;}\">\n\t\t\t\t\t<div class=\"e-con-inner\">\n\t\t<div class=\"elementor-element elementor-element-92ba1ac e-con-full e-flex e-con e-child\" data-id=\"92ba1ac\" data-element_type=\"container\">\n\t\t\t\t<div class=\"elementor-element elementor-element-6d256fb elementor-widget elementor-widget-elementskit-heading\" data-id=\"6d256fb\" data-element_type=\"widget\" data-widget_type=\"elementskit-heading.default\">\n\t\t\t\t<div class=\"elementor-widget-container\">\n\t\t\t\t\t<div class=\"ekit-wid-con\" ><div class=\"ekit-heading elementskit-section-title-wraper text_center   ekit_heading_tablet-   ekit_heading_mobile-text_center\"><\/div><\/div>\t\t\t\t<\/div>\n\t\t\t\t<\/div>\n\t\t\t\t<\/div>\n\t\t\t\t\t<\/div>\n\t\t\t\t<\/div>\n\t\t<div class=\"elementor-element elementor-element-487c2f6 e-flex e-con-boxed e-con e-parent\" data-id=\"487c2f6\" data-element_type=\"container\">\n\t\t\t\t\t<div class=\"e-con-inner\">\n\t\t<div class=\"elementor-element elementor-element-b8eb153 e-con-full e-flex e-con e-child\" data-id=\"b8eb153\" data-element_type=\"container\">\n\t\t\t\t<div class=\"elementor-element elementor-element-d6200e4 elementor-widget elementor-widget-text-editor\" data-id=\"d6200e4\" data-element_type=\"widget\" data-widget_type=\"text-editor.default\">\n\t\t\t\t<div class=\"elementor-widget-container\">\n\t\t\t\t\t\t\t\t\t<p>Als Speditionsunternehmen mit langj\u00e4hriger Erfahrung m\u00f6chten wir uns unseren Kunden vorstellen und einen Einblick in unsere Historie geben. Wir sind seit vielen Jahren in der Branche t\u00e4tig und haben uns im Laufe der Zeit zu einem zuverl\u00e4ssigen Partner f\u00fcr unsere Kunden entwickelt. Hier sind einige wichtige Meilensteine unserer Geschichte:<\/p><p>Gr\u00fcndung: Unser Unternehmen wurde 1941 von unserem Gr\u00fcnder gegr\u00fcndet, der eine Leidenschaft f\u00fcr Logistik und Transport hatte. Von Anfang an war es unser Ziel, unseren Kunden einen hervorragenden Service zu bieten und ihre Erwartungen zu \u00fcbertreffen.<\/p><p>Wachstum: Im Laufe der Jahre haben wir uns stetig weiterentwickelt und unser Gesch\u00e4ft ausgebaut. Wir haben unser Angebot erweitert und uns auf verschiedene Bereiche spezialisiert, um unseren Kunden ein breiteres Spektrum an Dienstleistungen anbieten zu k\u00f6nnen.<\/p><p>Modernisierung: Wir haben uns immer bem\u00fcht, auf dem neuesten Stand der Technik zu bleiben und unsere Prozesse zu optimieren. Wir haben in moderne Technologien und Systeme investiert, um unseren Kunden einen schnellen und effizienten Service zu bieten.<\/p><p>Nachhaltigkeit: Wir sind uns unserer Verantwortung gegen\u00fcber der Umwelt bewusst und setzen uns aktiv f\u00fcr Nachhaltigkeit ein. Wir arbeiten st\u00e4ndig daran, unsere Prozesse umweltfreundlicher zu gestalten und unseren CO2-Fu\u00dfabdruck zu reduzieren.<\/p><p>Wir sind stolz darauf, ein zuverl\u00e4ssiger Partner f\u00fcr unsere Kunden zu sein und freuen uns darauf, auch in Zukunft eng mit ihnen zusammenzuarbeiten.<\/p>\t\t\t\t\t\t\t\t<\/div>\n\t\t\t\t<\/div>\n\t\t\t\t<div class=\"elementor-element elementor-element-cc956f4 elementor-widget elementor-widget-button\" data-id=\"cc956f4\" data-element_type=\"widget\" data-widget_type=\"button.default\">\n\t\t\t\t<div class=\"elementor-widget-container\">\n\t\t\t\t\t\t\t\t\t<div class=\"elementor-button-wrapper\">\n\t\t\t\t\t<a class=\"elementor-button elementor-button-link elementor-size-sm\" href=\"https:\/\/webery-server1.de\/t14-spedition\/kontakt\/\">\n\t\t\t\t\t\t<span class=\"elementor-button-content-wrapper\">\n\t\t\t\t\t\t\t\t\t<span class=\"elementor-button-text\">Kontakt aufnehmen!<\/span>\n\t\t\t\t\t<\/span>\n\t\t\t\t\t<\/a>\n\t\t\t\t<\/div>\n\t\t\t\t\t\t\t\t<\/div>\n\t\t\t\t<\/div>\n\t\t\t\t<\/div>\n\t\t<div class=\"elementor-element elementor-element-598f168 e-con-full e-flex e-con e-child\" data-id=\"598f168\" data-element_type=\"container\">\n\t\t\t\t<div class=\"elementor-element elementor-element-a5a9be6 elementor-widget elementor-widget-image\" data-id=\"a5a9be6\" data-element_type=\"widget\" data-widget_type=\"image.default\">\n\t\t\t\t<div class=\"elementor-widget-container\">\n\t\t\t\t\t\t\t\t\t\t\t\t\t\t\t<img fetchpriority=\"high\" decoding=\"async\" width=\"800\" height=\"534\" src=\"https:\/\/webery-server1.de\/t14-spedition\/wp-content\/uploads\/2023\/09\/AdobeStock_229322546-1024x684.jpeg\" class=\"attachment-large size-large wp-image-869\" alt=\"\" srcset=\"https:\/\/webery-server1.de\/t14-spedition\/wp-content\/uploads\/2023\/09\/AdobeStock_229322546-1024x684.jpeg 1024w, https:\/\/webery-server1.de\/t14-spedition\/wp-content\/uploads\/2023\/09\/AdobeStock_229322546-300x200.jpeg 300w, https:\/\/webery-server1.de\/t14-spedition\/wp-content\/uploads\/2023\/09\/AdobeStock_229322546-768x513.jpeg 768w, https:\/\/webery-server1.de\/t14-spedition\/wp-content\/uploads\/2023\/09\/AdobeStock_229322546-1536x1025.jpeg 1536w, https:\/\/webery-server1.de\/t14-spedition\/wp-content\/uploads\/2023\/09\/AdobeStock_229322546.jpeg 2000w\" sizes=\"(max-width: 800px) 100vw, 800px\" \/>\t\t\t\t\t\t\t\t\t\t\t\t\t\t\t<\/div>\n\t\t\t\t<\/div>\n\t\t<div class=\"elementor-element elementor-element-3994618 e-con-full e-flex e-con e-child\" data-id=\"3994618\" data-element_type=\"container\">\n\t\t<div class=\"elementor-element elementor-element-1b7f590 e-con-full e-flex e-con e-child\" data-id=\"1b7f590\" data-element_type=\"container\">\n\t\t\t\t<div class=\"elementor-element elementor-element-4d0200d elementor-widget elementor-widget-image\" data-id=\"4d0200d\" data-element_type=\"widget\" data-widget_type=\"image.default\">\n\t\t\t\t<div class=\"elementor-widget-container\">\n\t\t\t\t\t\t\t\t\t\t\t\t\t\t\t<img decoding=\"async\" width=\"800\" height=\"534\" src=\"https:\/\/webery-server1.de\/t14-spedition\/wp-content\/uploads\/2023\/09\/AdobeStock_256170172-1024x684.jpeg\" class=\"attachment-large size-large wp-image-871\" alt=\"\" srcset=\"https:\/\/webery-server1.de\/t14-spedition\/wp-content\/uploads\/2023\/09\/AdobeStock_256170172-1024x684.jpeg 1024w, https:\/\/webery-server1.de\/t14-spedition\/wp-content\/uploads\/2023\/09\/AdobeStock_256170172-300x200.jpeg 300w, https:\/\/webery-server1.de\/t14-spedition\/wp-content\/uploads\/2023\/09\/AdobeStock_256170172-768x513.jpeg 768w, https:\/\/webery-server1.de\/t14-spedition\/wp-content\/uploads\/2023\/09\/AdobeStock_256170172-1536x1025.jpeg 1536w, https:\/\/webery-server1.de\/t14-spedition\/wp-content\/uploads\/2023\/09\/AdobeStock_256170172.jpeg 2000w\" sizes=\"(max-width: 800px) 100vw, 800px\" \/>\t\t\t\t\t\t\t\t\t\t\t\t\t\t\t<\/div>\n\t\t\t\t<\/div>\n\t\t\t\t<\/div>\n\t\t<div class=\"elementor-element elementor-element-5eb92c1 e-con-full e-flex e-con e-child\" data-id=\"5eb92c1\" data-element_type=\"container\">\n\t\t\t\t<div class=\"elementor-element elementor-element-3e7bf65 elementor-widget elementor-widget-image\" data-id=\"3e7bf65\" data-element_type=\"widget\" data-widget_type=\"image.default\">\n\t\t\t\t<div class=\"elementor-widget-container\">\n\t\t\t\t\t\t\t\t\t\t\t\t\t\t\t<img decoding=\"async\" width=\"800\" height=\"533\" src=\"https:\/\/webery-server1.de\/t14-spedition\/wp-content\/uploads\/2023\/09\/AdobeStock_50189972-1024x682.jpeg\" class=\"attachment-large size-large wp-image-866\" alt=\"\" srcset=\"https:\/\/webery-server1.de\/t14-spedition\/wp-content\/uploads\/2023\/09\/AdobeStock_50189972-1024x682.jpeg 1024w, https:\/\/webery-server1.de\/t14-spedition\/wp-content\/uploads\/2023\/09\/AdobeStock_50189972-300x200.jpeg 300w, https:\/\/webery-server1.de\/t14-spedition\/wp-content\/uploads\/2023\/09\/AdobeStock_50189972-768x512.jpeg 768w, https:\/\/webery-server1.de\/t14-spedition\/wp-content\/uploads\/2023\/09\/AdobeStock_50189972-1536x1024.jpeg 1536w, https:\/\/webery-server1.de\/t14-spedition\/wp-content\/uploads\/2023\/09\/AdobeStock_50189972.jpeg 2000w\" sizes=\"(max-width: 800px) 100vw, 800px\" \/>\t\t\t\t\t\t\t\t\t\t\t\t\t\t\t<\/div>\n\t\t\t\t<\/div>\n\t\t\t\t<\/div>\n\t\t\t\t<\/div>\n\t\t\t\t<\/div>\n\t\t\t\t\t<\/div>\n\t\t\t\t<\/div>\n\t\t<div class=\"elementor-element elementor-element-5235906 e-flex e-con-boxed e-con e-parent\" data-id=\"5235906\" data-element_type=\"container\" data-settings=\"{&quot;background_background&quot;:&quot;classic&quot;}\">\n\t\t\t\t\t<div class=\"e-con-inner\">\n\t\t<div class=\"elementor-element elementor-element-5ac6486 e-con-full e-flex e-con e-child\" data-id=\"5ac6486\" data-element_type=\"container\" data-settings=\"{&quot;background_background&quot;:&quot;classic&quot;}\">\n\t\t\t\t<div class=\"elementor-element elementor-element-5935eea elementor-widget elementor-widget-heading\" data-id=\"5935eea\" data-element_type=\"widget\" data-widget_type=\"heading.default\">\n\t\t\t\t<div class=\"elementor-widget-container\">\n\t\t\t\t\t<h1 class=\"elementor-heading-title elementor-size-default\">GRUNDWERTE<\/h1>\t\t\t\t<\/div>\n\t\t\t\t<\/div>\n\t\t\t\t<div class=\"elementor-element elementor-element-046d565 elementor-widget elementor-widget-text-editor\" data-id=\"046d565\" data-element_type=\"widget\" data-widget_type=\"text-editor.default\">\n\t\t\t\t<div class=\"elementor-widget-container\">\n\t\t\t\t\t\t\t\t\t<p>Unser Name steht f\u00fcr:<\/p>\t\t\t\t\t\t\t\t<\/div>\n\t\t\t\t<\/div>\n\t\t<div class=\"elementor-element elementor-element-a1583c4 e-con-full e-flex e-con e-child\" data-id=\"a1583c4\" data-element_type=\"container\">\n\t\t<div class=\"elementor-element elementor-element-7607eda e-con-full e-flex e-con e-child\" data-id=\"7607eda\" data-element_type=\"container\">\n\t\t\t\t<div class=\"elementor-element elementor-element-45a4d52 elementor-icon-list--layout-traditional elementor-list-item-link-full_width elementor-widget elementor-widget-icon-list\" data-id=\"45a4d52\" data-element_type=\"widget\" data-widget_type=\"icon-list.default\">\n\t\t\t\t<div class=\"elementor-widget-container\">\n\t\t\t\t\t\t\t<ul class=\"elementor-icon-list-items\">\n\t\t\t\t\t\t\t<li class=\"elementor-icon-list-item\">\n\t\t\t\t\t\t\t\t\t\t\t<span class=\"elementor-icon-list-icon\">\n\t\t\t\t\t\t\t<i aria-hidden=\"true\" class=\"icon icon-check\"><\/i>\t\t\t\t\t\t<\/span>\n\t\t\t\t\t\t\t\t\t\t<span class=\"elementor-icon-list-text\">Professionalit\u00e4t, P\u00fcnktlichkeit und Flexibilit\u00e4t!<\/span>\n\t\t\t\t\t\t\t\t\t<\/li>\n\t\t\t\t\t\t\t\t<li class=\"elementor-icon-list-item\">\n\t\t\t\t\t\t\t\t\t\t\t<span class=\"elementor-icon-list-icon\">\n\t\t\t\t\t\t\t<i aria-hidden=\"true\" class=\"icon icon-check\"><\/i>\t\t\t\t\t\t<\/span>\n\t\t\t\t\t\t\t\t\t\t<span class=\"elementor-icon-list-text\">Logistik mit Herz<\/span>\n\t\t\t\t\t\t\t\t\t<\/li>\n\t\t\t\t\t\t\t\t<li class=\"elementor-icon-list-item\">\n\t\t\t\t\t\t\t\t\t\t\t<span class=\"elementor-icon-list-icon\">\n\t\t\t\t\t\t\t<i aria-hidden=\"true\" class=\"icon icon-check\"><\/i>\t\t\t\t\t\t<\/span>\n\t\t\t\t\t\t\t\t\t\t<span class=\"elementor-icon-list-text\">umweltfreundliche Prozesse<\/span>\n\t\t\t\t\t\t\t\t\t<\/li>\n\t\t\t\t\t\t\t\t<li class=\"elementor-icon-list-item\">\n\t\t\t\t\t\t\t\t\t\t\t<span class=\"elementor-icon-list-icon\">\n\t\t\t\t\t\t\t<i aria-hidden=\"true\" class=\"icon icon-check\"><\/i>\t\t\t\t\t\t<\/span>\n\t\t\t\t\t\t\t\t\t\t<span class=\"elementor-icon-list-text\">Nachhaltigkeit<\/span>\n\t\t\t\t\t\t\t\t\t<\/li>\n\t\t\t\t\t\t\t\t<li class=\"elementor-icon-list-item\">\n\t\t\t\t\t\t\t\t\t\t\t<span class=\"elementor-icon-list-icon\">\n\t\t\t\t\t\t\t<i aria-hidden=\"true\" class=\"icon icon-check\"><\/i>\t\t\t\t\t\t<\/span>\n\t\t\t\t\t\t\t\t\t\t<span class=\"elementor-icon-list-text\">Reduktion des CO2-Fu\u00dfabdrucks<\/span>\n\t\t\t\t\t\t\t\t\t<\/li>\n\t\t\t\t\t\t\t\t<li class=\"elementor-icon-list-item\">\n\t\t\t\t\t\t\t\t\t\t\t<span class=\"elementor-icon-list-icon\">\n\t\t\t\t\t\t\t<i aria-hidden=\"true\" class=\"icon icon-check\"><\/i>\t\t\t\t\t\t<\/span>\n\t\t\t\t\t\t\t\t\t\t<span class=\"elementor-icon-list-text\">schnellen und effizienten Service<\/span>\n\t\t\t\t\t\t\t\t\t<\/li>\n\t\t\t\t\t\t<\/ul>\n\t\t\t\t\t\t<\/div>\n\t\t\t\t<\/div>\n\t\t\t\t<\/div>\n\t\t<div class=\"elementor-element elementor-element-e711cc8 e-con-full e-flex e-con e-child\" data-id=\"e711cc8\" data-element_type=\"container\">\n\t\t\t\t<div class=\"elementor-element elementor-element-dcaf7e9 elementor-icon-list--layout-traditional elementor-list-item-link-full_width elementor-widget elementor-widget-icon-list\" data-id=\"dcaf7e9\" data-element_type=\"widget\" data-widget_type=\"icon-list.default\">\n\t\t\t\t<div class=\"elementor-widget-container\">\n\t\t\t\t\t\t\t<ul class=\"elementor-icon-list-items\">\n\t\t\t\t\t\t\t<li class=\"elementor-icon-list-item\">\n\t\t\t\t\t\t\t\t\t\t\t<span class=\"elementor-icon-list-icon\">\n\t\t\t\t\t\t\t<i aria-hidden=\"true\" class=\"icon icon-check\"><\/i>\t\t\t\t\t\t<\/span>\n\t\t\t\t\t\t\t\t\t\t<span class=\"elementor-icon-list-text\">hervorragenden Service<\/span>\n\t\t\t\t\t\t\t\t\t<\/li>\n\t\t\t\t\t\t\t\t<li class=\"elementor-icon-list-item\">\n\t\t\t\t\t\t\t\t\t\t\t<span class=\"elementor-icon-list-icon\">\n\t\t\t\t\t\t\t<i aria-hidden=\"true\" class=\"icon icon-check\"><\/i>\t\t\t\t\t\t<\/span>\n\t\t\t\t\t\t\t\t\t\t<span class=\"elementor-icon-list-text\">Leidenschaft f\u00fcr Logistik und Transport<\/span>\n\t\t\t\t\t\t\t\t\t<\/li>\n\t\t\t\t\t\t\t\t<li class=\"elementor-icon-list-item\">\n\t\t\t\t\t\t\t\t\t\t\t<span class=\"elementor-icon-list-icon\">\n\t\t\t\t\t\t\t<i aria-hidden=\"true\" class=\"icon icon-check\"><\/i>\t\t\t\t\t\t<\/span>\n\t\t\t\t\t\t\t\t\t\t<span class=\"elementor-icon-list-text\">langj\u00e4hriger Erfahrung<\/span>\n\t\t\t\t\t\t\t\t\t<\/li>\n\t\t\t\t\t\t\t\t<li class=\"elementor-icon-list-item\">\n\t\t\t\t\t\t\t\t\t\t\t<span class=\"elementor-icon-list-icon\">\n\t\t\t\t\t\t\t<i aria-hidden=\"true\" class=\"icon icon-check\"><\/i>\t\t\t\t\t\t<\/span>\n\t\t\t\t\t\t\t\t\t\t<span class=\"elementor-icon-list-text\">flache Hierarchien<\/span>\n\t\t\t\t\t\t\t\t\t<\/li>\n\t\t\t\t\t\t\t\t<li class=\"elementor-icon-list-item\">\n\t\t\t\t\t\t\t\t\t\t\t<span class=\"elementor-icon-list-icon\">\n\t\t\t\t\t\t\t<i aria-hidden=\"true\" class=\"icon icon-check\"><\/i>\t\t\t\t\t\t<\/span>\n\t\t\t\t\t\t\t\t\t\t<span class=\"elementor-icon-list-text\">wir \u00fcbertreffen Erwartungen<\/span>\n\t\t\t\t\t\t\t\t\t<\/li>\n\t\t\t\t\t\t\t\t<li class=\"elementor-icon-list-item\">\n\t\t\t\t\t\t\t\t\t\t\t<span class=\"elementor-icon-list-icon\">\n\t\t\t\t\t\t\t<i aria-hidden=\"true\" class=\"icon icon-check\"><\/i>\t\t\t\t\t\t<\/span>\n\t\t\t\t\t\t\t\t\t\t<span class=\"elementor-icon-list-text\">Loyalit\u00e4t<\/span>\n\t\t\t\t\t\t\t\t\t<\/li>\n\t\t\t\t\t\t<\/ul>\n\t\t\t\t\t\t<\/div>\n\t\t\t\t<\/div>\n\t\t\t\t<\/div>\n\t\t\t\t<\/div>\n\t\t\t\t<\/div>\n\t\t\t\t\t<\/div>\n\t\t\t\t<\/div>\n\t\t<div class=\"elementor-element elementor-element-a491f82 e-flex e-con-boxed e-con e-parent\" data-id=\"a491f82\" data-element_type=\"container\" data-settings=\"{&quot;background_background&quot;:&quot;classic&quot;}\">\n\t\t\t\t\t<div class=\"e-con-inner\">\n\t\t<div class=\"elementor-element elementor-element-2d039fc e-con-full e-flex e-con e-child\" data-id=\"2d039fc\" data-element_type=\"container\" data-settings=\"{&quot;background_background&quot;:&quot;classic&quot;}\">\n\t\t\t\t<div class=\"elementor-element elementor-element-2a66814 elementor-widget elementor-widget-heading\" data-id=\"2a66814\" data-element_type=\"widget\" data-widget_type=\"heading.default\">\n\t\t\t\t<div class=\"elementor-widget-container\">\n\t\t\t\t\t<h1 class=\"elementor-heading-title elementor-size-default\">UNSERE MITGLIEDSCHAFTEN UND VERB\u00c4NDE<\/h1>\t\t\t\t<\/div>\n\t\t\t\t<\/div>\n\t\t<div class=\"elementor-element elementor-element-d10371a e-con-full e-flex e-con e-child\" data-id=\"d10371a\" data-element_type=\"container\">\n\t\t<div class=\"elementor-element elementor-element-9e0936c e-con-full e-flex e-con e-child\" data-id=\"9e0936c\" data-element_type=\"container\">\n\t\t\t\t<div class=\"elementor-element elementor-element-4945e00 elementor-icon-list--layout-traditional elementor-list-item-link-full_width elementor-widget elementor-widget-icon-list\" data-id=\"4945e00\" data-element_type=\"widget\" data-widget_type=\"icon-list.default\">\n\t\t\t\t<div class=\"elementor-widget-container\">\n\t\t\t\t\t\t\t<ul class=\"elementor-icon-list-items\">\n\t\t\t\t\t\t\t<li class=\"elementor-icon-list-item\">\n\t\t\t\t\t\t\t\t\t\t\t<span class=\"elementor-icon-list-icon\">\n\t\t\t\t\t\t\t<i aria-hidden=\"true\" class=\"icon icon-check\"><\/i>\t\t\t\t\t\t<\/span>\n\t\t\t\t\t\t\t\t\t\t<span class=\"elementor-icon-list-text\">Bremische Hafenvertretung e.V. (BHV)<\/span>\n\t\t\t\t\t\t\t\t\t<\/li>\n\t\t\t\t\t\t\t\t<li class=\"elementor-icon-list-item\">\n\t\t\t\t\t\t\t\t\t\t\t<span class=\"elementor-icon-list-icon\">\n\t\t\t\t\t\t\t<i aria-hidden=\"true\" class=\"icon icon-check\"><\/i>\t\t\t\t\t\t<\/span>\n\t\t\t\t\t\t\t\t\t\t<span class=\"elementor-icon-list-text\">Bundesverband G\u00fcterkraftverkehr Logistik und Entsorgung (BGL)<\/span>\n\t\t\t\t\t\t\t\t\t<\/li>\n\t\t\t\t\t\t\t\t<li class=\"elementor-icon-list-item\">\n\t\t\t\t\t\t\t\t\t\t\t<span class=\"elementor-icon-list-icon\">\n\t\t\t\t\t\t\t<i aria-hidden=\"true\" class=\"icon icon-check\"><\/i>\t\t\t\t\t\t<\/span>\n\t\t\t\t\t\t\t\t\t\t<span class=\"elementor-icon-list-text\">Verband der Speditions- und Logistikunternehmen in Bremen e.V. (VSLB)<\/span>\n\t\t\t\t\t\t\t\t\t<\/li>\n\t\t\t\t\t\t<\/ul>\n\t\t\t\t\t\t<\/div>\n\t\t\t\t<\/div>\n\t\t\t\t<\/div>\n\t\t<div class=\"elementor-element elementor-element-9845c4c e-con-full e-flex e-con e-child\" data-id=\"9845c4c\" data-element_type=\"container\">\n\t\t\t\t<div class=\"elementor-element elementor-element-986bd25 elementor-icon-list--layout-traditional elementor-list-item-link-full_width elementor-widget elementor-widget-icon-list\" data-id=\"986bd25\" data-element_type=\"widget\" data-widget_type=\"icon-list.default\">\n\t\t\t\t<div class=\"elementor-widget-container\">\n\t\t\t\t\t\t\t<ul class=\"elementor-icon-list-items\">\n\t\t\t\t\t\t\t<li class=\"elementor-icon-list-item\">\n\t\t\t\t\t\t\t\t\t\t\t<span class=\"elementor-icon-list-icon\">\n\t\t\t\t\t\t\t<i aria-hidden=\"true\" class=\"icon icon-check\"><\/i>\t\t\t\t\t\t<\/span>\n\t\t\t\t\t\t\t\t\t\t<span class=\"elementor-icon-list-text\">SVG Stra\u00dfenverkehrsgenossenschaft<\/span>\n\t\t\t\t\t\t\t\t\t<\/li>\n\t\t\t\t\t\t\t\t<li class=\"elementor-icon-list-item\">\n\t\t\t\t\t\t\t\t\t\t\t<span class=\"elementor-icon-list-icon\">\n\t\t\t\t\t\t\t<i aria-hidden=\"true\" class=\"icon icon-check\"><\/i>\t\t\t\t\t\t<\/span>\n\t\t\t\t\t\t\t\t\t\t<span class=\"elementor-icon-list-text\">Berufsgenossenschaft Transport und Verkehrswirtschaft Bremen<\/span>\n\t\t\t\t\t\t\t\t\t<\/li>\n\t\t\t\t\t\t<\/ul>\n\t\t\t\t\t\t<\/div>\n\t\t\t\t<\/div>\n\t\t\t\t<\/div>\n\t\t\t\t<\/div>\n\t\t\t\t<\/div>\n\t\t\t\t\t<\/div>\n\t\t\t\t<\/div>\n\t\t<div class=\"elementor-element elementor-element-048fff1 e-flex e-con-boxed e-con e-parent\" data-id=\"048fff1\" data-element_type=\"container\" data-settings=\"{&quot;background_background&quot;:&quot;classic&quot;}\">\n\t\t\t\t\t<div class=\"e-con-inner\">\n\t\t<div class=\"elementor-element elementor-element-674e4f0 e-con-full e-flex e-con e-child\" data-id=\"674e4f0\" data-element_type=\"container\">\n\t\t\t\t<div class=\"elementor-element elementor-element-4698c04 elementor-widget elementor-widget-heading\" data-id=\"4698c04\" data-element_type=\"widget\" data-widget_type=\"heading.default\">\n\t\t\t\t<div class=\"elementor-widget-container\">\n\t\t\t\t\t<h2 class=\"elementor-heading-title elementor-size-default\">Kontaktieren Sie uns, um mehr \u00fcber unsere Service zu erfahren \u2013 wir freuen uns auf Ihre Anfrage!<\/h2>\t\t\t\t<\/div>\n\t\t\t\t<\/div>\n\t\t\t\t<div class=\"elementor-element elementor-element-e974699 elementor-align-center elementor-widget elementor-widget-button\" data-id=\"e974699\" data-element_type=\"widget\" data-widget_type=\"button.default\">\n\t\t\t\t<div class=\"elementor-widget-container\">\n\t\t\t\t\t\t\t\t\t<div class=\"elementor-button-wrapper\">\n\t\t\t\t\t<a class=\"elementor-button elementor-button-link elementor-size-sm\" href=\"https:\/\/webery-server1.de\/t14-spedition\/kontakt\/\">\n\t\t\t\t\t\t<span class=\"elementor-button-content-wrapper\">\n\t\t\t\t\t\t\t\t\t<span class=\"elementor-button-text\">jetzt kontaktieren<\/span>\n\t\t\t\t\t<\/span>\n\t\t\t\t\t<\/a>\n\t\t\t\t<\/div>\n\t\t\t\t\t\t\t\t<\/div>\n\t\t\t\t<\/div>\n\t\t\t\t<\/div>\n\t\t<div class=\"elementor-element elementor-element-07c4015 e-con-full e-flex e-con e-child\" data-id=\"07c4015\" data-element_type=\"container\">\n\t\t\t\t<div class=\"elementor-element elementor-element-998f30e elementor-widget elementor-widget-image\" data-id=\"998f30e\" data-element_type=\"widget\" data-widget_type=\"image.default\">\n\t\t\t\t<div class=\"elementor-widget-container\">\n\t\t\t\t\t\t\t\t\t\t\t\t\t\t\t<img loading=\"lazy\" decoding=\"async\" width=\"800\" height=\"876\" src=\"https:\/\/webery-server1.de\/t14-spedition\/wp-content\/uploads\/2023\/09\/2410213_P9HNQE1-935x1024.png\" class=\"attachment-large size-large wp-image-915\" alt=\"\" srcset=\"https:\/\/webery-server1.de\/t14-spedition\/wp-content\/uploads\/2023\/09\/2410213_P9HNQE1-935x1024.png 935w, https:\/\/webery-server1.de\/t14-spedition\/wp-content\/uploads\/2023\/09\/2410213_P9HNQE1-274x300.png 274w, https:\/\/webery-server1.de\/t14-spedition\/wp-content\/uploads\/2023\/09\/2410213_P9HNQE1-768x841.png 768w, https:\/\/webery-server1.de\/t14-spedition\/wp-content\/uploads\/2023\/09\/2410213_P9HNQE1-1403x1536.png 1403w, https:\/\/webery-server1.de\/t14-spedition\/wp-content\/uploads\/2023\/09\/2410213_P9HNQE1.png 1500w\" sizes=\"(max-width: 800px) 100vw, 800px\" \/>\t\t\t\t\t\t\t\t\t\t\t\t\t\t\t<\/div>\n\t\t\t\t<\/div>\n\t\t\t\t<\/div>\n\t\t\t\t\t<\/div>\n\t\t\t\t<\/div>\n\t\t\t\t<\/div>\n\t\t","protected":false},"excerpt":{"rendered":"<p>Als Speditionsunternehmen mit langj\u00e4hriger Erfahrung m\u00f6chten wir uns unseren Kunden vorstellen und einen Einblick in unsere Historie geben. Wir sind seit vielen Jahren in der Branche t\u00e4tig und haben uns im Laufe der Zeit zu einem zuverl\u00e4ssigen Partner f\u00fcr unsere Kunden entwickelt. Hier sind einige wichtige Meilensteine unserer Geschichte: Gr\u00fcndung: Unser Unternehmen wurde 1941 von [&hellip;]<\/p>\n","protected":false},"author":1,"featured_media":0,"parent":0,"menu_order":0,"comment_status":"closed","ping_status":"closed","template":"","meta":{"footnotes":""},"class_list":["post-85","page","type-page","status-publish","hentry"],"_links":{"self":[{"href":"https:\/\/webery-server1.de\/t14-spedition\/wp-json\/wp\/v2\/pages\/85","targetHints":{"allow":["GET"]}}],"collection":[{"href":"https:\/\/webery-server1.de\/t14-spedition\/wp-json\/wp\/v2\/pages"}],"about":[{"href":"https:\/\/webery-server1.de\/t14-spedition\/wp-json\/wp\/v2\/types\/page"}],"author":[{"embeddable":true,"href":"https:\/\/webery-server1.de\/t14-spedition\/wp-json\/wp\/v2\/users\/1"}],"replies":[{"embeddable":true,"href":"https:\/\/webery-server1.de\/t14-spedition\/wp-json\/wp\/v2\/comments?post=85"}],"version-history":[{"count":9,"href":"https:\/\/webery-server1.de\/t14-spedition\/wp-json\/wp\/v2\/pages\/85\/revisions"}],"predecessor-version":[{"id":1090,"href":"https:\/\/webery-server1.de\/t14-spedition\/wp-json\/wp\/v2\/pages\/85\/revisions\/1090"}],"wp:attachment":[{"href":"https:\/\/webery-server1.de\/t14-spedition\/wp-json\/wp\/v2\/media?parent=85"}],"curies":[{"name":"wp","href":"https:\/\/api.w.org\/{rel}","templated":true}]}}