{"id":11,"date":"2023-08-12T13:30:29","date_gmt":"2023-08-12T11:30:29","guid":{"rendered":"https:\/\/webery-server1.de\/t17-ingenieur\/?page_id=11"},"modified":"2025-04-01T12:58:52","modified_gmt":"2025-04-01T10:58:52","slug":"startseite","status":"publish","type":"page","link":"https:\/\/webery-server1.de\/t17-ingenieur\/","title":{"rendered":"Start"},"content":{"rendered":"\t\t<div data-elementor-type=\"wp-page\" data-elementor-id=\"11\" class=\"elementor elementor-11\" data-elementor-post-type=\"page\">\n\t\t\t\t<div class=\"elementor-element elementor-element-27c2e89 e-flex e-con-boxed e-con e-parent\" data-id=\"27c2e89\" data-element_type=\"container\" data-settings=\"{&quot;background_background&quot;:&quot;classic&quot;}\">\n\t\t\t\t\t<div class=\"e-con-inner\">\n\t\t<div class=\"elementor-element elementor-element-821f52b e-con-full e-flex e-con e-child\" data-id=\"821f52b\" data-element_type=\"container\">\n\t\t\t\t<div class=\"elementor-element elementor-element-a65e5e0 elementor-widget elementor-widget-elementskit-heading\" data-id=\"a65e5e0\" data-element_type=\"widget\" data-widget_type=\"elementskit-heading.default\">\n\t\t\t\t<div class=\"elementor-widget-container\">\n\t\t\t\t\t<div class=\"ekit-wid-con\" ><div class=\"ekit-heading elementskit-section-title-wraper text_center   ekit_heading_tablet-   ekit_heading_mobile-text_center\"><h1 class=\"ekit-heading--title elementskit-section-title \">Beratung. Planung. Konstruktion. Projektmanagement. Gutachten.<\/h1><\/div><\/div>\t\t\t\t<\/div>\n\t\t\t\t<\/div>\n\t\t\t\t<div class=\"elementor-element elementor-element-06b0f64 elementor-align-center elementor-widget elementor-widget-button\" data-id=\"06b0f64\" data-element_type=\"widget\" data-widget_type=\"button.default\">\n\t\t\t\t<div class=\"elementor-widget-container\">\n\t\t\t\t\t\t\t\t\t<div class=\"elementor-button-wrapper\">\n\t\t\t\t\t<a class=\"elementor-button elementor-button-link elementor-size-sm\" href=\"https:\/\/webery-server1.de\/t17-ingenieur\/ueber-uns\/\">\n\t\t\t\t\t\t<span class=\"elementor-button-content-wrapper\">\n\t\t\t\t\t\t\t\t\t<span class=\"elementor-button-text\">mehr erfahren<\/span>\n\t\t\t\t\t<\/span>\n\t\t\t\t\t<\/a>\n\t\t\t\t<\/div>\n\t\t\t\t\t\t\t\t<\/div>\n\t\t\t\t<\/div>\n\t\t\t\t<\/div>\n\t\t\t\t\t<\/div>\n\t\t\t\t<\/div>\n\t\t<div class=\"elementor-element elementor-element-539075e e-flex e-con-boxed e-con e-parent\" data-id=\"539075e\" data-element_type=\"container\">\n\t\t\t\t\t<div class=\"e-con-inner\">\n\t\t<div class=\"elementor-element elementor-element-f8dc4b5 e-con-full e-flex e-con e-child\" data-id=\"f8dc4b5\" data-element_type=\"container\">\n\t\t\t\t<div class=\"elementor-element elementor-element-fbf404a elementor-widget elementor-widget-heading\" data-id=\"fbf404a\" data-element_type=\"widget\" data-widget_type=\"heading.default\">\n\t\t\t\t<div class=\"elementor-widget-container\">\n\t\t\t\t\t<h1 class=\"elementor-heading-title elementor-size-default\">Willkommen beim Ingenieurb\u00fcro<\/h1>\t\t\t\t<\/div>\n\t\t\t\t<\/div>\n\t\t\t\t<div class=\"elementor-element elementor-element-9760172 elementor-widget elementor-widget-text-editor\" data-id=\"9760172\" data-element_type=\"widget\" data-widget_type=\"text-editor.default\">\n\t\t\t\t<div class=\"elementor-widget-container\">\n\t\t\t\t\t\t\t\t\t<p>\u00a0f\u00fcr Entw\u00e4sserung, Wasserbau, Verkehrsanlagen, Freiraum- und Landschaftsplanung.<\/p>\t\t\t\t\t\t\t\t<\/div>\n\t\t\t\t<\/div>\n\t\t<div class=\"elementor-element elementor-element-5601a87 e-con-full e-flex e-con e-child\" data-id=\"5601a87\" data-element_type=\"container\">\n\t\t<div class=\"elementor-element elementor-element-d53f802 e-con-full e-flex e-con e-child\" data-id=\"d53f802\" data-element_type=\"container\">\n\t\t\t\t<div class=\"elementor-element elementor-element-a660b64 elementor-widget elementor-widget-text-editor\" data-id=\"a660b64\" data-element_type=\"widget\" data-widget_type=\"text-editor.default\">\n\t\t\t\t<div class=\"elementor-widget-container\">\n\t\t\t\t\t\t\t\t\t<p><strong>Unsere Kunden<\/strong> sind St\u00e4dte und Gemeinden, private Investoren und \u00f6ffentliche Auftraggeber. Wir sind stolz darauf, unseren Kunden qualitativ hochwertige und nachhaltige L\u00f6sungen zu bieten, die den Bed\u00fcrfnissen unserer Kunden entsprechen.<\/p>\t\t\t\t\t\t\t\t<\/div>\n\t\t\t\t<\/div>\n\t\t\t\t<\/div>\n\t\t<div class=\"elementor-element elementor-element-50bca04 e-con-full e-flex e-con e-child\" data-id=\"50bca04\" data-element_type=\"container\">\n\t\t\t\t<div class=\"elementor-element elementor-element-aa3b94b elementor-widget elementor-widget-text-editor\" data-id=\"aa3b94b\" data-element_type=\"widget\" data-widget_type=\"text-editor.default\">\n\t\t\t\t<div class=\"elementor-widget-container\">\n\t\t\t\t\t\t\t\t\t<p><strong>Unser Team<\/strong> von erfahrenen Ingenieuren und Planern arbeitet eng mit unseren Kunden zusammen, um ihre Anforderungen zu verstehen und ma\u00dfgeschneiderte L\u00f6sungen zu entwickeln. Wir sind bestrebt, die Erwartungen unserer Kunden zu \u00fcbertreffen und ihnen einen hervorragenden Service zu bieten.<\/p>\t\t\t\t\t\t\t\t<\/div>\n\t\t\t\t<\/div>\n\t\t\t\t<\/div>\n\t\t<div class=\"elementor-element elementor-element-a86008a e-con-full e-flex e-con e-child\" data-id=\"a86008a\" data-element_type=\"container\">\n\t\t\t\t<div class=\"elementor-element elementor-element-0133220 elementor-widget elementor-widget-text-editor\" data-id=\"0133220\" data-element_type=\"widget\" data-widget_type=\"text-editor.default\">\n\t\t\t\t<div class=\"elementor-widget-container\">\n\t\t\t\t\t\t\t\t\t<p><strong>Wir sind stolz darauf<\/strong>, unseren Kunden innovative und nachhaltige L\u00f6sungen zu bieten, die den Bed\u00fcrfnissen unserer Kunden entsprechen. Kontaktieren Sie uns, um mehr dar\u00fcber zu erfahren, wie wir Ihnen helfen k\u00f6nnen.<\/p>\t\t\t\t\t\t\t\t<\/div>\n\t\t\t\t<\/div>\n\t\t\t\t<\/div>\n\t\t\t\t<\/div>\n\t\t\t\t<div class=\"elementor-element elementor-element-c63b26d elementor-widget elementor-widget-spacer\" data-id=\"c63b26d\" data-element_type=\"widget\" data-widget_type=\"spacer.default\">\n\t\t\t\t<div class=\"elementor-widget-container\">\n\t\t\t\t\t\t\t<div class=\"elementor-spacer\">\n\t\t\t<div class=\"elementor-spacer-inner\"><\/div>\n\t\t<\/div>\n\t\t\t\t\t\t<\/div>\n\t\t\t\t<\/div>\n\t\t\t\t<div class=\"elementor-element elementor-element-4f303f1 elementor-widget elementor-widget-text-editor\" data-id=\"4f303f1\" data-element_type=\"widget\" data-widget_type=\"text-editor.default\">\n\t\t\t\t<div class=\"elementor-widget-container\">\n\t\t\t\t\t\t\t\t\t<p>Unser mittelst\u00e4ndisches Ingenieurb\u00fcro bietet Beratung, Planung &amp; Ausschreibung, Konstruktion, Projektmanagement und Gutachten <br \/>auf den folgenden Gebieten:<\/p>\t\t\t\t\t\t\t\t<\/div>\n\t\t\t\t<\/div>\n\t\t\t\t<\/div>\n\t\t\t\t\t<\/div>\n\t\t\t\t<\/div>\n\t\t<div class=\"elementor-element elementor-element-98c10c2 e-con-full e-flex e-con e-parent\" data-id=\"98c10c2\" data-element_type=\"container\" data-settings=\"{&quot;background_background&quot;:&quot;classic&quot;}\">\n\t\t<div class=\"elementor-element elementor-element-4f3dcb3 e-con-full e-flex e-con e-child\" data-id=\"4f3dcb3\" data-element_type=\"container\" data-settings=\"{&quot;background_background&quot;:&quot;classic&quot;,&quot;background_motion_fx_motion_fx_scrolling&quot;:&quot;yes&quot;,&quot;background_motion_fx_translateX_effect&quot;:&quot;yes&quot;,&quot;background_motion_fx_translateX_speed&quot;:{&quot;unit&quot;:&quot;px&quot;,&quot;size&quot;:4,&quot;sizes&quot;:[]},&quot;background_motion_fx_translateX_affectedRange&quot;:{&quot;unit&quot;:&quot;%&quot;,&quot;size&quot;:&quot;&quot;,&quot;sizes&quot;:{&quot;start&quot;:0,&quot;end&quot;:100}},&quot;background_motion_fx_devices&quot;:[&quot;desktop&quot;,&quot;tablet&quot;,&quot;mobile&quot;]}\">\n\t\t\t\t<\/div>\n\t\t<div class=\"elementor-element elementor-element-330be98 e-con-full e-flex e-con e-child\" data-id=\"330be98\" data-element_type=\"container\" data-settings=\"{&quot;background_background&quot;:&quot;classic&quot;}\">\n\t\t\t\t<div class=\"elementor-element elementor-element-092df70 elementor-widget elementor-widget-elementskit-heading\" data-id=\"092df70\" data-element_type=\"widget\" data-widget_type=\"elementskit-heading.default\">\n\t\t\t\t<div class=\"elementor-widget-container\">\n\t\t\t\t\t<div class=\"ekit-wid-con\" ><div class=\"ekit-heading elementskit-section-title-wraper    ekit_heading_tablet-   ekit_heading_mobile-\"><h2 class=\"ekit-heading--title elementskit-section-title \">Entw\u00e4sserung<\/h2><\/div><\/div>\t\t\t\t<\/div>\n\t\t\t\t<\/div>\n\t\t\t\t<div class=\"elementor-element elementor-element-2de8182 elementor-widget elementor-widget-text-editor\" data-id=\"2de8182\" data-element_type=\"widget\" data-widget_type=\"text-editor.default\">\n\t\t\t\t<div class=\"elementor-widget-container\">\n\t\t\t\t\t\t\t\t\t<p>Wir planen und realisieren Entw\u00e4sserungssysteme f\u00fcr St\u00e4dte und Gemeinden, private Investoren und \u00f6ffentliche Auftraggeber. Dabei ber\u00fccksichtigen wir \u00f6kologische Aspekte und setzen auf nachhaltige L\u00f6sungen.<\/p>\t\t\t\t\t\t\t\t<\/div>\n\t\t\t\t<\/div>\n\t\t\t\t<div class=\"elementor-element elementor-element-798f06b elementor-align-left elementor-widget elementor-widget-button\" data-id=\"798f06b\" data-element_type=\"widget\" data-widget_type=\"button.default\">\n\t\t\t\t<div class=\"elementor-widget-container\">\n\t\t\t\t\t\t\t\t\t<div class=\"elementor-button-wrapper\">\n\t\t\t\t\t<a class=\"elementor-button elementor-button-link elementor-size-sm\" href=\"\/t17-ingenieur\/entwaesserung\/\">\n\t\t\t\t\t\t<span class=\"elementor-button-content-wrapper\">\n\t\t\t\t\t\t\t\t\t<span class=\"elementor-button-text\">mehr erfahren<\/span>\n\t\t\t\t\t<\/span>\n\t\t\t\t\t<\/a>\n\t\t\t\t<\/div>\n\t\t\t\t\t\t\t\t<\/div>\n\t\t\t\t<\/div>\n\t\t\t\t<\/div>\n\t\t\t\t<\/div>\n\t\t<div class=\"elementor-element elementor-element-5ac39a1 e-con-full e-flex e-con e-parent\" data-id=\"5ac39a1\" data-element_type=\"container\" data-settings=\"{&quot;background_background&quot;:&quot;classic&quot;}\">\n\t\t<div class=\"elementor-element elementor-element-408c2ec e-con-full e-flex e-con e-child\" data-id=\"408c2ec\" data-element_type=\"container\" data-settings=\"{&quot;background_background&quot;:&quot;classic&quot;}\">\n\t\t\t\t<div class=\"elementor-element elementor-element-1cd9ca0 elementor-widget elementor-widget-elementskit-heading\" data-id=\"1cd9ca0\" data-element_type=\"widget\" data-widget_type=\"elementskit-heading.default\">\n\t\t\t\t<div class=\"elementor-widget-container\">\n\t\t\t\t\t<div class=\"ekit-wid-con\" ><div class=\"ekit-heading elementskit-section-title-wraper    ekit_heading_tablet-   ekit_heading_mobile-\"><h2 class=\"ekit-heading--title elementskit-section-title \">Wasserbau<\/h2><\/div><\/div>\t\t\t\t<\/div>\n\t\t\t\t<\/div>\n\t\t\t\t<div class=\"elementor-element elementor-element-78b41a4 elementor-widget elementor-widget-text-editor\" data-id=\"78b41a4\" data-element_type=\"widget\" data-widget_type=\"text-editor.default\">\n\t\t\t\t<div class=\"elementor-widget-container\">\n\t\t\t\t\t\t\t\t\t<p>Unsere Kompetenzen im Wasserbau umfassen die Planung und Umsetzung von Ma\u00dfnahmen zur Hochwasserschutz, Gew\u00e4sserrenaturierung und Uferbefestigung. Wir setzen dabei auf innovative Technologien und \u00f6kologische L\u00f6sungen.<\/p>\t\t\t\t\t\t\t\t<\/div>\n\t\t\t\t<\/div>\n\t\t\t\t<div class=\"elementor-element elementor-element-d7d5996 elementor-align-left elementor-widget elementor-widget-button\" data-id=\"d7d5996\" data-element_type=\"widget\" data-widget_type=\"button.default\">\n\t\t\t\t<div class=\"elementor-widget-container\">\n\t\t\t\t\t\t\t\t\t<div class=\"elementor-button-wrapper\">\n\t\t\t\t\t<a class=\"elementor-button elementor-button-link elementor-size-sm\" href=\"\/t17-ingenieur\/wasserbau\/\">\n\t\t\t\t\t\t<span class=\"elementor-button-content-wrapper\">\n\t\t\t\t\t\t\t\t\t<span class=\"elementor-button-text\">mehr erfahren<\/span>\n\t\t\t\t\t<\/span>\n\t\t\t\t\t<\/a>\n\t\t\t\t<\/div>\n\t\t\t\t\t\t\t\t<\/div>\n\t\t\t\t<\/div>\n\t\t\t\t<\/div>\n\t\t<div class=\"elementor-element elementor-element-cbb326c e-con-full e-flex e-con e-child\" data-id=\"cbb326c\" data-element_type=\"container\" data-settings=\"{&quot;background_background&quot;:&quot;classic&quot;,&quot;background_motion_fx_motion_fx_scrolling&quot;:&quot;yes&quot;,&quot;background_motion_fx_translateX_effect&quot;:&quot;yes&quot;,&quot;background_motion_fx_translateX_direction&quot;:&quot;negative&quot;,&quot;background_motion_fx_translateX_speed&quot;:{&quot;unit&quot;:&quot;px&quot;,&quot;size&quot;:4,&quot;sizes&quot;:[]},&quot;background_motion_fx_translateX_affectedRange&quot;:{&quot;unit&quot;:&quot;%&quot;,&quot;size&quot;:&quot;&quot;,&quot;sizes&quot;:{&quot;start&quot;:0,&quot;end&quot;:100}},&quot;background_motion_fx_devices&quot;:[&quot;desktop&quot;,&quot;tablet&quot;,&quot;mobile&quot;]}\">\n\t\t\t\t<\/div>\n\t\t\t\t<\/div>\n\t\t<div class=\"elementor-element elementor-element-56b922c e-con-full e-flex e-con e-parent\" data-id=\"56b922c\" data-element_type=\"container\" data-settings=\"{&quot;background_background&quot;:&quot;classic&quot;}\">\n\t\t<div class=\"elementor-element elementor-element-74a161b e-con-full e-flex e-con e-child\" data-id=\"74a161b\" data-element_type=\"container\" data-settings=\"{&quot;background_background&quot;:&quot;classic&quot;,&quot;background_motion_fx_motion_fx_scrolling&quot;:&quot;yes&quot;,&quot;background_motion_fx_translateX_effect&quot;:&quot;yes&quot;,&quot;background_motion_fx_translateX_speed&quot;:{&quot;unit&quot;:&quot;px&quot;,&quot;size&quot;:4,&quot;sizes&quot;:[]},&quot;background_motion_fx_translateX_affectedRange&quot;:{&quot;unit&quot;:&quot;%&quot;,&quot;size&quot;:&quot;&quot;,&quot;sizes&quot;:{&quot;start&quot;:0,&quot;end&quot;:100}},&quot;background_motion_fx_devices&quot;:[&quot;desktop&quot;,&quot;tablet&quot;,&quot;mobile&quot;]}\">\n\t\t\t\t<\/div>\n\t\t<div class=\"elementor-element elementor-element-e749e7c e-con-full e-flex e-con e-child\" data-id=\"e749e7c\" data-element_type=\"container\" data-settings=\"{&quot;background_background&quot;:&quot;classic&quot;}\">\n\t\t\t\t<div class=\"elementor-element elementor-element-84edc6e elementor-widget elementor-widget-elementskit-heading\" data-id=\"84edc6e\" data-element_type=\"widget\" data-widget_type=\"elementskit-heading.default\">\n\t\t\t\t<div class=\"elementor-widget-container\">\n\t\t\t\t\t<div class=\"ekit-wid-con\" ><div class=\"ekit-heading elementskit-section-title-wraper    ekit_heading_tablet-   ekit_heading_mobile-\"><h2 class=\"ekit-heading--title elementskit-section-title \">Verkehrsanlagen<\/h2><\/div><\/div>\t\t\t\t<\/div>\n\t\t\t\t<\/div>\n\t\t\t\t<div class=\"elementor-element elementor-element-44d6fa4 elementor-widget elementor-widget-text-editor\" data-id=\"44d6fa4\" data-element_type=\"widget\" data-widget_type=\"text-editor.default\">\n\t\t\t\t<div class=\"elementor-widget-container\">\n\t\t\t\t\t\t\t\t\t<p>Wir planen und realisieren Verkehrsanlagen wie Stra\u00dfen, Radwege und Parkpl\u00e4tze. Dabei ber\u00fccksichtigen wir die Bed\u00fcrfnisse aller Verkehrsteilnehmer und setzen auf eine nachhaltige Verkehrsplanung.<\/p>\t\t\t\t\t\t\t\t<\/div>\n\t\t\t\t<\/div>\n\t\t\t\t<div class=\"elementor-element elementor-element-08162f9 elementor-align-left elementor-widget elementor-widget-button\" data-id=\"08162f9\" data-element_type=\"widget\" data-widget_type=\"button.default\">\n\t\t\t\t<div class=\"elementor-widget-container\">\n\t\t\t\t\t\t\t\t\t<div class=\"elementor-button-wrapper\">\n\t\t\t\t\t<a class=\"elementor-button elementor-button-link elementor-size-sm\" href=\"\/t17-ingenieur\/verkehrsanlagen\/\">\n\t\t\t\t\t\t<span class=\"elementor-button-content-wrapper\">\n\t\t\t\t\t\t\t\t\t<span class=\"elementor-button-text\">mehr erfahren<\/span>\n\t\t\t\t\t<\/span>\n\t\t\t\t\t<\/a>\n\t\t\t\t<\/div>\n\t\t\t\t\t\t\t\t<\/div>\n\t\t\t\t<\/div>\n\t\t\t\t<\/div>\n\t\t\t\t<\/div>\n\t\t<div class=\"elementor-element elementor-element-24bbc0d e-con-full e-flex e-con e-parent\" data-id=\"24bbc0d\" data-element_type=\"container\" data-settings=\"{&quot;background_background&quot;:&quot;classic&quot;}\">\n\t\t<div class=\"elementor-element elementor-element-6ce3c68 e-con-full e-flex e-con e-child\" data-id=\"6ce3c68\" data-element_type=\"container\" data-settings=\"{&quot;background_background&quot;:&quot;classic&quot;}\">\n\t\t\t\t<div class=\"elementor-element elementor-element-82608f9 elementor-widget elementor-widget-elementskit-heading\" data-id=\"82608f9\" data-element_type=\"widget\" data-widget_type=\"elementskit-heading.default\">\n\t\t\t\t<div class=\"elementor-widget-container\">\n\t\t\t\t\t<div class=\"ekit-wid-con\" ><div class=\"ekit-heading elementskit-section-title-wraper    ekit_heading_tablet-   ekit_heading_mobile-\"><h2 class=\"ekit-heading--title elementskit-section-title \">Freiraum- und Landschaftsplanung<\/h2><\/div><\/div>\t\t\t\t<\/div>\n\t\t\t\t<\/div>\n\t\t\t\t<div class=\"elementor-element elementor-element-a61ea09 elementor-widget elementor-widget-text-editor\" data-id=\"a61ea09\" data-element_type=\"widget\" data-widget_type=\"text-editor.default\">\n\t\t\t\t<div class=\"elementor-widget-container\">\n\t\t\t\t\t\t\t\t\t<p>Unsere Kompetenzen in der Freiraum- und Landschaftsplanung umfassen die Gestaltung von \u00f6ffentlichen Pl\u00e4tzen, Parks und Gr\u00fcnanlagen. Dabei setzen wir auf eine \u00f6kologische und nachhaltige Planung und Gestaltung.<\/p>\t\t\t\t\t\t\t\t<\/div>\n\t\t\t\t<\/div>\n\t\t\t\t<div class=\"elementor-element elementor-element-551d1ee elementor-align-left elementor-widget elementor-widget-button\" data-id=\"551d1ee\" data-element_type=\"widget\" data-widget_type=\"button.default\">\n\t\t\t\t<div class=\"elementor-widget-container\">\n\t\t\t\t\t\t\t\t\t<div class=\"elementor-button-wrapper\">\n\t\t\t\t\t<a class=\"elementor-button elementor-button-link elementor-size-sm\" href=\"\/t17-ingenieur\/freiraum-und-landschaftsplanung\/\">\n\t\t\t\t\t\t<span class=\"elementor-button-content-wrapper\">\n\t\t\t\t\t\t\t\t\t<span class=\"elementor-button-text\">mehr erfahren<\/span>\n\t\t\t\t\t<\/span>\n\t\t\t\t\t<\/a>\n\t\t\t\t<\/div>\n\t\t\t\t\t\t\t\t<\/div>\n\t\t\t\t<\/div>\n\t\t\t\t<\/div>\n\t\t<div class=\"elementor-element elementor-element-8f58a0f e-con-full e-flex e-con e-child\" data-id=\"8f58a0f\" data-element_type=\"container\" data-settings=\"{&quot;background_background&quot;:&quot;classic&quot;,&quot;background_motion_fx_motion_fx_scrolling&quot;:&quot;yes&quot;,&quot;background_motion_fx_translateX_effect&quot;:&quot;yes&quot;,&quot;background_motion_fx_translateX_direction&quot;:&quot;negative&quot;,&quot;background_motion_fx_translateX_speed&quot;:{&quot;unit&quot;:&quot;px&quot;,&quot;size&quot;:4,&quot;sizes&quot;:[]},&quot;background_motion_fx_translateX_affectedRange&quot;:{&quot;unit&quot;:&quot;%&quot;,&quot;size&quot;:&quot;&quot;,&quot;sizes&quot;:{&quot;start&quot;:0,&quot;end&quot;:100}},&quot;background_motion_fx_devices&quot;:[&quot;desktop&quot;,&quot;tablet&quot;,&quot;mobile&quot;]}\">\n\t\t\t\t<\/div>\n\t\t\t\t<\/div>\n\t\t<div class=\"elementor-element elementor-element-1eeac1a e-flex e-con-boxed e-con e-parent\" data-id=\"1eeac1a\" data-element_type=\"container\" data-settings=\"{&quot;background_background&quot;:&quot;classic&quot;}\">\n\t\t\t\t\t<div class=\"e-con-inner\">\n\t\t<div class=\"elementor-element elementor-element-f418c15 e-con-full e-flex e-con e-child\" data-id=\"f418c15\" data-element_type=\"container\">\n\t\t\t\t<div class=\"elementor-element elementor-element-c66ae85 elementor-widget elementor-widget-heading\" data-id=\"c66ae85\" data-element_type=\"widget\" data-widget_type=\"heading.default\">\n\t\t\t\t<div class=\"elementor-widget-container\">\n\t\t\t\t\t<h2 class=\"elementor-heading-title elementor-size-default\">Kontaktieren Sie uns \u2013 wir freuen uns auf Ihre Anfrage!<\/h2>\t\t\t\t<\/div>\n\t\t\t\t<\/div>\n\t\t\t\t<div class=\"elementor-element elementor-element-92945b4 elementor-align-center elementor-widget elementor-widget-button\" data-id=\"92945b4\" data-element_type=\"widget\" data-widget_type=\"button.default\">\n\t\t\t\t<div class=\"elementor-widget-container\">\n\t\t\t\t\t\t\t\t\t<div class=\"elementor-button-wrapper\">\n\t\t\t\t\t<a class=\"elementor-button elementor-button-link elementor-size-sm\" href=\"https:\/\/webery-server1.de\/t17-ingenieur\/kontakt\/\">\n\t\t\t\t\t\t<span class=\"elementor-button-content-wrapper\">\n\t\t\t\t\t\t\t\t\t<span class=\"elementor-button-text\">Kontakt aufnehmen!<\/span>\n\t\t\t\t\t<\/span>\n\t\t\t\t\t<\/a>\n\t\t\t\t<\/div>\n\t\t\t\t\t\t\t\t<\/div>\n\t\t\t\t<\/div>\n\t\t\t\t<\/div>\n\t\t<div class=\"elementor-element elementor-element-7219f44 e-con-full e-flex e-con e-child\" data-id=\"7219f44\" data-element_type=\"container\">\n\t\t\t\t<div class=\"elementor-element elementor-element-e14ef20 elementor-widget elementor-widget-image\" data-id=\"e14ef20\" data-element_type=\"widget\" data-widget_type=\"image.default\">\n\t\t\t\t<div class=\"elementor-widget-container\">\n\t\t\t\t\t\t\t\t\t\t\t\t\t\t\t<img fetchpriority=\"high\" decoding=\"async\" width=\"800\" height=\"533\" src=\"https:\/\/webery-server1.de\/t17-ingenieur\/wp-content\/uploads\/2023\/09\/AdobeStock_611043847-1024x682.jpeg\" class=\"attachment-large size-large wp-image-1037\" alt=\"\" srcset=\"https:\/\/webery-server1.de\/t17-ingenieur\/wp-content\/uploads\/2023\/09\/AdobeStock_611043847-1024x682.jpeg 1024w, https:\/\/webery-server1.de\/t17-ingenieur\/wp-content\/uploads\/2023\/09\/AdobeStock_611043847-300x200.jpeg 300w, https:\/\/webery-server1.de\/t17-ingenieur\/wp-content\/uploads\/2023\/09\/AdobeStock_611043847-768x512.jpeg 768w, https:\/\/webery-server1.de\/t17-ingenieur\/wp-content\/uploads\/2023\/09\/AdobeStock_611043847-1536x1024.jpeg 1536w, https:\/\/webery-server1.de\/t17-ingenieur\/wp-content\/uploads\/2023\/09\/AdobeStock_611043847.jpeg 2000w\" sizes=\"(max-width: 800px) 100vw, 800px\" \/>\t\t\t\t\t\t\t\t\t\t\t\t\t\t\t<\/div>\n\t\t\t\t<\/div>\n\t\t\t\t<\/div>\n\t\t\t\t\t<\/div>\n\t\t\t\t<\/div>\n\t\t\t\t<\/div>\n\t\t","protected":false},"excerpt":{"rendered":"<p>Beratung. Planung. Konstruktion. Projektmanagement. Gutachten. mehr erfahren Willkommen beim Ingenieurb\u00fcro \u00a0f\u00fcr Entw\u00e4sserung, Wasserbau, Verkehrsanlagen, Freiraum- und Landschaftsplanung. Unsere Kunden sind St\u00e4dte und Gemeinden, private Investoren und \u00f6ffentliche Auftraggeber. Wir sind stolz darauf, unseren Kunden qualitativ hochwertige und nachhaltige L\u00f6sungen zu bieten, die den Bed\u00fcrfnissen unserer Kunden entsprechen. Unser Team von erfahrenen Ingenieuren und Planern arbeitet [&hellip;]<\/p>\n","protected":false},"author":1,"featured_media":0,"parent":0,"menu_order":0,"comment_status":"closed","ping_status":"closed","template":"","meta":{"footnotes":""},"class_list":["post-11","page","type-page","status-publish","hentry"],"_links":{"self":[{"href":"https:\/\/webery-server1.de\/t17-ingenieur\/wp-json\/wp\/v2\/pages\/11","targetHints":{"allow":["GET"]}}],"collection":[{"href":"https:\/\/webery-server1.de\/t17-ingenieur\/wp-json\/wp\/v2\/pages"}],"about":[{"href":"https:\/\/webery-server1.de\/t17-ingenieur\/wp-json\/wp\/v2\/types\/page"}],"author":[{"embeddable":true,"href":"https:\/\/webery-server1.de\/t17-ingenieur\/wp-json\/wp\/v2\/users\/1"}],"replies":[{"embeddable":true,"href":"https:\/\/webery-server1.de\/t17-ingenieur\/wp-json\/wp\/v2\/comments?post=11"}],"version-history":[{"count":57,"href":"https:\/\/webery-server1.de\/t17-ingenieur\/wp-json\/wp\/v2\/pages\/11\/revisions"}],"predecessor-version":[{"id":1371,"href":"https:\/\/webery-server1.de\/t17-ingenieur\/wp-json\/wp\/v2\/pages\/11\/revisions\/1371"}],"wp:attachment":[{"href":"https:\/\/webery-server1.de\/t17-ingenieur\/wp-json\/wp\/v2\/media?parent=11"}],"curies":[{"name":"wp","href":"https:\/\/api.w.org\/{rel}","templated":true}]}}