{"id":1204,"date":"2023-09-11T15:17:26","date_gmt":"2023-09-11T13:17:26","guid":{"rendered":"https:\/\/webery-server1.de\/t17-ingenieur\/?page_id=1204"},"modified":"2025-04-01T13:00:38","modified_gmt":"2025-04-01T11:00:38","slug":"wasserbau","status":"publish","type":"page","link":"https:\/\/webery-server1.de\/t17-ingenieur\/wasserbau\/","title":{"rendered":"Wasserbau"},"content":{"rendered":"\t\t<div data-elementor-type=\"wp-page\" data-elementor-id=\"1204\" class=\"elementor elementor-1204\" data-elementor-post-type=\"page\">\n\t\t\t\t<div class=\"elementor-element elementor-element-901b037 e-flex e-con-boxed e-con e-parent\" data-id=\"901b037\" data-element_type=\"container\" data-settings=\"{&quot;background_background&quot;:&quot;classic&quot;}\">\n\t\t\t\t\t<div class=\"e-con-inner\">\n\t\t<div class=\"elementor-element elementor-element-2904cfb e-con-full e-flex e-con e-child\" data-id=\"2904cfb\" data-element_type=\"container\">\n\t\t\t\t<div class=\"elementor-element elementor-element-8b901a6 elementor-widget elementor-widget-elementskit-heading\" data-id=\"8b901a6\" data-element_type=\"widget\" data-widget_type=\"elementskit-heading.default\">\n\t\t\t\t<div class=\"elementor-widget-container\">\n\t\t\t\t\t<div class=\"ekit-wid-con\" ><div class=\"ekit-heading elementskit-section-title-wraper text_center   ekit_heading_tablet-   ekit_heading_mobile-text_center\"><\/div><\/div>\t\t\t\t<\/div>\n\t\t\t\t<\/div>\n\t\t\t\t<\/div>\n\t\t\t\t\t<\/div>\n\t\t\t\t<\/div>\n\t\t<div class=\"elementor-element elementor-element-e41bec8 e-flex e-con-boxed e-con e-parent\" data-id=\"e41bec8\" data-element_type=\"container\">\n\t\t\t\t\t<div class=\"e-con-inner\">\n\t\t<div class=\"elementor-element elementor-element-ba699ba e-con-full e-flex e-con e-child\" data-id=\"ba699ba\" data-element_type=\"container\">\n\t\t\t\t<div class=\"elementor-element elementor-element-9322559 elementor-widget elementor-widget-text-editor\" data-id=\"9322559\" data-element_type=\"widget\" data-widget_type=\"text-editor.default\">\n\t\t\t\t<div class=\"elementor-widget-container\">\n\t\t\t\t\t\t\t\t\t<p>Unser Ingenieurb\u00fcro bietet umfassende Leistungen im Bereich Wasserbau an. Wir haben uns auf hydraulische Modellversuche und die Projektierung von Wasserbauprojekten spezialisiert. Unsere Kernkompetenz liegt in der Beratung und Planung von Ma\u00dfnahmen zur Regulierung von Fl\u00fcssen, B\u00e4chen und Seen sowie zur K\u00fcstenschutzplanung. Wir bieten Ihnen s\u00e4mtliche HOAI Leistungsphasen an und begleiten Sie von der Planung bis zur Umsetzung Ihres Projekts<\/p>\t\t\t\t\t\t\t\t<\/div>\n\t\t\t\t<\/div>\n\t\t\t\t<\/div>\n\t\t\t\t\t<\/div>\n\t\t\t\t<\/div>\n\t\t<div class=\"elementor-element elementor-element-aa9aab0 e-con-full e-flex e-con e-parent\" data-id=\"aa9aab0\" data-element_type=\"container\" data-settings=\"{&quot;background_background&quot;:&quot;classic&quot;}\">\n\t\t<div class=\"elementor-element elementor-element-c89351e e-con-full e-flex e-con e-child\" data-id=\"c89351e\" data-element_type=\"container\" data-settings=\"{&quot;background_background&quot;:&quot;classic&quot;}\">\n\t\t\t\t<div class=\"elementor-element elementor-element-ec11171 elementor-widget elementor-widget-text-editor\" data-id=\"ec11171\" data-element_type=\"widget\" data-widget_type=\"text-editor.default\">\n\t\t\t\t<div class=\"elementor-widget-container\">\n\t\t\t\t\t\t\t\t\t<p><strong>Unsere Leistungen im Bereich Wasserbau umfassen:<\/strong><\/p><ul><li>Hydraulische Modellversuche<\/li><li>Planung von Wasserbauprojekten<\/li><li>Regulierung von Fl\u00fcssen, B\u00e4chen und Seen<\/li><li>K\u00fcstenschutzplanung<\/li><\/ul><p>\u00a0<\/p><p>Gerne beraten wir Sie individuell und finden gemeinsam mit Ihnen die beste L\u00f6sung f\u00fcr Ihr Wasserbauprojekt. Kontaktieren Sie uns f\u00fcr weitere Informationen.<\/p>\t\t\t\t\t\t\t\t<\/div>\n\t\t\t\t<\/div>\n\t\t\t\t<div class=\"elementor-element elementor-element-3d3db83 elementor-align-left elementor-widget elementor-widget-button\" data-id=\"3d3db83\" data-element_type=\"widget\" data-widget_type=\"button.default\">\n\t\t\t\t<div class=\"elementor-widget-container\">\n\t\t\t\t\t\t\t\t\t<div class=\"elementor-button-wrapper\">\n\t\t\t\t\t<a class=\"elementor-button elementor-button-link elementor-size-sm\" href=\"https:\/\/webery-server1.de\/t17-ingenieur\/kontakt\/\">\n\t\t\t\t\t\t<span class=\"elementor-button-content-wrapper\">\n\t\t\t\t\t\t\t\t\t<span class=\"elementor-button-text\">Kontakt<\/span>\n\t\t\t\t\t<\/span>\n\t\t\t\t\t<\/a>\n\t\t\t\t<\/div>\n\t\t\t\t\t\t\t\t<\/div>\n\t\t\t\t<\/div>\n\t\t\t\t<\/div>\n\t\t<div class=\"elementor-element elementor-element-7969ed5 e-con-full e-flex e-con e-child\" data-id=\"7969ed5\" data-element_type=\"container\" data-settings=\"{&quot;background_background&quot;:&quot;classic&quot;,&quot;background_motion_fx_motion_fx_scrolling&quot;:&quot;yes&quot;,&quot;background_motion_fx_translateX_effect&quot;:&quot;yes&quot;,&quot;background_motion_fx_translateX_direction&quot;:&quot;negative&quot;,&quot;background_motion_fx_translateX_speed&quot;:{&quot;unit&quot;:&quot;px&quot;,&quot;size&quot;:4,&quot;sizes&quot;:[]},&quot;background_motion_fx_translateX_affectedRange&quot;:{&quot;unit&quot;:&quot;%&quot;,&quot;size&quot;:&quot;&quot;,&quot;sizes&quot;:{&quot;start&quot;:0,&quot;end&quot;:100}},&quot;background_motion_fx_devices&quot;:[&quot;desktop&quot;,&quot;tablet&quot;,&quot;mobile&quot;]}\">\n\t\t\t\t<\/div>\n\t\t\t\t<\/div>\n\t\t<div class=\"elementor-element elementor-element-8bcfd42 e-flex e-con-boxed e-con e-parent\" data-id=\"8bcfd42\" data-element_type=\"container\" data-settings=\"{&quot;background_background&quot;:&quot;classic&quot;}\">\n\t\t\t\t\t<div class=\"e-con-inner\">\n\t\t<div class=\"elementor-element elementor-element-1fdab4e e-con-full e-flex e-con e-child\" data-id=\"1fdab4e\" data-element_type=\"container\">\n\t\t\t\t<div class=\"elementor-element elementor-element-c26feca elementor-widget elementor-widget-heading\" data-id=\"c26feca\" data-element_type=\"widget\" data-widget_type=\"heading.default\">\n\t\t\t\t<div class=\"elementor-widget-container\">\n\t\t\t\t\t<h2 class=\"elementor-heading-title elementor-size-default\">Kontaktieren Sie uns \u2013 wir freuen uns auf Ihre Anfrage!<\/h2>\t\t\t\t<\/div>\n\t\t\t\t<\/div>\n\t\t\t\t<div class=\"elementor-element elementor-element-8dfa2aa elementor-align-center elementor-widget elementor-widget-button\" data-id=\"8dfa2aa\" data-element_type=\"widget\" data-widget_type=\"button.default\">\n\t\t\t\t<div class=\"elementor-widget-container\">\n\t\t\t\t\t\t\t\t\t<div class=\"elementor-button-wrapper\">\n\t\t\t\t\t<a class=\"elementor-button elementor-button-link elementor-size-sm\" href=\"https:\/\/webery-server1.de\/t17-ingenieur\/kontakt\/\">\n\t\t\t\t\t\t<span class=\"elementor-button-content-wrapper\">\n\t\t\t\t\t\t\t\t\t<span class=\"elementor-button-text\">Kontakt aufnehmen!<\/span>\n\t\t\t\t\t<\/span>\n\t\t\t\t\t<\/a>\n\t\t\t\t<\/div>\n\t\t\t\t\t\t\t\t<\/div>\n\t\t\t\t<\/div>\n\t\t\t\t<\/div>\n\t\t<div class=\"elementor-element elementor-element-9a7d07a e-con-full e-flex e-con e-child\" data-id=\"9a7d07a\" data-element_type=\"container\">\n\t\t\t\t<div class=\"elementor-element elementor-element-f2abc7c elementor-widget elementor-widget-image\" data-id=\"f2abc7c\" data-element_type=\"widget\" data-widget_type=\"image.default\">\n\t\t\t\t<div class=\"elementor-widget-container\">\n\t\t\t\t\t\t\t\t\t\t\t\t\t\t\t<img fetchpriority=\"high\" decoding=\"async\" width=\"800\" height=\"533\" src=\"https:\/\/webery-server1.de\/t17-ingenieur\/wp-content\/uploads\/2023\/09\/AdobeStock_611043847-1024x682.jpeg\" class=\"attachment-large size-large wp-image-1037\" alt=\"\" srcset=\"https:\/\/webery-server1.de\/t17-ingenieur\/wp-content\/uploads\/2023\/09\/AdobeStock_611043847-1024x682.jpeg 1024w, https:\/\/webery-server1.de\/t17-ingenieur\/wp-content\/uploads\/2023\/09\/AdobeStock_611043847-300x200.jpeg 300w, https:\/\/webery-server1.de\/t17-ingenieur\/wp-content\/uploads\/2023\/09\/AdobeStock_611043847-768x512.jpeg 768w, https:\/\/webery-server1.de\/t17-ingenieur\/wp-content\/uploads\/2023\/09\/AdobeStock_611043847-1536x1024.jpeg 1536w, https:\/\/webery-server1.de\/t17-ingenieur\/wp-content\/uploads\/2023\/09\/AdobeStock_611043847.jpeg 2000w\" sizes=\"(max-width: 800px) 100vw, 800px\" \/>\t\t\t\t\t\t\t\t\t\t\t\t\t\t\t<\/div>\n\t\t\t\t<\/div>\n\t\t\t\t<\/div>\n\t\t\t\t\t<\/div>\n\t\t\t\t<\/div>\n\t\t\t\t<\/div>\n\t\t","protected":false},"excerpt":{"rendered":"<p>Unser Ingenieurb\u00fcro bietet umfassende Leistungen im Bereich Wasserbau an. Wir haben uns auf hydraulische Modellversuche und die Projektierung von Wasserbauprojekten spezialisiert. Unsere Kernkompetenz liegt in der Beratung und Planung von Ma\u00dfnahmen zur Regulierung von Fl\u00fcssen, B\u00e4chen und Seen sowie zur K\u00fcstenschutzplanung. Wir bieten Ihnen s\u00e4mtliche HOAI Leistungsphasen an und begleiten Sie von der Planung bis [&hellip;]<\/p>\n","protected":false},"author":1,"featured_media":0,"parent":0,"menu_order":0,"comment_status":"closed","ping_status":"closed","template":"","meta":{"footnotes":""},"class_list":["post-1204","page","type-page","status-publish","hentry"],"_links":{"self":[{"href":"https:\/\/webery-server1.de\/t17-ingenieur\/wp-json\/wp\/v2\/pages\/1204","targetHints":{"allow":["GET"]}}],"collection":[{"href":"https:\/\/webery-server1.de\/t17-ingenieur\/wp-json\/wp\/v2\/pages"}],"about":[{"href":"https:\/\/webery-server1.de\/t17-ingenieur\/wp-json\/wp\/v2\/types\/page"}],"author":[{"embeddable":true,"href":"https:\/\/webery-server1.de\/t17-ingenieur\/wp-json\/wp\/v2\/users\/1"}],"replies":[{"embeddable":true,"href":"https:\/\/webery-server1.de\/t17-ingenieur\/wp-json\/wp\/v2\/comments?post=1204"}],"version-history":[{"count":19,"href":"https:\/\/webery-server1.de\/t17-ingenieur\/wp-json\/wp\/v2\/pages\/1204\/revisions"}],"predecessor-version":[{"id":1380,"href":"https:\/\/webery-server1.de\/t17-ingenieur\/wp-json\/wp\/v2\/pages\/1204\/revisions\/1380"}],"wp:attachment":[{"href":"https:\/\/webery-server1.de\/t17-ingenieur\/wp-json\/wp\/v2\/media?parent=1204"}],"curies":[{"name":"wp","href":"https:\/\/api.w.org\/{rel}","templated":true}]}}