{"id":1228,"date":"2023-09-11T15:28:33","date_gmt":"2023-09-11T13:28:33","guid":{"rendered":"https:\/\/webery-server1.de\/t17-ingenieur\/?page_id=1228"},"modified":"2025-04-01T12:52:22","modified_gmt":"2025-04-01T10:52:22","slug":"freiraum-und-landschaftsplanung","status":"publish","type":"page","link":"https:\/\/webery-server1.de\/t17-ingenieur\/freiraum-und-landschaftsplanung\/","title":{"rendered":"Freiraum- und Landschaftsplanung"},"content":{"rendered":"\t\t<div data-elementor-type=\"wp-page\" data-elementor-id=\"1228\" class=\"elementor elementor-1228\" data-elementor-post-type=\"page\">\n\t\t\t\t<div class=\"elementor-element elementor-element-a84dbc1 e-flex e-con-boxed e-con e-parent\" data-id=\"a84dbc1\" data-element_type=\"container\" data-settings=\"{&quot;background_background&quot;:&quot;classic&quot;}\">\n\t\t\t\t\t<div class=\"e-con-inner\">\n\t\t<div class=\"elementor-element elementor-element-bf477dd e-con-full e-flex e-con e-child\" data-id=\"bf477dd\" data-element_type=\"container\">\n\t\t\t\t<div class=\"elementor-element elementor-element-f77d77c elementor-widget elementor-widget-elementskit-heading\" data-id=\"f77d77c\" data-element_type=\"widget\" data-widget_type=\"elementskit-heading.default\">\n\t\t\t\t<div class=\"elementor-widget-container\">\n\t\t\t\t\t<div class=\"ekit-wid-con\" ><div class=\"ekit-heading elementskit-section-title-wraper text_center   ekit_heading_tablet-   ekit_heading_mobile-text_center\"><\/div><\/div>\t\t\t\t<\/div>\n\t\t\t\t<\/div>\n\t\t\t\t<\/div>\n\t\t\t\t\t<\/div>\n\t\t\t\t<\/div>\n\t\t<div class=\"elementor-element elementor-element-002cd89 e-flex e-con-boxed e-con e-parent\" data-id=\"002cd89\" data-element_type=\"container\">\n\t\t\t\t\t<div class=\"e-con-inner\">\n\t\t<div class=\"elementor-element elementor-element-8484bae e-con-full e-flex e-con e-child\" data-id=\"8484bae\" data-element_type=\"container\">\n\t\t\t\t<div class=\"elementor-element elementor-element-25cb2f4 elementor-widget elementor-widget-text-editor\" data-id=\"25cb2f4\" data-element_type=\"widget\" data-widget_type=\"text-editor.default\">\n\t\t\t\t<div class=\"elementor-widget-container\">\n\t\t\t\t\t\t\t\t\t<p>Unser Ingenieurb\u00fcro bietet Freiraum- und Landschaftsplanung als eine unserer Kernleistungen an. Wir verstehen Freiraum- und Landschaftsplanung als die kreative Gestaltung von Arealen, um den Wert von Lebensr\u00e4umen zu steigern. Unsere Experten planen Freianlagen und Gr\u00fcnfl\u00e4chen zeitgem\u00e4\u00df, modern und kostenorientiert und betreuen deren Realisierung. Unsere Leistungen umfassen die Erstellung von Konzepten, die Planung und Umsetzung von Projekten sowie die Betreuung von Bauvorhaben.<\/p><p><strong>Im Folgenden finden Sie eine detaillierte Erkl\u00e4rung der Leistung Freiraum- und Landschaftsplanung:<\/strong><\/p>\t\t\t\t\t\t\t\t<\/div>\n\t\t\t\t<\/div>\n\t\t\t\t<\/div>\n\t\t\t\t\t<\/div>\n\t\t\t\t<\/div>\n\t\t<div class=\"elementor-element elementor-element-00f0c34 e-con-full e-flex e-con e-parent\" data-id=\"00f0c34\" data-element_type=\"container\" data-settings=\"{&quot;background_background&quot;:&quot;classic&quot;}\">\n\t\t<div class=\"elementor-element elementor-element-542548e e-con-full e-flex e-con e-child\" data-id=\"542548e\" data-element_type=\"container\" data-settings=\"{&quot;background_background&quot;:&quot;classic&quot;}\">\n\t\t\t\t<div class=\"elementor-element elementor-element-fd82cf5 elementor-widget elementor-widget-elementskit-heading\" data-id=\"fd82cf5\" data-element_type=\"widget\" data-widget_type=\"elementskit-heading.default\">\n\t\t\t\t<div class=\"elementor-widget-container\">\n\t\t\t\t\t<div class=\"ekit-wid-con\" ><div class=\"ekit-heading elementskit-section-title-wraper    ekit_heading_tablet-   ekit_heading_mobile-\"><h2 class=\"ekit-heading--title elementskit-section-title \">Freianlagen<\/h2><\/div><\/div>\t\t\t\t<\/div>\n\t\t\t\t<\/div>\n\t\t\t\t<div class=\"elementor-element elementor-element-08ecc54 elementor-widget elementor-widget-text-editor\" data-id=\"08ecc54\" data-element_type=\"widget\" data-widget_type=\"text-editor.default\">\n\t\t\t\t<div class=\"elementor-widget-container\">\n\t\t\t\t\t\t\t\t\t<p>Die Gestaltung von Freianlagen umfasst die Planung von Gr\u00fcnfl\u00e4chen, Spiel- und Sportanlagen sowie die Gestaltung von Pl\u00e4tzen und Wegen. Ziel ist es, eine attraktive und funktionsf\u00e4hige Umgebung zu schaffen, die den Bed\u00fcrfnissen der Nutzer entspricht.<\/p>\t\t\t\t\t\t\t\t<\/div>\n\t\t\t\t<\/div>\n\t\t\t\t<div class=\"elementor-element elementor-element-1df4f9d elementor-align-left elementor-widget elementor-widget-button\" data-id=\"1df4f9d\" data-element_type=\"widget\" data-widget_type=\"button.default\">\n\t\t\t\t<div class=\"elementor-widget-container\">\n\t\t\t\t\t\t\t\t\t<div class=\"elementor-button-wrapper\">\n\t\t\t\t\t<a class=\"elementor-button elementor-button-link elementor-size-sm\" href=\"https:\/\/webery-server1.de\/t17-ingenieur\/kontakt\/\">\n\t\t\t\t\t\t<span class=\"elementor-button-content-wrapper\">\n\t\t\t\t\t\t\t\t\t<span class=\"elementor-button-text\">Kontakt<\/span>\n\t\t\t\t\t<\/span>\n\t\t\t\t\t<\/a>\n\t\t\t\t<\/div>\n\t\t\t\t\t\t\t\t<\/div>\n\t\t\t\t<\/div>\n\t\t\t\t<\/div>\n\t\t<div class=\"elementor-element elementor-element-2989707 e-con-full e-flex e-con e-child\" data-id=\"2989707\" data-element_type=\"container\" data-settings=\"{&quot;background_background&quot;:&quot;classic&quot;,&quot;background_motion_fx_motion_fx_scrolling&quot;:&quot;yes&quot;,&quot;background_motion_fx_translateX_effect&quot;:&quot;yes&quot;,&quot;background_motion_fx_translateX_direction&quot;:&quot;negative&quot;,&quot;background_motion_fx_translateX_speed&quot;:{&quot;unit&quot;:&quot;px&quot;,&quot;size&quot;:4,&quot;sizes&quot;:[]},&quot;background_motion_fx_translateX_affectedRange&quot;:{&quot;unit&quot;:&quot;%&quot;,&quot;size&quot;:&quot;&quot;,&quot;sizes&quot;:{&quot;start&quot;:0,&quot;end&quot;:100}},&quot;background_motion_fx_devices&quot;:[&quot;desktop&quot;,&quot;tablet&quot;,&quot;mobile&quot;]}\">\n\t\t\t\t<\/div>\n\t\t\t\t<\/div>\n\t\t<div class=\"elementor-element elementor-element-cabe800 e-con-full e-flex e-con e-parent\" data-id=\"cabe800\" data-element_type=\"container\" data-settings=\"{&quot;background_background&quot;:&quot;classic&quot;}\">\n\t\t<div class=\"elementor-element elementor-element-e3a2ff9 e-con-full e-flex e-con e-child\" data-id=\"e3a2ff9\" data-element_type=\"container\" data-settings=\"{&quot;background_background&quot;:&quot;classic&quot;,&quot;background_motion_fx_motion_fx_scrolling&quot;:&quot;yes&quot;,&quot;background_motion_fx_translateX_effect&quot;:&quot;yes&quot;,&quot;background_motion_fx_translateX_speed&quot;:{&quot;unit&quot;:&quot;px&quot;,&quot;size&quot;:4,&quot;sizes&quot;:[]},&quot;background_motion_fx_translateX_affectedRange&quot;:{&quot;unit&quot;:&quot;%&quot;,&quot;size&quot;:&quot;&quot;,&quot;sizes&quot;:{&quot;start&quot;:0,&quot;end&quot;:100}},&quot;background_motion_fx_devices&quot;:[&quot;desktop&quot;,&quot;tablet&quot;,&quot;mobile&quot;]}\">\n\t\t\t\t<\/div>\n\t\t<div class=\"elementor-element elementor-element-5858bf2 e-con-full e-flex e-con e-child\" data-id=\"5858bf2\" data-element_type=\"container\" data-settings=\"{&quot;background_background&quot;:&quot;classic&quot;}\">\n\t\t\t\t<div class=\"elementor-element elementor-element-3403a08 elementor-widget elementor-widget-elementskit-heading\" data-id=\"3403a08\" data-element_type=\"widget\" data-widget_type=\"elementskit-heading.default\">\n\t\t\t\t<div class=\"elementor-widget-container\">\n\t\t\t\t\t<div class=\"ekit-wid-con\" ><div class=\"ekit-heading elementskit-section-title-wraper    ekit_heading_tablet-   ekit_heading_mobile-\"><h2 class=\"ekit-heading--title elementskit-section-title \">Spielpl\u00e4tze<\/h2><\/div><\/div>\t\t\t\t<\/div>\n\t\t\t\t<\/div>\n\t\t\t\t<div class=\"elementor-element elementor-element-212f7c9 elementor-widget elementor-widget-text-editor\" data-id=\"212f7c9\" data-element_type=\"widget\" data-widget_type=\"text-editor.default\">\n\t\t\t\t<div class=\"elementor-widget-container\">\n\t\t\t\t\t\t\t\t\t<p>Die Planung von Spielpl\u00e4tzen erfordert eine sorgf\u00e4ltige Analyse der Bed\u00fcrfnisse der Nutzer, insbesondere der Kinder. Die Gestaltung von Spielpl\u00e4tzen umfasst die Auswahl von Spielger\u00e4ten, die Gestaltung von Fallschutzfl\u00e4chen und die Integration von Gr\u00fcnfl\u00e4chen.<\/p>\t\t\t\t\t\t\t\t<\/div>\n\t\t\t\t<\/div>\n\t\t\t\t<div class=\"elementor-element elementor-element-547aaa8 elementor-align-left elementor-widget elementor-widget-button\" data-id=\"547aaa8\" data-element_type=\"widget\" data-widget_type=\"button.default\">\n\t\t\t\t<div class=\"elementor-widget-container\">\n\t\t\t\t\t\t\t\t\t<div class=\"elementor-button-wrapper\">\n\t\t\t\t\t<a class=\"elementor-button elementor-button-link elementor-size-sm\" href=\"https:\/\/webery-server1.de\/t17-ingenieur\/kontakt\/\">\n\t\t\t\t\t\t<span class=\"elementor-button-content-wrapper\">\n\t\t\t\t\t\t\t\t\t<span class=\"elementor-button-text\">Kontakt<\/span>\n\t\t\t\t\t<\/span>\n\t\t\t\t\t<\/a>\n\t\t\t\t<\/div>\n\t\t\t\t\t\t\t\t<\/div>\n\t\t\t\t<\/div>\n\t\t\t\t<\/div>\n\t\t\t\t<\/div>\n\t\t<div class=\"elementor-element elementor-element-f314f90 e-con-full e-flex e-con e-parent\" data-id=\"f314f90\" data-element_type=\"container\" data-settings=\"{&quot;background_background&quot;:&quot;classic&quot;}\">\n\t\t<div class=\"elementor-element elementor-element-5f0ef7f e-con-full e-flex e-con e-child\" data-id=\"5f0ef7f\" data-element_type=\"container\" data-settings=\"{&quot;background_background&quot;:&quot;classic&quot;}\">\n\t\t\t\t<div class=\"elementor-element elementor-element-5ac35de elementor-widget elementor-widget-elementskit-heading\" data-id=\"5ac35de\" data-element_type=\"widget\" data-widget_type=\"elementskit-heading.default\">\n\t\t\t\t<div class=\"elementor-widget-container\">\n\t\t\t\t\t<div class=\"ekit-wid-con\" ><div class=\"ekit-heading elementskit-section-title-wraper    ekit_heading_tablet-   ekit_heading_mobile-\"><h2 class=\"ekit-heading--title elementskit-section-title \">Stra\u00dfenbegleitgr\u00fcn<\/h2><\/div><\/div>\t\t\t\t<\/div>\n\t\t\t\t<\/div>\n\t\t\t\t<div class=\"elementor-element elementor-element-706f8ae elementor-widget elementor-widget-text-editor\" data-id=\"706f8ae\" data-element_type=\"widget\" data-widget_type=\"text-editor.default\">\n\t\t\t\t<div class=\"elementor-widget-container\">\n\t\t\t\t\t\t\t\t\t<p>Die Gestaltung von Stra\u00dfenbegleitgr\u00fcn umfasst die Planung von Gr\u00fcnfl\u00e4chen entlang von Stra\u00dfen und Wegen. Ziel ist es, eine attraktive und funktionsf\u00e4hige Umgebung zu schaffen, die den Bed\u00fcrfnissen der Nutzer entspricht und gleichzeitig die Umwelt sch\u00fctzt.<\/p>\t\t\t\t\t\t\t\t<\/div>\n\t\t\t\t<\/div>\n\t\t\t\t<div class=\"elementor-element elementor-element-b569073 elementor-align-left elementor-widget elementor-widget-button\" data-id=\"b569073\" data-element_type=\"widget\" data-widget_type=\"button.default\">\n\t\t\t\t<div class=\"elementor-widget-container\">\n\t\t\t\t\t\t\t\t\t<div class=\"elementor-button-wrapper\">\n\t\t\t\t\t<a class=\"elementor-button elementor-button-link elementor-size-sm\" href=\"https:\/\/webery-server1.de\/t17-ingenieur\/kontakt\/\">\n\t\t\t\t\t\t<span class=\"elementor-button-content-wrapper\">\n\t\t\t\t\t\t\t\t\t<span class=\"elementor-button-text\">Kontakt<\/span>\n\t\t\t\t\t<\/span>\n\t\t\t\t\t<\/a>\n\t\t\t\t<\/div>\n\t\t\t\t\t\t\t\t<\/div>\n\t\t\t\t<\/div>\n\t\t\t\t<\/div>\n\t\t<div class=\"elementor-element elementor-element-ed63365 e-con-full e-flex e-con e-child\" data-id=\"ed63365\" data-element_type=\"container\" data-settings=\"{&quot;background_background&quot;:&quot;classic&quot;,&quot;background_motion_fx_motion_fx_scrolling&quot;:&quot;yes&quot;,&quot;background_motion_fx_translateX_effect&quot;:&quot;yes&quot;,&quot;background_motion_fx_translateX_direction&quot;:&quot;negative&quot;,&quot;background_motion_fx_translateX_speed&quot;:{&quot;unit&quot;:&quot;px&quot;,&quot;size&quot;:4,&quot;sizes&quot;:[]},&quot;background_motion_fx_translateX_affectedRange&quot;:{&quot;unit&quot;:&quot;%&quot;,&quot;size&quot;:&quot;&quot;,&quot;sizes&quot;:{&quot;start&quot;:0,&quot;end&quot;:100}},&quot;background_motion_fx_devices&quot;:[&quot;desktop&quot;,&quot;tablet&quot;,&quot;mobile&quot;]}\">\n\t\t\t\t<\/div>\n\t\t\t\t<\/div>\n\t\t<div class=\"elementor-element elementor-element-f21a4d0 e-flex e-con-boxed e-con e-parent\" data-id=\"f21a4d0\" data-element_type=\"container\" data-settings=\"{&quot;background_background&quot;:&quot;classic&quot;}\">\n\t\t\t\t\t<div class=\"e-con-inner\">\n\t\t<div class=\"elementor-element elementor-element-d5af8b7 e-con-full e-flex e-con e-child\" data-id=\"d5af8b7\" data-element_type=\"container\">\n\t\t\t\t<div class=\"elementor-element elementor-element-db5971f elementor-widget elementor-widget-heading\" data-id=\"db5971f\" data-element_type=\"widget\" data-widget_type=\"heading.default\">\n\t\t\t\t<div class=\"elementor-widget-container\">\n\t\t\t\t\t<h2 class=\"elementor-heading-title elementor-size-default\">Kontaktieren Sie uns \u2013 wir freuen uns auf Ihre Anfrage!<\/h2>\t\t\t\t<\/div>\n\t\t\t\t<\/div>\n\t\t\t\t<div class=\"elementor-element elementor-element-c45f859 elementor-align-center elementor-widget elementor-widget-button\" data-id=\"c45f859\" data-element_type=\"widget\" data-widget_type=\"button.default\">\n\t\t\t\t<div class=\"elementor-widget-container\">\n\t\t\t\t\t\t\t\t\t<div class=\"elementor-button-wrapper\">\n\t\t\t\t\t<a class=\"elementor-button elementor-button-link elementor-size-sm\" href=\"https:\/\/webery-server1.de\/t17-ingenieur\/kontakt\/\">\n\t\t\t\t\t\t<span class=\"elementor-button-content-wrapper\">\n\t\t\t\t\t\t\t\t\t<span class=\"elementor-button-text\">Kontakt aufnehmen!<\/span>\n\t\t\t\t\t<\/span>\n\t\t\t\t\t<\/a>\n\t\t\t\t<\/div>\n\t\t\t\t\t\t\t\t<\/div>\n\t\t\t\t<\/div>\n\t\t\t\t<\/div>\n\t\t<div class=\"elementor-element elementor-element-6a0060e e-con-full e-flex e-con e-child\" data-id=\"6a0060e\" data-element_type=\"container\">\n\t\t\t\t<div class=\"elementor-element elementor-element-73a00fb elementor-widget elementor-widget-image\" data-id=\"73a00fb\" data-element_type=\"widget\" data-widget_type=\"image.default\">\n\t\t\t\t<div class=\"elementor-widget-container\">\n\t\t\t\t\t\t\t\t\t\t\t\t\t\t\t<img fetchpriority=\"high\" decoding=\"async\" width=\"800\" height=\"533\" src=\"https:\/\/webery-server1.de\/t17-ingenieur\/wp-content\/uploads\/2023\/09\/AdobeStock_611043847-1024x682.jpeg\" class=\"attachment-large size-large wp-image-1037\" alt=\"\" srcset=\"https:\/\/webery-server1.de\/t17-ingenieur\/wp-content\/uploads\/2023\/09\/AdobeStock_611043847-1024x682.jpeg 1024w, https:\/\/webery-server1.de\/t17-ingenieur\/wp-content\/uploads\/2023\/09\/AdobeStock_611043847-300x200.jpeg 300w, https:\/\/webery-server1.de\/t17-ingenieur\/wp-content\/uploads\/2023\/09\/AdobeStock_611043847-768x512.jpeg 768w, https:\/\/webery-server1.de\/t17-ingenieur\/wp-content\/uploads\/2023\/09\/AdobeStock_611043847-1536x1024.jpeg 1536w, https:\/\/webery-server1.de\/t17-ingenieur\/wp-content\/uploads\/2023\/09\/AdobeStock_611043847.jpeg 2000w\" sizes=\"(max-width: 800px) 100vw, 800px\" \/>\t\t\t\t\t\t\t\t\t\t\t\t\t\t\t<\/div>\n\t\t\t\t<\/div>\n\t\t\t\t<\/div>\n\t\t\t\t\t<\/div>\n\t\t\t\t<\/div>\n\t\t\t\t<\/div>\n\t\t","protected":false},"excerpt":{"rendered":"<p>Unser Ingenieurb\u00fcro bietet Freiraum- und Landschaftsplanung als eine unserer Kernleistungen an. Wir verstehen Freiraum- und Landschaftsplanung als die kreative Gestaltung von Arealen, um den Wert von Lebensr\u00e4umen zu steigern. Unsere Experten planen Freianlagen und Gr\u00fcnfl\u00e4chen zeitgem\u00e4\u00df, modern und kostenorientiert und betreuen deren Realisierung. Unsere Leistungen umfassen die Erstellung von Konzepten, die Planung und Umsetzung von [&hellip;]<\/p>\n","protected":false},"author":1,"featured_media":0,"parent":0,"menu_order":0,"comment_status":"closed","ping_status":"closed","template":"","meta":{"footnotes":""},"class_list":["post-1228","page","type-page","status-publish","hentry"],"_links":{"self":[{"href":"https:\/\/webery-server1.de\/t17-ingenieur\/wp-json\/wp\/v2\/pages\/1228","targetHints":{"allow":["GET"]}}],"collection":[{"href":"https:\/\/webery-server1.de\/t17-ingenieur\/wp-json\/wp\/v2\/pages"}],"about":[{"href":"https:\/\/webery-server1.de\/t17-ingenieur\/wp-json\/wp\/v2\/types\/page"}],"author":[{"embeddable":true,"href":"https:\/\/webery-server1.de\/t17-ingenieur\/wp-json\/wp\/v2\/users\/1"}],"replies":[{"embeddable":true,"href":"https:\/\/webery-server1.de\/t17-ingenieur\/wp-json\/wp\/v2\/comments?post=1228"}],"version-history":[{"count":16,"href":"https:\/\/webery-server1.de\/t17-ingenieur\/wp-json\/wp\/v2\/pages\/1228\/revisions"}],"predecessor-version":[{"id":1349,"href":"https:\/\/webery-server1.de\/t17-ingenieur\/wp-json\/wp\/v2\/pages\/1228\/revisions\/1349"}],"wp:attachment":[{"href":"https:\/\/webery-server1.de\/t17-ingenieur\/wp-json\/wp\/v2\/media?parent=1228"}],"curies":[{"name":"wp","href":"https:\/\/api.w.org\/{rel}","templated":true}]}}