{"id":11,"date":"2023-08-12T13:30:29","date_gmt":"2023-08-12T11:30:29","guid":{"rendered":"https:\/\/webery-server1.de\/t18-steuerberater\/?page_id=11"},"modified":"2025-04-01T13:06:27","modified_gmt":"2025-04-01T11:06:27","slug":"startseite","status":"publish","type":"page","link":"https:\/\/webery-server1.de\/t18-steuerberater\/","title":{"rendered":"Start"},"content":{"rendered":"\t\t<div data-elementor-type=\"wp-page\" data-elementor-id=\"11\" class=\"elementor elementor-11\" data-elementor-post-type=\"page\">\n\t\t\t\t<div class=\"elementor-element elementor-element-6def27e e-flex e-con-boxed e-con e-parent\" data-id=\"6def27e\" data-element_type=\"container\" data-settings=\"{&quot;background_background&quot;:&quot;classic&quot;}\">\n\t\t\t\t\t<div class=\"e-con-inner\">\n\t\t<div class=\"elementor-element elementor-element-8cb6fbb e-con-full e-flex e-con e-child\" data-id=\"8cb6fbb\" data-element_type=\"container\" data-settings=\"{&quot;background_background&quot;:&quot;classic&quot;}\">\n\t\t\t\t<div class=\"elementor-element elementor-element-35fe1da elementor-widget elementor-widget-elementskit-heading\" data-id=\"35fe1da\" data-element_type=\"widget\" data-widget_type=\"elementskit-heading.default\">\n\t\t\t\t<div class=\"elementor-widget-container\">\n\t\t\t\t\t<div class=\"ekit-wid-con\" ><div class=\"ekit-heading elementskit-section-title-wraper text_left   ekit_heading_tablet-   ekit_heading_mobile-text_center\"><h2 class=\"elementskit-section-subtitle  \">\n\t\t\t\t\t\tSteuerberatung | Unternehmensberatung | Internationale Steuerberatung \n\t\t\t\t\t<\/h2><h1 class=\"ekit-heading--title elementskit-section-title \">Steuerberatung, die Sie zum Erfolg f\u00fchrt!<\/h1><\/div><\/div>\t\t\t\t<\/div>\n\t\t\t\t<\/div>\n\t\t\t\t<div class=\"elementor-element elementor-element-7c27938 elementor-widget-divider--view-line_icon elementor-view-default elementor-widget-divider--element-align-center elementor-widget elementor-widget-divider\" data-id=\"7c27938\" data-element_type=\"widget\" data-widget_type=\"divider.default\">\n\t\t\t\t<div class=\"elementor-widget-container\">\n\t\t\t\t\t\t\t<div class=\"elementor-divider\">\n\t\t\t<span class=\"elementor-divider-separator\">\n\t\t\t\t\t\t\t<div class=\"elementor-icon elementor-divider__element\">\n\t\t\t\t\t<i aria-hidden=\"true\" class=\"icon icon-bookmark\"><\/i><\/div>\n\t\t\t\t\t\t<\/span>\n\t\t<\/div>\n\t\t\t\t\t\t<\/div>\n\t\t\t\t<\/div>\n\t\t\t\t<div class=\"elementor-element elementor-element-3409f4f elementor-widget elementor-widget-text-editor\" data-id=\"3409f4f\" data-element_type=\"widget\" data-widget_type=\"text-editor.default\">\n\t\t\t\t<div class=\"elementor-widget-container\">\n\t\t\t\t\t\t\t\t\t<p>Als Steuerberatungskanzlei sind wir darauf spezialisiert, unsere Mandanten in allen steuerlichen Angelegenheiten zu beraten und zu unterst\u00fctzen. Wir legen gro\u00dfen Wert auf eine individuelle und pers\u00f6nliche Beratung, um f\u00fcr jeden Mandanten die bestm\u00f6gliche L\u00f6sung zu finden.<\/p>\t\t\t\t\t\t\t\t<\/div>\n\t\t\t\t<\/div>\n\t\t\t\t<div class=\"elementor-element elementor-element-5134103 elementor-icon-list--layout-inline elementor-list-item-link-full_width elementor-widget elementor-widget-icon-list\" data-id=\"5134103\" data-element_type=\"widget\" data-widget_type=\"icon-list.default\">\n\t\t\t\t<div class=\"elementor-widget-container\">\n\t\t\t\t\t\t\t<ul class=\"elementor-icon-list-items elementor-inline-items\">\n\t\t\t\t\t\t\t<li class=\"elementor-icon-list-item elementor-inline-item\">\n\t\t\t\t\t\t\t\t\t\t\t<span class=\"elementor-icon-list-icon\">\n\t\t\t\t\t\t\t<i aria-hidden=\"true\" class=\"icon icon-phone1\"><\/i>\t\t\t\t\t\t<\/span>\n\t\t\t\t\t\t\t\t\t\t<span class=\"elementor-icon-list-text\">01234 \u2013 56789<\/span>\n\t\t\t\t\t\t\t\t\t<\/li>\n\t\t\t\t\t\t\t\t<li class=\"elementor-icon-list-item elementor-inline-item\">\n\t\t\t\t\t\t\t\t\t\t\t<span class=\"elementor-icon-list-icon\">\n\t\t\t\t\t\t\t<i aria-hidden=\"true\" class=\"icon icon-envelope2\"><\/i>\t\t\t\t\t\t<\/span>\n\t\t\t\t\t\t\t\t\t\t<span class=\"elementor-icon-list-text\">info@beispiel.de<\/span>\n\t\t\t\t\t\t\t\t\t<\/li>\n\t\t\t\t\t\t<\/ul>\n\t\t\t\t\t\t<\/div>\n\t\t\t\t<\/div>\n\t\t\t\t<\/div>\n\t\t<div class=\"elementor-element elementor-element-e81c8a8 e-con-full e-flex e-con e-child\" data-id=\"e81c8a8\" data-element_type=\"container\">\n\t\t\t\t<\/div>\n\t\t\t\t\t<\/div>\n\t\t\t\t<\/div>\n\t\t<div class=\"elementor-element elementor-element-85cbf2b e-flex e-con-boxed e-con e-parent\" data-id=\"85cbf2b\" data-element_type=\"container\" data-settings=\"{&quot;background_background&quot;:&quot;classic&quot;}\">\n\t\t\t\t\t<div class=\"e-con-inner\">\n\t\t<div class=\"elementor-element elementor-element-ac524f8 e-con-full e-flex e-con e-child\" data-id=\"ac524f8\" data-element_type=\"container\">\n\t\t<div class=\"elementor-element elementor-element-95f2bf7 e-con-full e-flex e-con e-child\" data-id=\"95f2bf7\" data-element_type=\"container\" data-settings=\"{&quot;background_background&quot;:&quot;classic&quot;}\">\n\t\t<div class=\"elementor-element elementor-element-fff02f8 e-con-full e-flex e-con e-child\" data-id=\"fff02f8\" data-element_type=\"container\">\n\t\t\t\t<div class=\"elementor-element elementor-element-b87707a elementor-widget elementor-widget-text-editor\" data-id=\"b87707a\" data-element_type=\"widget\" data-widget_type=\"text-editor.default\">\n\t\t\t\t<div class=\"elementor-widget-container\">\n\t\t\t\t\t\t\t\t\t<p>Unsere Steuerberatungskanzlei bietet eine Vielzahl von Leistungen an, um unseren Kunden bei ihren steuerlichen Angelegenheiten zu helfen.<\/p><p>Unsere Steuerberatungskanzlei ist bestrebt, unseren Kunden eine umfassende und hochwertige Beratung zu bieten. Wir arbeiten eng mit unseren Kunden zusammen, um ihre individuellen Bed\u00fcrfnisse zu verstehen und ma\u00dfgeschneiderte L\u00f6sungen anzubieten.<\/p>\t\t\t\t\t\t\t\t<\/div>\n\t\t\t\t<\/div>\n\t\t\t\t<\/div>\n\t\t<div class=\"elementor-element elementor-element-935e7ba e-con-full e-flex e-con e-child\" data-id=\"935e7ba\" data-element_type=\"container\">\n\t\t\t\t<\/div>\n\t\t\t\t<\/div>\n\t\t\t\t<\/div>\n\t\t\t\t\t<\/div>\n\t\t\t\t<\/div>\n\t\t<div class=\"elementor-element elementor-element-e95a9b8 e-flex e-con-boxed e-con e-parent\" data-id=\"e95a9b8\" data-element_type=\"container\">\n\t\t\t\t\t<div class=\"e-con-inner\">\n\t\t<div class=\"elementor-element elementor-element-cf87896 e-con-full e-flex e-con e-child\" data-id=\"cf87896\" data-element_type=\"container\">\n\t\t\t\t<div class=\"elementor-element elementor-element-1af8fa7 elementor-widget elementor-widget-heading\" data-id=\"1af8fa7\" data-element_type=\"widget\" data-widget_type=\"heading.default\">\n\t\t\t\t<div class=\"elementor-widget-container\">\n\t\t\t\t\t<h1 class=\"elementor-heading-title elementor-size-default\">Hier sind einige unserer wichtigsten Leistungen <\/h1>\t\t\t\t<\/div>\n\t\t\t\t<\/div>\n\t\t<div class=\"elementor-element elementor-element-3262c3c e-con-full e-flex e-con e-child\" data-id=\"3262c3c\" data-element_type=\"container\">\n\t\t<div class=\"elementor-element elementor-element-c70069d e-con-full e-flex e-con e-child\" data-id=\"c70069d\" data-element_type=\"container\">\n\t\t\t\t<div class=\"elementor-element elementor-element-32e8a78 ekit-equal-height-enable elementor-widget elementor-widget-elementskit-icon-box\" data-id=\"32e8a78\" data-element_type=\"widget\" data-widget_type=\"elementskit-icon-box.default\">\n\t\t\t\t<div class=\"elementor-widget-container\">\n\t\t\t\t\t<div class=\"ekit-wid-con\" >        <!-- link opening -->\n                <!-- end link opening -->\n\n        <div class=\"elementskit-infobox text-center text- icon-top-align elementor-animation-bob   \">\n                    <div class=\"elementskit-box-header elementor-animation-\">\n                <div class=\"elementskit-info-box-icon  \">\n                    <i aria-hidden=\"true\" class=\"elementkit-infobox-icon icon icon-book1\"><\/i>\n                <\/div>\n          <\/div>\n                        <div class=\"box-body\">\n                            <h3 class=\"elementskit-info-box-title\">\n                    Steuerberatung                 <\/h3>\n                        \t\t  \t<p>Ihre Steuern in sicheren H\u00e4nden \u2013 Ihre Steuerberaterkanzlei<\/p>\n                                        <div class=\"box-footer disable_hover_button\">\n                    <div class=\"btn-wraper\">\n                                                            <a class=\"elementskit-btn whitespace--normal\" href=\"\/t18-steuerberater\/steuerberatung\/\">\n                                        mehr erfahren                                                                            <\/a>\n                                                        <\/div>\n                <\/div>\n                    <\/div>\n        \n        \n                <\/div>\n        <\/div>\t\t\t\t<\/div>\n\t\t\t\t<\/div>\n\t\t\t\t<\/div>\n\t\t<div class=\"elementor-element elementor-element-5a46395 e-con-full e-flex e-con e-child\" data-id=\"5a46395\" data-element_type=\"container\">\n\t\t\t\t<div class=\"elementor-element elementor-element-f0acf33 ekit-equal-height-enable elementor-widget elementor-widget-elementskit-icon-box\" data-id=\"f0acf33\" data-element_type=\"widget\" data-widget_type=\"elementskit-icon-box.default\">\n\t\t\t\t<div class=\"elementor-widget-container\">\n\t\t\t\t\t<div class=\"ekit-wid-con\" >        <!-- link opening -->\n                <!-- end link opening -->\n\n        <div class=\"elementskit-infobox text-center text- icon-top-align elementor-animation-bob   \">\n                    <div class=\"elementskit-box-header elementor-animation-\">\n                <div class=\"elementskit-info-box-icon  \">\n                    <i aria-hidden=\"true\" class=\"elementkit-infobox-icon icon icon-book1\"><\/i>\n                <\/div>\n          <\/div>\n                        <div class=\"box-body\">\n                            <h3 class=\"elementskit-info-box-title\">\n                    Unternehmensberatung                 <\/h3>\n                        \t\t  \t<p>Gemeinsam erfolgreich wachsen - mit unserer Expertise in Steuern und Finanzen<\/p>\n                                        <div class=\"box-footer disable_hover_button\">\n                    <div class=\"btn-wraper\">\n                                                            <a class=\"elementskit-btn whitespace--normal\" href=\"\/t18-steuerberater\/unternehmensberatung\/\">\n                                        mehr erfahren                                                                            <\/a>\n                                                        <\/div>\n                <\/div>\n                    <\/div>\n        \n        \n                <\/div>\n        <\/div>\t\t\t\t<\/div>\n\t\t\t\t<\/div>\n\t\t\t\t<\/div>\n\t\t<div class=\"elementor-element elementor-element-e65edc9 e-con-full e-flex e-con e-child\" data-id=\"e65edc9\" data-element_type=\"container\">\n\t\t\t\t<div class=\"elementor-element elementor-element-99c09f1 ekit-equal-height-enable elementor-widget elementor-widget-elementskit-icon-box\" data-id=\"99c09f1\" data-element_type=\"widget\" data-widget_type=\"elementskit-icon-box.default\">\n\t\t\t\t<div class=\"elementor-widget-container\">\n\t\t\t\t\t<div class=\"ekit-wid-con\" >        <!-- link opening -->\n                <!-- end link opening -->\n\n        <div class=\"elementskit-infobox text-center text- icon-top-align elementor-animation-bob   \">\n                    <div class=\"elementskit-box-header elementor-animation-\">\n                <div class=\"elementskit-info-box-icon  \">\n                    <i aria-hidden=\"true\" class=\"elementkit-infobox-icon icon icon-book1\"><\/i>\n                <\/div>\n          <\/div>\n                        <div class=\"box-body\">\n                            <h3 class=\"elementskit-info-box-title\">\n                    Internationale Steuerberatung                 <\/h3>\n                        \t\t  \t<p>Steuerberatung ohne Grenzen: Wir begleiten Sie weltweit<\/p>\n                                        <div class=\"box-footer disable_hover_button\">\n                    <div class=\"btn-wraper\">\n                                                            <a class=\"elementskit-btn whitespace--normal\" href=\"\/t18-steuerberater\/internationale-steuerberatung\/\">\n                                        mehr erfahren                                                                            <\/a>\n                                                        <\/div>\n                <\/div>\n                    <\/div>\n        \n        \n                <\/div>\n        <\/div>\t\t\t\t<\/div>\n\t\t\t\t<\/div>\n\t\t\t\t<\/div>\n\t\t\t\t<\/div>\n\t\t\t\t<div class=\"elementor-element elementor-element-55494c5 elementor-widget elementor-widget-spacer\" data-id=\"55494c5\" data-element_type=\"widget\" data-widget_type=\"spacer.default\">\n\t\t\t\t<div class=\"elementor-widget-container\">\n\t\t\t\t\t\t\t<div class=\"elementor-spacer\">\n\t\t\t<div class=\"elementor-spacer-inner\"><\/div>\n\t\t<\/div>\n\t\t\t\t\t\t<\/div>\n\t\t\t\t<\/div>\n\t\t\t\t<\/div>\n\t\t\t\t\t<\/div>\n\t\t\t\t<\/div>\n\t\t<div class=\"elementor-element elementor-element-2abb11c e-flex e-con-boxed e-con e-parent\" data-id=\"2abb11c\" data-element_type=\"container\" data-settings=\"{&quot;background_background&quot;:&quot;classic&quot;}\">\n\t\t\t\t\t<div class=\"e-con-inner\">\n\t\t<div class=\"elementor-element elementor-element-6a60ce2 e-con-full e-flex e-con e-child\" data-id=\"6a60ce2\" data-element_type=\"container\" data-settings=\"{&quot;background_background&quot;:&quot;classic&quot;}\">\n\t\t\t\t<div class=\"elementor-element elementor-element-252c8ac elementor-widget elementor-widget-heading\" data-id=\"252c8ac\" data-element_type=\"widget\" data-widget_type=\"heading.default\">\n\t\t\t\t<div class=\"elementor-widget-container\">\n\t\t\t\t\t<h1 class=\"elementor-heading-title elementor-size-default\">\u00dcberzeugt? <br>Dann rechnen wir gern mit Ihnen<\/h1>\t\t\t\t<\/div>\n\t\t\t\t<\/div>\n\t\t\t\t<div class=\"elementor-element elementor-element-3f50b8e elementor-widget elementor-widget-text-editor\" data-id=\"3f50b8e\" data-element_type=\"widget\" data-widget_type=\"text-editor.default\">\n\t\t\t\t<div class=\"elementor-widget-container\">\n\t\t\t\t\t\t\t\t\t<p>Ihr Team von Steuerberatungsgesellschaft mbH<\/p>\t\t\t\t\t\t\t\t<\/div>\n\t\t\t\t<\/div>\n\t\t\t\t<div class=\"elementor-element elementor-element-20cec07 elementor-align-left elementor-widget elementor-widget-button\" data-id=\"20cec07\" data-element_type=\"widget\" data-widget_type=\"button.default\">\n\t\t\t\t<div class=\"elementor-widget-container\">\n\t\t\t\t\t\t\t\t\t<div class=\"elementor-button-wrapper\">\n\t\t\t\t\t<a class=\"elementor-button elementor-button-link elementor-size-sm\" href=\"https:\/\/webery-server1.de\/t18-steuerberater\/kontakt\/\">\n\t\t\t\t\t\t<span class=\"elementor-button-content-wrapper\">\n\t\t\t\t\t\t\t\t\t<span class=\"elementor-button-text\">Kontakt aufnehmen!<\/span>\n\t\t\t\t\t<\/span>\n\t\t\t\t\t<\/a>\n\t\t\t\t<\/div>\n\t\t\t\t\t\t\t\t<\/div>\n\t\t\t\t<\/div>\n\t\t\t\t<\/div>\n\t\t<div class=\"elementor-element elementor-element-9b10df0 e-con-full e-flex e-con e-child\" data-id=\"9b10df0\" data-element_type=\"container\">\n\t\t\t\t<\/div>\n\t\t\t\t\t<\/div>\n\t\t\t\t<\/div>\n\t\t\t\t<\/div>\n\t\t","protected":false},"excerpt":{"rendered":"<p>Steuerberatung | Unternehmensberatung | Internationale Steuerberatung Steuerberatung, die Sie zum Erfolg f\u00fchrt! Als Steuerberatungskanzlei sind wir darauf spezialisiert, unsere Mandanten in allen steuerlichen Angelegenheiten zu beraten und zu unterst\u00fctzen. Wir legen gro\u00dfen Wert auf eine individuelle und pers\u00f6nliche Beratung, um f\u00fcr jeden Mandanten die bestm\u00f6gliche L\u00f6sung zu finden. 01234 \u2013 56789 info@beispiel.de Unsere Steuerberatungskanzlei bietet [&hellip;]<\/p>\n","protected":false},"author":1,"featured_media":0,"parent":0,"menu_order":0,"comment_status":"closed","ping_status":"closed","template":"","meta":{"footnotes":""},"class_list":["post-11","page","type-page","status-publish","hentry"],"_links":{"self":[{"href":"https:\/\/webery-server1.de\/t18-steuerberater\/wp-json\/wp\/v2\/pages\/11","targetHints":{"allow":["GET"]}}],"collection":[{"href":"https:\/\/webery-server1.de\/t18-steuerberater\/wp-json\/wp\/v2\/pages"}],"about":[{"href":"https:\/\/webery-server1.de\/t18-steuerberater\/wp-json\/wp\/v2\/types\/page"}],"author":[{"embeddable":true,"href":"https:\/\/webery-server1.de\/t18-steuerberater\/wp-json\/wp\/v2\/users\/1"}],"replies":[{"embeddable":true,"href":"https:\/\/webery-server1.de\/t18-steuerberater\/wp-json\/wp\/v2\/comments?post=11"}],"version-history":[{"count":9,"href":"https:\/\/webery-server1.de\/t18-steuerberater\/wp-json\/wp\/v2\/pages\/11\/revisions"}],"predecessor-version":[{"id":1581,"href":"https:\/\/webery-server1.de\/t18-steuerberater\/wp-json\/wp\/v2\/pages\/11\/revisions\/1581"}],"wp:attachment":[{"href":"https:\/\/webery-server1.de\/t18-steuerberater\/wp-json\/wp\/v2\/media?parent=11"}],"curies":[{"name":"wp","href":"https:\/\/api.w.org\/{rel}","templated":true}]}}