{"id":1204,"date":"2023-09-11T15:17:26","date_gmt":"2023-09-11T13:17:26","guid":{"rendered":"https:\/\/webery-server1.de\/t18-steuerberater\/?page_id=1204"},"modified":"2025-04-01T13:07:37","modified_gmt":"2025-04-01T11:07:37","slug":"unternehmensberatung","status":"publish","type":"page","link":"https:\/\/webery-server1.de\/t18-steuerberater\/unternehmensberatung\/","title":{"rendered":"Unternehmensberatung"},"content":{"rendered":"\t\t<div data-elementor-type=\"wp-page\" data-elementor-id=\"1204\" class=\"elementor elementor-1204\" data-elementor-post-type=\"page\">\n\t\t\t\t<div class=\"elementor-element elementor-element-8d8b487 e-flex e-con-boxed e-con e-parent\" data-id=\"8d8b487\" data-element_type=\"container\" data-settings=\"{&quot;background_background&quot;:&quot;gradient&quot;}\">\n\t\t\t\t\t<div class=\"e-con-inner\">\n\t\t<div class=\"elementor-element elementor-element-530d9ce e-con-full e-flex e-con e-child\" data-id=\"530d9ce\" data-element_type=\"container\">\n\t\t\t\t<div class=\"elementor-element elementor-element-53cf5d1 elementor-widget elementor-widget-elementskit-heading\" data-id=\"53cf5d1\" data-element_type=\"widget\" data-widget_type=\"elementskit-heading.default\">\n\t\t\t\t<div class=\"elementor-widget-container\">\n\t\t\t\t\t<div class=\"ekit-wid-con\" ><div class=\"ekit-heading elementskit-section-title-wraper text_center   ekit_heading_tablet-   ekit_heading_mobile-text_center\"><\/div><\/div>\t\t\t\t<\/div>\n\t\t\t\t<\/div>\n\t\t\t\t<\/div>\n\t\t\t\t\t<\/div>\n\t\t\t\t<\/div>\n\t\t<div class=\"elementor-element elementor-element-6f69e0d e-flex e-con-boxed e-con e-parent\" data-id=\"6f69e0d\" data-element_type=\"container\">\n\t\t\t\t\t<div class=\"e-con-inner\">\n\t\t<div class=\"elementor-element elementor-element-9b69bb4 e-con-full e-flex e-con e-child\" data-id=\"9b69bb4\" data-element_type=\"container\">\n\t\t<div class=\"elementor-element elementor-element-942182c e-con-full e-flex e-con e-child\" data-id=\"942182c\" data-element_type=\"container\" data-settings=\"{&quot;background_background&quot;:&quot;classic&quot;}\">\n\t\t<div class=\"elementor-element elementor-element-2723f65 e-con-full e-flex e-con e-child\" data-id=\"2723f65\" data-element_type=\"container\" data-settings=\"{&quot;background_background&quot;:&quot;classic&quot;}\">\n\t\t\t\t<div class=\"elementor-element elementor-element-c750fee elementor-widget elementor-widget-heading\" data-id=\"c750fee\" data-element_type=\"widget\" data-widget_type=\"heading.default\">\n\t\t\t\t<div class=\"elementor-widget-container\">\n\t\t\t\t\t<h1 class=\"elementor-heading-title elementor-size-default\">Gemeinsam erfolgreich wachsen - mit unserer Expertise in Steuern und Finanzen!<\/h1>\t\t\t\t<\/div>\n\t\t\t\t<\/div>\n\t\t\t\t<div class=\"elementor-element elementor-element-82c750c elementor-widget elementor-widget-text-editor\" data-id=\"82c750c\" data-element_type=\"widget\" data-widget_type=\"text-editor.default\">\n\t\t\t\t<div class=\"elementor-widget-container\">\n\t\t\t\t\t\t\t\t\t<p>Neben der klassischen Steuerberatung bieten wir auch Beratungsdienstleistungen zur Unternehmensentwicklung an. Wir helfen unseren Kunden bei der Planung und Umsetzung von Gesch\u00e4ftsstrategien und unterst\u00fctzen sie bei der Optimierung von Gesch\u00e4ftsprozessen.<\/p>\t\t\t\t\t\t\t\t<\/div>\n\t\t\t\t<\/div>\n\t\t\t\t<\/div>\n\t\t<div class=\"elementor-element elementor-element-3f1aacf e-con-full e-flex e-con e-child\" data-id=\"3f1aacf\" data-element_type=\"container\">\n\t\t\t\t<\/div>\n\t\t\t\t<\/div>\n\t\t\t\t<\/div>\n\t\t\t\t\t<\/div>\n\t\t\t\t<\/div>\n\t\t<div class=\"elementor-element elementor-element-15ed8b5 e-flex e-con-boxed e-con e-parent\" data-id=\"15ed8b5\" data-element_type=\"container\">\n\t\t\t\t\t<div class=\"e-con-inner\">\n\t\t<div class=\"elementor-element elementor-element-586c7ce e-con-full e-flex e-con e-child\" data-id=\"586c7ce\" data-element_type=\"container\">\n\t\t\t\t<div class=\"elementor-element elementor-element-9979a1a elementor-widget elementor-widget-text-editor\" data-id=\"9979a1a\" data-element_type=\"widget\" data-widget_type=\"text-editor.default\">\n\t\t\t\t<div class=\"elementor-widget-container\">\n\t\t\t\t\t\t\t\t\t<p>Unsere Steuerberatungskanzlei bietet Ihnen eine umfassende betriebswirtschaftliche Beratung und unterst\u00fctzt Sie in verschiedenen Bereichen der Unternehmensberatung. Hier sind einige unserer Leistungen im \u00dcberblick:<\/p>\t\t\t\t\t\t\t\t<\/div>\n\t\t\t\t<\/div>\n\t\t\t\t<\/div>\n\t\t<div class=\"elementor-element elementor-element-5908cf3 e-con-full e-flex e-con e-child\" data-id=\"5908cf3\" data-element_type=\"container\">\n\t\t\t\t<div class=\"elementor-element elementor-element-840c788 elementor-widget elementor-widget-elementskit-accordion\" data-id=\"840c788\" data-element_type=\"widget\" data-widget_type=\"elementskit-accordion.default\">\n\t\t\t\t<div class=\"elementor-widget-container\">\n\t\t\t\t\t<div class=\"ekit-wid-con\" >\n        <div class=\"elementskit-accordion accordion-4\" id=\"accordion-69eb954350408\">\n\n            \n                <div class=\"elementskit-card \">\n                    <div class=\"elementskit-card-header\" id=\"primaryHeading-0-840c788\">\n                        <a href=\"#collapse-bc2283069eb954350408\" class=\"ekit-accordion--toggler elementskit-btn-link collapsed\" data-ekit-toggle=\"collapse\" data-target=\"#Collapse-bc2283069eb954350408\" aria-expanded=\"false\" aria-controls=\"Collapse-bc2283069eb954350408\">\n                                                            <div class=\"ekit_accordion_icon_left_group\">\n                                    <div class=\"ekit_accordion_normal_icon\">\n                                        <!-- Normal Icon -->\n                                        <i class=\"icon icon-right-arrow2\"><\/i>                                    <\/div>\n\n                                    <div class=\"ekit_accordion_active_icon\">\n                                        <!-- Active Icon -->\n\t\t\t\t\t\t\t\t\t\t<i class=\"icon icon-arrow-up\"><\/i>                                    <\/div>\n                                <\/div>\n\n                            \n                            <span class=\"ekit-accordion-title\">Unternehmensberatung<\/span>\n\n                            \n                                                    <\/a>\n                    <\/div>\n\n                    <div id=\"Collapse-bc2283069eb954350408\" class=\" collapse\" aria-labelledby=\"primaryHeading-0-840c788\" data-parent=\"#accordion-69eb954350408\">\n\n                        <div class=\"elementskit-card-body ekit-accordion--content\">\n                            <p>+ Analyse &amp; Finanzplanung<\/p><p>+ Unternehmenskauf<\/p><p>+ Modernisierung oder Erweiterung<\/p><p>+ Nachfolge &amp; F\u00f6rderung<\/p>                        <\/div>\n\n                    <\/div>\n\n                <\/div><!-- .elementskit-card END -->\n\n                \n                <div class=\"elementskit-card \">\n                    <div class=\"elementskit-card-header\" id=\"primaryHeading-1-840c788\">\n                        <a href=\"#collapse-8417e7169eb954350408\" class=\"ekit-accordion--toggler elementskit-btn-link collapsed\" data-ekit-toggle=\"collapse\" data-target=\"#Collapse-8417e7169eb954350408\" aria-expanded=\"false\" aria-controls=\"Collapse-8417e7169eb954350408\">\n                                                            <div class=\"ekit_accordion_icon_left_group\">\n                                    <div class=\"ekit_accordion_normal_icon\">\n                                        <!-- Normal Icon -->\n                                        <i class=\"icon icon-right-arrow2\"><\/i>                                    <\/div>\n\n                                    <div class=\"ekit_accordion_active_icon\">\n                                        <!-- Active Icon -->\n\t\t\t\t\t\t\t\t\t\t<i class=\"icon icon-arrow-up\"><\/i>                                    <\/div>\n                                <\/div>\n\n                            \n                            <span class=\"ekit-accordion-title\">Betriebswirtschaftliche Beratung<\/span>\n\n                            \n                                                    <\/a>\n                    <\/div>\n\n                    <div id=\"Collapse-8417e7169eb954350408\" class=\" collapse\" aria-labelledby=\"primaryHeading-1-840c788\" data-parent=\"#accordion-69eb954350408\">\n\n                        <div class=\"elementskit-card-body ekit-accordion--content\">\n                            <p>+ Bilanz- und Erfolgsanalysen<\/p><p>+ Liquidit\u00e4tsplanung<\/p><p>+ Finanzierungsplanung<\/p><p>+ Controlling-Report<\/p>                        <\/div>\n\n                    <\/div>\n\n                <\/div><!-- .elementskit-card END -->\n\n                \n                <div class=\"elementskit-card \">\n                    <div class=\"elementskit-card-header\" id=\"primaryHeading-2-840c788\">\n                        <a href=\"#collapse-3dad4e069eb954350408\" class=\"ekit-accordion--toggler elementskit-btn-link collapsed\" data-ekit-toggle=\"collapse\" data-target=\"#Collapse-3dad4e069eb954350408\" aria-expanded=\"false\" aria-controls=\"Collapse-3dad4e069eb954350408\">\n                                                            <div class=\"ekit_accordion_icon_left_group\">\n                                    <div class=\"ekit_accordion_normal_icon\">\n                                        <!-- Normal Icon -->\n                                        <i class=\"icon icon-right-arrow2\"><\/i>                                    <\/div>\n\n                                    <div class=\"ekit_accordion_active_icon\">\n                                        <!-- Active Icon -->\n\t\t\t\t\t\t\t\t\t\t<i class=\"icon icon-arrow-up\"><\/i>                                    <\/div>\n                                <\/div>\n\n                            \n                            <span class=\"ekit-accordion-title\">Unternehmensnachfolge<\/span>\n\n                            \n                                                    <\/a>\n                    <\/div>\n\n                    <div id=\"Collapse-3dad4e069eb954350408\" class=\" collapse\" aria-labelledby=\"primaryHeading-2-840c788\" data-parent=\"#accordion-69eb954350408\">\n\n                        <div class=\"elementskit-card-body ekit-accordion--content\">\n                            <p>+ Beratung und Unterst\u00fctzung bei der Planung und Umsetzung der Unternehmensnachfolge<\/p>                        <\/div>\n\n                    <\/div>\n\n                <\/div><!-- .elementskit-card END -->\n\n                \n                <div class=\"elementskit-card \">\n                    <div class=\"elementskit-card-header\" id=\"primaryHeading-3-840c788\">\n                        <a href=\"#collapse-49de2d669eb954350408\" class=\"ekit-accordion--toggler elementskit-btn-link collapsed\" data-ekit-toggle=\"collapse\" data-target=\"#Collapse-49de2d669eb954350408\" aria-expanded=\"false\" aria-controls=\"Collapse-49de2d669eb954350408\">\n                                                            <div class=\"ekit_accordion_icon_left_group\">\n                                    <div class=\"ekit_accordion_normal_icon\">\n                                        <!-- Normal Icon -->\n                                        <i class=\"icon icon-right-arrow2\"><\/i>                                    <\/div>\n\n                                    <div class=\"ekit_accordion_active_icon\">\n                                        <!-- Active Icon -->\n\t\t\t\t\t\t\t\t\t\t<i class=\"icon icon-arrow-up\"><\/i>                                    <\/div>\n                                <\/div>\n\n                            \n                            <span class=\"ekit-accordion-title\">F\u00f6rdermittelberatung\/-antr\u00e4ge<\/span>\n\n                            \n                                                    <\/a>\n                    <\/div>\n\n                    <div id=\"Collapse-49de2d669eb954350408\" class=\" collapse\" aria-labelledby=\"primaryHeading-3-840c788\" data-parent=\"#accordion-69eb954350408\">\n\n                        <div class=\"elementskit-card-body ekit-accordion--content\">\n                            <p>+ Beratung und Unterst\u00fctzung bei der Beantragung von F\u00f6rdermitteln f\u00fcr Ihr Unternehmen<\/p>                        <\/div>\n\n                    <\/div>\n\n                <\/div><!-- .elementskit-card END -->\n\n                                        <\/div>\n    <\/div>\t\t\t\t<\/div>\n\t\t\t\t<\/div>\n\t\t\t\t<\/div>\n\t\t\t\t\t<\/div>\n\t\t\t\t<\/div>\n\t\t<div class=\"elementor-element elementor-element-da6b140 e-flex e-con-boxed e-con e-parent\" data-id=\"da6b140\" data-element_type=\"container\" data-settings=\"{&quot;background_background&quot;:&quot;classic&quot;}\">\n\t\t\t\t\t<div class=\"e-con-inner\">\n\t\t<div class=\"elementor-element elementor-element-29893ae e-con-full e-flex e-con e-child\" data-id=\"29893ae\" data-element_type=\"container\">\n\t\t\t\t<div class=\"elementor-element elementor-element-a5b6c2a elementor-widget elementor-widget-text-editor\" data-id=\"a5b6c2a\" data-element_type=\"widget\" data-widget_type=\"text-editor.default\">\n\t\t\t\t<div class=\"elementor-widget-container\">\n\t\t\t\t\t\t\t\t\t<p>Unser Team von erfahrenen Steuerberatern und Unternehmensberatern steht Ihnen zur Verf\u00fcgung, um Sie bei Ihren betriebswirtschaftlichen Herausforderungen zu unterst\u00fctzen. Wir bieten Ihnen professionelle und zuverl\u00e4ssige Beratung, um Ihre unternehmerischen Ziele zu erreichen.<\/p>\t\t\t\t\t\t\t\t<\/div>\n\t\t\t\t<\/div>\n\t\t\t\t<\/div>\n\t\t\t\t\t<\/div>\n\t\t\t\t<\/div>\n\t\t<div class=\"elementor-element elementor-element-49ec578 e-flex e-con-boxed e-con e-parent\" data-id=\"49ec578\" data-element_type=\"container\" data-settings=\"{&quot;background_background&quot;:&quot;classic&quot;}\">\n\t\t\t\t\t<div class=\"e-con-inner\">\n\t\t<div class=\"elementor-element elementor-element-3c2f13a e-con-full e-flex e-con e-child\" data-id=\"3c2f13a\" data-element_type=\"container\" data-settings=\"{&quot;background_background&quot;:&quot;classic&quot;}\">\n\t\t\t\t<div class=\"elementor-element elementor-element-3164b48 elementor-widget elementor-widget-heading\" data-id=\"3164b48\" data-element_type=\"widget\" data-widget_type=\"heading.default\">\n\t\t\t\t<div class=\"elementor-widget-container\">\n\t\t\t\t\t<h1 class=\"elementor-heading-title elementor-size-default\">\u00dcberzeugt? <br>Dann rechnen wir gern mit Ihnen<\/h1>\t\t\t\t<\/div>\n\t\t\t\t<\/div>\n\t\t\t\t<div class=\"elementor-element elementor-element-fa56ede elementor-widget elementor-widget-text-editor\" data-id=\"fa56ede\" data-element_type=\"widget\" data-widget_type=\"text-editor.default\">\n\t\t\t\t<div class=\"elementor-widget-container\">\n\t\t\t\t\t\t\t\t\t<p>Ihr Team von Steuerberatungsgesellschaft mbH<\/p>\t\t\t\t\t\t\t\t<\/div>\n\t\t\t\t<\/div>\n\t\t\t\t<div class=\"elementor-element elementor-element-7b24176 elementor-align-left elementor-widget elementor-widget-button\" data-id=\"7b24176\" data-element_type=\"widget\" data-widget_type=\"button.default\">\n\t\t\t\t<div class=\"elementor-widget-container\">\n\t\t\t\t\t\t\t\t\t<div class=\"elementor-button-wrapper\">\n\t\t\t\t\t<a class=\"elementor-button elementor-button-link elementor-size-sm\" href=\"https:\/\/webery-server1.de\/t18-steuerberater\/kontakt\/\">\n\t\t\t\t\t\t<span class=\"elementor-button-content-wrapper\">\n\t\t\t\t\t\t\t\t\t<span class=\"elementor-button-text\">Kontakt aufnehmen!<\/span>\n\t\t\t\t\t<\/span>\n\t\t\t\t\t<\/a>\n\t\t\t\t<\/div>\n\t\t\t\t\t\t\t\t<\/div>\n\t\t\t\t<\/div>\n\t\t\t\t<\/div>\n\t\t<div class=\"elementor-element elementor-element-3488156 e-con-full e-flex e-con e-child\" data-id=\"3488156\" data-element_type=\"container\">\n\t\t\t\t<\/div>\n\t\t\t\t\t<\/div>\n\t\t\t\t<\/div>\n\t\t\t\t<\/div>\n\t\t","protected":false},"excerpt":{"rendered":"<p>Gemeinsam erfolgreich wachsen &#8211; mit unserer Expertise in Steuern und Finanzen! Neben der klassischen Steuerberatung bieten wir auch Beratungsdienstleistungen zur Unternehmensentwicklung an. Wir helfen unseren Kunden bei der Planung und Umsetzung von Gesch\u00e4ftsstrategien und unterst\u00fctzen sie bei der Optimierung von Gesch\u00e4ftsprozessen. Unsere Steuerberatungskanzlei bietet Ihnen eine umfassende betriebswirtschaftliche Beratung und unterst\u00fctzt Sie in verschiedenen Bereichen [&hellip;]<\/p>\n","protected":false},"author":1,"featured_media":0,"parent":0,"menu_order":0,"comment_status":"closed","ping_status":"closed","template":"","meta":{"footnotes":""},"class_list":["post-1204","page","type-page","status-publish","hentry"],"_links":{"self":[{"href":"https:\/\/webery-server1.de\/t18-steuerberater\/wp-json\/wp\/v2\/pages\/1204","targetHints":{"allow":["GET"]}}],"collection":[{"href":"https:\/\/webery-server1.de\/t18-steuerberater\/wp-json\/wp\/v2\/pages"}],"about":[{"href":"https:\/\/webery-server1.de\/t18-steuerberater\/wp-json\/wp\/v2\/types\/page"}],"author":[{"embeddable":true,"href":"https:\/\/webery-server1.de\/t18-steuerberater\/wp-json\/wp\/v2\/users\/1"}],"replies":[{"embeddable":true,"href":"https:\/\/webery-server1.de\/t18-steuerberater\/wp-json\/wp\/v2\/comments?post=1204"}],"version-history":[{"count":3,"href":"https:\/\/webery-server1.de\/t18-steuerberater\/wp-json\/wp\/v2\/pages\/1204\/revisions"}],"predecessor-version":[{"id":1587,"href":"https:\/\/webery-server1.de\/t18-steuerberater\/wp-json\/wp\/v2\/pages\/1204\/revisions\/1587"}],"wp:attachment":[{"href":"https:\/\/webery-server1.de\/t18-steuerberater\/wp-json\/wp\/v2\/media?parent=1204"}],"curies":[{"name":"wp","href":"https:\/\/api.w.org\/{rel}","templated":true}]}}