{"id":793,"date":"2023-09-03T11:13:21","date_gmt":"2023-09-03T09:13:21","guid":{"rendered":"https:\/\/webery-server1.de\/t18-steuerberater\/?page_id=793"},"modified":"2025-04-01T13:07:11","modified_gmt":"2025-04-01T11:07:11","slug":"steuerberatung","status":"publish","type":"page","link":"https:\/\/webery-server1.de\/t18-steuerberater\/steuerberatung\/","title":{"rendered":"Steuerberatung"},"content":{"rendered":"\t\t<div data-elementor-type=\"wp-page\" data-elementor-id=\"793\" class=\"elementor elementor-793\" data-elementor-post-type=\"page\">\n\t\t\t\t<div class=\"elementor-element elementor-element-87fd98a e-flex e-con-boxed e-con e-parent\" data-id=\"87fd98a\" data-element_type=\"container\" data-settings=\"{&quot;background_background&quot;:&quot;gradient&quot;}\">\n\t\t\t\t\t<div class=\"e-con-inner\">\n\t\t<div class=\"elementor-element elementor-element-758c54a e-con-full e-flex e-con e-child\" data-id=\"758c54a\" data-element_type=\"container\">\n\t\t\t\t<div class=\"elementor-element elementor-element-a2a0b6a elementor-widget elementor-widget-elementskit-heading\" data-id=\"a2a0b6a\" data-element_type=\"widget\" data-widget_type=\"elementskit-heading.default\">\n\t\t\t\t<div class=\"elementor-widget-container\">\n\t\t\t\t\t<div class=\"ekit-wid-con\" ><div class=\"ekit-heading elementskit-section-title-wraper text_center   ekit_heading_tablet-   ekit_heading_mobile-text_center\"><\/div><\/div>\t\t\t\t<\/div>\n\t\t\t\t<\/div>\n\t\t\t\t<\/div>\n\t\t\t\t\t<\/div>\n\t\t\t\t<\/div>\n\t\t<div class=\"elementor-element elementor-element-173e818 e-flex e-con-boxed e-con e-parent\" data-id=\"173e818\" data-element_type=\"container\">\n\t\t\t\t\t<div class=\"e-con-inner\">\n\t\t<div class=\"elementor-element elementor-element-e8f98cb e-con-full e-flex e-con e-child\" data-id=\"e8f98cb\" data-element_type=\"container\">\n\t\t<div class=\"elementor-element elementor-element-9ee692c e-con-full e-flex e-con e-child\" data-id=\"9ee692c\" data-element_type=\"container\" data-settings=\"{&quot;background_background&quot;:&quot;classic&quot;}\">\n\t\t<div class=\"elementor-element elementor-element-5ec6a25 e-con-full e-flex e-con e-child\" data-id=\"5ec6a25\" data-element_type=\"container\" data-settings=\"{&quot;background_background&quot;:&quot;classic&quot;}\">\n\t\t\t\t<div class=\"elementor-element elementor-element-b237c6e elementor-widget elementor-widget-heading\" data-id=\"b237c6e\" data-element_type=\"widget\" data-widget_type=\"heading.default\">\n\t\t\t\t<div class=\"elementor-widget-container\">\n\t\t\t\t\t<h1 class=\"elementor-heading-title elementor-size-default\">Ihre Steuern in sicheren H\u00e4nden!<\/h1>\t\t\t\t<\/div>\n\t\t\t\t<\/div>\n\t\t\t\t<div class=\"elementor-element elementor-element-79c2c32 elementor-widget elementor-widget-image\" data-id=\"79c2c32\" data-element_type=\"widget\" data-widget_type=\"image.default\">\n\t\t\t\t<div class=\"elementor-widget-container\">\n\t\t\t\t\t\t\t\t\t\t\t\t\t\t\t<img fetchpriority=\"high\" decoding=\"async\" width=\"800\" height=\"267\" src=\"https:\/\/webery-server1.de\/t18-steuerberater\/wp-content\/uploads\/2023\/09\/AdobeStock_496396881-1024x342.jpeg\" class=\"attachment-large size-large wp-image-1319\" alt=\"\" srcset=\"https:\/\/webery-server1.de\/t18-steuerberater\/wp-content\/uploads\/2023\/09\/AdobeStock_496396881-1024x342.jpeg 1024w, https:\/\/webery-server1.de\/t18-steuerberater\/wp-content\/uploads\/2023\/09\/AdobeStock_496396881-300x100.jpeg 300w, https:\/\/webery-server1.de\/t18-steuerberater\/wp-content\/uploads\/2023\/09\/AdobeStock_496396881-768x256.jpeg 768w, https:\/\/webery-server1.de\/t18-steuerberater\/wp-content\/uploads\/2023\/09\/AdobeStock_496396881-1536x512.jpeg 1536w, https:\/\/webery-server1.de\/t18-steuerberater\/wp-content\/uploads\/2023\/09\/AdobeStock_496396881.jpeg 2000w\" sizes=\"(max-width: 800px) 100vw, 800px\" \/>\t\t\t\t\t\t\t\t\t\t\t\t\t\t\t<\/div>\n\t\t\t\t<\/div>\n\t\t\t\t<div class=\"elementor-element elementor-element-60cef55 elementor-widget elementor-widget-text-editor\" data-id=\"60cef55\" data-element_type=\"widget\" data-widget_type=\"text-editor.default\">\n\t\t\t\t<div class=\"elementor-widget-container\">\n\t\t\t\t\t\t\t\t\t<p>Wir bieten eine umfassende Steuerberatung f\u00fcr Privatpersonen, Gesellschaften, Gesellschafter, Einzelunternehmen und Freiberufler an. Wir helfen unseren Kunden bei der Anfertigung von Steuererkl\u00e4rungen und beraten sie zu allen steuerlichen Fragen.<\/p>\t\t\t\t\t\t\t\t<\/div>\n\t\t\t\t<\/div>\n\t\t\t\t<\/div>\n\t\t<div class=\"elementor-element elementor-element-213cd87 e-con-full e-flex e-con e-child\" data-id=\"213cd87\" data-element_type=\"container\">\n\t\t\t\t<\/div>\n\t\t\t\t<\/div>\n\t\t\t\t<\/div>\n\t\t\t\t\t<\/div>\n\t\t\t\t<\/div>\n\t\t<div class=\"elementor-element elementor-element-31ed94e e-flex e-con-boxed e-con e-parent\" data-id=\"31ed94e\" data-element_type=\"container\">\n\t\t\t\t\t<div class=\"e-con-inner\">\n\t\t<div class=\"elementor-element elementor-element-66f3b0e e-con-full e-flex e-con e-child\" data-id=\"66f3b0e\" data-element_type=\"container\">\n\t\t\t\t<div class=\"elementor-element elementor-element-5b54f21 elementor-widget elementor-widget-text-editor\" data-id=\"5b54f21\" data-element_type=\"widget\" data-widget_type=\"text-editor.default\">\n\t\t\t\t<div class=\"elementor-widget-container\">\n\t\t\t\t\t\t\t\t\t<p>Als Steuerberatungskanzlei ist es unser Ziel, unseren Kunden dabei zu helfen, alle Steuervorteile auszusch\u00f6pfen, die ihnen zur Verf\u00fcgung stehen. Wir bieten eine Vielzahl von Leistungen an, die darauf abzielen, unseren Kunden dabei zu helfen, ihre Steuerlast zu minimieren und ihr Verm\u00f6gen zu sch\u00fctzen. Dazu geh\u00f6ren:<\/p>\t\t\t\t\t\t\t\t<\/div>\n\t\t\t\t<\/div>\n\t\t\t\t<\/div>\n\t\t<div class=\"elementor-element elementor-element-fcd6478 e-con-full e-flex e-con e-child\" data-id=\"fcd6478\" data-element_type=\"container\">\n\t\t\t\t<div class=\"elementor-element elementor-element-731711a elementor-widget elementor-widget-elementskit-accordion\" data-id=\"731711a\" data-element_type=\"widget\" data-widget_type=\"elementskit-accordion.default\">\n\t\t\t\t<div class=\"elementor-widget-container\">\n\t\t\t\t\t<div class=\"ekit-wid-con\" >\n        <div class=\"elementskit-accordion accordion-4\" id=\"accordion-69eb94e53d3f3\">\n\n            \n                <div class=\"elementskit-card \">\n                    <div class=\"elementskit-card-header\" id=\"primaryHeading-0-731711a\">\n                        <a href=\"#collapse-bc2283069eb94e53d3f3\" class=\"ekit-accordion--toggler elementskit-btn-link collapsed\" data-ekit-toggle=\"collapse\" data-target=\"#Collapse-bc2283069eb94e53d3f3\" aria-expanded=\"false\" aria-controls=\"Collapse-bc2283069eb94e53d3f3\">\n                                                            <div class=\"ekit_accordion_icon_left_group\">\n                                    <div class=\"ekit_accordion_normal_icon\">\n                                        <!-- Normal Icon -->\n                                        <i class=\"icon icon-right-arrow2\"><\/i>                                    <\/div>\n\n                                    <div class=\"ekit_accordion_active_icon\">\n                                        <!-- Active Icon -->\n\t\t\t\t\t\t\t\t\t\t<i class=\"icon icon-arrow-up\"><\/i>                                    <\/div>\n                                <\/div>\n\n                            \n                            <span class=\"ekit-accordion-title\">Steuerliche Beratung<\/span>\n\n                            \n                                                    <\/a>\n                    <\/div>\n\n                    <div id=\"Collapse-bc2283069eb94e53d3f3\" class=\" collapse\" aria-labelledby=\"primaryHeading-0-731711a\" data-parent=\"#accordion-69eb94e53d3f3\">\n\n                        <div class=\"elementskit-card-body ekit-accordion--content\">\n                            <p>Wir beraten unsere Kunden zu allen steuerlichen Angelegenheiten und helfen ihnen dabei, ihre Steuervorteile effektiv zu nutzen.<\/p>                        <\/div>\n\n                    <\/div>\n\n                <\/div><!-- .elementskit-card END -->\n\n                \n                <div class=\"elementskit-card \">\n                    <div class=\"elementskit-card-header\" id=\"primaryHeading-1-731711a\">\n                        <a href=\"#collapse-8417e7169eb94e53d3f3\" class=\"ekit-accordion--toggler elementskit-btn-link collapsed\" data-ekit-toggle=\"collapse\" data-target=\"#Collapse-8417e7169eb94e53d3f3\" aria-expanded=\"false\" aria-controls=\"Collapse-8417e7169eb94e53d3f3\">\n                                                            <div class=\"ekit_accordion_icon_left_group\">\n                                    <div class=\"ekit_accordion_normal_icon\">\n                                        <!-- Normal Icon -->\n                                        <i class=\"icon icon-right-arrow2\"><\/i>                                    <\/div>\n\n                                    <div class=\"ekit_accordion_active_icon\">\n                                        <!-- Active Icon -->\n\t\t\t\t\t\t\t\t\t\t<i class=\"icon icon-arrow-up\"><\/i>                                    <\/div>\n                                <\/div>\n\n                            \n                            <span class=\"ekit-accordion-title\">Steuerplanung<\/span>\n\n                            \n                                                    <\/a>\n                    <\/div>\n\n                    <div id=\"Collapse-8417e7169eb94e53d3f3\" class=\" collapse\" aria-labelledby=\"primaryHeading-1-731711a\" data-parent=\"#accordion-69eb94e53d3f3\">\n\n                        <div class=\"elementskit-card-body ekit-accordion--content\">\n                            <p>Wir erstellen individuelle Steuerpl\u00e4ne f\u00fcr unsere Kunden, um sicherzustellen, dass sie alle Steuervorteile nutzen, die ihnen zur Verf\u00fcgung stehen.<\/p>                        <\/div>\n\n                    <\/div>\n\n                <\/div><!-- .elementskit-card END -->\n\n                \n                <div class=\"elementskit-card \">\n                    <div class=\"elementskit-card-header\" id=\"primaryHeading-2-731711a\">\n                        <a href=\"#collapse-3dad4e069eb94e53d3f3\" class=\"ekit-accordion--toggler elementskit-btn-link collapsed\" data-ekit-toggle=\"collapse\" data-target=\"#Collapse-3dad4e069eb94e53d3f3\" aria-expanded=\"false\" aria-controls=\"Collapse-3dad4e069eb94e53d3f3\">\n                                                            <div class=\"ekit_accordion_icon_left_group\">\n                                    <div class=\"ekit_accordion_normal_icon\">\n                                        <!-- Normal Icon -->\n                                        <i class=\"icon icon-right-arrow2\"><\/i>                                    <\/div>\n\n                                    <div class=\"ekit_accordion_active_icon\">\n                                        <!-- Active Icon -->\n\t\t\t\t\t\t\t\t\t\t<i class=\"icon icon-arrow-up\"><\/i>                                    <\/div>\n                                <\/div>\n\n                            \n                            <span class=\"ekit-accordion-title\">Steuererkl\u00e4rungen<\/span>\n\n                            \n                                                    <\/a>\n                    <\/div>\n\n                    <div id=\"Collapse-3dad4e069eb94e53d3f3\" class=\" collapse\" aria-labelledby=\"primaryHeading-2-731711a\" data-parent=\"#accordion-69eb94e53d3f3\">\n\n                        <div class=\"elementskit-card-body ekit-accordion--content\">\n                            <p>Wir helfen unseren Kunden bei der Erstellung ihrer Steuererkl\u00e4rungen und stellen sicher, dass alle Steuervorteile ber\u00fccksichtigt werden.<\/p>                        <\/div>\n\n                    <\/div>\n\n                <\/div><!-- .elementskit-card END -->\n\n                \n                <div class=\"elementskit-card \">\n                    <div class=\"elementskit-card-header\" id=\"primaryHeading-3-731711a\">\n                        <a href=\"#collapse-49de2d669eb94e53d3f3\" class=\"ekit-accordion--toggler elementskit-btn-link collapsed\" data-ekit-toggle=\"collapse\" data-target=\"#Collapse-49de2d669eb94e53d3f3\" aria-expanded=\"false\" aria-controls=\"Collapse-49de2d669eb94e53d3f3\">\n                                                            <div class=\"ekit_accordion_icon_left_group\">\n                                    <div class=\"ekit_accordion_normal_icon\">\n                                        <!-- Normal Icon -->\n                                        <i class=\"icon icon-right-arrow2\"><\/i>                                    <\/div>\n\n                                    <div class=\"ekit_accordion_active_icon\">\n                                        <!-- Active Icon -->\n\t\t\t\t\t\t\t\t\t\t<i class=\"icon icon-arrow-up\"><\/i>                                    <\/div>\n                                <\/div>\n\n                            \n                            <span class=\"ekit-accordion-title\">Steueroptimierung<\/span>\n\n                            \n                                                    <\/a>\n                    <\/div>\n\n                    <div id=\"Collapse-49de2d669eb94e53d3f3\" class=\" collapse\" aria-labelledby=\"primaryHeading-3-731711a\" data-parent=\"#accordion-69eb94e53d3f3\">\n\n                        <div class=\"elementskit-card-body ekit-accordion--content\">\n                            <p>Wir helfen unseren Kunden dabei, ihre Steuervorteile zu optimieren, indem wir ihre Verm\u00f6gensstruktur analysieren und ihnen dabei helfen, ihre Steuerlast zu minimieren.<\/p>                        <\/div>\n\n                    <\/div>\n\n                <\/div><!-- .elementskit-card END -->\n\n                                        <\/div>\n    <\/div>\t\t\t\t<\/div>\n\t\t\t\t<\/div>\n\t\t\t\t<\/div>\n\t\t\t\t\t<\/div>\n\t\t\t\t<\/div>\n\t\t<div class=\"elementor-element elementor-element-b126ea7 e-flex e-con-boxed e-con e-parent\" data-id=\"b126ea7\" data-element_type=\"container\">\n\t\t\t\t\t<div class=\"e-con-inner\">\n\t\t<div class=\"elementor-element elementor-element-2a6fb3d e-con-full e-flex e-con e-child\" data-id=\"2a6fb3d\" data-element_type=\"container\">\n\t\t<div class=\"elementor-element elementor-element-86f1303 e-con-full e-flex e-con e-child\" data-id=\"86f1303\" data-element_type=\"container\" data-settings=\"{&quot;background_background&quot;:&quot;classic&quot;}\">\n\t\t<div class=\"elementor-element elementor-element-4a915fc e-con-full e-flex e-con e-child\" data-id=\"4a915fc\" data-element_type=\"container\">\n\t\t\t\t<\/div>\n\t\t<div class=\"elementor-element elementor-element-5b31f92 e-con-full e-flex e-con e-child\" data-id=\"5b31f92\" data-element_type=\"container\" data-settings=\"{&quot;background_background&quot;:&quot;classic&quot;}\">\n\t\t\t\t<div class=\"elementor-element elementor-element-4c9ea2b elementor-widget elementor-widget-heading\" data-id=\"4c9ea2b\" data-element_type=\"widget\" data-widget_type=\"heading.default\">\n\t\t\t\t<div class=\"elementor-widget-container\">\n\t\t\t\t\t<h1 class=\"elementor-heading-title elementor-size-default\">Unser Ziel...<\/h1>\t\t\t\t<\/div>\n\t\t\t\t<\/div>\n\t\t\t\t<div class=\"elementor-element elementor-element-2cb46c7 elementor-widget elementor-widget-text-editor\" data-id=\"2cb46c7\" data-element_type=\"widget\" data-widget_type=\"text-editor.default\">\n\t\t\t\t<div class=\"elementor-widget-container\">\n\t\t\t\t\t\t\t\t\t<p>ist es, unseren Kunden dabei zu helfen, ihr Verm\u00f6gen zu sch\u00fctzen und ihre Steuerlast zu minimieren, indem wir alle Steuervorteile aussch\u00f6pfen, die ihnen zur Verf\u00fcgung stehen. Kontaktieren Sie uns, um mehr dar\u00fcber zu erfahren, wie wir Ihnen helfen k\u00f6nnen.<\/p>\t\t\t\t\t\t\t\t<\/div>\n\t\t\t\t<\/div>\n\t\t\t\t<\/div>\n\t\t\t\t<\/div>\n\t\t\t\t<\/div>\n\t\t\t\t\t<\/div>\n\t\t\t\t<\/div>\n\t\t<div class=\"elementor-element elementor-element-d159376 e-flex e-con-boxed e-con e-parent\" data-id=\"d159376\" data-element_type=\"container\" data-settings=\"{&quot;background_background&quot;:&quot;classic&quot;}\">\n\t\t\t\t\t<div class=\"e-con-inner\">\n\t\t<div class=\"elementor-element elementor-element-692c832 e-con-full e-flex e-con e-child\" data-id=\"692c832\" data-element_type=\"container\">\n\t\t\t\t<div class=\"elementor-element elementor-element-63cd8db elementor-widget elementor-widget-text-editor\" data-id=\"63cd8db\" data-element_type=\"widget\" data-widget_type=\"text-editor.default\">\n\t\t\t\t<div class=\"elementor-widget-container\">\n\t\t\t\t\t\t\t\t\t<p>Unsere Steuerberatungskanzlei bietet eine Vielzahl von Leistungen an, um Unternehmen und Privatpersonen bei steuerlichen Angelegenheiten zu unterst\u00fctzen. Hier sind einige der Leistungen, die von einer Steuerberatungskanzlei in Hamburg angeboten werden:<\/p>\t\t\t\t\t\t\t\t<\/div>\n\t\t\t\t<\/div>\n\t\t<div class=\"elementor-element elementor-element-6be9c4c e-con-full e-flex e-con e-child\" data-id=\"6be9c4c\" data-element_type=\"container\">\n\t\t<div class=\"elementor-element elementor-element-3977006 e-con-full e-flex e-con e-child\" data-id=\"3977006\" data-element_type=\"container\">\n\t\t\t\t<div class=\"elementor-element elementor-element-823bf7a elementor-widget elementor-widget-text-editor\" data-id=\"823bf7a\" data-element_type=\"widget\" data-widget_type=\"text-editor.default\">\n\t\t\t\t<div class=\"elementor-widget-container\">\n\t\t\t\t\t\t\t\t\t<p><strong>Finanzbuchhaltung:<\/strong> Hierzu geh\u00f6ren die Umsatzsteuervoranmeldung, die Erstellung von Kurzberichten und Auswertungen.<\/p><p><strong>Lohnbuchhaltung:<\/strong> Unsere Steuerberatungskanzlei unterst\u00fctzt Unternehmen bei der Lohnbuchhaltung, einschlie\u00dflich der Erstellung von Lohnabrechnungen und der Abf\u00fchrung von Sozialversicherungsbeitr\u00e4gen.<\/p><p><strong>Jahresabschl\u00fcsse:<\/strong> Unsere Steuerberatungskanzlei unterst\u00fctzt Unternehmen bei der Erstellung von Jahresabschl\u00fcssen.<\/p><p><strong>Steuererkl\u00e4rungen:<\/strong> Unsere Steuerberatungskanzlei unterst\u00fctz Unternehmen und Privatpersonen bei der Erstellung von Steuererkl\u00e4rungen.<\/p><p><strong>Einspruch- und Klageverfahren:<\/strong> Die Steuerberatungskanzlei kann Unternehmen und Privatpersonen bei Einspruch- und Klageverfahren vor dem Finanzamt oder Finanzgericht unterst\u00fctzen.<\/p><p><strong>Nachfolgeplanung:<\/strong> Die Steuerberatungskanzlei kann Unternehmen bei der Planung der Nachfolge unterst\u00fctzen.<\/p>\t\t\t\t\t\t\t\t<\/div>\n\t\t\t\t<\/div>\n\t\t\t\t<\/div>\n\t\t<div class=\"elementor-element elementor-element-eacb12a e-con-full e-flex e-con e-child\" data-id=\"eacb12a\" data-element_type=\"container\">\n\t\t\t\t<div class=\"elementor-element elementor-element-a21c819 elementor-widget elementor-widget-text-editor\" data-id=\"a21c819\" data-element_type=\"widget\" data-widget_type=\"text-editor.default\">\n\t\t\t\t<div class=\"elementor-widget-container\">\n\t\t\t\t\t\t\t\t\t<p><strong>Vertragspr\u00fcfung: <\/strong>Unsere Steuerberatungskanzlei pr\u00fcft Vertr\u00e4ge unter steuerlichen Aspekten.<\/p><p><strong>Steuerbelastungsvergleiche:<\/strong> Unsere Steuerberatungskanzlei unterst\u00fctzt Unternehmen bei der Ermittlung der Steuerbelastung.<\/p><p><strong>Testamentsvollstreckung:<\/strong> Unsere Steuerberatungskanzlei hilft bei der Testamentsvollstreckung.<\/p><p><strong>Beratung zur Steuergestaltung:<\/strong> Unsere Steuerberatungskanzlei ber\u00e4t Unternehmen und Privatpersonen bei der Steuergestaltung in Bezug auf Verm\u00f6gens\u00fcbertragung, Testamente, Unternehmensnachfolge und Erbschaft- und Schenkungssteuererkl\u00e4rungen.<\/p><p><strong>Umstrukturierungsma\u00dfnahmen:<\/strong> Unsere Steuerberatungskanzlei unterst\u00fctzt Unternehmen bei Umstrukturierungsma\u00dfnahmen wie Umwandlung, Verschmelzung, Teilung, Kooperation und Sanierung.<\/p>\t\t\t\t\t\t\t\t<\/div>\n\t\t\t\t<\/div>\n\t\t\t\t<\/div>\n\t\t\t\t<\/div>\n\t\t\t\t<\/div>\n\t\t\t\t\t<\/div>\n\t\t\t\t<\/div>\n\t\t<div class=\"elementor-element elementor-element-4399121 e-flex e-con-boxed e-con e-parent\" data-id=\"4399121\" data-element_type=\"container\" data-settings=\"{&quot;background_background&quot;:&quot;classic&quot;}\">\n\t\t\t\t\t<div class=\"e-con-inner\">\n\t\t<div class=\"elementor-element elementor-element-992d20f e-con-full e-flex e-con e-child\" data-id=\"992d20f\" data-element_type=\"container\" data-settings=\"{&quot;background_background&quot;:&quot;classic&quot;}\">\n\t\t\t\t<div class=\"elementor-element elementor-element-0cf6bba elementor-widget elementor-widget-heading\" data-id=\"0cf6bba\" data-element_type=\"widget\" data-widget_type=\"heading.default\">\n\t\t\t\t<div class=\"elementor-widget-container\">\n\t\t\t\t\t<h1 class=\"elementor-heading-title elementor-size-default\">\u00dcberzeugt? <br>Dann rechnen wir gern mit Ihnen<\/h1>\t\t\t\t<\/div>\n\t\t\t\t<\/div>\n\t\t\t\t<div class=\"elementor-element elementor-element-5d230d9 elementor-widget elementor-widget-text-editor\" data-id=\"5d230d9\" data-element_type=\"widget\" data-widget_type=\"text-editor.default\">\n\t\t\t\t<div class=\"elementor-widget-container\">\n\t\t\t\t\t\t\t\t\t<p>Ihr Team von Steuerberatungsgesellschaft mbH<\/p>\t\t\t\t\t\t\t\t<\/div>\n\t\t\t\t<\/div>\n\t\t\t\t<div class=\"elementor-element elementor-element-6bf1895 elementor-align-left elementor-widget elementor-widget-button\" data-id=\"6bf1895\" data-element_type=\"widget\" data-widget_type=\"button.default\">\n\t\t\t\t<div class=\"elementor-widget-container\">\n\t\t\t\t\t\t\t\t\t<div class=\"elementor-button-wrapper\">\n\t\t\t\t\t<a class=\"elementor-button elementor-button-link elementor-size-sm\" href=\"https:\/\/webery-server1.de\/t18-steuerberater\/kontakt\/\">\n\t\t\t\t\t\t<span class=\"elementor-button-content-wrapper\">\n\t\t\t\t\t\t\t\t\t<span class=\"elementor-button-text\">Kontakt aufnehmen!<\/span>\n\t\t\t\t\t<\/span>\n\t\t\t\t\t<\/a>\n\t\t\t\t<\/div>\n\t\t\t\t\t\t\t\t<\/div>\n\t\t\t\t<\/div>\n\t\t\t\t<\/div>\n\t\t<div class=\"elementor-element elementor-element-03526ee e-con-full e-flex e-con e-child\" data-id=\"03526ee\" data-element_type=\"container\">\n\t\t\t\t<\/div>\n\t\t\t\t\t<\/div>\n\t\t\t\t<\/div>\n\t\t\t\t<\/div>\n\t\t","protected":false},"excerpt":{"rendered":"<p>Ihre Steuern in sicheren H\u00e4nden! Wir bieten eine umfassende Steuerberatung f\u00fcr Privatpersonen, Gesellschaften, Gesellschafter, Einzelunternehmen und Freiberufler an. Wir helfen unseren Kunden bei der Anfertigung von Steuererkl\u00e4rungen und beraten sie zu allen steuerlichen Fragen. Als Steuerberatungskanzlei ist es unser Ziel, unseren Kunden dabei zu helfen, alle Steuervorteile auszusch\u00f6pfen, die ihnen zur Verf\u00fcgung stehen. Wir bieten [&hellip;]<\/p>\n","protected":false},"author":1,"featured_media":0,"parent":0,"menu_order":0,"comment_status":"closed","ping_status":"closed","template":"","meta":{"footnotes":""},"class_list":["post-793","page","type-page","status-publish","hentry"],"_links":{"self":[{"href":"https:\/\/webery-server1.de\/t18-steuerberater\/wp-json\/wp\/v2\/pages\/793","targetHints":{"allow":["GET"]}}],"collection":[{"href":"https:\/\/webery-server1.de\/t18-steuerberater\/wp-json\/wp\/v2\/pages"}],"about":[{"href":"https:\/\/webery-server1.de\/t18-steuerberater\/wp-json\/wp\/v2\/types\/page"}],"author":[{"embeddable":true,"href":"https:\/\/webery-server1.de\/t18-steuerberater\/wp-json\/wp\/v2\/users\/1"}],"replies":[{"embeddable":true,"href":"https:\/\/webery-server1.de\/t18-steuerberater\/wp-json\/wp\/v2\/comments?post=793"}],"version-history":[{"count":6,"href":"https:\/\/webery-server1.de\/t18-steuerberater\/wp-json\/wp\/v2\/pages\/793\/revisions"}],"predecessor-version":[{"id":1584,"href":"https:\/\/webery-server1.de\/t18-steuerberater\/wp-json\/wp\/v2\/pages\/793\/revisions\/1584"}],"wp:attachment":[{"href":"https:\/\/webery-server1.de\/t18-steuerberater\/wp-json\/wp\/v2\/media?parent=793"}],"curies":[{"name":"wp","href":"https:\/\/api.w.org\/{rel}","templated":true}]}}