{"id":11,"date":"2023-08-12T13:30:29","date_gmt":"2023-08-12T11:30:29","guid":{"rendered":"https:\/\/webery-server1.de\/t20-versicherung\/?page_id=11"},"modified":"2025-04-01T13:29:56","modified_gmt":"2025-04-01T11:29:56","slug":"startseite","status":"publish","type":"page","link":"https:\/\/webery-server1.de\/t20-versicherung\/","title":{"rendered":"Start"},"content":{"rendered":"\t\t<div data-elementor-type=\"wp-page\" data-elementor-id=\"11\" class=\"elementor elementor-11\" data-elementor-post-type=\"page\">\n\t\t\t\t<div class=\"elementor-element elementor-element-f76be6d e-con-full e-flex e-con e-parent\" data-id=\"f76be6d\" data-element_type=\"container\">\n\t\t<div class=\"elementor-element elementor-element-37d0ffe e-con-full e-flex e-con e-child\" data-id=\"37d0ffe\" data-element_type=\"container\">\n\t\t\t\t<div class=\"elementor-element elementor-element-ea6dfe5 elementor-widget elementor-widget-shortcode\" data-id=\"ea6dfe5\" data-element_type=\"widget\" data-widget_type=\"shortcode.default\">\n\t\t\t\t<div class=\"elementor-widget-container\">\n\t\t\t\t\t\t\t<div class=\"elementor-shortcode\"><\/div>\n\t\t\t\t\t\t<\/div>\n\t\t\t\t<\/div>\n\t\t\t\t<\/div>\n\t\t\t\t<\/div>\n\t\t<div class=\"elementor-element elementor-element-033d35b e-flex e-con-boxed e-con e-parent\" data-id=\"033d35b\" data-element_type=\"container\">\n\t\t\t\t\t<div class=\"e-con-inner\">\n\t\t<div class=\"elementor-element elementor-element-fcc7142 e-con-full e-flex e-con e-child\" data-id=\"fcc7142\" data-element_type=\"container\">\n\t\t<div class=\"elementor-element elementor-element-d5e8185 e-con-full e-flex e-con e-child\" data-id=\"d5e8185\" data-element_type=\"container\">\n\t\t<div class=\"elementor-element elementor-element-c8a601c e-con-full e-flex e-con e-child\" data-id=\"c8a601c\" data-element_type=\"container\">\n\t\t\t\t<div class=\"elementor-element elementor-element-4d9f88a elementor-widget elementor-widget-text-editor\" data-id=\"4d9f88a\" data-element_type=\"widget\" data-widget_type=\"text-editor.default\">\n\t\t\t\t<div class=\"elementor-widget-container\">\n\t\t\t\t\t\t\t\t\t<p>Als Versicherungsmakler in Hamburg beraten wir seit 1873 Privat- und Firmenkunden in allen Versicherungsfragen. Wir bieten individuelle L\u00f6sungen f\u00fcr Ihre Bed\u00fcrfnisse und stehen Ihnen mit unserer langj\u00e4hrigen Erfahrung zur Seite. Unsere Leistungen umfassen unter anderem:<\/p>\t\t\t\t\t\t\t\t<\/div>\n\t\t\t\t<\/div>\n\t\t\t\t<div class=\"elementor-element elementor-element-0175470 elementor-icon-list--layout-traditional elementor-list-item-link-full_width elementor-widget elementor-widget-icon-list\" data-id=\"0175470\" data-element_type=\"widget\" data-widget_type=\"icon-list.default\">\n\t\t\t\t<div class=\"elementor-widget-container\">\n\t\t\t\t\t\t\t<ul class=\"elementor-icon-list-items\">\n\t\t\t\t\t\t\t<li class=\"elementor-icon-list-item\">\n\t\t\t\t\t\t\t\t\t\t\t<span class=\"elementor-icon-list-icon\">\n\t\t\t\t\t\t\t<i aria-hidden=\"true\" class=\"icon icon-double-angle-pointing-to-right\"><\/i>\t\t\t\t\t\t<\/span>\n\t\t\t\t\t\t\t\t\t\t<span class=\"elementor-icon-list-text\">Beratung und Vermittlung von Versicherungen f\u00fcr Privat- und Firmenkunden<\/span>\n\t\t\t\t\t\t\t\t\t<\/li>\n\t\t\t\t\t\t\t\t<li class=\"elementor-icon-list-item\">\n\t\t\t\t\t\t\t\t\t\t\t<span class=\"elementor-icon-list-icon\">\n\t\t\t\t\t\t\t<i aria-hidden=\"true\" class=\"icon icon-double-angle-pointing-to-right\"><\/i>\t\t\t\t\t\t<\/span>\n\t\t\t\t\t\t\t\t\t\t<span class=\"elementor-icon-list-text\">Analyse und Optimierung bestehender Versicherungsvertr\u00e4ge<\/span>\n\t\t\t\t\t\t\t\t\t<\/li>\n\t\t\t\t\t\t\t\t<li class=\"elementor-icon-list-item\">\n\t\t\t\t\t\t\t\t\t\t\t<span class=\"elementor-icon-list-icon\">\n\t\t\t\t\t\t\t<i aria-hidden=\"true\" class=\"icon icon-double-angle-pointing-to-right\"><\/i>\t\t\t\t\t\t<\/span>\n\t\t\t\t\t\t\t\t\t\t<span class=\"elementor-icon-list-text\">Schadensregulierung und Unterst\u00fctzung im Schadensfall<\/span>\n\t\t\t\t\t\t\t\t\t<\/li>\n\t\t\t\t\t\t\t\t<li class=\"elementor-icon-list-item\">\n\t\t\t\t\t\t\t\t\t\t\t<span class=\"elementor-icon-list-icon\">\n\t\t\t\t\t\t\t<i aria-hidden=\"true\" class=\"icon icon-double-angle-pointing-to-right\"><\/i>\t\t\t\t\t\t<\/span>\n\t\t\t\t\t\t\t\t\t\t<span class=\"elementor-icon-list-text\">Pers\u00f6nliche Betreuung und individuelle Beratung<\/span>\n\t\t\t\t\t\t\t\t\t<\/li>\n\t\t\t\t\t\t<\/ul>\n\t\t\t\t\t\t<\/div>\n\t\t\t\t<\/div>\n\t\t\t\t<div class=\"elementor-element elementor-element-ec2d6d6 elementor-widget elementor-widget-text-editor\" data-id=\"ec2d6d6\" data-element_type=\"widget\" data-widget_type=\"text-editor.default\">\n\t\t\t\t<div class=\"elementor-widget-container\">\n\t\t\t\t\t\t\t\t\t<p>Als erfahrener Versicherungsmakler in Hamburg sind wir Ihr vertrauensvoller Partner in allen Versicherungsfragen. Kontaktieren Sie uns gerne f\u00fcr ein unverbindliches Beratungsgespr\u00e4ch<\/p>\t\t\t\t\t\t\t\t<\/div>\n\t\t\t\t<\/div>\n\t\t\t\t<div class=\"elementor-element elementor-element-ee784db elementor-widget elementor-widget-button\" data-id=\"ee784db\" data-element_type=\"widget\" data-widget_type=\"button.default\">\n\t\t\t\t<div class=\"elementor-widget-container\">\n\t\t\t\t\t\t\t\t\t<div class=\"elementor-button-wrapper\">\n\t\t\t\t\t<a class=\"elementor-button elementor-button-link elementor-size-sm\" href=\"https:\/\/webery-server1.de\/t20-versicherung\/kontakt\/\">\n\t\t\t\t\t\t<span class=\"elementor-button-content-wrapper\">\n\t\t\t\t\t\t\t\t\t<span class=\"elementor-button-text\">jetzt kontaktieren<\/span>\n\t\t\t\t\t<\/span>\n\t\t\t\t\t<\/a>\n\t\t\t\t<\/div>\n\t\t\t\t\t\t\t\t<\/div>\n\t\t\t\t<\/div>\n\t\t\t\t<\/div>\n\t\t<div class=\"elementor-element elementor-element-4c949a9 e-con-full e-flex e-con e-child\" data-id=\"4c949a9\" data-element_type=\"container\">\n\t\t\t\t<div class=\"elementor-element elementor-element-45e4d7c elementor-widget elementor-widget-image\" data-id=\"45e4d7c\" data-element_type=\"widget\" data-widget_type=\"image.default\">\n\t\t\t\t<div class=\"elementor-widget-container\">\n\t\t\t\t\t\t\t\t\t\t\t\t\t\t\t<img fetchpriority=\"high\" decoding=\"async\" width=\"800\" height=\"534\" src=\"https:\/\/webery-server1.de\/t20-versicherung\/wp-content\/uploads\/2023\/09\/AdobeStock_124036712-1024x684.jpeg\" class=\"attachment-large size-large wp-image-857\" alt=\"\" srcset=\"https:\/\/webery-server1.de\/t20-versicherung\/wp-content\/uploads\/2023\/09\/AdobeStock_124036712-1024x684.jpeg 1024w, https:\/\/webery-server1.de\/t20-versicherung\/wp-content\/uploads\/2023\/09\/AdobeStock_124036712-300x200.jpeg 300w, https:\/\/webery-server1.de\/t20-versicherung\/wp-content\/uploads\/2023\/09\/AdobeStock_124036712-768x513.jpeg 768w, https:\/\/webery-server1.de\/t20-versicherung\/wp-content\/uploads\/2023\/09\/AdobeStock_124036712-1536x1025.jpeg 1536w, https:\/\/webery-server1.de\/t20-versicherung\/wp-content\/uploads\/2023\/09\/AdobeStock_124036712.jpeg 2000w\" sizes=\"(max-width: 800px) 100vw, 800px\" \/>\t\t\t\t\t\t\t\t\t\t\t\t\t\t\t<\/div>\n\t\t\t\t<\/div>\n\t\t\t\t<\/div>\n\t\t\t\t<\/div>\n\t\t\t\t<\/div>\n\t\t\t\t\t<\/div>\n\t\t\t\t<\/div>\n\t\t<div class=\"elementor-element elementor-element-b988c76 e-flex e-con-boxed e-con e-parent\" data-id=\"b988c76\" data-element_type=\"container\" data-settings=\"{&quot;background_background&quot;:&quot;classic&quot;}\">\n\t\t\t\t\t<div class=\"e-con-inner\">\n\t\t<div class=\"elementor-element elementor-element-a91384a e-con-full e-flex e-con e-child\" data-id=\"a91384a\" data-element_type=\"container\">\n\t\t\t\t<div class=\"elementor-element elementor-element-5286b48 elementor-widget elementor-widget-heading\" data-id=\"5286b48\" data-element_type=\"widget\" data-widget_type=\"heading.default\">\n\t\t\t\t<div class=\"elementor-widget-container\">\n\t\t\t\t\t<h2 class=\"elementor-heading-title elementor-size-default\">Wir freuen uns auf Ihre Kontaktaufnahme.<\/h2>\t\t\t\t<\/div>\n\t\t\t\t<\/div>\n\t\t\t\t<div class=\"elementor-element elementor-element-c917326 elementor-align-center elementor-widget elementor-widget-button\" data-id=\"c917326\" data-element_type=\"widget\" data-widget_type=\"button.default\">\n\t\t\t\t<div class=\"elementor-widget-container\">\n\t\t\t\t\t\t\t\t\t<div class=\"elementor-button-wrapper\">\n\t\t\t\t\t<a class=\"elementor-button elementor-button-link elementor-size-sm\" href=\"https:\/\/webery-server1.de\/t20-versicherung\/kontakt\/\">\n\t\t\t\t\t\t<span class=\"elementor-button-content-wrapper\">\n\t\t\t\t\t\t\t\t\t<span class=\"elementor-button-text\">jetzt kontaktieren<\/span>\n\t\t\t\t\t<\/span>\n\t\t\t\t\t<\/a>\n\t\t\t\t<\/div>\n\t\t\t\t\t\t\t\t<\/div>\n\t\t\t\t<\/div>\n\t\t\t\t<\/div>\n\t\t\t\t\t<\/div>\n\t\t\t\t<\/div>\n\t\t\t\t<\/div>\n\t\t","protected":false},"excerpt":{"rendered":"<p>Als Versicherungsmakler in Hamburg beraten wir seit 1873 Privat- und Firmenkunden in allen Versicherungsfragen. Wir bieten individuelle L\u00f6sungen f\u00fcr Ihre Bed\u00fcrfnisse und stehen Ihnen mit unserer langj\u00e4hrigen Erfahrung zur Seite. Unsere Leistungen umfassen unter anderem: Beratung und Vermittlung von Versicherungen f\u00fcr Privat- und Firmenkunden Analyse und Optimierung bestehender Versicherungsvertr\u00e4ge Schadensregulierung und Unterst\u00fctzung im Schadensfall Pers\u00f6nliche [&hellip;]<\/p>\n","protected":false},"author":1,"featured_media":0,"parent":0,"menu_order":0,"comment_status":"closed","ping_status":"closed","template":"","meta":{"footnotes":""},"class_list":["post-11","page","type-page","status-publish","hentry"],"_links":{"self":[{"href":"https:\/\/webery-server1.de\/t20-versicherung\/wp-json\/wp\/v2\/pages\/11","targetHints":{"allow":["GET"]}}],"collection":[{"href":"https:\/\/webery-server1.de\/t20-versicherung\/wp-json\/wp\/v2\/pages"}],"about":[{"href":"https:\/\/webery-server1.de\/t20-versicherung\/wp-json\/wp\/v2\/types\/page"}],"author":[{"embeddable":true,"href":"https:\/\/webery-server1.de\/t20-versicherung\/wp-json\/wp\/v2\/users\/1"}],"replies":[{"embeddable":true,"href":"https:\/\/webery-server1.de\/t20-versicherung\/wp-json\/wp\/v2\/comments?post=11"}],"version-history":[{"count":6,"href":"https:\/\/webery-server1.de\/t20-versicherung\/wp-json\/wp\/v2\/pages\/11\/revisions"}],"predecessor-version":[{"id":967,"href":"https:\/\/webery-server1.de\/t20-versicherung\/wp-json\/wp\/v2\/pages\/11\/revisions\/967"}],"wp:attachment":[{"href":"https:\/\/webery-server1.de\/t20-versicherung\/wp-json\/wp\/v2\/media?parent=11"}],"curies":[{"name":"wp","href":"https:\/\/api.w.org\/{rel}","templated":true}]}}