{"id":599,"date":"2023-08-13T13:07:14","date_gmt":"2023-08-13T11:07:14","guid":{"rendered":"https:\/\/webery-server1.de\/t3-tischlerei\/?page_id=599"},"modified":"2025-03-26T12:50:51","modified_gmt":"2025-03-26T11:50:51","slug":"leistungen-2","status":"publish","type":"page","link":"https:\/\/webery-server1.de\/t3-tischlerei\/leistungen-2\/","title":{"rendered":"Terassen"},"content":{"rendered":"\t\t<div data-elementor-type=\"wp-page\" data-elementor-id=\"599\" class=\"elementor elementor-599\" data-elementor-post-type=\"page\">\n\t\t\t\t<div class=\"elementor-element elementor-element-b984ecb e-flex e-con-boxed e-con e-parent\" data-id=\"b984ecb\" data-element_type=\"container\" data-settings=\"{&quot;background_background&quot;:&quot;classic&quot;}\">\n\t\t\t\t\t<div class=\"e-con-inner\">\n\t\t<div class=\"elementor-element elementor-element-85c39ff e-con-full e-flex e-con e-child\" data-id=\"85c39ff\" data-element_type=\"container\">\n\t\t\t\t<div class=\"elementor-element elementor-element-addbbf2 elementor-widget elementor-widget-elementskit-heading\" data-id=\"addbbf2\" data-element_type=\"widget\" data-widget_type=\"elementskit-heading.default\">\n\t\t\t\t<div class=\"elementor-widget-container\">\n\t\t\t\t\t<div class=\"ekit-wid-con\" ><div class=\"ekit-heading elementskit-section-title-wraper text_center   ekit_heading_tablet-   ekit_heading_mobile-text_center\"><h1 class=\"ekit-heading--title elementskit-section-title \">Terassen<\/h1><\/div><\/div>\t\t\t\t<\/div>\n\t\t\t\t<\/div>\n\t\t\t\t<\/div>\n\t\t\t\t\t<\/div>\n\t\t\t\t<\/div>\n\t\t<div class=\"elementor-element elementor-element-563be6f e-flex e-con-boxed e-con e-parent\" data-id=\"563be6f\" data-element_type=\"container\">\n\t\t\t\t\t<div class=\"e-con-inner\">\n\t\t<div class=\"elementor-element elementor-element-e481d63 e-con-full e-flex e-con e-child\" data-id=\"e481d63\" data-element_type=\"container\">\n\t\t\t\t<div class=\"elementor-element elementor-element-d7b59ac elementor-widget elementor-widget-text-editor\" data-id=\"d7b59ac\" data-element_type=\"widget\" data-widget_type=\"text-editor.default\">\n\t\t\t\t<div class=\"elementor-widget-container\">\n\t\t\t\t\t\t\t\t\t<p>Unsere Tischlerei bietet Ihnen eine breite Auswahl an Holzarten und Holzoptiken f\u00fcr den Bau Ihrer Terrasse. Wir verwenden hochwertige H\u00f6lzer wie Teak, Bangkirai, L\u00e4rche und Douglasie, die sich durch ihre Robustheit und Langlebigkeit auszeichnen. Dar\u00fcber hinaus bieten wir auch Aluminiumpaneele in moderner Holzoptik an, die ein nat\u00fcrliches Aussehen ganz ohne die Nachteile von Holz bieten. Die Vorteile von Holzterrassen sind ihre nat\u00fcrliche Optik, die sich harmonisch in den Garten einf\u00fcgt, sowie ihre Widerstandsf\u00e4higkeit gegen\u00fcber Witterungseinfl\u00fcssen. Aluminiumpaneele in Holzoptik bieten den Vorteil, dass sie pflegeleichter und langlebiger sind als Holzterrassen, da sie nicht verrotten oder von Insekten befallen werden k\u00f6nnen.<\/p>\t\t\t\t\t\t\t\t<\/div>\n\t\t\t\t<\/div>\n\t\t\t\t<\/div>\n\t\t<div class=\"elementor-element elementor-element-e53671a e-con-full e-flex e-con e-child\" data-id=\"e53671a\" data-element_type=\"container\">\n\t\t\t\t<div class=\"elementor-element elementor-element-3f3bec1 elementor-widget elementor-widget-image\" data-id=\"3f3bec1\" data-element_type=\"widget\" data-widget_type=\"image.default\">\n\t\t\t\t<div class=\"elementor-widget-container\">\n\t\t\t\t\t\t\t\t\t\t\t\t\t\t\t<img fetchpriority=\"high\" decoding=\"async\" width=\"800\" height=\"448\" src=\"https:\/\/webery-server1.de\/t3-tischlerei\/wp-content\/uploads\/2023\/08\/AdobeStock_594974723-1024x574.jpeg\" class=\"attachment-large size-large wp-image-484\" alt=\"\" srcset=\"https:\/\/webery-server1.de\/t3-tischlerei\/wp-content\/uploads\/2023\/08\/AdobeStock_594974723-1024x574.jpeg 1024w, https:\/\/webery-server1.de\/t3-tischlerei\/wp-content\/uploads\/2023\/08\/AdobeStock_594974723-300x168.jpeg 300w, https:\/\/webery-server1.de\/t3-tischlerei\/wp-content\/uploads\/2023\/08\/AdobeStock_594974723-768x430.jpeg 768w, https:\/\/webery-server1.de\/t3-tischlerei\/wp-content\/uploads\/2023\/08\/AdobeStock_594974723-1536x861.jpeg 1536w, https:\/\/webery-server1.de\/t3-tischlerei\/wp-content\/uploads\/2023\/08\/AdobeStock_594974723.jpeg 2000w\" sizes=\"(max-width: 800px) 100vw, 800px\" \/>\t\t\t\t\t\t\t\t\t\t\t\t\t\t\t<\/div>\n\t\t\t\t<\/div>\n\t\t\t\t<\/div>\n\t\t\t\t\t<\/div>\n\t\t\t\t<\/div>\n\t\t<div class=\"elementor-element elementor-element-f5a1d85 e-flex e-con-boxed e-con e-parent\" data-id=\"f5a1d85\" data-element_type=\"container\">\n\t\t\t\t\t<div class=\"e-con-inner\">\n\t\t<div class=\"elementor-element elementor-element-2a2951c e-con-full e-flex e-con e-child\" data-id=\"2a2951c\" data-element_type=\"container\">\n\t\t<div class=\"elementor-element elementor-element-f912b04 e-con-full e-flex e-con e-child\" data-id=\"f912b04\" data-element_type=\"container\" data-settings=\"{&quot;background_background&quot;:&quot;classic&quot;}\">\n\t\t<div class=\"elementor-element elementor-element-4e3d833 e-con-full e-flex e-con e-child\" data-id=\"4e3d833\" data-element_type=\"container\">\n\t\t\t\t<div class=\"elementor-element elementor-element-196cf95 elementor-widget elementor-widget-heading\" data-id=\"196cf95\" data-element_type=\"widget\" data-widget_type=\"heading.default\">\n\t\t\t\t<div class=\"elementor-widget-container\">\n\t\t\t\t\t<h2 class=\"elementor-heading-title elementor-size-default\">Wir freuen uns auf Ihre Kontaktaufnahme.<\/h2>\t\t\t\t<\/div>\n\t\t\t\t<\/div>\n\t\t\t\t<\/div>\n\t\t<div class=\"elementor-element elementor-element-7495e64 e-con-full e-flex e-con e-child\" data-id=\"7495e64\" data-element_type=\"container\">\n\t\t\t\t<div class=\"elementor-element elementor-element-b31dcdb elementor-align-center elementor-widget elementor-widget-button\" data-id=\"b31dcdb\" data-element_type=\"widget\" data-widget_type=\"button.default\">\n\t\t\t\t<div class=\"elementor-widget-container\">\n\t\t\t\t\t\t\t\t\t<div class=\"elementor-button-wrapper\">\n\t\t\t\t\t<a class=\"elementor-button elementor-button-link elementor-size-sm\" href=\"\/t1-maler\/kontakt\">\n\t\t\t\t\t\t<span class=\"elementor-button-content-wrapper\">\n\t\t\t\t\t\t\t\t\t<span class=\"elementor-button-text\">jetzt kontaktieren<\/span>\n\t\t\t\t\t<\/span>\n\t\t\t\t\t<\/a>\n\t\t\t\t<\/div>\n\t\t\t\t\t\t\t\t<\/div>\n\t\t\t\t<\/div>\n\t\t\t\t<\/div>\n\t\t\t\t<\/div>\n\t\t\t\t<\/div>\n\t\t\t\t\t<\/div>\n\t\t\t\t<\/div>\n\t\t\t\t<\/div>\n\t\t","protected":false},"excerpt":{"rendered":"<p>Terassen Unsere Tischlerei bietet Ihnen eine breite Auswahl an Holzarten und Holzoptiken f\u00fcr den Bau Ihrer Terrasse. Wir verwenden hochwertige H\u00f6lzer wie Teak, Bangkirai, L\u00e4rche und Douglasie, die sich durch ihre Robustheit und Langlebigkeit auszeichnen. Dar\u00fcber hinaus bieten wir auch Aluminiumpaneele in moderner Holzoptik an, die ein nat\u00fcrliches Aussehen ganz ohne die Nachteile von Holz [&hellip;]<\/p>\n","protected":false},"author":1,"featured_media":0,"parent":0,"menu_order":0,"comment_status":"closed","ping_status":"closed","template":"","meta":{"footnotes":""},"class_list":["post-599","page","type-page","status-publish","hentry"],"_links":{"self":[{"href":"https:\/\/webery-server1.de\/t3-tischlerei\/wp-json\/wp\/v2\/pages\/599","targetHints":{"allow":["GET"]}}],"collection":[{"href":"https:\/\/webery-server1.de\/t3-tischlerei\/wp-json\/wp\/v2\/pages"}],"about":[{"href":"https:\/\/webery-server1.de\/t3-tischlerei\/wp-json\/wp\/v2\/types\/page"}],"author":[{"embeddable":true,"href":"https:\/\/webery-server1.de\/t3-tischlerei\/wp-json\/wp\/v2\/users\/1"}],"replies":[{"embeddable":true,"href":"https:\/\/webery-server1.de\/t3-tischlerei\/wp-json\/wp\/v2\/comments?post=599"}],"version-history":[{"count":3,"href":"https:\/\/webery-server1.de\/t3-tischlerei\/wp-json\/wp\/v2\/pages\/599\/revisions"}],"predecessor-version":[{"id":768,"href":"https:\/\/webery-server1.de\/t3-tischlerei\/wp-json\/wp\/v2\/pages\/599\/revisions\/768"}],"wp:attachment":[{"href":"https:\/\/webery-server1.de\/t3-tischlerei\/wp-json\/wp\/v2\/media?parent=599"}],"curies":[{"name":"wp","href":"https:\/\/api.w.org\/{rel}","templated":true}]}}