{"id":602,"date":"2023-08-13T13:08:48","date_gmt":"2023-08-13T11:08:48","guid":{"rendered":"https:\/\/webery-server1.de\/t3-tischlerei\/?page_id=602"},"modified":"2025-03-26T12:31:29","modified_gmt":"2025-03-26T11:31:29","slug":"einbauschraenke","status":"publish","type":"page","link":"https:\/\/webery-server1.de\/t3-tischlerei\/einbauschraenke\/","title":{"rendered":"Einbauschr\u00e4nke"},"content":{"rendered":"\t\t<div data-elementor-type=\"wp-page\" data-elementor-id=\"602\" class=\"elementor elementor-602\" data-elementor-post-type=\"page\">\n\t\t\t\t<div class=\"elementor-element elementor-element-b80d03c e-flex e-con-boxed e-con e-parent\" data-id=\"b80d03c\" data-element_type=\"container\" data-settings=\"{&quot;background_background&quot;:&quot;classic&quot;}\">\n\t\t\t\t\t<div class=\"e-con-inner\">\n\t\t<div class=\"elementor-element elementor-element-c98a893 e-con-full e-flex e-con e-child\" data-id=\"c98a893\" data-element_type=\"container\">\n\t\t\t\t<div class=\"elementor-element elementor-element-207fcaa elementor-widget elementor-widget-elementskit-heading\" data-id=\"207fcaa\" data-element_type=\"widget\" data-widget_type=\"elementskit-heading.default\">\n\t\t\t\t<div class=\"elementor-widget-container\">\n\t\t\t\t\t<div class=\"ekit-wid-con\" ><div class=\"ekit-heading elementskit-section-title-wraper text_center   ekit_heading_tablet-   ekit_heading_mobile-text_center\"><h1 class=\"ekit-heading--title elementskit-section-title \">Enbauschr\u00e4nke<\/h1><\/div><\/div>\t\t\t\t<\/div>\n\t\t\t\t<\/div>\n\t\t\t\t<\/div>\n\t\t\t\t\t<\/div>\n\t\t\t\t<\/div>\n\t\t<div class=\"elementor-element elementor-element-af42c3c e-flex e-con-boxed e-con e-parent\" data-id=\"af42c3c\" data-element_type=\"container\">\n\t\t\t\t\t<div class=\"e-con-inner\">\n\t\t<div class=\"elementor-element elementor-element-f8b048b e-con-full e-flex e-con e-child\" data-id=\"f8b048b\" data-element_type=\"container\">\n\t\t\t\t<div class=\"elementor-element elementor-element-579af50 elementor-widget elementor-widget-text-editor\" data-id=\"579af50\" data-element_type=\"widget\" data-widget_type=\"text-editor.default\">\n\t\t\t\t<div class=\"elementor-widget-container\">\n\t\t\t\t\t\t\t\t\t<p>Unsere Tischlerei fertigt Einbauschr\u00e4nke nach Ma\u00df f\u00fcr unsere Kunden an. Einbauschr\u00e4nke bieten viele Vorteile, da sie individuell angepasst werden k\u00f6nnen und somit optimal in den Raum passen. Sie k\u00f6nnen aus verschiedenen Materialien gefertigt werden, sowohl innen als auch au\u00dfen. F\u00fcr Stabilit\u00e4t empfehlen wir eine Materialst\u00e4rke von 19 mm f\u00fcr Korpus und Fronten und 25 mm f\u00fcr besonders belastete Einlegeb\u00f6den. Die R\u00fcckw\u00e4nde k\u00f6nnen aus verschiedenen Materialien wie Spanplatte oder MDF-Platte bestehen. Unsere Schreiner beraten unsere Kunden gerne ausf\u00fchrlich \u00fcber die verschiedenen Materialien und Kosten.<\/p>\t\t\t\t\t\t\t\t<\/div>\n\t\t\t\t<\/div>\n\t\t\t\t<div class=\"elementor-element elementor-element-c0ac3fb elementor-align-left elementor-widget elementor-widget-button\" data-id=\"c0ac3fb\" data-element_type=\"widget\" data-widget_type=\"button.default\">\n\t\t\t\t<div class=\"elementor-widget-container\">\n\t\t\t\t\t\t\t\t\t<div class=\"elementor-button-wrapper\">\n\t\t\t\t\t<a class=\"elementor-button elementor-button-link elementor-size-sm\" href=\"\/t1-maler\/kontakt\">\n\t\t\t\t\t\t<span class=\"elementor-button-content-wrapper\">\n\t\t\t\t\t\t\t\t\t<span class=\"elementor-button-text\">jetzt kontaktieren<\/span>\n\t\t\t\t\t<\/span>\n\t\t\t\t\t<\/a>\n\t\t\t\t<\/div>\n\t\t\t\t\t\t\t\t<\/div>\n\t\t\t\t<\/div>\n\t\t\t\t<\/div>\n\t\t<div class=\"elementor-element elementor-element-aa1d7ca e-con-full e-flex e-con e-child\" data-id=\"aa1d7ca\" data-element_type=\"container\">\n\t\t\t\t<div class=\"elementor-element elementor-element-75b178f elementor-widget elementor-widget-image\" data-id=\"75b178f\" data-element_type=\"widget\" data-widget_type=\"image.default\">\n\t\t\t\t<div class=\"elementor-widget-container\">\n\t\t\t\t\t\t\t\t\t\t\t\t\t\t\t<img fetchpriority=\"high\" decoding=\"async\" width=\"800\" height=\"448\" src=\"https:\/\/webery-server1.de\/t3-tischlerei\/wp-content\/uploads\/2023\/08\/AdobeStock_610788329-1024x574.jpeg\" class=\"attachment-large size-large wp-image-486\" alt=\"\" srcset=\"https:\/\/webery-server1.de\/t3-tischlerei\/wp-content\/uploads\/2023\/08\/AdobeStock_610788329-1024x574.jpeg 1024w, https:\/\/webery-server1.de\/t3-tischlerei\/wp-content\/uploads\/2023\/08\/AdobeStock_610788329-300x168.jpeg 300w, https:\/\/webery-server1.de\/t3-tischlerei\/wp-content\/uploads\/2023\/08\/AdobeStock_610788329-768x430.jpeg 768w, https:\/\/webery-server1.de\/t3-tischlerei\/wp-content\/uploads\/2023\/08\/AdobeStock_610788329-1536x861.jpeg 1536w, https:\/\/webery-server1.de\/t3-tischlerei\/wp-content\/uploads\/2023\/08\/AdobeStock_610788329.jpeg 2000w\" sizes=\"(max-width: 800px) 100vw, 800px\" \/>\t\t\t\t\t\t\t\t\t\t\t\t\t\t\t<\/div>\n\t\t\t\t<\/div>\n\t\t\t\t<\/div>\n\t\t\t\t\t<\/div>\n\t\t\t\t<\/div>\n\t\t<div class=\"elementor-element elementor-element-b291894 e-flex e-con-boxed e-con e-parent\" data-id=\"b291894\" data-element_type=\"container\" data-settings=\"{&quot;background_background&quot;:&quot;classic&quot;}\">\n\t\t\t\t\t<div class=\"e-con-inner\">\n\t\t<div class=\"elementor-element elementor-element-8bdf80b e-con-full e-flex e-con e-child\" data-id=\"8bdf80b\" data-element_type=\"container\">\n\t\t\t\t<div class=\"elementor-element elementor-element-a5e856f elementor-widget elementor-widget-text-editor\" data-id=\"a5e856f\" data-element_type=\"widget\" data-widget_type=\"text-editor.default\">\n\t\t\t\t<div class=\"elementor-widget-container\">\n\t\t\t\t\t\t\t\t\t<p>Einbauschr\u00e4nke k\u00f6nnen aus verschiedenen Materialien gefertigt werden, und jedes Material hat seine Vor- und Nachteile. Hier sind einige Vor- und Nachteile der g\u00e4ngigsten Materialien f\u00fcr Einbauschr\u00e4nke:<\/p>\t\t\t\t\t\t\t\t<\/div>\n\t\t\t\t<\/div>\n\t\t<div class=\"elementor-element elementor-element-fd47f7c e-con-full e-flex e-con e-child\" data-id=\"fd47f7c\" data-element_type=\"container\">\n\t\t<div class=\"elementor-element elementor-element-d6dcc47 e-con-full e-flex e-con e-child\" data-id=\"d6dcc47\" data-element_type=\"container\">\n\t\t\t\t<div class=\"elementor-element elementor-element-e3cf2ea ekit-equal-height-enable elementor-widget elementor-widget-elementskit-icon-box\" data-id=\"e3cf2ea\" data-element_type=\"widget\" data-widget_type=\"elementskit-icon-box.default\">\n\t\t\t\t<div class=\"elementor-widget-container\">\n\t\t\t\t\t<div class=\"ekit-wid-con\" >        <!-- link opening -->\n                <a href=\"#\" class=\"ekit_global_links\">\n                <!-- end link opening -->\n\n        <div class=\"elementskit-infobox text-left text-left icon-lef-right-aligin elementor-animation- media  \">\n                    <div class=\"elementskit-box-header elementor-animation-\">\n                <div class=\"elementskit-info-box-icon  text-center\">\n                    <i aria-hidden=\"true\" class=\"elementkit-infobox-icon icon icon-chevron-right\"><\/i>\n                <\/div>\n          <\/div>\n                        <div class=\"box-body\">\n                            <h3 class=\"elementskit-info-box-title\">\n                    Sperrholz                <\/h3>\n                        \t\t  \t<p>robust, langlebig und schwer, aber relativ preiswert<\/p>\n                                <\/div>\n        \n        \n                <\/div>\n                <\/a>\n        <\/div>\t\t\t\t<\/div>\n\t\t\t\t<\/div>\n\t\t\t\t<\/div>\n\t\t<div class=\"elementor-element elementor-element-de1572a e-con-full e-flex e-con e-child\" data-id=\"de1572a\" data-element_type=\"container\">\n\t\t\t\t<div class=\"elementor-element elementor-element-0336555 ekit-equal-height-enable elementor-widget elementor-widget-elementskit-icon-box\" data-id=\"0336555\" data-element_type=\"widget\" data-widget_type=\"elementskit-icon-box.default\">\n\t\t\t\t<div class=\"elementor-widget-container\">\n\t\t\t\t\t<div class=\"ekit-wid-con\" >        <!-- link opening -->\n                <a href=\"#\" class=\"ekit_global_links\">\n                <!-- end link opening -->\n\n        <div class=\"elementskit-infobox text-left text-left icon-lef-right-aligin elementor-animation- media  \">\n                    <div class=\"elementskit-box-header elementor-animation-\">\n                <div class=\"elementskit-info-box-icon  text-center\">\n                    <i aria-hidden=\"true\" class=\"elementkit-infobox-icon icon icon-chevron-right\"><\/i>\n                <\/div>\n          <\/div>\n                        <div class=\"box-body\">\n                            <h3 class=\"elementskit-info-box-title\">\n                    MDF-Platte                <\/h3>\n                        \t\t  \t<p>glatt, stabil und leicht zu bearbeiten, aber nicht so robust wie Sperrholz<\/p>\n                                <\/div>\n        \n        \n                <\/div>\n                <\/a>\n        <\/div>\t\t\t\t<\/div>\n\t\t\t\t<\/div>\n\t\t\t\t<\/div>\n\t\t<div class=\"elementor-element elementor-element-332517c e-con-full e-flex e-con e-child\" data-id=\"332517c\" data-element_type=\"container\">\n\t\t\t\t<div class=\"elementor-element elementor-element-ee3adb3 ekit-equal-height-enable elementor-widget elementor-widget-elementskit-icon-box\" data-id=\"ee3adb3\" data-element_type=\"widget\" data-widget_type=\"elementskit-icon-box.default\">\n\t\t\t\t<div class=\"elementor-widget-container\">\n\t\t\t\t\t<div class=\"ekit-wid-con\" >        <!-- link opening -->\n                <a href=\"#\" class=\"ekit_global_links\">\n                <!-- end link opening -->\n\n        <div class=\"elementskit-infobox text-left text-left icon-lef-right-aligin elementor-animation- media  \">\n                    <div class=\"elementskit-box-header elementor-animation-\">\n                <div class=\"elementskit-info-box-icon  text-center\">\n                    <i aria-hidden=\"true\" class=\"elementkit-infobox-icon icon icon-chevron-right\"><\/i>\n                <\/div>\n          <\/div>\n                        <div class=\"box-body\">\n                            <h3 class=\"elementskit-info-box-title\">\n                    Massivholz                <\/h3>\n                        \t\t  \t<p>langlebig, robust und sch\u00f6n, aber teuer und anf\u00e4llig f\u00fcr Verformungen durch Feuchtigkeit und Temperatur. <\/p>\n                                <\/div>\n        \n        \n                <\/div>\n                <\/a>\n        <\/div>\t\t\t\t<\/div>\n\t\t\t\t<\/div>\n\t\t\t\t<\/div>\n\t\t\t\t<\/div>\n\t\t<div class=\"elementor-element elementor-element-cc3efda e-con-full e-flex e-con e-child\" data-id=\"cc3efda\" data-element_type=\"container\">\n\t\t<div class=\"elementor-element elementor-element-941e52b e-con-full e-flex e-con e-child\" data-id=\"941e52b\" data-element_type=\"container\">\n\t\t\t\t<div class=\"elementor-element elementor-element-4618ef9 ekit-equal-height-enable elementor-widget elementor-widget-elementskit-icon-box\" data-id=\"4618ef9\" data-element_type=\"widget\" data-widget_type=\"elementskit-icon-box.default\">\n\t\t\t\t<div class=\"elementor-widget-container\">\n\t\t\t\t\t<div class=\"ekit-wid-con\" >        <!-- link opening -->\n                <a href=\"#\" class=\"ekit_global_links\">\n                <!-- end link opening -->\n\n        <div class=\"elementskit-infobox text-left text-left icon-lef-right-aligin elementor-animation- media  \">\n                    <div class=\"elementskit-box-header elementor-animation-\">\n                <div class=\"elementskit-info-box-icon  text-center\">\n                    <i aria-hidden=\"true\" class=\"elementkit-infobox-icon icon icon-chevron-right\"><\/i>\n                <\/div>\n          <\/div>\n                        <div class=\"box-body\">\n                            <h3 class=\"elementskit-info-box-title\">\n                    Melamin                <\/h3>\n                        \t\t  \t<p>preiswert, leicht zu reinigen und in vielen Farben erh\u00e4ltlich, aber nicht so robust wie andere Materialien<\/p>\n                                <\/div>\n        \n        \n                <\/div>\n                <\/a>\n        <\/div>\t\t\t\t<\/div>\n\t\t\t\t<\/div>\n\t\t\t\t<\/div>\n\t\t<div class=\"elementor-element elementor-element-ca7b57c e-con-full e-flex e-con e-child\" data-id=\"ca7b57c\" data-element_type=\"container\">\n\t\t\t\t<div class=\"elementor-element elementor-element-d5ef461 ekit-equal-height-enable elementor-widget elementor-widget-elementskit-icon-box\" data-id=\"d5ef461\" data-element_type=\"widget\" data-widget_type=\"elementskit-icon-box.default\">\n\t\t\t\t<div class=\"elementor-widget-container\">\n\t\t\t\t\t<div class=\"ekit-wid-con\" >        <!-- link opening -->\n                <a href=\"#\" class=\"ekit_global_links\">\n                <!-- end link opening -->\n\n        <div class=\"elementskit-infobox text-left text-left icon-lef-right-aligin elementor-animation- media  \">\n                    <div class=\"elementskit-box-header elementor-animation-\">\n                <div class=\"elementskit-info-box-icon  text-center\">\n                    <i aria-hidden=\"true\" class=\"elementkit-infobox-icon icon icon-chevron-right\"><\/i>\n                <\/div>\n          <\/div>\n                        <div class=\"box-body\">\n                            <h3 class=\"elementskit-info-box-title\">\n                    Laminat                <\/h3>\n                        \t\t  \t<p>preiswert, robust und leicht zu reinigen, aber nicht so sch\u00f6n wie Massivholz<\/p>\n                                <\/div>\n        \n        \n                <\/div>\n                <\/a>\n        <\/div>\t\t\t\t<\/div>\n\t\t\t\t<\/div>\n\t\t\t\t<\/div>\n\t\t<div class=\"elementor-element elementor-element-e755b52 e-con-full e-flex e-con e-child\" data-id=\"e755b52\" data-element_type=\"container\">\n\t\t\t\t<div class=\"elementor-element elementor-element-9169a08 ekit-equal-height-enable elementor-widget elementor-widget-elementskit-icon-box\" data-id=\"9169a08\" data-element_type=\"widget\" data-widget_type=\"elementskit-icon-box.default\">\n\t\t\t\t<div class=\"elementor-widget-container\">\n\t\t\t\t\t<div class=\"ekit-wid-con\" >        <!-- link opening -->\n                <a href=\"#\" class=\"ekit_global_links\">\n                <!-- end link opening -->\n\n        <div class=\"elementskit-infobox text-left text-left icon-lef-right-aligin elementor-animation- media  \">\n                    <div class=\"elementskit-box-header elementor-animation-\">\n                <div class=\"elementskit-info-box-icon  text-center\">\n                    <i aria-hidden=\"true\" class=\"elementkit-infobox-icon icon icon-chevron-right\"><\/i>\n                <\/div>\n          <\/div>\n                        <div class=\"box-body\">\n                            <h3 class=\"elementskit-info-box-title\">\n                    Lack                <\/h3>\n                        \t\t  \t<p>sch\u00f6n und langlebig, aber teuer und anf\u00e4llig f\u00fcr Kratzer und Abplatzungen<\/p>\n                                <\/div>\n        \n        \n                <\/div>\n                <\/a>\n        <\/div>\t\t\t\t<\/div>\n\t\t\t\t<\/div>\n\t\t\t\t<\/div>\n\t\t\t\t<\/div>\n\t\t\t\t<div class=\"elementor-element elementor-element-418857f elementor-widget elementor-widget-spacer\" data-id=\"418857f\" data-element_type=\"widget\" data-widget_type=\"spacer.default\">\n\t\t\t\t<div class=\"elementor-widget-container\">\n\t\t\t\t\t\t\t<div class=\"elementor-spacer\">\n\t\t\t<div class=\"elementor-spacer-inner\"><\/div>\n\t\t<\/div>\n\t\t\t\t\t\t<\/div>\n\t\t\t\t<\/div>\n\t\t\t\t<div class=\"elementor-element elementor-element-74e8616 elementor-widget elementor-widget-text-editor\" data-id=\"74e8616\" data-element_type=\"widget\" data-widget_type=\"text-editor.default\">\n\t\t\t\t<div class=\"elementor-widget-container\">\n\t\t\t\t\t\t\t\t\t<p>Unsere Schreiner beraten unsere Kunden gerne ausf\u00fchrlich \u00fcber die verschiedenen Materialien und helfen ihnen bei der Auswahl des besten Materials f\u00fcr ihre Bed\u00fcrfnisse und Budgets.<\/p>\t\t\t\t\t\t\t\t<\/div>\n\t\t\t\t<\/div>\n\t\t\t\t<\/div>\n\t\t\t\t\t<\/div>\n\t\t\t\t<\/div>\n\t\t<div class=\"elementor-element elementor-element-286c037 e-flex e-con-boxed e-con e-parent\" data-id=\"286c037\" data-element_type=\"container\">\n\t\t\t\t\t<div class=\"e-con-inner\">\n\t\t<div class=\"elementor-element elementor-element-df70c72 e-con-full e-flex e-con e-child\" data-id=\"df70c72\" data-element_type=\"container\">\n\t\t<div class=\"elementor-element elementor-element-7960e7d e-con-full e-flex e-con e-child\" data-id=\"7960e7d\" data-element_type=\"container\" data-settings=\"{&quot;background_background&quot;:&quot;classic&quot;}\">\n\t\t<div class=\"elementor-element elementor-element-f2eeb65 e-con-full e-flex e-con e-child\" data-id=\"f2eeb65\" data-element_type=\"container\">\n\t\t\t\t<div class=\"elementor-element elementor-element-6acf6cb elementor-widget elementor-widget-heading\" data-id=\"6acf6cb\" data-element_type=\"widget\" data-widget_type=\"heading.default\">\n\t\t\t\t<div class=\"elementor-widget-container\">\n\t\t\t\t\t<h2 class=\"elementor-heading-title elementor-size-default\">Wir freuen uns auf Ihre Kontaktaufnahme.<\/h2>\t\t\t\t<\/div>\n\t\t\t\t<\/div>\n\t\t\t\t<\/div>\n\t\t<div class=\"elementor-element elementor-element-651e7d2 e-con-full e-flex e-con e-child\" data-id=\"651e7d2\" data-element_type=\"container\">\n\t\t\t\t<div class=\"elementor-element elementor-element-a219a68 elementor-align-center elementor-widget elementor-widget-button\" data-id=\"a219a68\" data-element_type=\"widget\" data-widget_type=\"button.default\">\n\t\t\t\t<div class=\"elementor-widget-container\">\n\t\t\t\t\t\t\t\t\t<div class=\"elementor-button-wrapper\">\n\t\t\t\t\t<a class=\"elementor-button elementor-button-link elementor-size-sm\" href=\"\/t1-maler\/kontakt\">\n\t\t\t\t\t\t<span class=\"elementor-button-content-wrapper\">\n\t\t\t\t\t\t\t\t\t<span class=\"elementor-button-text\">jetzt kontaktieren<\/span>\n\t\t\t\t\t<\/span>\n\t\t\t\t\t<\/a>\n\t\t\t\t<\/div>\n\t\t\t\t\t\t\t\t<\/div>\n\t\t\t\t<\/div>\n\t\t\t\t<\/div>\n\t\t\t\t<\/div>\n\t\t\t\t<\/div>\n\t\t\t\t\t<\/div>\n\t\t\t\t<\/div>\n\t\t\t\t<\/div>\n\t\t","protected":false},"excerpt":{"rendered":"<p>Enbauschr\u00e4nke Unsere Tischlerei fertigt Einbauschr\u00e4nke nach Ma\u00df f\u00fcr unsere Kunden an. Einbauschr\u00e4nke bieten viele Vorteile, da sie individuell angepasst werden k\u00f6nnen und somit optimal in den Raum passen. Sie k\u00f6nnen aus verschiedenen Materialien gefertigt werden, sowohl innen als auch au\u00dfen. F\u00fcr Stabilit\u00e4t empfehlen wir eine Materialst\u00e4rke von 19 mm f\u00fcr Korpus und Fronten und 25 [&hellip;]<\/p>\n","protected":false},"author":1,"featured_media":0,"parent":0,"menu_order":0,"comment_status":"closed","ping_status":"closed","template":"","meta":{"footnotes":""},"class_list":["post-602","page","type-page","status-publish","hentry"],"_links":{"self":[{"href":"https:\/\/webery-server1.de\/t3-tischlerei\/wp-json\/wp\/v2\/pages\/602","targetHints":{"allow":["GET"]}}],"collection":[{"href":"https:\/\/webery-server1.de\/t3-tischlerei\/wp-json\/wp\/v2\/pages"}],"about":[{"href":"https:\/\/webery-server1.de\/t3-tischlerei\/wp-json\/wp\/v2\/types\/page"}],"author":[{"embeddable":true,"href":"https:\/\/webery-server1.de\/t3-tischlerei\/wp-json\/wp\/v2\/users\/1"}],"replies":[{"embeddable":true,"href":"https:\/\/webery-server1.de\/t3-tischlerei\/wp-json\/wp\/v2\/comments?post=602"}],"version-history":[{"count":3,"href":"https:\/\/webery-server1.de\/t3-tischlerei\/wp-json\/wp\/v2\/pages\/602\/revisions"}],"predecessor-version":[{"id":743,"href":"https:\/\/webery-server1.de\/t3-tischlerei\/wp-json\/wp\/v2\/pages\/602\/revisions\/743"}],"wp:attachment":[{"href":"https:\/\/webery-server1.de\/t3-tischlerei\/wp-json\/wp\/v2\/media?parent=602"}],"curies":[{"name":"wp","href":"https:\/\/api.w.org\/{rel}","templated":true}]}}