{"id":85,"date":"2023-08-12T14:17:58","date_gmt":"2023-08-12T12:17:58","guid":{"rendered":"https:\/\/webery-server1.de\/t3-tischlerei\/?page_id=85"},"modified":"2025-03-26T12:52:09","modified_gmt":"2025-03-26T11:52:09","slug":"ueber-uns","status":"publish","type":"page","link":"https:\/\/webery-server1.de\/t3-tischlerei\/ueber-uns\/","title":{"rendered":"\u00dcber Uns"},"content":{"rendered":"\t\t<div data-elementor-type=\"wp-page\" data-elementor-id=\"85\" class=\"elementor elementor-85\" data-elementor-post-type=\"page\">\n\t\t\t\t<div class=\"elementor-element elementor-element-342ca78 e-flex e-con-boxed e-con e-parent\" data-id=\"342ca78\" data-element_type=\"container\" data-settings=\"{&quot;background_background&quot;:&quot;classic&quot;}\">\n\t\t\t\t\t<div class=\"e-con-inner\">\n\t\t<div class=\"elementor-element elementor-element-38b176a e-con-full e-flex e-con e-child\" data-id=\"38b176a\" data-element_type=\"container\">\n\t\t\t\t<div class=\"elementor-element elementor-element-bc73cf6 elementor-widget elementor-widget-elementskit-heading\" data-id=\"bc73cf6\" data-element_type=\"widget\" data-widget_type=\"elementskit-heading.default\">\n\t\t\t\t<div class=\"elementor-widget-container\">\n\t\t\t\t\t<div class=\"ekit-wid-con\" ><div class=\"ekit-heading elementskit-section-title-wraper text_center   ekit_heading_tablet-   ekit_heading_mobile-text_center\"><h1 class=\"ekit-heading--title elementskit-section-title \">\u00dcber Uns<\/h1><\/div><\/div>\t\t\t\t<\/div>\n\t\t\t\t<\/div>\n\t\t\t\t<\/div>\n\t\t\t\t\t<\/div>\n\t\t\t\t<\/div>\n\t\t<div class=\"elementor-element elementor-element-3cd5e77 e-flex e-con-boxed e-con e-parent\" data-id=\"3cd5e77\" data-element_type=\"container\">\n\t\t\t\t\t<div class=\"e-con-inner\">\n\t\t<div class=\"elementor-element elementor-element-11d4032 e-con-full e-flex e-con e-child\" data-id=\"11d4032\" data-element_type=\"container\">\n\t\t\t\t<div class=\"elementor-element elementor-element-742930b elementor-widget elementor-widget-heading\" data-id=\"742930b\" data-element_type=\"widget\" data-widget_type=\"heading.default\">\n\t\t\t\t<div class=\"elementor-widget-container\">\n\t\t\t\t\t<h2 class=\"elementor-heading-title elementor-size-default\">\u00dcber 50 Jahre Erfahrung und Qualit\u00e4t\nTischlerei M\u00fcller in Hamburg\n<\/h2>\t\t\t\t<\/div>\n\t\t\t\t<\/div>\n\t\t\t\t<div class=\"elementor-element elementor-element-353352a elementor-widget elementor-widget-text-editor\" data-id=\"353352a\" data-element_type=\"widget\" data-widget_type=\"text-editor.default\">\n\t\t\t\t<div class=\"elementor-widget-container\">\n\t\t\t\t\t\t\t\t\t<p>Im Jahr 1970 wurde die Tischlerei M\u00fcller in Hamburg gegr\u00fcndet und begann ihre Erfolgsgeschichte mit einer kleinen Werkstatt im Ahorn Weg. Als eine der ersten Tischlereien in Norddeutschland wurde 1974 das Angebot von Kunststofffenstern hinzugef\u00fcgt, was sich als gro\u00dfer Erfolg herausstellte. Im Jahr 1978 zog die Tischlerei in gr\u00f6\u00dfere R\u00e4umlichkeiten am Hanseberge 11 um, die ein B\u00fcro, eine Werkstatt und Ausstellungsr\u00e4ume umfassen. Hier werden nicht nur Fenster und Haust\u00fcren aus Kunststoff, Holz und Aluminium in verschiedenen Strukturen und Farben gezeigt, sondern auch K\u00fcchen, Einbauschr\u00e4nke und M\u00f6bel handgefertigt auf Ma\u00df. Seit 2006 f\u00fchrt Martin M\u00fcller, ein ehemaliger Auszubildender, die Gesch\u00e4fte der Firma. Die Kernkompetenzen der Tischlerei Martin M\u00fcller sind M\u00f6belbau, Ladenbau, Badm\u00f6bel, Haust\u00fcren, Zimmert\u00fcren, Treppen mit Holz-, Glas- und Edelstahlgel\u00e4nder, Innenausbau, Einrichtung, Objektbau, Planung, K\u00fcchen, Innenarchitektur, Einbruchschutz, ma\u00dfgefertigte Einbauschr\u00e4nke, Badezimmerm\u00f6bel, Fu\u00dfb\u00f6den, Trockenbau, Wohn- und Schlafm\u00f6bel, B\u00fcro-\/Objekteinrichtung, Terrassen und Beschattung. Von der Planung bis zur Durchf\u00fchrung erfolgt die gesamte Leistung aus einer Hand und qualitativ hochwertig mit den eigenen Gesellen und Auszubildenden. Die Tischlerei M\u00fcller steht seit \u00fcber 50 Jahren ihren Kunden zur Seite und bietet Rat und Tat.<\/p>\t\t\t\t\t\t\t\t<\/div>\n\t\t\t\t<\/div>\n\t\t\t\t<\/div>\n\t\t<div class=\"elementor-element elementor-element-8d9e1d9 e-con-full e-flex e-con e-child\" data-id=\"8d9e1d9\" data-element_type=\"container\">\n\t\t\t\t<div class=\"elementor-element elementor-element-04c20f7 elementor-widget elementor-widget-image\" data-id=\"04c20f7\" data-element_type=\"widget\" data-widget_type=\"image.default\">\n\t\t\t\t<div class=\"elementor-widget-container\">\n\t\t\t\t\t\t\t\t\t\t\t\t\t\t\t<img fetchpriority=\"high\" decoding=\"async\" width=\"800\" height=\"534\" src=\"https:\/\/webery-server1.de\/t3-tischlerei\/wp-content\/uploads\/2023\/08\/Tischler-Silder1-1024x684.jpeg\" class=\"attachment-large size-large wp-image-491\" alt=\"\" srcset=\"https:\/\/webery-server1.de\/t3-tischlerei\/wp-content\/uploads\/2023\/08\/Tischler-Silder1-1024x684.jpeg 1024w, https:\/\/webery-server1.de\/t3-tischlerei\/wp-content\/uploads\/2023\/08\/Tischler-Silder1-300x200.jpeg 300w, https:\/\/webery-server1.de\/t3-tischlerei\/wp-content\/uploads\/2023\/08\/Tischler-Silder1-768x513.jpeg 768w, https:\/\/webery-server1.de\/t3-tischlerei\/wp-content\/uploads\/2023\/08\/Tischler-Silder1-1536x1025.jpeg 1536w, https:\/\/webery-server1.de\/t3-tischlerei\/wp-content\/uploads\/2023\/08\/Tischler-Silder1.jpeg 2000w\" sizes=\"(max-width: 800px) 100vw, 800px\" \/>\t\t\t\t\t\t\t\t\t\t\t\t\t\t\t<\/div>\n\t\t\t\t<\/div>\n\t\t<div class=\"elementor-element elementor-element-1f95472 e-con-full e-flex e-con e-child\" data-id=\"1f95472\" data-element_type=\"container\">\n\t\t<div class=\"elementor-element elementor-element-1f00de0 e-con-full e-flex e-con e-child\" data-id=\"1f00de0\" data-element_type=\"container\">\n\t\t\t\t<div class=\"elementor-element elementor-element-1b48923 elementor-widget elementor-widget-image\" data-id=\"1b48923\" data-element_type=\"widget\" data-widget_type=\"image.default\">\n\t\t\t\t<div class=\"elementor-widget-container\">\n\t\t\t\t\t\t\t\t\t\t\t\t\t\t\t<img decoding=\"async\" width=\"800\" height=\"534\" src=\"https:\/\/webery-server1.de\/t3-tischlerei\/wp-content\/uploads\/2023\/08\/Content-Bild1-1024x684.jpeg\" class=\"attachment-large size-large wp-image-489\" alt=\"\" srcset=\"https:\/\/webery-server1.de\/t3-tischlerei\/wp-content\/uploads\/2023\/08\/Content-Bild1-1024x684.jpeg 1024w, https:\/\/webery-server1.de\/t3-tischlerei\/wp-content\/uploads\/2023\/08\/Content-Bild1-300x200.jpeg 300w, https:\/\/webery-server1.de\/t3-tischlerei\/wp-content\/uploads\/2023\/08\/Content-Bild1-768x513.jpeg 768w, https:\/\/webery-server1.de\/t3-tischlerei\/wp-content\/uploads\/2023\/08\/Content-Bild1-1536x1025.jpeg 1536w, https:\/\/webery-server1.de\/t3-tischlerei\/wp-content\/uploads\/2023\/08\/Content-Bild1.jpeg 2000w\" sizes=\"(max-width: 800px) 100vw, 800px\" \/>\t\t\t\t\t\t\t\t\t\t\t\t\t\t\t<\/div>\n\t\t\t\t<\/div>\n\t\t\t\t<div class=\"elementor-element elementor-element-c2d50b8 elementor-widget elementor-widget-image\" data-id=\"c2d50b8\" data-element_type=\"widget\" data-widget_type=\"image.default\">\n\t\t\t\t<div class=\"elementor-widget-container\">\n\t\t\t\t\t\t\t\t\t\t\t\t\t\t\t<img decoding=\"async\" width=\"800\" height=\"533\" src=\"https:\/\/webery-server1.de\/t3-tischlerei\/wp-content\/uploads\/2023\/08\/AdobeStock_603445468-1024x682.jpeg\" class=\"attachment-large size-large wp-image-485\" alt=\"\" srcset=\"https:\/\/webery-server1.de\/t3-tischlerei\/wp-content\/uploads\/2023\/08\/AdobeStock_603445468-1024x682.jpeg 1024w, https:\/\/webery-server1.de\/t3-tischlerei\/wp-content\/uploads\/2023\/08\/AdobeStock_603445468-300x200.jpeg 300w, https:\/\/webery-server1.de\/t3-tischlerei\/wp-content\/uploads\/2023\/08\/AdobeStock_603445468-768x512.jpeg 768w, https:\/\/webery-server1.de\/t3-tischlerei\/wp-content\/uploads\/2023\/08\/AdobeStock_603445468-1536x1024.jpeg 1536w, https:\/\/webery-server1.de\/t3-tischlerei\/wp-content\/uploads\/2023\/08\/AdobeStock_603445468.jpeg 2000w\" sizes=\"(max-width: 800px) 100vw, 800px\" \/>\t\t\t\t\t\t\t\t\t\t\t\t\t\t\t<\/div>\n\t\t\t\t<\/div>\n\t\t\t\t<\/div>\n\t\t<div class=\"elementor-element elementor-element-3d6ecbc e-con-full e-flex e-con e-child\" data-id=\"3d6ecbc\" data-element_type=\"container\">\n\t\t\t\t<div class=\"elementor-element elementor-element-cde1b86 elementor-widget elementor-widget-image\" data-id=\"cde1b86\" data-element_type=\"widget\" data-widget_type=\"image.default\">\n\t\t\t\t<div class=\"elementor-widget-container\">\n\t\t\t\t\t\t\t\t\t\t\t\t\t\t\t<img loading=\"lazy\" decoding=\"async\" width=\"800\" height=\"533\" src=\"https:\/\/webery-server1.de\/t3-tischlerei\/wp-content\/uploads\/2023\/08\/AdobeStock_594263630-1024x682.jpeg\" class=\"attachment-large size-large wp-image-483\" alt=\"\" srcset=\"https:\/\/webery-server1.de\/t3-tischlerei\/wp-content\/uploads\/2023\/08\/AdobeStock_594263630-1024x682.jpeg 1024w, https:\/\/webery-server1.de\/t3-tischlerei\/wp-content\/uploads\/2023\/08\/AdobeStock_594263630-300x200.jpeg 300w, https:\/\/webery-server1.de\/t3-tischlerei\/wp-content\/uploads\/2023\/08\/AdobeStock_594263630-768x512.jpeg 768w, https:\/\/webery-server1.de\/t3-tischlerei\/wp-content\/uploads\/2023\/08\/AdobeStock_594263630-1536x1024.jpeg 1536w, https:\/\/webery-server1.de\/t3-tischlerei\/wp-content\/uploads\/2023\/08\/AdobeStock_594263630.jpeg 2000w\" sizes=\"(max-width: 800px) 100vw, 800px\" \/>\t\t\t\t\t\t\t\t\t\t\t\t\t\t\t<\/div>\n\t\t\t\t<\/div>\n\t\t\t\t<div class=\"elementor-element elementor-element-100f73c elementor-widget elementor-widget-image\" data-id=\"100f73c\" data-element_type=\"widget\" data-widget_type=\"image.default\">\n\t\t\t\t<div class=\"elementor-widget-container\">\n\t\t\t\t\t\t\t\t\t\t\t\t\t\t\t<img loading=\"lazy\" decoding=\"async\" width=\"800\" height=\"448\" src=\"https:\/\/webery-server1.de\/t3-tischlerei\/wp-content\/uploads\/2023\/08\/AdobeStock_594974723-1024x574.jpeg\" class=\"attachment-large size-large wp-image-484\" alt=\"\" srcset=\"https:\/\/webery-server1.de\/t3-tischlerei\/wp-content\/uploads\/2023\/08\/AdobeStock_594974723-1024x574.jpeg 1024w, https:\/\/webery-server1.de\/t3-tischlerei\/wp-content\/uploads\/2023\/08\/AdobeStock_594974723-300x168.jpeg 300w, https:\/\/webery-server1.de\/t3-tischlerei\/wp-content\/uploads\/2023\/08\/AdobeStock_594974723-768x430.jpeg 768w, https:\/\/webery-server1.de\/t3-tischlerei\/wp-content\/uploads\/2023\/08\/AdobeStock_594974723-1536x861.jpeg 1536w, https:\/\/webery-server1.de\/t3-tischlerei\/wp-content\/uploads\/2023\/08\/AdobeStock_594974723.jpeg 2000w\" sizes=\"(max-width: 800px) 100vw, 800px\" \/>\t\t\t\t\t\t\t\t\t\t\t\t\t\t\t<\/div>\n\t\t\t\t<\/div>\n\t\t\t\t<\/div>\n\t\t\t\t<\/div>\n\t\t\t\t<\/div>\n\t\t\t\t\t<\/div>\n\t\t\t\t<\/div>\n\t\t<div class=\"elementor-element elementor-element-631ca17 e-flex e-con-boxed e-con e-parent\" data-id=\"631ca17\" data-element_type=\"container\">\n\t\t\t\t\t<div class=\"e-con-inner\">\n\t\t<div class=\"elementor-element elementor-element-5139084 e-con-full e-flex e-con e-child\" data-id=\"5139084\" data-element_type=\"container\">\n\t\t<div class=\"elementor-element elementor-element-ec4079b e-con-full e-flex e-con e-child\" data-id=\"ec4079b\" data-element_type=\"container\" data-settings=\"{&quot;background_background&quot;:&quot;classic&quot;}\">\n\t\t<div class=\"elementor-element elementor-element-0f30156 e-con-full e-flex e-con e-child\" data-id=\"0f30156\" data-element_type=\"container\">\n\t\t\t\t<div class=\"elementor-element elementor-element-bbad34b elementor-widget elementor-widget-heading\" data-id=\"bbad34b\" data-element_type=\"widget\" data-widget_type=\"heading.default\">\n\t\t\t\t<div class=\"elementor-widget-container\">\n\t\t\t\t\t<h2 class=\"elementor-heading-title elementor-size-default\">Wir freuen uns auf Ihre Kontaktaufnahme.<\/h2>\t\t\t\t<\/div>\n\t\t\t\t<\/div>\n\t\t\t\t<\/div>\n\t\t<div class=\"elementor-element elementor-element-6e3ae3b e-con-full e-flex e-con e-child\" data-id=\"6e3ae3b\" data-element_type=\"container\">\n\t\t\t\t<div class=\"elementor-element elementor-element-793fa55 elementor-align-center elementor-widget elementor-widget-button\" data-id=\"793fa55\" data-element_type=\"widget\" data-widget_type=\"button.default\">\n\t\t\t\t<div class=\"elementor-widget-container\">\n\t\t\t\t\t\t\t\t\t<div class=\"elementor-button-wrapper\">\n\t\t\t\t\t<a class=\"elementor-button elementor-button-link elementor-size-sm\" href=\"\/t1-maler\/kontakt\">\n\t\t\t\t\t\t<span class=\"elementor-button-content-wrapper\">\n\t\t\t\t\t\t\t\t\t<span class=\"elementor-button-text\">jetzt kontaktieren<\/span>\n\t\t\t\t\t<\/span>\n\t\t\t\t\t<\/a>\n\t\t\t\t<\/div>\n\t\t\t\t\t\t\t\t<\/div>\n\t\t\t\t<\/div>\n\t\t\t\t<\/div>\n\t\t\t\t<\/div>\n\t\t\t\t<\/div>\n\t\t\t\t\t<\/div>\n\t\t\t\t<\/div>\n\t\t\t\t<\/div>\n\t\t","protected":false},"excerpt":{"rendered":"<p>\u00dcber Uns \u00dcber 50 Jahre Erfahrung und Qualit\u00e4t Tischlerei M\u00fcller in Hamburg Im Jahr 1970 wurde die Tischlerei M\u00fcller in Hamburg gegr\u00fcndet und begann ihre Erfolgsgeschichte mit einer kleinen Werkstatt im Ahorn Weg. Als eine der ersten Tischlereien in Norddeutschland wurde 1974 das Angebot von Kunststofffenstern hinzugef\u00fcgt, was sich als gro\u00dfer Erfolg herausstellte. Im Jahr [&hellip;]<\/p>\n","protected":false},"author":1,"featured_media":0,"parent":0,"menu_order":0,"comment_status":"closed","ping_status":"closed","template":"","meta":{"footnotes":""},"class_list":["post-85","page","type-page","status-publish","hentry"],"_links":{"self":[{"href":"https:\/\/webery-server1.de\/t3-tischlerei\/wp-json\/wp\/v2\/pages\/85","targetHints":{"allow":["GET"]}}],"collection":[{"href":"https:\/\/webery-server1.de\/t3-tischlerei\/wp-json\/wp\/v2\/pages"}],"about":[{"href":"https:\/\/webery-server1.de\/t3-tischlerei\/wp-json\/wp\/v2\/types\/page"}],"author":[{"embeddable":true,"href":"https:\/\/webery-server1.de\/t3-tischlerei\/wp-json\/wp\/v2\/users\/1"}],"replies":[{"embeddable":true,"href":"https:\/\/webery-server1.de\/t3-tischlerei\/wp-json\/wp\/v2\/comments?post=85"}],"version-history":[{"count":3,"href":"https:\/\/webery-server1.de\/t3-tischlerei\/wp-json\/wp\/v2\/pages\/85\/revisions"}],"predecessor-version":[{"id":774,"href":"https:\/\/webery-server1.de\/t3-tischlerei\/wp-json\/wp\/v2\/pages\/85\/revisions\/774"}],"wp:attachment":[{"href":"https:\/\/webery-server1.de\/t3-tischlerei\/wp-json\/wp\/v2\/media?parent=85"}],"curies":[{"name":"wp","href":"https:\/\/api.w.org\/{rel}","templated":true}]}}