{"id":91,"date":"2023-08-12T14:54:30","date_gmt":"2023-08-12T12:54:30","guid":{"rendered":"https:\/\/webery-server1.de\/t3-tischlerei\/?page_id=91"},"modified":"2025-03-26T12:37:04","modified_gmt":"2025-03-26T11:37:04","slug":"leistungen","status":"publish","type":"page","link":"https:\/\/webery-server1.de\/t3-tischlerei\/leistungen\/","title":{"rendered":"Leistungen"},"content":{"rendered":"\t\t<div data-elementor-type=\"wp-page\" data-elementor-id=\"91\" class=\"elementor elementor-91\" data-elementor-post-type=\"page\">\n\t\t\t\t<div class=\"elementor-element elementor-element-37de11c e-flex e-con-boxed e-con e-parent\" data-id=\"37de11c\" data-element_type=\"container\" data-settings=\"{&quot;background_background&quot;:&quot;classic&quot;}\">\n\t\t\t\t\t<div class=\"e-con-inner\">\n\t\t<div class=\"elementor-element elementor-element-1db59e6 e-con-full e-flex e-con e-child\" data-id=\"1db59e6\" data-element_type=\"container\">\n\t\t\t\t<div class=\"elementor-element elementor-element-c180dca elementor-widget elementor-widget-elementskit-heading\" data-id=\"c180dca\" data-element_type=\"widget\" data-widget_type=\"elementskit-heading.default\">\n\t\t\t\t<div class=\"elementor-widget-container\">\n\t\t\t\t\t<div class=\"ekit-wid-con\" ><div class=\"ekit-heading elementskit-section-title-wraper text_center   ekit_heading_tablet-   ekit_heading_mobile-text_center\"><h1 class=\"ekit-heading--title elementskit-section-title \">Leistungen<\/h1><\/div><\/div>\t\t\t\t<\/div>\n\t\t\t\t<\/div>\n\t\t\t\t<\/div>\n\t\t\t\t\t<\/div>\n\t\t\t\t<\/div>\n\t\t<div class=\"elementor-element elementor-element-74cacc3 e-flex e-con-boxed e-con e-parent\" data-id=\"74cacc3\" data-element_type=\"container\">\n\t\t\t\t\t<div class=\"e-con-inner\">\n\t\t<div class=\"elementor-element elementor-element-8565aa0 e-con-full e-flex e-con e-child\" data-id=\"8565aa0\" data-element_type=\"container\">\n\t\t\t\t<div class=\"elementor-element elementor-element-815a408 elementor-widget elementor-widget-text-editor\" data-id=\"815a408\" data-element_type=\"widget\" data-widget_type=\"text-editor.default\">\n\t\t\t\t<div class=\"elementor-widget-container\">\n\t\t\t\t\t\t\t\t\t<p>Vielen Dank f\u00fcr Ihr Interesse an unseren Leistungen im Bereich Tischlerei. Wir bieten Ihnen eine Vielzahl von Leistungen, darunter M\u00f6belbau, Ladenbau, Badm\u00f6bel, Haust\u00fcren, Zimmert\u00fcren, Treppen mit Holz-, Glas- und Edelstahlgel\u00e4nder, Innenausbau, Einrichtung, Objektbau, Planung, K\u00fcchen, Innenarchitektur, Einbruchschutz, ma\u00dfgefertigte Einbauschr\u00e4nke, Badezimmerm\u00f6bel, Fu\u00dfb\u00f6den, Trockenbau, Wohn- und Schlafm\u00f6bel, B\u00fcro-\/Objekteinrichtung, Terrassen und Beschattung.<\/p>\t\t\t\t\t\t\t\t<\/div>\n\t\t\t\t<\/div>\n\t\t\t\t<\/div>\n\t\t\t\t\t<\/div>\n\t\t\t\t<\/div>\n\t\t<div class=\"elementor-element elementor-element-fd80f82 e-flex e-con-boxed e-con e-parent\" data-id=\"fd80f82\" data-element_type=\"container\">\n\t\t\t\t\t<div class=\"e-con-inner\">\n\t\t<div class=\"elementor-element elementor-element-c723ea6 e-con-full e-flex e-con e-child\" data-id=\"c723ea6\" data-element_type=\"container\">\n\t\t<div class=\"elementor-element elementor-element-cac85b0 e-con-full e-flex e-con e-child\" data-id=\"cac85b0\" data-element_type=\"container\">\n\t\t<div class=\"elementor-element elementor-element-55d968f e-con-full e-flex e-con e-child\" data-id=\"55d968f\" data-element_type=\"container\">\n\t\t\t\t<div class=\"elementor-element elementor-element-1ec6f2c elementor-widget elementor-widget-elementskit-image-box\" data-id=\"1ec6f2c\" data-element_type=\"widget\" data-widget_type=\"elementskit-image-box.default\">\n\t\t\t\t<div class=\"elementor-widget-container\">\n\t\t\t\t\t<div class=\"ekit-wid-con\" >\n            <div class=\"elementskit-info-image-box ekit-image-box text-center floating-style\" >\n\n                \n                <div class=\"elementskit-box-header image-box-img-center\">\n\n                    <img fetchpriority=\"high\" decoding=\"async\" width=\"2000\" height=\"1333\" src=\"https:\/\/webery-server1.de\/t3-tischlerei\/wp-content\/uploads\/2023\/08\/AdobeStock_603445468.jpeg\" class=\"attachment-full size-full wp-image-485\" alt=\"\" srcset=\"https:\/\/webery-server1.de\/t3-tischlerei\/wp-content\/uploads\/2023\/08\/AdobeStock_603445468.jpeg 2000w, https:\/\/webery-server1.de\/t3-tischlerei\/wp-content\/uploads\/2023\/08\/AdobeStock_603445468-300x200.jpeg 300w, https:\/\/webery-server1.de\/t3-tischlerei\/wp-content\/uploads\/2023\/08\/AdobeStock_603445468-1024x682.jpeg 1024w, https:\/\/webery-server1.de\/t3-tischlerei\/wp-content\/uploads\/2023\/08\/AdobeStock_603445468-768x512.jpeg 768w, https:\/\/webery-server1.de\/t3-tischlerei\/wp-content\/uploads\/2023\/08\/AdobeStock_603445468-1536x1024.jpeg 1536w\" sizes=\"(max-width: 2000px) 100vw, 2000px\" \/>\n                <\/div>\n                \n                <div class=\"elementskit-box-body ekit-image-box-body\">\n                    <div class=\"elementskit-box-content ekit-image-box-body-inner\">\n                                                <h2 class=\"elementskit-info-box-title\">\n\n                        K\u00fcchen\n                        \n                    <\/h2>\n                                                        <\/div>\n\n                                <div class=\"elementskit-box-footer\">\n                    <div class=\"box-footer\">\n                        <div class=\"btn-wraper\">\n                                                            <a href=\"https:\/\/webery-server1.de\/t3-tischlerei\/kuechen\/\" class=\"elementskit-btn whitespace--normal\">\n                                    mehr erfahren                                <\/a>\n                                                    <\/div>\n                    <\/div>\n                <\/div>\n                            <\/div>\n            <\/div>\n    <\/div>\t\t\t\t<\/div>\n\t\t\t\t<\/div>\n\t\t\t\t<\/div>\n\t\t<div class=\"elementor-element elementor-element-c67bc68 e-con-full e-flex e-con e-child\" data-id=\"c67bc68\" data-element_type=\"container\">\n\t\t\t\t<div class=\"elementor-element elementor-element-3962cd0 elementor-widget elementor-widget-elementskit-image-box\" data-id=\"3962cd0\" data-element_type=\"widget\" data-widget_type=\"elementskit-image-box.default\">\n\t\t\t\t<div class=\"elementor-widget-container\">\n\t\t\t\t\t<div class=\"ekit-wid-con\" >\n            <div class=\"elementskit-info-image-box ekit-image-box text-center floating-style\" >\n\n                \n                <div class=\"elementskit-box-header image-box-img-center\">\n\n                    <img decoding=\"async\" width=\"2000\" height=\"1143\" src=\"https:\/\/webery-server1.de\/t3-tischlerei\/wp-content\/uploads\/2023\/08\/AdobeStock_574038947.jpeg\" class=\"attachment-full size-full wp-image-482\" alt=\"\" srcset=\"https:\/\/webery-server1.de\/t3-tischlerei\/wp-content\/uploads\/2023\/08\/AdobeStock_574038947.jpeg 2000w, https:\/\/webery-server1.de\/t3-tischlerei\/wp-content\/uploads\/2023\/08\/AdobeStock_574038947-300x171.jpeg 300w, https:\/\/webery-server1.de\/t3-tischlerei\/wp-content\/uploads\/2023\/08\/AdobeStock_574038947-1024x585.jpeg 1024w, https:\/\/webery-server1.de\/t3-tischlerei\/wp-content\/uploads\/2023\/08\/AdobeStock_574038947-768x439.jpeg 768w, https:\/\/webery-server1.de\/t3-tischlerei\/wp-content\/uploads\/2023\/08\/AdobeStock_574038947-1536x878.jpeg 1536w\" sizes=\"(max-width: 2000px) 100vw, 2000px\" \/>\n                <\/div>\n                \n                <div class=\"elementskit-box-body ekit-image-box-body\">\n                    <div class=\"elementskit-box-content ekit-image-box-body-inner\">\n                                                <h2 class=\"elementskit-info-box-title\">\n\n                        Fenster &amp; T\u00fcren\n                        \n                    <\/h2>\n                                                        <\/div>\n\n                                <div class=\"elementskit-box-footer\">\n                    <div class=\"box-footer\">\n                        <div class=\"btn-wraper\">\n                                                            <a href=\"https:\/\/webery-server1.de\/t3-tischlerei\/fenster-tueren\/\" class=\"elementskit-btn whitespace--normal\">\n                                    mehr erfahren                                <\/a>\n                                                    <\/div>\n                    <\/div>\n                <\/div>\n                            <\/div>\n            <\/div>\n    <\/div>\t\t\t\t<\/div>\n\t\t\t\t<\/div>\n\t\t\t\t<\/div>\n\t\t<div class=\"elementor-element elementor-element-bec002e e-con-full e-flex e-con e-child\" data-id=\"bec002e\" data-element_type=\"container\">\n\t\t\t\t<div class=\"elementor-element elementor-element-06fa492 elementor-widget elementor-widget-elementskit-image-box\" data-id=\"06fa492\" data-element_type=\"widget\" data-widget_type=\"elementskit-image-box.default\">\n\t\t\t\t<div class=\"elementor-widget-container\">\n\t\t\t\t\t<div class=\"ekit-wid-con\" >\n            <div class=\"elementskit-info-image-box ekit-image-box text-center floating-style\" >\n\n                \n                <div class=\"elementskit-box-header image-box-img-center\">\n\n                    <img decoding=\"async\" width=\"2000\" height=\"1333\" src=\"https:\/\/webery-server1.de\/t3-tischlerei\/wp-content\/uploads\/2023\/08\/AdobeStock_594263630.jpeg\" class=\"attachment-full size-full wp-image-483\" alt=\"\" srcset=\"https:\/\/webery-server1.de\/t3-tischlerei\/wp-content\/uploads\/2023\/08\/AdobeStock_594263630.jpeg 2000w, https:\/\/webery-server1.de\/t3-tischlerei\/wp-content\/uploads\/2023\/08\/AdobeStock_594263630-300x200.jpeg 300w, https:\/\/webery-server1.de\/t3-tischlerei\/wp-content\/uploads\/2023\/08\/AdobeStock_594263630-1024x682.jpeg 1024w, https:\/\/webery-server1.de\/t3-tischlerei\/wp-content\/uploads\/2023\/08\/AdobeStock_594263630-768x512.jpeg 768w, https:\/\/webery-server1.de\/t3-tischlerei\/wp-content\/uploads\/2023\/08\/AdobeStock_594263630-1536x1024.jpeg 1536w\" sizes=\"(max-width: 2000px) 100vw, 2000px\" \/>\n                <\/div>\n                \n                <div class=\"elementskit-box-body ekit-image-box-body\">\n                    <div class=\"elementskit-box-content ekit-image-box-body-inner\">\n                                                <h2 class=\"elementskit-info-box-title\">\n\n                        B\u00f6den\n                        \n                    <\/h2>\n                                                        <\/div>\n\n                                <div class=\"elementskit-box-footer\">\n                    <div class=\"box-footer\">\n                        <div class=\"btn-wraper\">\n                                                            <a href=\"https:\/\/webery-server1.de\/t3-tischlerei\/boeden\/\" class=\"elementskit-btn whitespace--normal\">\n                                    mehr erfahren                                <\/a>\n                                                    <\/div>\n                    <\/div>\n                <\/div>\n                            <\/div>\n            <\/div>\n    <\/div>\t\t\t\t<\/div>\n\t\t\t\t<\/div>\n\t\t\t\t<\/div>\n\t\t\t\t<\/div>\n\t\t<div class=\"elementor-element elementor-element-b6ae9b1 e-con-full e-flex e-con e-child\" data-id=\"b6ae9b1\" data-element_type=\"container\">\n\t\t<div class=\"elementor-element elementor-element-068eb83 e-con-full e-flex e-con e-child\" data-id=\"068eb83\" data-element_type=\"container\">\n\t\t\t\t<div class=\"elementor-element elementor-element-9914ca8 elementor-widget elementor-widget-elementskit-image-box\" data-id=\"9914ca8\" data-element_type=\"widget\" data-widget_type=\"elementskit-image-box.default\">\n\t\t\t\t<div class=\"elementor-widget-container\">\n\t\t\t\t\t<div class=\"ekit-wid-con\" >\n            <div class=\"elementskit-info-image-box ekit-image-box text-center floating-style\" >\n\n                \n                <div class=\"elementskit-box-header image-box-img-center\">\n\n                    <img loading=\"lazy\" decoding=\"async\" width=\"2000\" height=\"1121\" src=\"https:\/\/webery-server1.de\/t3-tischlerei\/wp-content\/uploads\/2023\/08\/AdobeStock_594974723.jpeg\" class=\"attachment-full size-full wp-image-484\" alt=\"\" srcset=\"https:\/\/webery-server1.de\/t3-tischlerei\/wp-content\/uploads\/2023\/08\/AdobeStock_594974723.jpeg 2000w, https:\/\/webery-server1.de\/t3-tischlerei\/wp-content\/uploads\/2023\/08\/AdobeStock_594974723-300x168.jpeg 300w, https:\/\/webery-server1.de\/t3-tischlerei\/wp-content\/uploads\/2023\/08\/AdobeStock_594974723-1024x574.jpeg 1024w, https:\/\/webery-server1.de\/t3-tischlerei\/wp-content\/uploads\/2023\/08\/AdobeStock_594974723-768x430.jpeg 768w, https:\/\/webery-server1.de\/t3-tischlerei\/wp-content\/uploads\/2023\/08\/AdobeStock_594974723-1536x861.jpeg 1536w\" sizes=\"(max-width: 2000px) 100vw, 2000px\" \/>\n                <\/div>\n                \n                <div class=\"elementskit-box-body ekit-image-box-body\">\n                    <div class=\"elementskit-box-content ekit-image-box-body-inner\">\n                                                <h2 class=\"elementskit-info-box-title\">\n\n                        Terassen\n                        \n                    <\/h2>\n                                                        <\/div>\n\n                                <div class=\"elementskit-box-footer\">\n                    <div class=\"box-footer\">\n                        <div class=\"btn-wraper\">\n                                                            <a href=\"https:\/\/webery-server1.de\/t3-tischlerei\/leistungen-2\/\" class=\"elementskit-btn whitespace--normal\">\n                                    mehr erfahren                                <\/a>\n                                                    <\/div>\n                    <\/div>\n                <\/div>\n                            <\/div>\n            <\/div>\n    <\/div>\t\t\t\t<\/div>\n\t\t\t\t<\/div>\n\t\t\t\t<\/div>\n\t\t<div class=\"elementor-element elementor-element-b4fe499 e-con-full e-flex e-con e-child\" data-id=\"b4fe499\" data-element_type=\"container\">\n\t\t\t\t<div class=\"elementor-element elementor-element-0d8b4ce elementor-widget elementor-widget-elementskit-image-box\" data-id=\"0d8b4ce\" data-element_type=\"widget\" data-widget_type=\"elementskit-image-box.default\">\n\t\t\t\t<div class=\"elementor-widget-container\">\n\t\t\t\t\t<div class=\"ekit-wid-con\" >\n            <div class=\"elementskit-info-image-box ekit-image-box text-center floating-style\" >\n\n                \n                <div class=\"elementskit-box-header image-box-img-center\">\n\n                    <img loading=\"lazy\" decoding=\"async\" width=\"2000\" height=\"1092\" src=\"https:\/\/webery-server1.de\/t3-tischlerei\/wp-content\/uploads\/2023\/08\/AdobeStock_76640055.jpeg\" class=\"attachment-full size-full wp-image-481\" alt=\"\" srcset=\"https:\/\/webery-server1.de\/t3-tischlerei\/wp-content\/uploads\/2023\/08\/AdobeStock_76640055.jpeg 2000w, https:\/\/webery-server1.de\/t3-tischlerei\/wp-content\/uploads\/2023\/08\/AdobeStock_76640055-300x164.jpeg 300w, https:\/\/webery-server1.de\/t3-tischlerei\/wp-content\/uploads\/2023\/08\/AdobeStock_76640055-1024x559.jpeg 1024w, https:\/\/webery-server1.de\/t3-tischlerei\/wp-content\/uploads\/2023\/08\/AdobeStock_76640055-768x419.jpeg 768w, https:\/\/webery-server1.de\/t3-tischlerei\/wp-content\/uploads\/2023\/08\/AdobeStock_76640055-1536x839.jpeg 1536w\" sizes=\"(max-width: 2000px) 100vw, 2000px\" \/>\n                <\/div>\n                \n                <div class=\"elementskit-box-body ekit-image-box-body\">\n                    <div class=\"elementskit-box-content ekit-image-box-body-inner\">\n                                                <h2 class=\"elementskit-info-box-title\">\n\n                        Trockenbau\n                        \n                    <\/h2>\n                                                        <\/div>\n\n                                <div class=\"elementskit-box-footer\">\n                    <div class=\"box-footer\">\n                        <div class=\"btn-wraper\">\n                                                            <a href=\"https:\/\/webery-server1.de\/t3-tischlerei\/trockenbau\/\" class=\"elementskit-btn whitespace--normal\">\n                                    mehr erfahren                                <\/a>\n                                                    <\/div>\n                    <\/div>\n                <\/div>\n                            <\/div>\n            <\/div>\n    <\/div>\t\t\t\t<\/div>\n\t\t\t\t<\/div>\n\t\t\t\t<\/div>\n\t\t<div class=\"elementor-element elementor-element-ada21b4 e-con-full e-flex e-con e-child\" data-id=\"ada21b4\" data-element_type=\"container\">\n\t\t\t\t<div class=\"elementor-element elementor-element-a688d2f elementor-widget elementor-widget-elementskit-image-box\" data-id=\"a688d2f\" data-element_type=\"widget\" data-widget_type=\"elementskit-image-box.default\">\n\t\t\t\t<div class=\"elementor-widget-container\">\n\t\t\t\t\t<div class=\"ekit-wid-con\" >\n            <div class=\"elementskit-info-image-box ekit-image-box text-center floating-style\" >\n\n                \n                <div class=\"elementskit-box-header image-box-img-center\">\n\n                    <img loading=\"lazy\" decoding=\"async\" width=\"2000\" height=\"1121\" src=\"https:\/\/webery-server1.de\/t3-tischlerei\/wp-content\/uploads\/2023\/08\/AdobeStock_610788329.jpeg\" class=\"attachment-full size-full wp-image-486\" alt=\"\" srcset=\"https:\/\/webery-server1.de\/t3-tischlerei\/wp-content\/uploads\/2023\/08\/AdobeStock_610788329.jpeg 2000w, https:\/\/webery-server1.de\/t3-tischlerei\/wp-content\/uploads\/2023\/08\/AdobeStock_610788329-300x168.jpeg 300w, https:\/\/webery-server1.de\/t3-tischlerei\/wp-content\/uploads\/2023\/08\/AdobeStock_610788329-1024x574.jpeg 1024w, https:\/\/webery-server1.de\/t3-tischlerei\/wp-content\/uploads\/2023\/08\/AdobeStock_610788329-768x430.jpeg 768w, https:\/\/webery-server1.de\/t3-tischlerei\/wp-content\/uploads\/2023\/08\/AdobeStock_610788329-1536x861.jpeg 1536w\" sizes=\"(max-width: 2000px) 100vw, 2000px\" \/>\n                <\/div>\n                \n                <div class=\"elementskit-box-body ekit-image-box-body\">\n                    <div class=\"elementskit-box-content ekit-image-box-body-inner\">\n                                                <h2 class=\"elementskit-info-box-title\">\n\n                        Einbauschr\u00e4nke\n                        \n                    <\/h2>\n                                                        <\/div>\n\n                                <div class=\"elementskit-box-footer\">\n                    <div class=\"box-footer\">\n                        <div class=\"btn-wraper\">\n                                                            <a href=\"https:\/\/webery-server1.de\/t3-tischlerei\/einbauschraenke\/\" class=\"elementskit-btn whitespace--normal\">\n                                    mehr erfahren                                <\/a>\n                                                    <\/div>\n                    <\/div>\n                <\/div>\n                            <\/div>\n            <\/div>\n    <\/div>\t\t\t\t<\/div>\n\t\t\t\t<\/div>\n\t\t\t\t<\/div>\n\t\t\t\t<\/div>\n\t\t\t\t<\/div>\n\t\t\t\t\t<\/div>\n\t\t\t\t<\/div>\n\t\t\t\t<\/div>\n\t\t","protected":false},"excerpt":{"rendered":"<p>Leistungen Vielen Dank f\u00fcr Ihr Interesse an unseren Leistungen im Bereich Tischlerei. Wir bieten Ihnen eine Vielzahl von Leistungen, darunter M\u00f6belbau, Ladenbau, Badm\u00f6bel, Haust\u00fcren, Zimmert\u00fcren, Treppen mit Holz-, Glas- und Edelstahlgel\u00e4nder, Innenausbau, Einrichtung, Objektbau, Planung, K\u00fcchen, Innenarchitektur, Einbruchschutz, ma\u00dfgefertigte Einbauschr\u00e4nke, Badezimmerm\u00f6bel, Fu\u00dfb\u00f6den, Trockenbau, Wohn- und Schlafm\u00f6bel, B\u00fcro-\/Objekteinrichtung, Terrassen und Beschattung. K\u00fcchen mehr erfahren Fenster &amp; [&hellip;]<\/p>\n","protected":false},"author":1,"featured_media":0,"parent":0,"menu_order":0,"comment_status":"closed","ping_status":"closed","template":"","meta":{"footnotes":""},"class_list":["post-91","page","type-page","status-publish","hentry"],"_links":{"self":[{"href":"https:\/\/webery-server1.de\/t3-tischlerei\/wp-json\/wp\/v2\/pages\/91","targetHints":{"allow":["GET"]}}],"collection":[{"href":"https:\/\/webery-server1.de\/t3-tischlerei\/wp-json\/wp\/v2\/pages"}],"about":[{"href":"https:\/\/webery-server1.de\/t3-tischlerei\/wp-json\/wp\/v2\/types\/page"}],"author":[{"embeddable":true,"href":"https:\/\/webery-server1.de\/t3-tischlerei\/wp-json\/wp\/v2\/users\/1"}],"replies":[{"embeddable":true,"href":"https:\/\/webery-server1.de\/t3-tischlerei\/wp-json\/wp\/v2\/comments?post=91"}],"version-history":[{"count":3,"href":"https:\/\/webery-server1.de\/t3-tischlerei\/wp-json\/wp\/v2\/pages\/91\/revisions"}],"predecessor-version":[{"id":758,"href":"https:\/\/webery-server1.de\/t3-tischlerei\/wp-json\/wp\/v2\/pages\/91\/revisions\/758"}],"wp:attachment":[{"href":"https:\/\/webery-server1.de\/t3-tischlerei\/wp-json\/wp\/v2\/media?parent=91"}],"curies":[{"name":"wp","href":"https:\/\/api.w.org\/{rel}","templated":true}]}}