{"id":487,"date":"2023-08-28T13:00:55","date_gmt":"2023-08-28T11:00:55","guid":{"rendered":"https:\/\/webery-server1.de\/t4-heizung-sanitaer\/?page_id=487"},"modified":"2025-03-26T12:57:06","modified_gmt":"2025-03-26T11:57:06","slug":"karriere","status":"publish","type":"page","link":"https:\/\/webery-server1.de\/t4-heizung-sanitaer\/karriere\/","title":{"rendered":"Karriere"},"content":{"rendered":"\t\t<div data-elementor-type=\"wp-page\" data-elementor-id=\"487\" class=\"elementor elementor-487\" data-elementor-post-type=\"page\">\n\t\t\t\t<div class=\"elementor-element elementor-element-d1fd602 e-flex e-con-boxed e-con e-parent\" data-id=\"d1fd602\" data-element_type=\"container\" data-settings=\"{&quot;background_background&quot;:&quot;classic&quot;,&quot;shape_divider_bottom&quot;:&quot;curve&quot;,&quot;shape_divider_bottom_negative&quot;:&quot;yes&quot;}\">\n\t\t\t\t\t<div class=\"e-con-inner\">\n\t\t\t\t<div class=\"elementor-shape elementor-shape-bottom\" aria-hidden=\"true\" data-negative=\"true\">\n\t\t\t<svg xmlns=\"http:\/\/www.w3.org\/2000\/svg\" viewBox=\"0 0 1000 100\" preserveAspectRatio=\"none\">\n\t<path class=\"elementor-shape-fill\" d=\"M500,97C126.7,96.3,0.8,19.8,0,0v100l1000,0V1C1000,19.4,873.3,97.8,500,97z\"\/>\n<\/svg>\t\t<\/div>\n\t\t<div class=\"elementor-element elementor-element-e6fcec8 e-con-full e-flex e-con e-child\" data-id=\"e6fcec8\" data-element_type=\"container\">\n\t\t\t\t<div class=\"elementor-element elementor-element-16bbbe4 elementor-widget elementor-widget-elementskit-heading\" data-id=\"16bbbe4\" data-element_type=\"widget\" data-widget_type=\"elementskit-heading.default\">\n\t\t\t\t<div class=\"elementor-widget-container\">\n\t\t\t\t\t<div class=\"ekit-wid-con\" ><div class=\"ekit-heading elementskit-section-title-wraper text_center   ekit_heading_tablet-   ekit_heading_mobile-text_center\"><h1 class=\"ekit-heading--title elementskit-section-title \">Karriere<\/h1><\/div><\/div>\t\t\t\t<\/div>\n\t\t\t\t<\/div>\n\t\t\t\t<\/div>\n\t\t\t\t\t<\/div>\n\t\t\t\t<\/div>\n\t\t<div class=\"elementor-element elementor-element-611c452 e-flex e-con-boxed e-con e-parent\" data-id=\"611c452\" data-element_type=\"container\">\n\t\t\t\t\t<div class=\"e-con-inner\">\n\t\t<div class=\"elementor-element elementor-element-711ea40 e-con-full e-flex e-con e-child\" data-id=\"711ea40\" data-element_type=\"container\">\n\t\t\t\t<div class=\"elementor-element elementor-element-2188fa6 elementor-widget elementor-widget-text-editor\" data-id=\"2188fa6\" data-element_type=\"widget\" data-widget_type=\"text-editor.default\">\n\t\t\t\t<div class=\"elementor-widget-container\">\n\t\t\t\t\t\t\t\t\t<p>Die Firma <strong>Sanit\u00e4r &amp; Heizung <\/strong>ist seit \u00fcber 30 Jahren in Hamburg ans\u00e4ssig und ein zuverl\u00e4ssiger Partner f\u00fcr Privat- und Gewerbekunden im Bereich <strong>Sanit\u00e4r, Heizung, L\u00fcftung<\/strong> und<strong> regenerative Energien<\/strong>.<\/p><p><strong>Wir sind st\u00e4ndig auf der Suche nach neuen Mitarbeitern f\u00fcr unser Team. <\/strong><\/p>\t\t\t\t\t\t\t\t<\/div>\n\t\t\t\t<\/div>\n\t\t\t\t<div class=\"elementor-element elementor-element-bcba15d elementor-widget elementor-widget-heading\" data-id=\"bcba15d\" data-element_type=\"widget\" data-widget_type=\"heading.default\">\n\t\t\t\t<div class=\"elementor-widget-container\">\n\t\t\t\t\t<h2 class=\"elementor-heading-title elementor-size-default\">Stellenangebote<\/h2>\t\t\t\t<\/div>\n\t\t\t\t<\/div>\n\t\t\t\t<div class=\"elementor-element elementor-element-b230105 elementor-widget elementor-widget-text-editor\" data-id=\"b230105\" data-element_type=\"widget\" data-widget_type=\"text-editor.default\">\n\t\t\t\t<div class=\"elementor-widget-container\">\n\t\t\t\t\t\t\t\t\t<p><strong>Werde Teil der Energiewende und bewirb dich jetzt!<\/strong><\/p>\t\t\t\t\t\t\t\t<\/div>\n\t\t\t\t<\/div>\n\t\t\t\t<\/div>\n\t\t\t\t\t<\/div>\n\t\t\t\t<\/div>\n\t\t<div class=\"elementor-element elementor-element-d5b0a9b e-flex e-con-boxed e-con e-parent\" data-id=\"d5b0a9b\" data-element_type=\"container\">\n\t\t\t\t\t<div class=\"e-con-inner\">\n\t\t<div class=\"elementor-element elementor-element-5c20427 e-con-full e-flex e-con e-child\" data-id=\"5c20427\" data-element_type=\"container\" data-settings=\"{&quot;background_background&quot;:&quot;classic&quot;}\">\n\t\t\t\t<div class=\"elementor-element elementor-element-756483f elementor-widget elementor-widget-text-editor\" data-id=\"756483f\" data-element_type=\"widget\" data-widget_type=\"text-editor.default\">\n\t\t\t\t<div class=\"elementor-widget-container\">\n\t\t\t\t\t\t\t\t\t<p><strong>Anlagenmechaniker (m\/w\/d) f\u00fcr Sanit\u00e4r-, Heizung- und Klimatechnik in Vollzeit Monteur\/in im Installateur- und Heizungsbauerhandwerk<\/strong><\/p><p>Wir suchen einen engagierten und zuverl\u00e4ssigen Anlagenmechaniker (m\/w\/d) f\u00fcr Sanit\u00e4r- und Heizung in Vollzeit oder Monteur\/in im Installateur- und Heizungsbauerhandwerk, der \u00fcber Fachkompetenz verf\u00fcgt und sich gut in unser Team einf\u00fcgen kann, w\u00e4hrend er gleichzeitig eigenverantwortlich arbeitet. Wenn du auf der Suche nach einer neuen Herausforderung bist bewirb dich jetzt!<\/p><p><strong>Werde Teil unseres Teams als Anlagenmechaniker (m\/w\/d) f\u00fcr Sanit\u00e4r-, Heizung- und Klimatechnik in Vollzeit Monteur\/in im Installateur- und Heizungsbauerhandwerk<\/strong><\/p>\t\t\t\t\t\t\t\t<\/div>\n\t\t\t\t<\/div>\n\t\t\t\t<div class=\"elementor-element elementor-element-fb94ada elementor-widget elementor-widget-elementskit-popup-modal\" data-id=\"fb94ada\" data-element_type=\"widget\" data-widget_type=\"elementskit-popup-modal.default\">\n\t\t\t\t<div class=\"elementor-widget-container\">\n\t\t\t\t\t<div class=\"ekit-wid-con\" >        <!-- Start Markup -->\n                            <div class='ekit-popup-modal__toggler-wrapper'>\n                    <!-- Button trigger modal -->\n                    <button \n                        type=\"button\" \n                        class=\"elementskit-btn ekit-popup-btn ekit-popup-btn__filled ekit-popup__toggler ekit-popup-modal-toggler whitespace--normal\" \n                        data-toggle=\"modal\" \n                        data-target=\"#ekit-popup-modal\"\n                        id=\"ekit-popup-modal-toggler\"\n                    >\n                                                    <div class='ekit-popup-btn__has-icon'>\n                                                                Zur Stellenanzeige\n                                                            <\/div>\n                                            <\/button>\n                <\/div>\n            \n            <!-- Modal -->\n            <div \n                class=\"ekit-popup-modal ekit-popup-modal__inside middle center\" \n                data-toggleafter=\"0\"\n                data-toggletype=\"button\"\n                data-cookieconsent=\"\"\n            >\n                                <div\n                    class=\"ekit-popup-modal__content ekit-popup__content animated animated-normal\" \n                    style=\"\"\n                    data-animation=\"fade-in-up\"\n                >\n                                            <div class=\"ekit-popup-modal__close popup-top-right\">\n                            <i aria-hidden=\"true\" class=\"icon icon-cross\"><\/i>                        <\/div>\n                    \n                    <!-- Start Header -->\n                                        <!-- End Header -->\n\n                    <!-- Start Body -->\n                    <div class=\"ekit-popup-modal__body ekit-popup__body\">\n                        \t\t\t\t\t\t\t<div class=\"ekit-popup__raw-content\">\n\t\t\t\t\t\t\t\t<h2><strong>Anlagenmechaniker (m\/w\/d) f\u00fcr Sanit\u00e4r-, Heizung- und Klimatechnik in Vollzeit Monteur\/in im Installateur- und Heizungsbauerhandwerk<\/strong><\/h2><hr \/><p>\u00a0<\/p><p><strong>Zuk\u00fcnftiges Aufgabengebiet<\/strong><\/p><ul><li>Installation oder Reparatur von Sanit\u00e4r- oder Heizungsanlagen<\/li><li>Einbau von regenerativen Energien wie W\u00e4rmepumpen, Biomasseanlagen und thermische Solaranlagen<\/li><li>Einbau von zentraler und dezentraler Wohnrauml\u00fcftung<\/li><li>Inspektion-\u00a0und\u00a0Instandsetzungsarbeiten<\/li><li>Modernisierungs-\u00a0und\u00a0Erneuerung der Haustechnik oder von Teilen der Haustechnik<\/li><li>Durchf\u00fchrung des Gas Checks<\/li><\/ul><p>\u00a0<\/p><hr \/><p>\u00a0<\/p><p><strong>Unser Angebot<\/strong><\/p><ul><li>Arbeite in einem dynamischen und motivierten Team. Werde Teil der Energiewende! Eine\u00a0<strong>interessante <\/strong>und <strong>abwechslungsreiche Aufgabe<\/strong>\u00a0in allen Bereichen der <strong>modernen<\/strong> <strong>Haustechnik<\/strong>.<\/li><\/ul><p>\u00a0<\/p><hr \/><p>\u00a0<\/p><p><strong>Gew\u00fcnschte Qualifikationen<\/strong><\/p><ul><li>Erfolgreich abgeschlossene Berufsausbildung zum Anlagenmechaniker SHK\u00a0oder als Monteur\/in im Installateur- und Heizungsbauerhandwerk<\/li><li>Langj\u00e4hrige Erfahrung\u00a0in den oben genannten\u00a0Aufgabenfeldern<\/li><li>F\u00fchrerschein der Klasse B\u00a0(ehemals 3) erforderlich<\/li><li>Eigenverantwortliche\u00a0und\u00a0kundenorientierte Arbeitsweise<\/li><li>Sicheres Auftreten beim Kunden vor Ort<\/li><li>Teamplayer<\/li><li>Offenheit, Ehrlichkeit, Loyalit\u00e4t<\/li><li>Spa\u00df\u00a0an der\u00a0Arbeit<\/li><li>P\u00fcnktlichkeit &amp; Zuverl\u00e4ssigkeit<\/li><\/ul><p>\u00a0<\/p><hr \/><p>\u00a0<\/p><p><strong>Wir bieten Dir:<\/strong><\/p><ul><li>Sicherer Arbeitsplatz mit einem unbefristeter Arbeitsvertrag<\/li><li>\u00dcberstundenausgleich<\/li><li>Selbstst\u00e4ndiges und eigenverantwortliches Arbeiten<\/li><li>28 Tage Urlaub<\/li><li>Weiterentwicklungsm\u00f6glichkeiten im Unternehmen<\/li><li>Arbeiten in homogenen Teams auf Augenh\u00f6he<\/li><li>Betriebliche Altersvorsorge<\/li><li>Werkzeug von bekannten Markenherstellern<\/li><li>Weiterbildung wird finanziert und ist gew\u00fcnscht<\/li><li>Sichere und hochwertige Arbeitskleidung<\/li><li>Wir zahlen \u00fcbertariflich\u2026<\/li><li>Wir zahlen ein 13. Monatsgehalt\u2026<\/li><li>Breites Kundenspektrum<\/li><li>Firmenwagen mit hochwertiger Fahrzeugeinrichtung auch f\u00fcr die private Nutzung<\/li><li>Smartphone auch f\u00fcr die private Nutzung<\/li><li>Job mit Zukunft<\/li><li>Wir haben tolle Referenzen\u2026<\/li><\/ul><p>\u00a0<\/p><hr \/><p>\u00a0<\/p><p><strong>Werde Teil der Energiewende und bewirb dich jetzt!<\/strong><\/p>\t\t\t\t\t\t\t<\/div>\n\t\t\t\t\t\t                    <\/div>\n                    <!-- Emd Body -->\n\n                    <!-- Start Footer -->\n                                        <!-- End Footer -->\n                <\/div>\n                                    <div class=\"ekit-popup-modal__overlay ekit-popup__close\"><\/div>\n                            <\/div>\n        <!-- End Markup -->\n    <\/div>\t\t\t\t<\/div>\n\t\t\t\t<\/div>\n\t\t\t\t<\/div>\n\t\t<div class=\"elementor-element elementor-element-b31bee7 e-con-full e-flex e-con e-child\" data-id=\"b31bee7\" data-element_type=\"container\" data-settings=\"{&quot;background_background&quot;:&quot;classic&quot;}\">\n\t\t\t\t<div class=\"elementor-element elementor-element-2f52c8c elementor-widget elementor-widget-text-editor\" data-id=\"2f52c8c\" data-element_type=\"widget\" data-widget_type=\"text-editor.default\">\n\t\t\t\t<div class=\"elementor-widget-container\">\n\t\t\t\t\t\t\t\t\t<p><span style=\"font-weight: bold;\">Ausbildung zum Anlagenmechaniker f\u00fcr Sanit\u00e4r- und Heizung (m\/w\/d)<\/span><\/p><p>Werde Teil der Energiewende beitragen und bewerbe dich jetzt f\u00fcr einen Job mit Zukunft.<\/p><p>F\u00fcr das Jahr 2023 suchen wir einen motivierten und talentierten Auszubildenen zum Anlagenmechaniker f\u00fcr Sanit\u00e4r- und Heizung (m\/w\/d).<\/p><p>Neugierig? Dann jetzt bewerben.<\/p>\t\t\t\t\t\t\t\t<\/div>\n\t\t\t\t<\/div>\n\t\t\t\t<div class=\"elementor-element elementor-element-315abf5 elementor-widget elementor-widget-elementskit-popup-modal\" data-id=\"315abf5\" data-element_type=\"widget\" data-widget_type=\"elementskit-popup-modal.default\">\n\t\t\t\t<div class=\"elementor-widget-container\">\n\t\t\t\t\t<div class=\"ekit-wid-con\" >        <!-- Start Markup -->\n                            <div class='ekit-popup-modal__toggler-wrapper'>\n                    <!-- Button trigger modal -->\n                    <button \n                        type=\"button\" \n                        class=\"elementskit-btn ekit-popup-btn ekit-popup-btn__filled ekit-popup__toggler ekit-popup-modal-toggler whitespace--normal\" \n                        data-toggle=\"modal\" \n                        data-target=\"#ekit-popup-modal\"\n                        id=\"ekit-popup-modal-toggler\"\n                    >\n                                                    <div class='ekit-popup-btn__has-icon'>\n                                                                Zur Stellenanzeige\n                                                            <\/div>\n                                            <\/button>\n                <\/div>\n            \n            <!-- Modal -->\n            <div \n                class=\"ekit-popup-modal ekit-popup-modal__inside middle center\" \n                data-toggleafter=\"0\"\n                data-toggletype=\"button\"\n                data-cookieconsent=\"\"\n            >\n                                <div\n                    class=\"ekit-popup-modal__content ekit-popup__content animated animated-normal\" \n                    style=\"\"\n                    data-animation=\"fade-in-up\"\n                >\n                                            <div class=\"ekit-popup-modal__close popup-top-right\">\n                            <i aria-hidden=\"true\" class=\"icon icon-cross\"><\/i>                        <\/div>\n                    \n                    <!-- Start Header -->\n                                        <!-- End Header -->\n\n                    <!-- Start Body -->\n                    <div class=\"ekit-popup-modal__body ekit-popup__body\">\n                        \t\t\t\t\t\t\t<div class=\"ekit-popup__raw-content\">\n\t\t\t\t\t\t\t\t<h2><strong>Ausbildung zum Anlagenmechaniker f\u00fcr Sanit\u00e4r- und Heizung (m\/w\/d)<\/strong><\/h2><hr \/><p>\u00a0<\/p><p><strong>Zuk\u00fcnftiges Aufgabengebiet<\/strong><\/p><ul><li>Installation oder Reparatur von Sanit\u00e4r- oder Heizungsanlagen<\/li><li>Einbau von regenerativen Energien wie W\u00e4rmepumpen, Biomasseanlagen und thermische Solaranlagen<\/li><li>Einbau von zentraler und dezentraler Wohnrauml\u00fcftung<\/li><li>Inspektion-\u00a0und\u00a0Instandsetzungsarbeiten<\/li><li>Modernisierungs-\u00a0und\u00a0Erneuerung der Haustechnik oder von Teilen der Haustechnik<\/li><li>Durchf\u00fchrung des Gas Checks<\/li><\/ul><p>\u00a0<\/p><hr \/><h3>\u00a0<\/h3><p><strong>Unser Angebot<\/strong><\/p><p>Ausbildung in einem dynamischen und motivierten Team. Werde Teil der Energiewende! Eine\u00a0<strong>interessante <\/strong>und <strong>abwechslungsreiche Aufgabe<\/strong>\u00a0in allen Bereichen der <strong>modernen<\/strong> <strong>Haustechnik<\/strong>. M\u00f6chtest du schnell Erfolge verzeichnen? Danne starte jetzt durch und werde ein Teamplayer in einer zukunftstr\u00e4chtigen Branche mit sehr guten \u00dcbernahmechancen nach abgeschlossener Ausbildung.<\/p><p>\u00a0<\/p><hr \/><h3>\u00a0<\/h3><p><strong>Das w\u00fcnschen wir uns:<\/strong><\/p><ul><li>F\u00fchrerschein der Klasse B\u00a0(ehemals 3) von Vorteil<\/li><li>Talent f\u00fcr die Ausbildung<\/li><li>Engagement f\u00fcr den Betrieb<\/li><li>Eigenverantwortliche\u00a0und\u00a0kundenorientierte Arbeitsweise<\/li><li>Sicheres Auftreten beim Kunden vor Ort<\/li><li>Teamplayer<\/li><li>Offenheit, Ehrlichkeit, Loyalit\u00e4t<\/li><li>Spa\u00df\u00a0an der\u00a0Arbeit<\/li><li>P\u00fcnktlichkeit &amp; Zuverl\u00e4ssigkeit<\/li><\/ul><p>\u00a0<\/p><hr \/><p>\u00a0<\/p><p><strong>Ausbildungszeit<\/strong><\/p><p>Deine Ausbildung dauert 3,5 Jahre.<\/p><p>\u00a0<\/p><hr \/><p><br \/><strong>Deine Vorteile bei uns:<\/strong><\/p><ul><li>Sicherer Arbeitsplatz mit sehr guten \u00dcbernahmechancen nach abgeschlossener Ausbildung<\/li><li>Fehlertolernanz<\/li><li>Selbstst\u00e4ndiges und eigenverantwortliches Arbeiten<\/li><li>28 Tage Urlaub<\/li><li>Weiterentwicklungsm\u00f6glichkeiten im Unternehmen<\/li><li>Arbeiten in homogenen Teams auf Augenh\u00f6he<\/li><li>Betriebliche Altersvorsorge<\/li><li>Werkzeug von bekannten Markenherstellern<\/li><li>Sichere und hochwertige Arbeitskleidung<\/li><li>Wir zahlen ein 13. Monatsgehalt\u2026<\/li><li>Breites Kundenspektrum<\/li><li>Smartphone auch f\u00fcr die private Nutzung<\/li><li>Job mit Zukunft<\/li><li>Wir haben tolle Referenzen\u2026<\/li><\/ul><p>\u00a0<\/p>\t\t\t\t\t\t\t<\/div>\n\t\t\t\t\t\t                    <\/div>\n                    <!-- Emd Body -->\n\n                    <!-- Start Footer -->\n                                        <!-- End Footer -->\n                <\/div>\n                                    <div class=\"ekit-popup-modal__overlay ekit-popup__close\"><\/div>\n                            <\/div>\n        <!-- End Markup -->\n    <\/div>\t\t\t\t<\/div>\n\t\t\t\t<\/div>\n\t\t\t\t<\/div>\n\t\t\t\t\t<\/div>\n\t\t\t\t<\/div>\n\t\t<div class=\"elementor-element elementor-element-465a70b e-flex e-con-boxed e-con e-parent\" data-id=\"465a70b\" data-element_type=\"container\">\n\t\t\t\t\t<div class=\"e-con-inner\">\n\t\t<div class=\"elementor-element elementor-element-da627b5 e-con-full e-flex e-con e-child\" data-id=\"da627b5\" data-element_type=\"container\">\n\t\t\t\t<div class=\"elementor-element elementor-element-54ebbd9 elementor-widget elementor-widget-heading\" data-id=\"54ebbd9\" data-element_type=\"widget\" data-widget_type=\"heading.default\">\n\t\t\t\t<div class=\"elementor-widget-container\">\n\t\t\t\t\t<h2 class=\"elementor-heading-title elementor-size-default\">Bewerbungsformular<\/h2>\t\t\t\t<\/div>\n\t\t\t\t<\/div>\n\t\t\t\t<div class=\"elementor-element elementor-element-71ad67f elementor-widget elementor-widget-text-editor\" data-id=\"71ad67f\" data-element_type=\"widget\" data-widget_type=\"text-editor.default\">\n\t\t\t\t<div class=\"elementor-widget-container\">\n\t\t\t\t\t\t\t\t\t<p><strong><em>Werde Teil der Energiewende und bewirb dich jetzt! &#8211; ganz ohne Anschreiben!\u00a0<\/em><\/strong><\/p><p><em>100 % vertraulich &amp; unverbindlich! Vereinbare jetzt ein pers\u00f6nliches <strong>Kennenlerngespr\u00e4ch<\/strong> mit uns.<\/em><\/p>\t\t\t\t\t\t\t\t<\/div>\n\t\t\t\t<\/div>\n\t\t\t\t<\/div>\n\t\t\t\t\t<\/div>\n\t\t\t\t<\/div>\n\t\t<div class=\"elementor-element elementor-element-34258e2 e-flex e-con-boxed e-con e-parent\" data-id=\"34258e2\" data-element_type=\"container\">\n\t\t\t\t\t<div class=\"e-con-inner\">\n\t\t<div class=\"elementor-element elementor-element-da5b1f3 e-con-full e-flex e-con e-child\" data-id=\"da5b1f3\" data-element_type=\"container\">\n\t\t\t\t<div class=\"elementor-element elementor-element-eb6a120 elementor-button-align-stretch elementor-widget elementor-widget-form\" data-id=\"eb6a120\" data-element_type=\"widget\" data-settings=\"{&quot;step_next_label&quot;:&quot;N\\u00e4chster&quot;,&quot;step_previous_label&quot;:&quot;Voriger&quot;,&quot;button_width&quot;:&quot;100&quot;,&quot;step_type&quot;:&quot;number_text&quot;,&quot;step_icon_shape&quot;:&quot;circle&quot;}\" data-widget_type=\"form.default\">\n\t\t\t\t<div class=\"elementor-widget-container\">\n\t\t\t\t\t\t\t<form class=\"elementor-form\" method=\"post\" name=\"Neues Formular\" aria-label=\"Neues Formular\">\n\t\t\t<input type=\"hidden\" name=\"post_id\" value=\"487\"\/>\n\t\t\t<input type=\"hidden\" name=\"form_id\" value=\"eb6a120\"\/>\n\t\t\t<input type=\"hidden\" name=\"referer_title\" value=\"Karriere\" \/>\n\n\t\t\t\t\t\t\t<input type=\"hidden\" name=\"queried_id\" value=\"487\"\/>\n\t\t\t\n\t\t\t<div class=\"elementor-form-fields-wrapper elementor-labels-above\">\n\t\t\t\t\t\t\t\t<div class=\"elementor-field-type-select elementor-field-group elementor-column elementor-field-group-name elementor-col-100\">\n\t\t\t\t\t\t\t\t\t\t\t\t<label for=\"form-field-name\" class=\"elementor-field-label\">\n\t\t\t\t\t\t\t\tBewerben als\t\t\t\t\t\t\t<\/label>\n\t\t\t\t\t\t\t\t<div class=\"elementor-field elementor-select-wrapper remove-before \">\n\t\t\t<div class=\"select-caret-down-wrapper\">\n\t\t\t\t<i aria-hidden=\"true\" class=\"eicon-caret-down\"><\/i>\t\t\t<\/div>\n\t\t\t<select name=\"form_fields[name]\" id=\"form-field-name\" class=\"elementor-field-textual elementor-size-sm\">\n\t\t\t\t\t\t\t\t\t<option value=\"Anlagenmechaniker (m\/w\/d) f\u00fcr Sanit\u00e4r-, Heizung- und Klimatechnik in Vollzeit Monteur\/in im Installateur- und Heizungsbauerhandwerk\">Anlagenmechaniker (m\/w\/d) f\u00fcr Sanit\u00e4r-, Heizung- und Klimatechnik in Vollzeit Monteur\/in im Installateur- und Heizungsbauerhandwerk<\/option>\n\t\t\t\t\t\t\t\t\t<option value=\"Ausbildung als Anlagenmechaniker f\u00fcr Sanit\u00e4r- und Heizung (m\/w\/d)\">Ausbildung als Anlagenmechaniker f\u00fcr Sanit\u00e4r- und Heizung (m\/w\/d)<\/option>\n\t\t\t\t\t\t\t<\/select>\n\t\t<\/div>\n\t\t\t\t\t\t<\/div>\n\t\t\t\t\t\t\t\t<div class=\"elementor-field-type-text elementor-field-group elementor-column elementor-field-group-field_9fa23bb elementor-col-100\">\n\t\t\t\t\t\t\t\t\t\t\t\t<label for=\"form-field-field_9fa23bb\" class=\"elementor-field-label\">\n\t\t\t\t\t\t\t\tVorname | Nachname\t\t\t\t\t\t\t<\/label>\n\t\t\t\t\t\t\t\t\t\t\t\t\t\t<input size=\"1\" type=\"text\" name=\"form_fields[field_9fa23bb]\" id=\"form-field-field_9fa23bb\" class=\"elementor-field elementor-size-sm  elementor-field-textual\">\n\t\t\t\t\t\t\t\t\t\t\t<\/div>\n\t\t\t\t\t\t\t\t<div class=\"elementor-field-type-email elementor-field-group elementor-column elementor-field-group-email elementor-col-50 elementor-field-required\">\n\t\t\t\t\t\t\t\t\t\t\t\t<label for=\"form-field-email\" class=\"elementor-field-label\">\n\t\t\t\t\t\t\t\tE-Mail\t\t\t\t\t\t\t<\/label>\n\t\t\t\t\t\t\t\t\t\t\t\t\t\t<input size=\"1\" type=\"email\" name=\"form_fields[email]\" id=\"form-field-email\" class=\"elementor-field elementor-size-sm  elementor-field-textual\" required=\"required\">\n\t\t\t\t\t\t\t\t\t\t\t<\/div>\n\t\t\t\t\t\t\t\t<div class=\"elementor-field-type-tel elementor-field-group elementor-column elementor-field-group-field_f1bc2cf elementor-col-50 elementor-field-required\">\n\t\t\t\t\t\t\t\t\t\t\t\t<label for=\"form-field-field_f1bc2cf\" class=\"elementor-field-label\">\n\t\t\t\t\t\t\t\tTelefon\t\t\t\t\t\t\t<\/label>\n\t\t\t\t\t\t\t\t<input size=\"1\" type=\"tel\" name=\"form_fields[field_f1bc2cf]\" id=\"form-field-field_f1bc2cf\" class=\"elementor-field elementor-size-sm  elementor-field-textual\" required=\"required\" pattern=\"[0-9()#&amp;+*-=.]+\" title=\"Nur Nummern oder Telefon-Zeichen (#, -, *, etc) werden akzeptiert.\">\n\n\t\t\t\t\t\t<\/div>\n\t\t\t\t\t\t\t\t<div class=\"elementor-field-type-textarea elementor-field-group elementor-column elementor-field-group-message elementor-col-100\">\n\t\t\t\t\t\t\t\t\t\t\t\t<label for=\"form-field-message\" class=\"elementor-field-label\">\n\t\t\t\t\t\t\t\tPers\u00f6nliche Nachricht\t\t\t\t\t\t\t<\/label>\n\t\t\t\t\t\t<textarea class=\"elementor-field-textual elementor-field  elementor-size-sm\" name=\"form_fields[message]\" id=\"form-field-message\" rows=\"4\" placeholder=\"Nachricht\"><\/textarea>\t\t\t\t<\/div>\n\t\t\t\t\t\t\t\t<div class=\"elementor-field-type-upload elementor-field-group elementor-column elementor-field-group-field_112e095 elementor-col-100\">\n\t\t\t\t\t\t\t\t\t\t\t\t<label for=\"form-field-field_112e095\" class=\"elementor-field-label\">\n\t\t\t\t\t\t\t\tDatei Upload (Lebenslauf)\t\t\t\t\t\t\t<\/label>\n\t\t\t\t\t\t\t\t<input type=\"file\" name=\"form_fields[field_112e095]\" id=\"form-field-field_112e095\" class=\"elementor-field elementor-size-sm  elementor-upload-field\">\n\n\t\t\t\t\t\t<\/div>\n\t\t\t\t\t\t\t\t<div class=\"elementor-field-type-upload elementor-field-group elementor-column elementor-field-group-field_24fa449 elementor-col-100\">\n\t\t\t\t\t\t\t\t\t\t\t\t<label for=\"form-field-field_24fa449\" class=\"elementor-field-label\">\n\t\t\t\t\t\t\t\tDatei Upload Sonstige\t\t\t\t\t\t\t<\/label>\n\t\t\t\t\t\t\t\t<input type=\"file\" name=\"form_fields[field_24fa449]\" id=\"form-field-field_24fa449\" class=\"elementor-field elementor-size-sm  elementor-upload-field\">\n\n\t\t\t\t\t\t<\/div>\n\t\t\t\t\t\t\t\t<div class=\"elementor-field-group elementor-column elementor-field-type-submit elementor-col-100 e-form__buttons\">\n\t\t\t\t\t<button class=\"elementor-button elementor-size-sm\" type=\"submit\">\n\t\t\t\t\t\t<span class=\"elementor-button-content-wrapper\">\n\t\t\t\t\t\t\t\t\t\t\t\t\t\t\t\t\t\t\t\t\t\t<span class=\"elementor-button-text\">Senden<\/span>\n\t\t\t\t\t\t\t\t\t\t\t\t\t<\/span>\n\t\t\t\t\t<\/button>\n\t\t\t\t<\/div>\n\t\t\t<\/div>\n\t\t<\/form>\n\t\t\t\t\t\t<\/div>\n\t\t\t\t<\/div>\n\t\t\t\t<\/div>\n\t\t\t\t\t<\/div>\n\t\t\t\t<\/div>\n\t\t\t\t<\/div>\n\t\t","protected":false},"excerpt":{"rendered":"<p>Karriere Die Firma Sanit\u00e4r &amp; Heizung ist seit \u00fcber 30 Jahren in Hamburg ans\u00e4ssig und ein zuverl\u00e4ssiger Partner f\u00fcr Privat- und Gewerbekunden im Bereich Sanit\u00e4r, Heizung, L\u00fcftung und regenerative Energien. Wir sind st\u00e4ndig auf der Suche nach neuen Mitarbeitern f\u00fcr unser Team. Stellenangebote Werde Teil der Energiewende und bewirb dich jetzt! Anlagenmechaniker (m\/w\/d) f\u00fcr Sanit\u00e4r-, [&hellip;]<\/p>\n","protected":false},"author":1,"featured_media":0,"parent":0,"menu_order":0,"comment_status":"closed","ping_status":"closed","template":"","meta":{"footnotes":""},"class_list":["post-487","page","type-page","status-publish","hentry"],"_links":{"self":[{"href":"https:\/\/webery-server1.de\/t4-heizung-sanitaer\/wp-json\/wp\/v2\/pages\/487","targetHints":{"allow":["GET"]}}],"collection":[{"href":"https:\/\/webery-server1.de\/t4-heizung-sanitaer\/wp-json\/wp\/v2\/pages"}],"about":[{"href":"https:\/\/webery-server1.de\/t4-heizung-sanitaer\/wp-json\/wp\/v2\/types\/page"}],"author":[{"embeddable":true,"href":"https:\/\/webery-server1.de\/t4-heizung-sanitaer\/wp-json\/wp\/v2\/users\/1"}],"replies":[{"embeddable":true,"href":"https:\/\/webery-server1.de\/t4-heizung-sanitaer\/wp-json\/wp\/v2\/comments?post=487"}],"version-history":[{"count":3,"href":"https:\/\/webery-server1.de\/t4-heizung-sanitaer\/wp-json\/wp\/v2\/pages\/487\/revisions"}],"predecessor-version":[{"id":723,"href":"https:\/\/webery-server1.de\/t4-heizung-sanitaer\/wp-json\/wp\/v2\/pages\/487\/revisions\/723"}],"wp:attachment":[{"href":"https:\/\/webery-server1.de\/t4-heizung-sanitaer\/wp-json\/wp\/v2\/media?parent=487"}],"curies":[{"name":"wp","href":"https:\/\/api.w.org\/{rel}","templated":true}]}}