{"id":85,"date":"2023-08-12T14:17:58","date_gmt":"2023-08-12T12:17:58","guid":{"rendered":"https:\/\/webery-server1.de\/t4-heizung-sanitaer\/?page_id=85"},"modified":"2025-03-26T13:01:02","modified_gmt":"2025-03-26T12:01:02","slug":"ueber-uns","status":"publish","type":"page","link":"https:\/\/webery-server1.de\/t4-heizung-sanitaer\/ueber-uns\/","title":{"rendered":"\u00dcber Uns"},"content":{"rendered":"\t\t<div data-elementor-type=\"wp-page\" data-elementor-id=\"85\" class=\"elementor elementor-85\" data-elementor-post-type=\"page\">\n\t\t\t\t<div class=\"elementor-element elementor-element-fa3998f e-flex e-con-boxed e-con e-parent\" data-id=\"fa3998f\" data-element_type=\"container\" data-settings=\"{&quot;background_background&quot;:&quot;classic&quot;,&quot;shape_divider_bottom&quot;:&quot;curve&quot;,&quot;shape_divider_bottom_negative&quot;:&quot;yes&quot;}\">\n\t\t\t\t\t<div class=\"e-con-inner\">\n\t\t\t\t<div class=\"elementor-shape elementor-shape-bottom\" aria-hidden=\"true\" data-negative=\"true\">\n\t\t\t<svg xmlns=\"http:\/\/www.w3.org\/2000\/svg\" viewBox=\"0 0 1000 100\" preserveAspectRatio=\"none\">\n\t<path class=\"elementor-shape-fill\" d=\"M500,97C126.7,96.3,0.8,19.8,0,0v100l1000,0V1C1000,19.4,873.3,97.8,500,97z\"\/>\n<\/svg>\t\t<\/div>\n\t\t<div class=\"elementor-element elementor-element-b6b6cab e-con-full e-flex e-con e-child\" data-id=\"b6b6cab\" data-element_type=\"container\">\n\t\t\t\t<div class=\"elementor-element elementor-element-daae412 elementor-widget elementor-widget-elementskit-heading\" data-id=\"daae412\" data-element_type=\"widget\" data-widget_type=\"elementskit-heading.default\">\n\t\t\t\t<div class=\"elementor-widget-container\">\n\t\t\t\t\t<div class=\"ekit-wid-con\" ><div class=\"ekit-heading elementskit-section-title-wraper text_center   ekit_heading_tablet-   ekit_heading_mobile-text_center\"><h1 class=\"ekit-heading--title elementskit-section-title \">Unternehmen<\/h1><\/div><\/div>\t\t\t\t<\/div>\n\t\t\t\t<\/div>\n\t\t\t\t<\/div>\n\t\t\t\t\t<\/div>\n\t\t\t\t<\/div>\n\t\t<div class=\"elementor-element elementor-element-64c9de1 e-flex e-con-boxed e-con e-parent\" data-id=\"64c9de1\" data-element_type=\"container\">\n\t\t\t\t\t<div class=\"e-con-inner\">\n\t\t<div class=\"elementor-element elementor-element-ea6268a e-con-full e-flex e-con e-child\" data-id=\"ea6268a\" data-element_type=\"container\">\n\t\t\t\t<div class=\"elementor-element elementor-element-b57e027 elementor-widget elementor-widget-heading\" data-id=\"b57e027\" data-element_type=\"widget\" data-widget_type=\"heading.default\">\n\t\t\t\t<div class=\"elementor-widget-container\">\n\t\t\t\t\t<h2 class=\"elementor-heading-title elementor-size-default\">30 Jahre Sanit\u00e4r &amp; Heizung GmbH<\/h2>\t\t\t\t<\/div>\n\t\t\t\t<\/div>\n\t\t\t\t<div class=\"elementor-element elementor-element-d294c11 elementor-widget elementor-widget-heading\" data-id=\"d294c11\" data-element_type=\"widget\" data-widget_type=\"heading.default\">\n\t\t\t\t<div class=\"elementor-widget-container\">\n\t\t\t\t\t<h2 class=\"elementor-heading-title elementor-size-default\">Pionier bei Regenerativen Energien und Nachhaltigen L\u00f6sungen f\u00fcr Heizung und Sanit\u00e4r<\/h2>\t\t\t\t<\/div>\n\t\t\t\t<\/div>\n\t\t\t\t<div class=\"elementor-element elementor-element-6f4e741 elementor-widget elementor-widget-text-editor\" data-id=\"6f4e741\" data-element_type=\"widget\" data-widget_type=\"text-editor.default\">\n\t\t\t\t<div class=\"elementor-widget-container\">\n\t\t\t\t\t\t\t\t\t<p>Die Sanit\u00e4r &amp; Heizung GmbH ist seit 30 Jahren im Bereich Heizungs- und Sanit\u00e4rinstallationen t\u00e4tig und hat sich als zuverl\u00e4ssiger Partner f\u00fcr private Kunden und Unternehmen etabliert.<\/p><p>Kurt M\u00fcller hat nach seiner Meisterpr\u00fcfung 1985 als <em>\u201eGas Wasserinstallateur Meister\u201c<\/em> den Betrieb vollst\u00e4ndig \u00fcbernommen.<\/p><p>Die Firma Sanit\u00e4r &amp; Heizung hat ihre Aktivit\u00e4ten im Bereich regenerative Energien in den 1990er Jahren aufgenommen. Zu dieser Zeit begann das Bewusstsein f\u00fcr den Klimawandel und die Notwendigkeit, nachhaltige Energiequellen zu nutzen, zu wachsen. Sanit\u00e4r &amp; Heizung erkannte die Bedeutung dieser Entwicklung und begann, sich auf die Installation und den Betrieb von Heizungs- und Warmwassersystemen zu spezialisieren, die erneuerbare Energien nutzen.<\/p><p>Zu den ersten regenerativen Energien, mit denen sich Sanit\u00e4r &amp; Heizung besch\u00e4ftigte, geh\u00f6rten Solarthermie und Biomasse. Solarthermie nutzt die Energie der Sonne, um Wasser zu erw\u00e4rmen, das dann f\u00fcr Heizung und Warmwasser genutzt werden kann. Biomasse bezieht sich auf die Nutzung von organischen Materialien wie Holzpellets oder Pflanzenabf\u00e4llen zur Erzeugung von W\u00e4rmeenergie.<\/p>\t\t\t\t\t\t\t\t<\/div>\n\t\t\t\t<\/div>\n\t\t\t\t<\/div>\n\t\t<div class=\"elementor-element elementor-element-f08c1a9 e-con-full e-flex e-con e-child\" data-id=\"f08c1a9\" data-element_type=\"container\">\n\t\t\t\t<div class=\"elementor-element elementor-element-aad5026 elementor-widget elementor-widget-image\" data-id=\"aad5026\" data-element_type=\"widget\" data-widget_type=\"image.default\">\n\t\t\t\t<div class=\"elementor-widget-container\">\n\t\t\t\t\t\t\t\t\t\t\t\t\t\t\t<img fetchpriority=\"high\" decoding=\"async\" width=\"800\" height=\"534\" src=\"https:\/\/webery-server1.de\/t4-heizung-sanitaer\/wp-content\/uploads\/2023\/08\/technician-servicing-hotwater-heater-man-check-equipment-boilerhouse-thermometer-1024x683.jpg\" class=\"attachment-large size-large wp-image-580\" alt=\"\" srcset=\"https:\/\/webery-server1.de\/t4-heizung-sanitaer\/wp-content\/uploads\/2023\/08\/technician-servicing-hotwater-heater-man-check-equipment-boilerhouse-thermometer-1024x683.jpg 1024w, https:\/\/webery-server1.de\/t4-heizung-sanitaer\/wp-content\/uploads\/2023\/08\/technician-servicing-hotwater-heater-man-check-equipment-boilerhouse-thermometer-300x200.jpg 300w, https:\/\/webery-server1.de\/t4-heizung-sanitaer\/wp-content\/uploads\/2023\/08\/technician-servicing-hotwater-heater-man-check-equipment-boilerhouse-thermometer-768x512.jpg 768w, https:\/\/webery-server1.de\/t4-heizung-sanitaer\/wp-content\/uploads\/2023\/08\/technician-servicing-hotwater-heater-man-check-equipment-boilerhouse-thermometer.jpg 1500w\" sizes=\"(max-width: 800px) 100vw, 800px\" \/>\t\t\t\t\t\t\t\t\t\t\t\t\t\t\t<\/div>\n\t\t\t\t<\/div>\n\t\t<div class=\"elementor-element elementor-element-7f7b7a4 e-con-full e-flex e-con e-child\" data-id=\"7f7b7a4\" data-element_type=\"container\">\n\t\t<div class=\"elementor-element elementor-element-52f26b0 e-con-full e-flex e-con e-child\" data-id=\"52f26b0\" data-element_type=\"container\">\n\t\t\t\t<div class=\"elementor-element elementor-element-e212199 elementor-widget elementor-widget-image\" data-id=\"e212199\" data-element_type=\"widget\" data-widget_type=\"image.default\">\n\t\t\t\t<div class=\"elementor-widget-container\">\n\t\t\t\t\t\t\t\t\t\t\t\t\t\t\t<img decoding=\"async\" width=\"1500\" height=\"844\" src=\"https:\/\/webery-server1.de\/t4-heizung-sanitaer\/wp-content\/uploads\/2023\/08\/AdobeStock_537268416-Kopie.jpeg\" class=\"attachment-full size-full wp-image-517\" alt=\"\" srcset=\"https:\/\/webery-server1.de\/t4-heizung-sanitaer\/wp-content\/uploads\/2023\/08\/AdobeStock_537268416-Kopie.jpeg 1500w, https:\/\/webery-server1.de\/t4-heizung-sanitaer\/wp-content\/uploads\/2023\/08\/AdobeStock_537268416-Kopie-300x169.jpeg 300w, https:\/\/webery-server1.de\/t4-heizung-sanitaer\/wp-content\/uploads\/2023\/08\/AdobeStock_537268416-Kopie-1024x576.jpeg 1024w, https:\/\/webery-server1.de\/t4-heizung-sanitaer\/wp-content\/uploads\/2023\/08\/AdobeStock_537268416-Kopie-768x432.jpeg 768w\" sizes=\"(max-width: 1500px) 100vw, 1500px\" \/>\t\t\t\t\t\t\t\t\t\t\t\t\t\t\t<\/div>\n\t\t\t\t<\/div>\n\t\t\t\t<\/div>\n\t\t<div class=\"elementor-element elementor-element-9080384 e-con-full e-flex e-con e-child\" data-id=\"9080384\" data-element_type=\"container\">\n\t\t\t\t<div class=\"elementor-element elementor-element-bdafff9 elementor-widget elementor-widget-image\" data-id=\"bdafff9\" data-element_type=\"widget\" data-widget_type=\"image.default\">\n\t\t\t\t<div class=\"elementor-widget-container\">\n\t\t\t\t\t\t\t\t\t\t\t\t\t\t\t<img decoding=\"async\" width=\"2000\" height=\"1333\" src=\"https:\/\/webery-server1.de\/t4-heizung-sanitaer\/wp-content\/uploads\/2023\/08\/Gas-Heizung.jpeg\" class=\"attachment-full size-full wp-image-510\" alt=\"\" srcset=\"https:\/\/webery-server1.de\/t4-heizung-sanitaer\/wp-content\/uploads\/2023\/08\/Gas-Heizung.jpeg 2000w, https:\/\/webery-server1.de\/t4-heizung-sanitaer\/wp-content\/uploads\/2023\/08\/Gas-Heizung-300x200.jpeg 300w, https:\/\/webery-server1.de\/t4-heizung-sanitaer\/wp-content\/uploads\/2023\/08\/Gas-Heizung-1024x682.jpeg 1024w, https:\/\/webery-server1.de\/t4-heizung-sanitaer\/wp-content\/uploads\/2023\/08\/Gas-Heizung-768x512.jpeg 768w, https:\/\/webery-server1.de\/t4-heizung-sanitaer\/wp-content\/uploads\/2023\/08\/Gas-Heizung-1536x1024.jpeg 1536w\" sizes=\"(max-width: 2000px) 100vw, 2000px\" \/>\t\t\t\t\t\t\t\t\t\t\t\t\t\t\t<\/div>\n\t\t\t\t<\/div>\n\t\t\t\t<\/div>\n\t\t\t\t<\/div>\n\t\t\t\t<\/div>\n\t\t\t\t\t<\/div>\n\t\t\t\t<\/div>\n\t\t<div class=\"elementor-element elementor-element-7a7f82a e-flex e-con-boxed e-con e-parent\" data-id=\"7a7f82a\" data-element_type=\"container\" data-settings=\"{&quot;background_background&quot;:&quot;classic&quot;,&quot;shape_divider_top&quot;:&quot;curve&quot;,&quot;shape_divider_top_negative&quot;:&quot;yes&quot;,&quot;shape_divider_bottom&quot;:&quot;curve&quot;,&quot;shape_divider_bottom_negative&quot;:&quot;yes&quot;}\">\n\t\t\t\t\t<div class=\"e-con-inner\">\n\t\t\t\t<div class=\"elementor-shape elementor-shape-top\" aria-hidden=\"true\" data-negative=\"true\">\n\t\t\t<svg xmlns=\"http:\/\/www.w3.org\/2000\/svg\" viewBox=\"0 0 1000 100\" preserveAspectRatio=\"none\">\n\t<path class=\"elementor-shape-fill\" d=\"M500,97C126.7,96.3,0.8,19.8,0,0v100l1000,0V1C1000,19.4,873.3,97.8,500,97z\"\/>\n<\/svg>\t\t<\/div>\n\t\t\t\t<div class=\"elementor-shape elementor-shape-bottom\" aria-hidden=\"true\" data-negative=\"true\">\n\t\t\t<svg xmlns=\"http:\/\/www.w3.org\/2000\/svg\" viewBox=\"0 0 1000 100\" preserveAspectRatio=\"none\">\n\t<path class=\"elementor-shape-fill\" d=\"M500,97C126.7,96.3,0.8,19.8,0,0v100l1000,0V1C1000,19.4,873.3,97.8,500,97z\"\/>\n<\/svg>\t\t<\/div>\n\t\t<div class=\"elementor-element elementor-element-357e6be e-con-full e-flex e-con e-child\" data-id=\"357e6be\" data-element_type=\"container\">\n\t\t\t\t<div class=\"elementor-element elementor-element-2f2754c elementor-widget elementor-widget-image\" data-id=\"2f2754c\" data-element_type=\"widget\" data-widget_type=\"image.default\">\n\t\t\t\t<div class=\"elementor-widget-container\">\n\t\t\t\t\t\t\t\t\t\t\t\t\t\t\t<img loading=\"lazy\" decoding=\"async\" width=\"800\" height=\"500\" src=\"https:\/\/webery-server1.de\/t4-heizung-sanitaer\/wp-content\/uploads\/2023\/08\/Regenerative-Energien-1024x640.jpeg\" class=\"attachment-large size-large wp-image-513\" alt=\"\" srcset=\"https:\/\/webery-server1.de\/t4-heizung-sanitaer\/wp-content\/uploads\/2023\/08\/Regenerative-Energien-1024x640.jpeg 1024w, https:\/\/webery-server1.de\/t4-heizung-sanitaer\/wp-content\/uploads\/2023\/08\/Regenerative-Energien-300x188.jpeg 300w, https:\/\/webery-server1.de\/t4-heizung-sanitaer\/wp-content\/uploads\/2023\/08\/Regenerative-Energien-768x480.jpeg 768w, https:\/\/webery-server1.de\/t4-heizung-sanitaer\/wp-content\/uploads\/2023\/08\/Regenerative-Energien-1536x960.jpeg 1536w, https:\/\/webery-server1.de\/t4-heizung-sanitaer\/wp-content\/uploads\/2023\/08\/Regenerative-Energien.jpeg 2000w\" sizes=\"(max-width: 800px) 100vw, 800px\" \/>\t\t\t\t\t\t\t\t\t\t\t\t\t\t\t<\/div>\n\t\t\t\t<\/div>\n\t\t\t\t<\/div>\n\t\t<div class=\"elementor-element elementor-element-8dd3772 e-con-full e-flex e-con e-child\" data-id=\"8dd3772\" data-element_type=\"container\">\n\t\t\t\t<div class=\"elementor-element elementor-element-dc262ef elementor-widget elementor-widget-text-editor\" data-id=\"dc262ef\" data-element_type=\"widget\" data-widget_type=\"text-editor.default\">\n\t\t\t\t<div class=\"elementor-widget-container\">\n\t\t\t\t\t\t\t\t\t<p>Im Laufe der Jahre hat Sanit\u00e4r &amp; Heizung sein Angebot an regenerativen Energien erweitert und ist auch in Bereiche wie W\u00e4rmepumpen und Photovoltaik eingestiegen. W\u00e4rmepumpen nutzen die Umgebungsw\u00e4rme, um Heizung und Warmwasser zu erzeugen, w\u00e4hrend Photovoltaik die Sonnenenergie in elektrische Energie umwandelt.<\/p><p>Die Firma Sanit\u00e4r &amp; Heizung hat sich im Laufe der Zeit einen Ruf als Experte f\u00fcr regenerative Energien aufgebaut und ist bestrebt, ihren Kunden nachhaltige und energieeffiziente L\u00f6sungen anzubieten. Sie arbeiten eng mit Herstellern von regenerativen Energiesystemen zusammen, um stets auf dem neuesten Stand der Technik zu sein und ihren Kunden die besten L\u00f6sungen anzubieten.<\/p><p>Sanit\u00e4r &amp; Heizung hat einen wichtigen Beitrag zur F\u00f6rderung der Nutzung regenerativer Energien geleistet und tr\u00e4gt dazu bei, den \u00f6kologischen Fu\u00dfabdruck von Geb\u00e4uden zu reduzieren und eine nachhaltige Zukunft zu schaffen.<\/p>\t\t\t\t\t\t\t\t<\/div>\n\t\t\t\t<\/div>\n\t\t\t\t<\/div>\n\t\t\t\t\t<\/div>\n\t\t\t\t<\/div>\n\t\t<div class=\"elementor-element elementor-element-62fbea6 e-flex e-con-boxed e-con e-parent\" data-id=\"62fbea6\" data-element_type=\"container\">\n\t\t\t\t\t<div class=\"e-con-inner\">\n\t\t<div class=\"elementor-element elementor-element-ce5f1ae e-con-full e-flex e-con e-child\" data-id=\"ce5f1ae\" data-element_type=\"container\">\n\t\t\t\t<div class=\"elementor-element elementor-element-90a3667 elementor-widget elementor-widget-heading\" data-id=\"90a3667\" data-element_type=\"widget\" data-widget_type=\"heading.default\">\n\t\t\t\t<div class=\"elementor-widget-container\">\n\t\t\t\t\t<h2 class=\"elementor-heading-title elementor-size-default\">Unser Team<\/h2>\t\t\t\t<\/div>\n\t\t\t\t<\/div>\n\t\t\t\t<\/div>\n\t\t<div class=\"elementor-element elementor-element-70804e5 e-con-full e-flex e-con e-child\" data-id=\"70804e5\" data-element_type=\"container\">\n\t\t\t\t<div class=\"elementor-element elementor-element-beb6c6b elementor-widget elementor-widget-text-editor\" data-id=\"beb6c6b\" data-element_type=\"widget\" data-widget_type=\"text-editor.default\">\n\t\t\t\t<div class=\"elementor-widget-container\">\n\t\t\t\t\t\t\t\t\t<p style=\"text-align: center;\">Aktuell besch\u00e4ftigt die Sanit\u00e4r &amp; Heizung GmbH <strong>8 Mitarbeiter<\/strong>. <br \/>Zwei Meister, B\u00fcromitarbeiter, Gesellen sowie zwei Auszubildende.<\/p>\t\t\t\t\t\t\t\t<\/div>\n\t\t\t\t<\/div>\n\t\t\t\t<\/div>\n\t\t\t\t\t<\/div>\n\t\t\t\t<\/div>\n\t\t<div class=\"elementor-element elementor-element-6b9ac14 e-flex e-con-boxed e-con e-parent\" data-id=\"6b9ac14\" data-element_type=\"container\" data-settings=\"{&quot;background_background&quot;:&quot;classic&quot;,&quot;shape_divider_top&quot;:&quot;curve&quot;,&quot;shape_divider_top_negative&quot;:&quot;yes&quot;}\">\n\t\t\t\t\t<div class=\"e-con-inner\">\n\t\t\t\t<div class=\"elementor-shape elementor-shape-top\" aria-hidden=\"true\" data-negative=\"true\">\n\t\t\t<svg xmlns=\"http:\/\/www.w3.org\/2000\/svg\" viewBox=\"0 0 1000 100\" preserveAspectRatio=\"none\">\n\t<path class=\"elementor-shape-fill\" d=\"M500,97C126.7,96.3,0.8,19.8,0,0v100l1000,0V1C1000,19.4,873.3,97.8,500,97z\"\/>\n<\/svg>\t\t<\/div>\n\t\t<div class=\"elementor-element elementor-element-2da51bf e-con-full e-flex e-con e-child\" data-id=\"2da51bf\" data-element_type=\"container\">\n\t\t\t\t<div class=\"elementor-element elementor-element-ff55297 elementor-widget elementor-widget-heading\" data-id=\"ff55297\" data-element_type=\"widget\" data-widget_type=\"heading.default\">\n\t\t\t\t<div class=\"elementor-widget-container\">\n\t\t\t\t\t<h2 class=\"elementor-heading-title elementor-size-default\">Wir freuen uns auf Ihre Kontaktaufnahme.<\/h2>\t\t\t\t<\/div>\n\t\t\t\t<\/div>\n\t\t\t\t<div class=\"elementor-element elementor-element-0be3e9b elementor-align-center elementor-widget elementor-widget-button\" data-id=\"0be3e9b\" data-element_type=\"widget\" data-widget_type=\"button.default\">\n\t\t\t\t<div class=\"elementor-widget-container\">\n\t\t\t\t\t\t\t\t\t<div class=\"elementor-button-wrapper\">\n\t\t\t\t\t<a class=\"elementor-button elementor-button-link elementor-size-sm\" href=\"https:\/\/webery-server1.de\/t4-heizung-sanitaer\/kontakt\/\">\n\t\t\t\t\t\t<span class=\"elementor-button-content-wrapper\">\n\t\t\t\t\t\t\t\t\t<span class=\"elementor-button-text\">jetzt kontaktieren<\/span>\n\t\t\t\t\t<\/span>\n\t\t\t\t\t<\/a>\n\t\t\t\t<\/div>\n\t\t\t\t\t\t\t\t<\/div>\n\t\t\t\t<\/div>\n\t\t\t\t<\/div>\n\t\t\t\t\t<\/div>\n\t\t\t\t<\/div>\n\t\t\t\t<\/div>\n\t\t","protected":false},"excerpt":{"rendered":"<p>Unternehmen 30 Jahre Sanit\u00e4r &#038; Heizung GmbH Pionier bei Regenerativen Energien und Nachhaltigen L\u00f6sungen f\u00fcr Heizung und Sanit\u00e4r Die Sanit\u00e4r &amp; Heizung GmbH ist seit 30 Jahren im Bereich Heizungs- und Sanit\u00e4rinstallationen t\u00e4tig und hat sich als zuverl\u00e4ssiger Partner f\u00fcr private Kunden und Unternehmen etabliert. Kurt M\u00fcller hat nach seiner Meisterpr\u00fcfung 1985 als \u201eGas Wasserinstallateur [&hellip;]<\/p>\n","protected":false},"author":1,"featured_media":0,"parent":0,"menu_order":0,"comment_status":"closed","ping_status":"closed","template":"","meta":{"footnotes":""},"class_list":["post-85","page","type-page","status-publish","hentry"],"_links":{"self":[{"href":"https:\/\/webery-server1.de\/t4-heizung-sanitaer\/wp-json\/wp\/v2\/pages\/85","targetHints":{"allow":["GET"]}}],"collection":[{"href":"https:\/\/webery-server1.de\/t4-heizung-sanitaer\/wp-json\/wp\/v2\/pages"}],"about":[{"href":"https:\/\/webery-server1.de\/t4-heizung-sanitaer\/wp-json\/wp\/v2\/types\/page"}],"author":[{"embeddable":true,"href":"https:\/\/webery-server1.de\/t4-heizung-sanitaer\/wp-json\/wp\/v2\/users\/1"}],"replies":[{"embeddable":true,"href":"https:\/\/webery-server1.de\/t4-heizung-sanitaer\/wp-json\/wp\/v2\/comments?post=85"}],"version-history":[{"count":3,"href":"https:\/\/webery-server1.de\/t4-heizung-sanitaer\/wp-json\/wp\/v2\/pages\/85\/revisions"}],"predecessor-version":[{"id":738,"href":"https:\/\/webery-server1.de\/t4-heizung-sanitaer\/wp-json\/wp\/v2\/pages\/85\/revisions\/738"}],"wp:attachment":[{"href":"https:\/\/webery-server1.de\/t4-heizung-sanitaer\/wp-json\/wp\/v2\/media?parent=85"}],"curies":[{"name":"wp","href":"https:\/\/api.w.org\/{rel}","templated":true}]}}