{"id":85,"date":"2023-08-12T14:17:58","date_gmt":"2023-08-12T12:17:58","guid":{"rendered":"https:\/\/webery-server1.de\/t5-gebaeudereinigung\/?page_id=85"},"modified":"2025-03-26T13:14:27","modified_gmt":"2025-03-26T12:14:27","slug":"ueber-uns","status":"publish","type":"page","link":"https:\/\/webery-server1.de\/t5-gebaeudereinigung\/ueber-uns\/","title":{"rendered":"\u00dcber Uns"},"content":{"rendered":"\t\t<div data-elementor-type=\"wp-page\" data-elementor-id=\"85\" class=\"elementor elementor-85\" data-elementor-post-type=\"page\">\n\t\t\t\t<div class=\"elementor-element elementor-element-c93781c e-flex e-con-boxed e-con e-parent\" data-id=\"c93781c\" data-element_type=\"container\" data-settings=\"{&quot;background_background&quot;:&quot;classic&quot;}\">\n\t\t\t\t\t<div class=\"e-con-inner\">\n\t\t<div class=\"elementor-element elementor-element-8d4d0fb e-con-full e-flex e-con e-child\" data-id=\"8d4d0fb\" data-element_type=\"container\">\n\t\t\t\t<div class=\"elementor-element elementor-element-c4935b0 elementor-widget elementor-widget-elementskit-heading\" data-id=\"c4935b0\" data-element_type=\"widget\" data-widget_type=\"elementskit-heading.default\">\n\t\t\t\t<div class=\"elementor-widget-container\">\n\t\t\t\t\t<div class=\"ekit-wid-con\" ><div class=\"ekit-heading elementskit-section-title-wraper text_center   ekit_heading_tablet-   ekit_heading_mobile-text_center\"><h1 class=\"ekit-heading--title elementskit-section-title \">\u00dcber Uns<\/h1><\/div><\/div>\t\t\t\t<\/div>\n\t\t\t\t<\/div>\n\t\t\t\t<\/div>\n\t\t\t\t\t<\/div>\n\t\t\t\t<\/div>\n\t\t<div class=\"elementor-element elementor-element-119c56b e-flex e-con-boxed e-con e-parent\" data-id=\"119c56b\" data-element_type=\"container\">\n\t\t\t\t\t<div class=\"e-con-inner\">\n\t\t<div class=\"elementor-element elementor-element-a85f30f e-con-full e-flex e-con e-child\" data-id=\"a85f30f\" data-element_type=\"container\">\n\t\t\t\t<div class=\"elementor-element elementor-element-48354de elementor-widget elementor-widget-heading\" data-id=\"48354de\" data-element_type=\"widget\" data-widget_type=\"heading.default\">\n\t\t\t\t<div class=\"elementor-widget-container\">\n\t\t\t\t\t<h2 class=\"elementor-heading-title elementor-size-default\">\u00dcber 20 Jahre Erfahrung und Qualit\u00e4t<\/h2>\t\t\t\t<\/div>\n\t\t\t\t<\/div>\n\t\t\t\t<div class=\"elementor-element elementor-element-3cb60bb elementor-widget elementor-widget-heading\" data-id=\"3cb60bb\" data-element_type=\"widget\" data-widget_type=\"heading.default\">\n\t\t\t\t<div class=\"elementor-widget-container\">\n\t\t\t\t\t<h2 class=\"elementor-heading-title elementor-size-default\">Geb\u00e4udereinigung in Hamburg und Hannover<\/h2>\t\t\t\t<\/div>\n\t\t\t\t<\/div>\n\t\t\t\t<div class=\"elementor-element elementor-element-af4889b elementor-widget elementor-widget-text-editor\" data-id=\"af4889b\" data-element_type=\"widget\" data-widget_type=\"text-editor.default\">\n\t\t\t\t<div class=\"elementor-widget-container\">\n\t\t\t\t\t\t\t\t\t<p><strong>Wer wir sind<\/strong><strong>\u2026\u00a0<\/strong><\/p><p>Ein Geb\u00e4udereinigungsunternehmen mit Gr\u00fcndung im Jahr 2000, welches seit 2020 von der Gesch\u00e4ftsf\u00fchrerin, Marion M\u00fcller, gef\u00fchrt wird.\u00a0<\/p><p>Wir betreuen zur Zeit 80 Objekte w\u00f6chentlich. Unsere Arbeitsschwerpunkte sind hier Treppenhausreinigung, B\u00fcro- und Glasreinigung, sowie die Tiefgaragenreinigung.<\/p><p>Da uns die Werterhaltung Ihrer Immobilie genauso wie Ihnen am Herzen liegt stehen wir f\u00fcr Erfahrung und Qualit\u00e4t. Wir leben von Mundpropaganda was unserem guten Ruf geschuldet ist.<\/p><p><strong>Wir schauen uns Ihr Objekt unverbindlich vor Ort an. Wenn Sie einen Termin vereinbaren m\u00f6chten, k\u00f6nnen Sie uns gerne anrufen oder uns \u00fcber unser Kontaktformular schreiben. Haben wir Ihr Interesse geweckt?!<\/strong><\/p>\t\t\t\t\t\t\t\t<\/div>\n\t\t\t\t<\/div>\n\t\t\t\t<div class=\"elementor-element elementor-element-24991f6 elementor-widget elementor-widget-button\" data-id=\"24991f6\" data-element_type=\"widget\" data-widget_type=\"button.default\">\n\t\t\t\t<div class=\"elementor-widget-container\">\n\t\t\t\t\t\t\t\t\t<div class=\"elementor-button-wrapper\">\n\t\t\t\t\t<a class=\"elementor-button elementor-button-link elementor-size-sm\" href=\"https:\/\/webery-server1.de\/t5-gebaeudereinigung\/kontakt\/\">\n\t\t\t\t\t\t<span class=\"elementor-button-content-wrapper\">\n\t\t\t\t\t\t\t\t\t<span class=\"elementor-button-text\">jetzt kontaktieren<\/span>\n\t\t\t\t\t<\/span>\n\t\t\t\t\t<\/a>\n\t\t\t\t<\/div>\n\t\t\t\t\t\t\t\t<\/div>\n\t\t\t\t<\/div>\n\t\t\t\t<\/div>\n\t\t<div class=\"elementor-element elementor-element-78065fe e-con-full e-flex e-con e-child\" data-id=\"78065fe\" data-element_type=\"container\">\n\t\t\t\t<div class=\"elementor-element elementor-element-e1f04b7 elementor-widget elementor-widget-image\" data-id=\"e1f04b7\" data-element_type=\"widget\" data-widget_type=\"image.default\">\n\t\t\t\t<div class=\"elementor-widget-container\">\n\t\t\t\t\t\t\t\t\t\t\t\t\t\t\t<img fetchpriority=\"high\" decoding=\"async\" width=\"2000\" height=\"1333\" src=\"https:\/\/webery-server1.de\/t5-gebaeudereinigung\/wp-content\/uploads\/2023\/09\/GR-Wir-u\u0308ber-uns.jpeg\" class=\"attachment-full size-full wp-image-735\" alt=\"\" srcset=\"https:\/\/webery-server1.de\/t5-gebaeudereinigung\/wp-content\/uploads\/2023\/09\/GR-Wir-u\u0308ber-uns.jpeg 2000w, https:\/\/webery-server1.de\/t5-gebaeudereinigung\/wp-content\/uploads\/2023\/09\/GR-Wir-u\u0308ber-uns-300x200.jpeg 300w, https:\/\/webery-server1.de\/t5-gebaeudereinigung\/wp-content\/uploads\/2023\/09\/GR-Wir-u\u0308ber-uns-1024x682.jpeg 1024w, https:\/\/webery-server1.de\/t5-gebaeudereinigung\/wp-content\/uploads\/2023\/09\/GR-Wir-u\u0308ber-uns-768x512.jpeg 768w, https:\/\/webery-server1.de\/t5-gebaeudereinigung\/wp-content\/uploads\/2023\/09\/GR-Wir-u\u0308ber-uns-1536x1024.jpeg 1536w\" sizes=\"(max-width: 2000px) 100vw, 2000px\" \/>\t\t\t\t\t\t\t\t\t\t\t\t\t\t\t<\/div>\n\t\t\t\t<\/div>\n\t\t<div class=\"elementor-element elementor-element-7bfeafc e-con-full e-flex e-con e-child\" data-id=\"7bfeafc\" data-element_type=\"container\">\n\t\t<div class=\"elementor-element elementor-element-457a07b e-con-full e-flex e-con e-child\" data-id=\"457a07b\" data-element_type=\"container\">\n\t\t\t\t<div class=\"elementor-element elementor-element-2ffea42 elementor-widget elementor-widget-elementskit-progressbar\" data-id=\"2ffea42\" data-element_type=\"widget\" data-widget_type=\"elementskit-progressbar.default\">\n\t\t\t\t<div class=\"elementor-widget-container\">\n\t\t\t\t\t<div class=\"ekit-wid-con\" >        <div class=\"waypoint-tigger\">\n            <div class=\"skillbar-group pin-style\" data-progress-bar=\"\">\n                <div class=\"single-skill-bar\">\n                                            <div class=\"skill-bar-content\">\n                            <span class=\"skill-title\">Erfahrung<\/span>\n                        <\/div><!-- .skill-bar-content END -->\n                        <div class=\"skill-bar\">\n                            <div class=\"skill-track\">\n                                \n                                <div class=\"number-percentage-wraper\">\n                                    <span class=\"number-percentage\" data-value=\"100\" data-animation-duration=\"3500\">0<\/span>%\n\n                                                                    <\/div>\n                            <\/div>\n                        <\/div><!-- .skill-bar END -->\n                                    <\/div><!-- .single-skill-bar END -->\n            <\/div><!-- .skillbar-group END -->\n        <\/div>\n        <\/div>\t\t\t\t<\/div>\n\t\t\t\t<\/div>\n\t\t\t\t<div class=\"elementor-element elementor-element-7e0a0a2 elementor-widget elementor-widget-elementskit-progressbar\" data-id=\"7e0a0a2\" data-element_type=\"widget\" data-widget_type=\"elementskit-progressbar.default\">\n\t\t\t\t<div class=\"elementor-widget-container\">\n\t\t\t\t\t<div class=\"ekit-wid-con\" >        <div class=\"waypoint-tigger\">\n            <div class=\"skillbar-group pin-style\" data-progress-bar=\"\">\n                <div class=\"single-skill-bar\">\n                                            <div class=\"skill-bar-content\">\n                            <span class=\"skill-title\">Qualit\u00e4t<\/span>\n                        <\/div><!-- .skill-bar-content END -->\n                        <div class=\"skill-bar\">\n                            <div class=\"skill-track\">\n                                \n                                <div class=\"number-percentage-wraper\">\n                                    <span class=\"number-percentage\" data-value=\"100\" data-animation-duration=\"3500\">0<\/span>%\n\n                                                                    <\/div>\n                            <\/div>\n                        <\/div><!-- .skill-bar END -->\n                                    <\/div><!-- .single-skill-bar END -->\n            <\/div><!-- .skillbar-group END -->\n        <\/div>\n        <\/div>\t\t\t\t<\/div>\n\t\t\t\t<\/div>\n\t\t\t\t<div class=\"elementor-element elementor-element-bab2f3d elementor-widget elementor-widget-elementskit-progressbar\" data-id=\"bab2f3d\" data-element_type=\"widget\" data-widget_type=\"elementskit-progressbar.default\">\n\t\t\t\t<div class=\"elementor-widget-container\">\n\t\t\t\t\t<div class=\"ekit-wid-con\" >        <div class=\"waypoint-tigger\">\n            <div class=\"skillbar-group pin-style\" data-progress-bar=\"\">\n                <div class=\"single-skill-bar\">\n                                            <div class=\"skill-bar-content\">\n                            <span class=\"skill-title\">Gl\u00fcckliche Kunden<\/span>\n                        <\/div><!-- .skill-bar-content END -->\n                        <div class=\"skill-bar\">\n                            <div class=\"skill-track\">\n                                \n                                <div class=\"number-percentage-wraper\">\n                                    <span class=\"number-percentage\" data-value=\"100\" data-animation-duration=\"3500\">0<\/span>%\n\n                                                                    <\/div>\n                            <\/div>\n                        <\/div><!-- .skill-bar END -->\n                                    <\/div><!-- .single-skill-bar END -->\n            <\/div><!-- .skillbar-group END -->\n        <\/div>\n        <\/div>\t\t\t\t<\/div>\n\t\t\t\t<\/div>\n\t\t\t\t<\/div>\n\t\t\t\t<\/div>\n\t\t\t\t<\/div>\n\t\t\t\t\t<\/div>\n\t\t\t\t<\/div>\n\t\t<div class=\"elementor-element elementor-element-73754f6 e-flex e-con-boxed e-con e-parent\" data-id=\"73754f6\" data-element_type=\"container\">\n\t\t\t\t\t<div class=\"e-con-inner\">\n\t\t<div class=\"elementor-element elementor-element-35cc81f e-con-full e-flex e-con e-child\" data-id=\"35cc81f\" data-element_type=\"container\">\n\t\t<div class=\"elementor-element elementor-element-d54a012 e-con-full e-flex e-con e-child\" data-id=\"d54a012\" data-element_type=\"container\" data-settings=\"{&quot;background_background&quot;:&quot;classic&quot;}\">\n\t\t<div class=\"elementor-element elementor-element-328d6fa e-con-full e-flex e-con e-child\" data-id=\"328d6fa\" data-element_type=\"container\">\n\t\t\t\t<div class=\"elementor-element elementor-element-c658584 elementor-widget elementor-widget-heading\" data-id=\"c658584\" data-element_type=\"widget\" data-widget_type=\"heading.default\">\n\t\t\t\t<div class=\"elementor-widget-container\">\n\t\t\t\t\t<h2 class=\"elementor-heading-title elementor-size-default\">Wir freuen uns auf Ihre Kontaktaufnahme.<\/h2>\t\t\t\t<\/div>\n\t\t\t\t<\/div>\n\t\t\t\t<\/div>\n\t\t<div class=\"elementor-element elementor-element-3cd2339 e-con-full e-flex e-con e-child\" data-id=\"3cd2339\" data-element_type=\"container\">\n\t\t\t\t<div class=\"elementor-element elementor-element-2f01cda elementor-align-center elementor-widget elementor-widget-button\" data-id=\"2f01cda\" data-element_type=\"widget\" data-widget_type=\"button.default\">\n\t\t\t\t<div class=\"elementor-widget-container\">\n\t\t\t\t\t\t\t\t\t<div class=\"elementor-button-wrapper\">\n\t\t\t\t\t<a class=\"elementor-button elementor-button-link elementor-size-sm\" href=\"https:\/\/webery-server1.de\/t5-gebaeudereinigung\/kontakt\/\">\n\t\t\t\t\t\t<span class=\"elementor-button-content-wrapper\">\n\t\t\t\t\t\t\t\t\t<span class=\"elementor-button-text\">jetzt kontaktieren<\/span>\n\t\t\t\t\t<\/span>\n\t\t\t\t\t<\/a>\n\t\t\t\t<\/div>\n\t\t\t\t\t\t\t\t<\/div>\n\t\t\t\t<\/div>\n\t\t\t\t<\/div>\n\t\t\t\t<\/div>\n\t\t\t\t<\/div>\n\t\t\t\t\t<\/div>\n\t\t\t\t<\/div>\n\t\t\t\t<\/div>\n\t\t","protected":false},"excerpt":{"rendered":"<p>\u00dcber Uns \u00dcber 20 Jahre Erfahrung und Qualit\u00e4t Geb\u00e4udereinigung in Hamburg und Hannover Wer wir sind\u2026\u00a0 Ein Geb\u00e4udereinigungsunternehmen mit Gr\u00fcndung im Jahr 2000, welches seit 2020 von der Gesch\u00e4ftsf\u00fchrerin, Marion M\u00fcller, gef\u00fchrt wird.\u00a0 Wir betreuen zur Zeit 80 Objekte w\u00f6chentlich. Unsere Arbeitsschwerpunkte sind hier Treppenhausreinigung, B\u00fcro- und Glasreinigung, sowie die Tiefgaragenreinigung. Da uns die Werterhaltung [&hellip;]<\/p>\n","protected":false},"author":1,"featured_media":0,"parent":0,"menu_order":0,"comment_status":"closed","ping_status":"closed","template":"","meta":{"footnotes":""},"class_list":["post-85","page","type-page","status-publish","hentry"],"_links":{"self":[{"href":"https:\/\/webery-server1.de\/t5-gebaeudereinigung\/wp-json\/wp\/v2\/pages\/85","targetHints":{"allow":["GET"]}}],"collection":[{"href":"https:\/\/webery-server1.de\/t5-gebaeudereinigung\/wp-json\/wp\/v2\/pages"}],"about":[{"href":"https:\/\/webery-server1.de\/t5-gebaeudereinigung\/wp-json\/wp\/v2\/types\/page"}],"author":[{"embeddable":true,"href":"https:\/\/webery-server1.de\/t5-gebaeudereinigung\/wp-json\/wp\/v2\/users\/1"}],"replies":[{"embeddable":true,"href":"https:\/\/webery-server1.de\/t5-gebaeudereinigung\/wp-json\/wp\/v2\/comments?post=85"}],"version-history":[{"count":3,"href":"https:\/\/webery-server1.de\/t5-gebaeudereinigung\/wp-json\/wp\/v2\/pages\/85\/revisions"}],"predecessor-version":[{"id":899,"href":"https:\/\/webery-server1.de\/t5-gebaeudereinigung\/wp-json\/wp\/v2\/pages\/85\/revisions\/899"}],"wp:attachment":[{"href":"https:\/\/webery-server1.de\/t5-gebaeudereinigung\/wp-json\/wp\/v2\/media?parent=85"}],"curies":[{"name":"wp","href":"https:\/\/api.w.org\/{rel}","templated":true}]}}