{"id":91,"date":"2023-08-12T14:54:30","date_gmt":"2023-08-12T12:54:30","guid":{"rendered":"https:\/\/webery-server1.de\/t5-gebaeudereinigung\/?page_id=91"},"modified":"2025-03-26T13:12:25","modified_gmt":"2025-03-26T12:12:25","slug":"leistungen","status":"publish","type":"page","link":"https:\/\/webery-server1.de\/t5-gebaeudereinigung\/leistungen\/","title":{"rendered":"Leistungen"},"content":{"rendered":"\t\t<div data-elementor-type=\"wp-page\" data-elementor-id=\"91\" class=\"elementor elementor-91\" data-elementor-post-type=\"page\">\n\t\t\t\t<div class=\"elementor-element elementor-element-c581532 e-flex e-con-boxed e-con e-parent\" data-id=\"c581532\" data-element_type=\"container\" data-settings=\"{&quot;background_background&quot;:&quot;classic&quot;}\">\n\t\t\t\t\t<div class=\"e-con-inner\">\n\t\t<div class=\"elementor-element elementor-element-4a9003b e-con-full e-flex e-con e-child\" data-id=\"4a9003b\" data-element_type=\"container\">\n\t\t\t\t<div class=\"elementor-element elementor-element-8a46ae0 elementor-widget elementor-widget-elementskit-heading\" data-id=\"8a46ae0\" data-element_type=\"widget\" data-widget_type=\"elementskit-heading.default\">\n\t\t\t\t<div class=\"elementor-widget-container\">\n\t\t\t\t\t<div class=\"ekit-wid-con\" ><div class=\"ekit-heading elementskit-section-title-wraper text_center   ekit_heading_tablet-   ekit_heading_mobile-text_center\"><h1 class=\"ekit-heading--title elementskit-section-title \">Leistungen<\/h1><\/div><\/div>\t\t\t\t<\/div>\n\t\t\t\t<\/div>\n\t\t\t\t<\/div>\n\t\t\t\t\t<\/div>\n\t\t\t\t<\/div>\n\t\t<div class=\"elementor-element elementor-element-9b0afcb e-flex e-con-boxed e-con e-parent\" data-id=\"9b0afcb\" data-element_type=\"container\" id=\"treppen\">\n\t\t\t\t\t<div class=\"e-con-inner\">\n\t\t<div class=\"elementor-element elementor-element-5b88429 e-con-full e-flex e-con e-child\" data-id=\"5b88429\" data-element_type=\"container\">\n\t\t\t\t<div class=\"elementor-element elementor-element-978c22a elementor-widget elementor-widget-heading\" data-id=\"978c22a\" data-element_type=\"widget\" data-widget_type=\"heading.default\">\n\t\t\t\t<div class=\"elementor-widget-container\">\n\t\t\t\t\t<h3 class=\"elementor-heading-title elementor-size-default\">Treppenhausreinigung <\/h3>\t\t\t\t<\/div>\n\t\t\t\t<\/div>\n\t\t\t\t<div class=\"elementor-element elementor-element-5f8ee12 elementor-widget elementor-widget-text-editor\" data-id=\"5f8ee12\" data-element_type=\"widget\" data-widget_type=\"text-editor.default\">\n\t\t\t\t<div class=\"elementor-widget-container\">\n\t\t\t\t\t\t\t\t\t<p>Die Treppenhausreinigung bezeichnet die regelm\u00e4\u00dfige Reinigung und Pflege des gemeinschaftlichen Treppenhauses in Mehrparteienh\u00e4usern. Die Reinigung des Treppenhauses kann je nach Gr\u00f6\u00dfe und Anzahl der Stockwerke sehr aufwendig sein.<\/p><p>Der Vermieter hat die M\u00f6glichkeit, die Treppenhausreinigung durch eine Reinigungsfirma durchf\u00fchren zu lassen und die Kosten im Rahmen der Betriebskostenabrechnung auf die Mieter umzulegen.<\/p><p>Die H\u00e4ufigkeit der Treppenhausreinigung richtet sich nach den \u00f6rtlichen Gegebenheiten und kann je nach Bundesland unterschiedlich geregelt sein. In der Regel ist jedoch eine w\u00f6chentliche Reinigung \u00fcblich.<\/p><p>Zur Vorbereitung einer Treppenhausreinigung sind die passenden Hilfs- und Reinigungsmittel entscheidend, diese bringen wir selbstverst\u00e4ndlich mit. Die Treppenhausreinigung beinhaltet auf Kundenwunsch auf Klingelkn\u00f6pfe, Briefk\u00e4sten, Treppengel\u00e4nder, sowie Spinnenweben.<\/p>\t\t\t\t\t\t\t\t<\/div>\n\t\t\t\t<\/div>\n\t\t\t\t<div class=\"elementor-element elementor-element-12c787b elementor-widget elementor-widget-button\" data-id=\"12c787b\" data-element_type=\"widget\" data-widget_type=\"button.default\">\n\t\t\t\t<div class=\"elementor-widget-container\">\n\t\t\t\t\t\t\t\t\t<div class=\"elementor-button-wrapper\">\n\t\t\t\t\t<a class=\"elementor-button elementor-button-link elementor-size-sm\" href=\"https:\/\/webery-server1.de\/t5-gebaeudereinigung\/kontakt\/\">\n\t\t\t\t\t\t<span class=\"elementor-button-content-wrapper\">\n\t\t\t\t\t\t\t\t\t<span class=\"elementor-button-text\">jetzt kontaktieren<\/span>\n\t\t\t\t\t<\/span>\n\t\t\t\t\t<\/a>\n\t\t\t\t<\/div>\n\t\t\t\t\t\t\t\t<\/div>\n\t\t\t\t<\/div>\n\t\t\t\t<\/div>\n\t\t<div class=\"elementor-element elementor-element-f6313b7 e-con-full e-flex e-con e-child\" data-id=\"f6313b7\" data-element_type=\"container\">\n\t\t\t\t<div class=\"elementor-element elementor-element-144013e elementor-widget elementor-widget-image\" data-id=\"144013e\" data-element_type=\"widget\" data-widget_type=\"image.default\">\n\t\t\t\t<div class=\"elementor-widget-container\">\n\t\t\t\t\t\t\t\t\t\t\t\t\t\t\t<img fetchpriority=\"high\" decoding=\"async\" width=\"800\" height=\"533\" src=\"https:\/\/webery-server1.de\/t5-gebaeudereinigung\/wp-content\/uploads\/2023\/09\/GR-Treppenhaus-Reinigung-1024x682.jpeg\" class=\"attachment-large size-large wp-image-734\" alt=\"\" srcset=\"https:\/\/webery-server1.de\/t5-gebaeudereinigung\/wp-content\/uploads\/2023\/09\/GR-Treppenhaus-Reinigung-1024x682.jpeg 1024w, https:\/\/webery-server1.de\/t5-gebaeudereinigung\/wp-content\/uploads\/2023\/09\/GR-Treppenhaus-Reinigung-300x200.jpeg 300w, https:\/\/webery-server1.de\/t5-gebaeudereinigung\/wp-content\/uploads\/2023\/09\/GR-Treppenhaus-Reinigung-768x512.jpeg 768w, https:\/\/webery-server1.de\/t5-gebaeudereinigung\/wp-content\/uploads\/2023\/09\/GR-Treppenhaus-Reinigung-1536x1024.jpeg 1536w, https:\/\/webery-server1.de\/t5-gebaeudereinigung\/wp-content\/uploads\/2023\/09\/GR-Treppenhaus-Reinigung.jpeg 2000w\" sizes=\"(max-width: 800px) 100vw, 800px\" \/>\t\t\t\t\t\t\t\t\t\t\t\t\t\t\t<\/div>\n\t\t\t\t<\/div>\n\t\t\t\t<\/div>\n\t\t\t\t\t<\/div>\n\t\t\t\t<\/div>\n\t\t<div class=\"elementor-element elementor-element-5d05977 e-flex e-con-boxed e-con e-parent\" data-id=\"5d05977\" data-element_type=\"container\" id=\"glas\">\n\t\t\t\t\t<div class=\"e-con-inner\">\n\t\t<div class=\"elementor-element elementor-element-b1114bf e-con-full e-flex e-con e-child\" data-id=\"b1114bf\" data-element_type=\"container\">\n\t\t\t\t<div class=\"elementor-element elementor-element-8a254cc elementor-widget elementor-widget-image\" data-id=\"8a254cc\" data-element_type=\"widget\" data-widget_type=\"image.default\">\n\t\t\t\t<div class=\"elementor-widget-container\">\n\t\t\t\t\t\t\t\t\t\t\t\t\t\t\t<img decoding=\"async\" width=\"800\" height=\"534\" src=\"https:\/\/webery-server1.de\/t5-gebaeudereinigung\/wp-content\/uploads\/2023\/09\/GR-Content-3-1024x684.jpeg\" class=\"attachment-large size-large wp-image-729\" alt=\"\" srcset=\"https:\/\/webery-server1.de\/t5-gebaeudereinigung\/wp-content\/uploads\/2023\/09\/GR-Content-3-1024x684.jpeg 1024w, https:\/\/webery-server1.de\/t5-gebaeudereinigung\/wp-content\/uploads\/2023\/09\/GR-Content-3-300x200.jpeg 300w, https:\/\/webery-server1.de\/t5-gebaeudereinigung\/wp-content\/uploads\/2023\/09\/GR-Content-3-768x513.jpeg 768w, https:\/\/webery-server1.de\/t5-gebaeudereinigung\/wp-content\/uploads\/2023\/09\/GR-Content-3-1536x1025.jpeg 1536w, https:\/\/webery-server1.de\/t5-gebaeudereinigung\/wp-content\/uploads\/2023\/09\/GR-Content-3.jpeg 2000w\" sizes=\"(max-width: 800px) 100vw, 800px\" \/>\t\t\t\t\t\t\t\t\t\t\t\t\t\t\t<\/div>\n\t\t\t\t<\/div>\n\t\t\t\t<\/div>\n\t\t<div class=\"elementor-element elementor-element-e3535fb e-con-full e-flex e-con e-child\" data-id=\"e3535fb\" data-element_type=\"container\">\n\t\t\t\t<div class=\"elementor-element elementor-element-28db108 elementor-widget elementor-widget-heading\" data-id=\"28db108\" data-element_type=\"widget\" data-widget_type=\"heading.default\">\n\t\t\t\t<div class=\"elementor-widget-container\">\n\t\t\t\t\t<h3 class=\"elementor-heading-title elementor-size-default\">Glasreinigung<\/h3>\t\t\t\t<\/div>\n\t\t\t\t<\/div>\n\t\t\t\t<div class=\"elementor-element elementor-element-2fd585c elementor-widget elementor-widget-text-editor\" data-id=\"2fd585c\" data-element_type=\"widget\" data-widget_type=\"text-editor.default\">\n\t\t\t\t<div class=\"elementor-widget-container\">\n\t\t\t\t\t\t\t\t\t<p>Die Glasreinigung ist eine wichtige Aufgabe in der Geb\u00e4udereinigung. Eine regelm\u00e4\u00dfige Reinigung tr\u00e4gt dazu bei, dass die Fenster l\u00e4nger sauber bleiben und das Erscheinungsbild des Geb\u00e4udes verbessert wird. Mit den richtigen Werkzeugen, Reinigungsmitteln und Sicherheitsvorkehrungen f\u00fchren wir die Glasreinigung effektiv und sicher durch. Beauftragen Sie uns als professionellen Dienstleister, um die Arbeiten durchzuf\u00fchren.<\/p><p>Bei der Reinigung von verglasten Geb\u00e4udeteilen, wie zum Beispiel Fenster und Rahmen, T\u00fcren, Winterg\u00e4rten, Terrassend\u00e4cher oder Schaufenster, werden diese gr\u00fcndlich gereinigt. Wir verwenden spezielle Hebeb\u00fchnen und R\u00fcstsysteme, die eine Reinigung auch schwer zug\u00e4nglicher Geb\u00e4udeteile garantieren.<\/p>\t\t\t\t\t\t\t\t<\/div>\n\t\t\t\t<\/div>\n\t\t\t\t<div class=\"elementor-element elementor-element-f752cfe elementor-widget elementor-widget-button\" data-id=\"f752cfe\" data-element_type=\"widget\" data-widget_type=\"button.default\">\n\t\t\t\t<div class=\"elementor-widget-container\">\n\t\t\t\t\t\t\t\t\t<div class=\"elementor-button-wrapper\">\n\t\t\t\t\t<a class=\"elementor-button elementor-button-link elementor-size-sm\" href=\"https:\/\/webery-server1.de\/t5-gebaeudereinigung\/kontakt\/\">\n\t\t\t\t\t\t<span class=\"elementor-button-content-wrapper\">\n\t\t\t\t\t\t\t\t\t<span class=\"elementor-button-text\">jetzt kontaktieren<\/span>\n\t\t\t\t\t<\/span>\n\t\t\t\t\t<\/a>\n\t\t\t\t<\/div>\n\t\t\t\t\t\t\t\t<\/div>\n\t\t\t\t<\/div>\n\t\t\t\t<\/div>\n\t\t\t\t\t<\/div>\n\t\t\t\t<\/div>\n\t\t<div class=\"elementor-element elementor-element-cc55dc2 e-flex e-con-boxed e-con e-parent\" data-id=\"cc55dc2\" data-element_type=\"container\" id=\"buero\">\n\t\t\t\t\t<div class=\"e-con-inner\">\n\t\t<div class=\"elementor-element elementor-element-58b848c e-con-full e-flex e-con e-child\" data-id=\"58b848c\" data-element_type=\"container\">\n\t\t\t\t<div class=\"elementor-element elementor-element-fc5a88d elementor-widget elementor-widget-heading\" data-id=\"fc5a88d\" data-element_type=\"widget\" data-widget_type=\"heading.default\">\n\t\t\t\t<div class=\"elementor-widget-container\">\n\t\t\t\t\t<h3 class=\"elementor-heading-title elementor-size-default\">B\u00fcroreinigung<\/h3>\t\t\t\t<\/div>\n\t\t\t\t<\/div>\n\t\t\t\t<div class=\"elementor-element elementor-element-7ce4c5b elementor-widget elementor-widget-text-editor\" data-id=\"7ce4c5b\" data-element_type=\"widget\" data-widget_type=\"text-editor.default\">\n\t\t\t\t<div class=\"elementor-widget-container\">\n\t\t\t\t\t\t\t\t\t<p>Die B\u00fcroreinigung ist ein wichtiger Aspekt der Geb\u00e4udereinigung, da B\u00fcros oft stark frequentiert sind und eine saubere Arbeitsumgebung f\u00fcr Mitarbeiter und Kunden gew\u00e4hrleistet sein sollte.\u00a0<\/p>\t\t\t\t\t\t\t\t<\/div>\n\t\t\t\t<\/div>\n\t\t\t\t<div class=\"elementor-element elementor-element-bb3f9c7 elementor-widget elementor-widget-toggle\" data-id=\"bb3f9c7\" data-element_type=\"widget\" data-widget_type=\"toggle.default\">\n\t\t\t\t<div class=\"elementor-widget-container\">\n\t\t\t\t\t\t\t<div class=\"elementor-toggle\">\n\t\t\t\t\t\t\t<div class=\"elementor-toggle-item\">\n\t\t\t\t\t<div id=\"elementor-tab-title-1961\" class=\"elementor-tab-title\" data-tab=\"1\" role=\"button\" aria-controls=\"elementor-tab-content-1961\" aria-expanded=\"false\">\n\t\t\t\t\t\t\t\t\t\t\t\t<span class=\"elementor-toggle-icon elementor-toggle-icon-right\" aria-hidden=\"true\">\n\t\t\t\t\t\t\t\t\t\t\t\t\t\t\t<span class=\"elementor-toggle-icon-closed\"><i class=\"fas fa-chevron-down\"><\/i><\/span>\n\t\t\t\t\t\t\t\t<span class=\"elementor-toggle-icon-opened\"><i class=\"elementor-toggle-icon-opened fas fa-chevron-up\"><\/i><\/span>\n\t\t\t\t\t\t\t\t\t\t\t\t\t<\/span>\n\t\t\t\t\t\t\t\t\t\t\t\t<a class=\"elementor-toggle-title\" tabindex=\"0\">Hier sind einige Punkte, die bei der B\u00fcroreinigung beachtet werden sollten<\/a>\n\t\t\t\t\t<\/div>\n\n\t\t\t\t\t<div id=\"elementor-tab-content-1961\" class=\"elementor-tab-content elementor-clearfix\" data-tab=\"1\" role=\"region\" aria-labelledby=\"elementor-tab-title-1961\"><ul><li><strong>Grundreinigung:<\/strong> Bei der B\u00fcroreinigung ist es wichtig, regelm\u00e4\u00dfig eine gr\u00fcndliche Reinigung durchzuf\u00fchren. Dies beinhaltet das Staubsaugen oder Wischen der B\u00f6den, das Reinigen von Schreibtischen, Tischen und anderen Oberfl\u00e4chen sowie das Entleeren der Abfalleimer.<\/li><li><strong>Sanit\u00e4re Anlagen:<\/strong> Die Reinigung der sanit\u00e4ren Anlagen wie Toiletten, Waschbecken und Spiegel ist ein wichtiger Teil der B\u00fcroreinigung. Diese Bereiche sollten regelm\u00e4\u00dfig desinfiziert und sauber gehalten werden, um die Hygiene zu gew\u00e4hrleisten.<\/li><li><strong>Glasreinigung:<\/strong> B\u00fcros haben oft gro\u00dfe Fensterfl\u00e4chen, die regelm\u00e4\u00dfig gereinigt werden sollten, um einen klaren Blick nach drau\u00dfen zu erm\u00f6glichen. Die Reinigung von Fenstern, Glasw\u00e4nden und T\u00fcren sollte in den Reinigungsplan aufgenommen werden.<\/li><li><strong>B\u00fcrom\u00f6bel:<\/strong> Die Reinigung von B\u00fcrom\u00f6beln wie Schreibtischen, St\u00fchlen und Regalen ist ebenfalls wichtig, um Staub und Schmutz zu entfernen. Dies tr\u00e4gt nicht nur zur Sauberkeit bei, sondern verl\u00e4ngert auch die Lebensdauer der M\u00f6bel.<\/li><li><strong>K\u00fcchenbereich:<\/strong> Wenn das B\u00fcro \u00fcber eine K\u00fcche oder einen Aufenthaltsraum verf\u00fcgt, sollte dieser Bereich regelm\u00e4\u00dfig gereinigt werden. Dies umfasst das Reinigen von Arbeitsfl\u00e4chen, Sp\u00fclen, K\u00fchlschr\u00e4nken und anderen Ger\u00e4ten.<\/li><li><strong>Abfallentsorgung:<\/strong> Die regelm\u00e4\u00dfige Entleerung und Reinigung der Abfalleimer ist ein wichtiger Aspekt der B\u00fcroreinigung. Dies hilft, Ger\u00fcche zu vermeiden und eine saubere Umgebung aufrechtzuerhalten.<\/li><\/ul><\/div>\n\t\t\t\t<\/div>\n\t\t\t\t\t\t\t\t<\/div>\n\t\t\t\t\t\t<\/div>\n\t\t\t\t<\/div>\n\t\t\t\t<div class=\"elementor-element elementor-element-c29fadc elementor-widget elementor-widget-text-editor\" data-id=\"c29fadc\" data-element_type=\"widget\" data-widget_type=\"text-editor.default\">\n\t\t\t\t<div class=\"elementor-widget-container\">\n\t\t\t\t\t\t\t\t\t<p>Es ist wichtig, dass eine professionelle Geb\u00e4udereinigungsfirma engagiert wird, um eine gr\u00fcndliche und zuverl\u00e4ssige B\u00fcroreinigung durchzuf\u00fchren. Die Kosten f\u00fcr die B\u00fcroreinigung k\u00f6nnen je nach Gr\u00f6\u00dfe des B\u00fcros, der Reinigungsfrequenz und anderen spezifischen Anforderungen variieren.<\/p><p><strong>Holen Sie sich gerne ein <\/strong><strong>Angebot von <\/strong><strong>uns ein und \u00fcberzeugen Sie sich selbst von unserem <\/strong><strong>den besten Preis<\/strong><strong>, Qualit\u00e4t <\/strong><strong>und Service<\/strong><strong>.<\/strong><\/p>\t\t\t\t\t\t\t\t<\/div>\n\t\t\t\t<\/div>\n\t\t\t\t<div class=\"elementor-element elementor-element-588eeed elementor-widget elementor-widget-button\" data-id=\"588eeed\" data-element_type=\"widget\" data-widget_type=\"button.default\">\n\t\t\t\t<div class=\"elementor-widget-container\">\n\t\t\t\t\t\t\t\t\t<div class=\"elementor-button-wrapper\">\n\t\t\t\t\t<a class=\"elementor-button elementor-button-link elementor-size-sm\" href=\"https:\/\/webery-server1.de\/t5-gebaeudereinigung\/kontakt\/\">\n\t\t\t\t\t\t<span class=\"elementor-button-content-wrapper\">\n\t\t\t\t\t\t\t\t\t<span class=\"elementor-button-text\">jetzt kontaktieren<\/span>\n\t\t\t\t\t<\/span>\n\t\t\t\t\t<\/a>\n\t\t\t\t<\/div>\n\t\t\t\t\t\t\t\t<\/div>\n\t\t\t\t<\/div>\n\t\t\t\t<\/div>\n\t\t<div class=\"elementor-element elementor-element-5a8fb98 e-con-full e-flex e-con e-child\" data-id=\"5a8fb98\" data-element_type=\"container\">\n\t\t\t\t<div class=\"elementor-element elementor-element-b4106f6 elementor-widget elementor-widget-image\" data-id=\"b4106f6\" data-element_type=\"widget\" data-widget_type=\"image.default\">\n\t\t\t\t<div class=\"elementor-widget-container\">\n\t\t\t\t\t\t\t\t\t\t\t\t\t\t\t<img decoding=\"async\" width=\"800\" height=\"533\" src=\"https:\/\/webery-server1.de\/t5-gebaeudereinigung\/wp-content\/uploads\/2023\/09\/GR-Wir-u\u0308ber-uns-1024x682.jpeg\" class=\"attachment-large size-large wp-image-735\" alt=\"\" srcset=\"https:\/\/webery-server1.de\/t5-gebaeudereinigung\/wp-content\/uploads\/2023\/09\/GR-Wir-u\u0308ber-uns-1024x682.jpeg 1024w, https:\/\/webery-server1.de\/t5-gebaeudereinigung\/wp-content\/uploads\/2023\/09\/GR-Wir-u\u0308ber-uns-300x200.jpeg 300w, https:\/\/webery-server1.de\/t5-gebaeudereinigung\/wp-content\/uploads\/2023\/09\/GR-Wir-u\u0308ber-uns-768x512.jpeg 768w, https:\/\/webery-server1.de\/t5-gebaeudereinigung\/wp-content\/uploads\/2023\/09\/GR-Wir-u\u0308ber-uns-1536x1024.jpeg 1536w, https:\/\/webery-server1.de\/t5-gebaeudereinigung\/wp-content\/uploads\/2023\/09\/GR-Wir-u\u0308ber-uns.jpeg 2000w\" sizes=\"(max-width: 800px) 100vw, 800px\" \/>\t\t\t\t\t\t\t\t\t\t\t\t\t\t\t<\/div>\n\t\t\t\t<\/div>\n\t\t\t\t<\/div>\n\t\t\t\t\t<\/div>\n\t\t\t\t<\/div>\n\t\t<div class=\"elementor-element elementor-element-7160813 e-flex e-con-boxed e-con e-parent\" data-id=\"7160813\" data-element_type=\"container\" id=\"tief\">\n\t\t\t\t\t<div class=\"e-con-inner\">\n\t\t<div class=\"elementor-element elementor-element-9bfd38b e-con-full e-flex e-con e-child\" data-id=\"9bfd38b\" data-element_type=\"container\">\n\t\t\t\t<div class=\"elementor-element elementor-element-98822d9 elementor-widget elementor-widget-image\" data-id=\"98822d9\" data-element_type=\"widget\" data-widget_type=\"image.default\">\n\t\t\t\t<div class=\"elementor-widget-container\">\n\t\t\t\t\t\t\t\t\t\t\t\t\t\t\t<img loading=\"lazy\" decoding=\"async\" width=\"800\" height=\"502\" src=\"https:\/\/webery-server1.de\/t5-gebaeudereinigung\/wp-content\/uploads\/2023\/09\/GR-Tiefgarage-Reinigung-1024x642.jpeg\" class=\"attachment-large size-large wp-image-733\" alt=\"\" srcset=\"https:\/\/webery-server1.de\/t5-gebaeudereinigung\/wp-content\/uploads\/2023\/09\/GR-Tiefgarage-Reinigung-1024x642.jpeg 1024w, https:\/\/webery-server1.de\/t5-gebaeudereinigung\/wp-content\/uploads\/2023\/09\/GR-Tiefgarage-Reinigung-300x188.jpeg 300w, https:\/\/webery-server1.de\/t5-gebaeudereinigung\/wp-content\/uploads\/2023\/09\/GR-Tiefgarage-Reinigung-768x481.jpeg 768w, https:\/\/webery-server1.de\/t5-gebaeudereinigung\/wp-content\/uploads\/2023\/09\/GR-Tiefgarage-Reinigung-1536x962.jpeg 1536w, https:\/\/webery-server1.de\/t5-gebaeudereinigung\/wp-content\/uploads\/2023\/09\/GR-Tiefgarage-Reinigung.jpeg 2000w\" sizes=\"(max-width: 800px) 100vw, 800px\" \/>\t\t\t\t\t\t\t\t\t\t\t\t\t\t\t<\/div>\n\t\t\t\t<\/div>\n\t\t\t\t<\/div>\n\t\t<div class=\"elementor-element elementor-element-0262eb6 e-con-full e-flex e-con e-child\" data-id=\"0262eb6\" data-element_type=\"container\">\n\t\t\t\t<div class=\"elementor-element elementor-element-358cab5 elementor-widget elementor-widget-heading\" data-id=\"358cab5\" data-element_type=\"widget\" data-widget_type=\"heading.default\">\n\t\t\t\t<div class=\"elementor-widget-container\">\n\t\t\t\t\t<h3 class=\"elementor-heading-title elementor-size-default\">Tiefgaragenreinigung<\/h3>\t\t\t\t<\/div>\n\t\t\t\t<\/div>\n\t\t\t\t<div class=\"elementor-element elementor-element-141c524 elementor-widget elementor-widget-text-editor\" data-id=\"141c524\" data-element_type=\"widget\" data-widget_type=\"text-editor.default\">\n\t\t\t\t<div class=\"elementor-widget-container\">\n\t\t\t\t\t\t\t\t\t<p>Eine Tiefgaragenreinigung ist ein wichtiger Bestandteil der Geb\u00e4udereinigung.<\/p>\t\t\t\t\t\t\t\t<\/div>\n\t\t\t\t<\/div>\n\t\t\t\t<div class=\"elementor-element elementor-element-ce523fd elementor-widget elementor-widget-toggle\" data-id=\"ce523fd\" data-element_type=\"widget\" data-widget_type=\"toggle.default\">\n\t\t\t\t<div class=\"elementor-widget-container\">\n\t\t\t\t\t\t\t<div class=\"elementor-toggle\">\n\t\t\t\t\t\t\t<div class=\"elementor-toggle-item\">\n\t\t\t\t\t<div id=\"elementor-tab-title-2161\" class=\"elementor-tab-title\" data-tab=\"1\" role=\"button\" aria-controls=\"elementor-tab-content-2161\" aria-expanded=\"false\">\n\t\t\t\t\t\t\t\t\t\t\t\t<span class=\"elementor-toggle-icon elementor-toggle-icon-right\" aria-hidden=\"true\">\n\t\t\t\t\t\t\t\t\t\t\t\t\t\t\t<span class=\"elementor-toggle-icon-closed\"><i class=\"fas fa-chevron-down\"><\/i><\/span>\n\t\t\t\t\t\t\t\t<span class=\"elementor-toggle-icon-opened\"><i class=\"elementor-toggle-icon-opened fas fa-chevron-up\"><\/i><\/span>\n\t\t\t\t\t\t\t\t\t\t\t\t\t<\/span>\n\t\t\t\t\t\t\t\t\t\t\t\t<a class=\"elementor-toggle-title\" tabindex=\"0\">Hier sind einige Punkte, die bei der Reinigung von Tiefgaragen zu beachten sind:<\/a>\n\t\t\t\t\t<\/div>\n\n\t\t\t\t\t<div id=\"elementor-tab-content-2161\" class=\"elementor-tab-content elementor-clearfix\" data-tab=\"1\" role=\"region\" aria-labelledby=\"elementor-tab-title-2161\"><ul><li>Reinigungsintervall: Je nach Nutzungsh\u00e4ufigkeit und Verschmutzungsgrad sollte das Reinigungsintervall festgelegt werden. In der Regel empfiehlt sich eine Reinigung alle 1-3 Monate.<\/li><li>Reinigungsmethoden: F\u00fcr die Reinigung von Tiefgaragen k\u00f6nnen verschiedene Methoden eingesetzt werden, wie zum Beispiel Nassreinigung, Trockenreinigung oder Hochdruckreinigung. Die Wahl der Methode h\u00e4ngt von der Art der Verschmutzung und der Beschaffenheit der Oberfl\u00e4chen ab.<\/li><li>Reinigungsbereiche: Bei der Tiefgaragenreinigung sollten alle Bereiche ber\u00fccksichtigt werden, wie zum Beispiel die Fahrbahnen, Parkpl\u00e4tze, W\u00e4nde, Decken und Treppenh\u00e4user.<\/li><li>Sicherheitsma\u00dfnahmen: Bei der Reinigung von Tiefgaragen sollten immer geeignete Schutzma\u00dfnahmen getroffen werden, wie zum Beispiel das Tragen von Schutzkleidung und Atemschutzmasken. Auch die Sicherung der Arbeitsbereiche und die Kennzeichnung von Gefahrenstellen sind wichtig.<\/li><\/ul><\/div>\n\t\t\t\t<\/div>\n\t\t\t\t\t\t\t\t<\/div>\n\t\t\t\t\t\t<\/div>\n\t\t\t\t<\/div>\n\t\t\t\t<div class=\"elementor-element elementor-element-53a268e elementor-widget elementor-widget-text-editor\" data-id=\"53a268e\" data-element_type=\"widget\" data-widget_type=\"text-editor.default\">\n\t\t\t\t<div class=\"elementor-widget-container\">\n\t\t\t\t\t\t\t\t\t<p>Eine professionelle Geb\u00e4udereinigungsfirma kann die Tiefgaragenreinigung fachgerecht und effizient durchf\u00fchren. Kontaktieren Sie uns gerne! Wir stimmen mit Ihnen die Reinigungsmethoden und -intervalle individuell auf Ihre Bed\u00fcrfnisse ab.<\/p>\t\t\t\t\t\t\t\t<\/div>\n\t\t\t\t<\/div>\n\t\t\t\t<div class=\"elementor-element elementor-element-c07cd91 elementor-widget elementor-widget-button\" data-id=\"c07cd91\" data-element_type=\"widget\" data-widget_type=\"button.default\">\n\t\t\t\t<div class=\"elementor-widget-container\">\n\t\t\t\t\t\t\t\t\t<div class=\"elementor-button-wrapper\">\n\t\t\t\t\t<a class=\"elementor-button elementor-button-link elementor-size-sm\" href=\"https:\/\/webery-server1.de\/t5-gebaeudereinigung\/kontakt\/\">\n\t\t\t\t\t\t<span class=\"elementor-button-content-wrapper\">\n\t\t\t\t\t\t\t\t\t<span class=\"elementor-button-text\">jetzt kontaktieren<\/span>\n\t\t\t\t\t<\/span>\n\t\t\t\t\t<\/a>\n\t\t\t\t<\/div>\n\t\t\t\t\t\t\t\t<\/div>\n\t\t\t\t<\/div>\n\t\t\t\t<\/div>\n\t\t\t\t\t<\/div>\n\t\t\t\t<\/div>\n\t\t<div class=\"elementor-element elementor-element-688f7ff e-flex e-con-boxed e-con e-parent\" data-id=\"688f7ff\" data-element_type=\"container\">\n\t\t\t\t\t<div class=\"e-con-inner\">\n\t\t<div class=\"elementor-element elementor-element-51b46df e-con-full e-flex e-con e-child\" data-id=\"51b46df\" data-element_type=\"container\">\n\t\t<div class=\"elementor-element elementor-element-4dc278e e-con-full e-flex e-con e-child\" data-id=\"4dc278e\" data-element_type=\"container\" data-settings=\"{&quot;background_background&quot;:&quot;classic&quot;}\">\n\t\t<div class=\"elementor-element elementor-element-e78731f e-con-full e-flex e-con e-child\" data-id=\"e78731f\" data-element_type=\"container\">\n\t\t\t\t<div class=\"elementor-element elementor-element-480167c elementor-widget elementor-widget-heading\" data-id=\"480167c\" data-element_type=\"widget\" data-widget_type=\"heading.default\">\n\t\t\t\t<div class=\"elementor-widget-container\">\n\t\t\t\t\t<h2 class=\"elementor-heading-title elementor-size-default\">Wir freuen uns auf Ihre Kontaktaufnahme.<\/h2>\t\t\t\t<\/div>\n\t\t\t\t<\/div>\n\t\t\t\t<\/div>\n\t\t<div class=\"elementor-element elementor-element-ed30448 e-con-full e-flex e-con e-child\" data-id=\"ed30448\" data-element_type=\"container\">\n\t\t\t\t<div class=\"elementor-element elementor-element-0d04ff5 elementor-align-center elementor-widget elementor-widget-button\" data-id=\"0d04ff5\" data-element_type=\"widget\" data-widget_type=\"button.default\">\n\t\t\t\t<div class=\"elementor-widget-container\">\n\t\t\t\t\t\t\t\t\t<div class=\"elementor-button-wrapper\">\n\t\t\t\t\t<a class=\"elementor-button elementor-button-link elementor-size-sm\" href=\"https:\/\/webery-server1.de\/t5-gebaeudereinigung\/kontakt\/\">\n\t\t\t\t\t\t<span class=\"elementor-button-content-wrapper\">\n\t\t\t\t\t\t\t\t\t<span class=\"elementor-button-text\">jetzt kontaktieren<\/span>\n\t\t\t\t\t<\/span>\n\t\t\t\t\t<\/a>\n\t\t\t\t<\/div>\n\t\t\t\t\t\t\t\t<\/div>\n\t\t\t\t<\/div>\n\t\t\t\t<\/div>\n\t\t\t\t<\/div>\n\t\t\t\t<\/div>\n\t\t\t\t\t<\/div>\n\t\t\t\t<\/div>\n\t\t\t\t<\/div>\n\t\t","protected":false},"excerpt":{"rendered":"<p>Leistungen Treppenhausreinigung Die Treppenhausreinigung bezeichnet die regelm\u00e4\u00dfige Reinigung und Pflege des gemeinschaftlichen Treppenhauses in Mehrparteienh\u00e4usern. Die Reinigung des Treppenhauses kann je nach Gr\u00f6\u00dfe und Anzahl der Stockwerke sehr aufwendig sein. Der Vermieter hat die M\u00f6glichkeit, die Treppenhausreinigung durch eine Reinigungsfirma durchf\u00fchren zu lassen und die Kosten im Rahmen der Betriebskostenabrechnung auf die Mieter umzulegen. Die [&hellip;]<\/p>\n","protected":false},"author":1,"featured_media":0,"parent":0,"menu_order":0,"comment_status":"closed","ping_status":"closed","template":"","meta":{"footnotes":""},"class_list":["post-91","page","type-page","status-publish","hentry"],"_links":{"self":[{"href":"https:\/\/webery-server1.de\/t5-gebaeudereinigung\/wp-json\/wp\/v2\/pages\/91","targetHints":{"allow":["GET"]}}],"collection":[{"href":"https:\/\/webery-server1.de\/t5-gebaeudereinigung\/wp-json\/wp\/v2\/pages"}],"about":[{"href":"https:\/\/webery-server1.de\/t5-gebaeudereinigung\/wp-json\/wp\/v2\/types\/page"}],"author":[{"embeddable":true,"href":"https:\/\/webery-server1.de\/t5-gebaeudereinigung\/wp-json\/wp\/v2\/users\/1"}],"replies":[{"embeddable":true,"href":"https:\/\/webery-server1.de\/t5-gebaeudereinigung\/wp-json\/wp\/v2\/comments?post=91"}],"version-history":[{"count":3,"href":"https:\/\/webery-server1.de\/t5-gebaeudereinigung\/wp-json\/wp\/v2\/pages\/91\/revisions"}],"predecessor-version":[{"id":884,"href":"https:\/\/webery-server1.de\/t5-gebaeudereinigung\/wp-json\/wp\/v2\/pages\/91\/revisions\/884"}],"wp:attachment":[{"href":"https:\/\/webery-server1.de\/t5-gebaeudereinigung\/wp-json\/wp\/v2\/media?parent=91"}],"curies":[{"name":"wp","href":"https:\/\/api.w.org\/{rel}","templated":true}]}}