{"id":11,"date":"2023-08-12T13:30:29","date_gmt":"2023-08-12T11:30:29","guid":{"rendered":"https:\/\/webery-server1.de\/t7-physio\/?page_id=11"},"modified":"2025-03-26T14:14:41","modified_gmt":"2025-03-26T13:14:41","slug":"startseite","status":"publish","type":"page","link":"https:\/\/webery-server1.de\/t7-physio\/","title":{"rendered":"Start"},"content":{"rendered":"\t\t<div data-elementor-type=\"wp-page\" data-elementor-id=\"11\" class=\"elementor elementor-11\" data-elementor-post-type=\"page\">\n\t\t\t\t<div class=\"elementor-element elementor-element-443ebb9 e-flex e-con-boxed e-con e-parent\" data-id=\"443ebb9\" data-element_type=\"container\" data-settings=\"{&quot;background_background&quot;:&quot;slideshow&quot;,&quot;background_slideshow_gallery&quot;:[{&quot;id&quot;:1179,&quot;url&quot;:&quot;https:\\\/\\\/webery-server1.de\\\/t7-physio\\\/wp-content\\\/uploads\\\/2023\\\/09\\\/Physiotherapie-Slider-Content1.jpeg&quot;},{&quot;id&quot;:1180,&quot;url&quot;:&quot;https:\\\/\\\/webery-server1.de\\\/t7-physio\\\/wp-content\\\/uploads\\\/2023\\\/09\\\/Physiotherapie-Slider-Content2.jpeg&quot;},{&quot;id&quot;:1181,&quot;url&quot;:&quot;https:\\\/\\\/webery-server1.de\\\/t7-physio\\\/wp-content\\\/uploads\\\/2023\\\/09\\\/Physiotherapie-Slider-Content3.jpeg&quot;}],&quot;background_slideshow_ken_burns&quot;:&quot;yes&quot;,&quot;shape_divider_bottom&quot;:&quot;mountains&quot;,&quot;background_slideshow_loop&quot;:&quot;yes&quot;,&quot;background_slideshow_slide_duration&quot;:5000,&quot;background_slideshow_slide_transition&quot;:&quot;fade&quot;,&quot;background_slideshow_transition_duration&quot;:500,&quot;background_slideshow_ken_burns_zoom_direction&quot;:&quot;in&quot;}\">\n\t\t\t\t\t<div class=\"e-con-inner\">\n\t\t\t\t<div class=\"elementor-shape elementor-shape-bottom\" aria-hidden=\"true\" data-negative=\"false\">\n\t\t\t<svg xmlns=\"http:\/\/www.w3.org\/2000\/svg\" viewBox=\"0 0 1000 100\" preserveAspectRatio=\"none\">\n\t<path class=\"elementor-shape-fill\" opacity=\"0.33\" d=\"M473,67.3c-203.9,88.3-263.1-34-320.3,0C66,119.1,0,59.7,0,59.7V0h1000v59.7 c0,0-62.1,26.1-94.9,29.3c-32.8,3.3-62.8-12.3-75.8-22.1C806,49.6,745.3,8.7,694.9,4.7S492.4,59,473,67.3z\"\/>\n\t<path class=\"elementor-shape-fill\" opacity=\"0.66\" d=\"M734,67.3c-45.5,0-77.2-23.2-129.1-39.1c-28.6-8.7-150.3-10.1-254,39.1 s-91.7-34.4-149.2,0C115.7,118.3,0,39.8,0,39.8V0h1000v36.5c0,0-28.2-18.5-92.1-18.5C810.2,18.1,775.7,67.3,734,67.3z\"\/>\n\t<path class=\"elementor-shape-fill\" d=\"M766.1,28.9c-200-57.5-266,65.5-395.1,19.5C242,1.8,242,5.4,184.8,20.6C128,35.8,132.3,44.9,89.9,52.5C28.6,63.7,0,0,0,0 h1000c0,0-9.9,40.9-83.6,48.1S829.6,47,766.1,28.9z\"\/>\n<\/svg>\t\t<\/div>\n\t\t<div class=\"elementor-element elementor-element-e35a838 e-con-full e-flex e-con e-child\" data-id=\"e35a838\" data-element_type=\"container\" data-settings=\"{&quot;background_background&quot;:&quot;classic&quot;}\">\n\t\t\t\t<div class=\"elementor-element elementor-element-eaf3c49 elementor-widget elementor-widget-elementskit-heading\" data-id=\"eaf3c49\" data-element_type=\"widget\" data-widget_type=\"elementskit-heading.default\">\n\t\t\t\t<div class=\"elementor-widget-container\">\n\t\t\t\t\t<div class=\"ekit-wid-con\" ><div class=\"ekit-heading elementskit-section-title-wraper text_center   ekit_heading_tablet-   ekit_heading_mobile-text_center\"><h1 class=\"ekit-heading--title elementskit-section-title \">Willkommen bei unserer Physiotherapiepraxis!<\/h1><\/div><\/div>\t\t\t\t<\/div>\n\t\t\t\t<\/div>\n\t\t\t\t<div class=\"elementor-element elementor-element-1245083 elementor-star-rating--align-center elementor--star-style-star_fontawesome elementor-widget elementor-widget-star-rating\" data-id=\"1245083\" data-element_type=\"widget\" data-widget_type=\"star-rating.default\">\n\t\t\t\t<div class=\"elementor-widget-container\">\n\t\t\t\t\t\t\t<div class=\"elementor-star-rating__wrapper\">\n\t\t\t\t\t\t<div class=\"elementor-star-rating\" itemtype=\"http:\/\/schema.org\/Rating\" itemscope=\"\" itemprop=\"reviewRating\">\n\t\t\t\t<i class=\"elementor-star-full\" aria-hidden=\"true\">&#xE934;<\/i><i class=\"elementor-star-full\" aria-hidden=\"true\">&#xE934;<\/i><i class=\"elementor-star-full\" aria-hidden=\"true\">&#xE934;<\/i><i class=\"elementor-star-full\" aria-hidden=\"true\">&#xE934;<\/i><i class=\"elementor-star-9\" aria-hidden=\"true\">&#xE934;<\/i>\t\t\t\t<span itemprop=\"ratingValue\" class=\"elementor-screen-only\">Bewertet mit 4.9 von 5<\/span>\n\t\t\t<\/div>\n\t\t<\/div>\n\t\t\t\t\t\t<\/div>\n\t\t\t\t<\/div>\n\t\t\t\t<div class=\"elementor-element elementor-element-0794c9f elementor-widget elementor-widget-text-editor\" data-id=\"0794c9f\" data-element_type=\"widget\" data-widget_type=\"text-editor.default\">\n\t\t\t\t<div class=\"elementor-widget-container\">\n\t\t\t\t\t\t\t\t\t<p>\u00f84,9\/5 von 180 Patienten auf Google bewertet<\/p>\t\t\t\t\t\t\t\t<\/div>\n\t\t\t\t<\/div>\n\t\t\t\t<\/div>\n\t\t\t\t\t<\/div>\n\t\t\t\t<\/div>\n\t\t<div class=\"elementor-element elementor-element-6f36e8f e-flex e-con-boxed e-con e-parent\" data-id=\"6f36e8f\" data-element_type=\"container\">\n\t\t\t\t\t<div class=\"e-con-inner\">\n\t\t<div class=\"elementor-element elementor-element-02f982d e-con-full e-flex e-con e-child\" data-id=\"02f982d\" data-element_type=\"container\">\n\t\t\t\t<div class=\"elementor-element elementor-element-cec9e94 elementor-widget elementor-widget-heading\" data-id=\"cec9e94\" data-element_type=\"widget\" data-widget_type=\"heading.default\">\n\t\t\t\t<div class=\"elementor-widget-container\">\n\t\t\t\t\t<h2 class=\"elementor-heading-title elementor-size-default\">Praxis f\u00fcr Manuelle Therapie <br>im Zentrum von Hamburg<\/h2>\t\t\t\t<\/div>\n\t\t\t\t<\/div>\n\t\t\t\t<div class=\"elementor-element elementor-element-afc4bcc elementor-widget elementor-widget-text-editor\" data-id=\"afc4bcc\" data-element_type=\"widget\" data-widget_type=\"text-editor.default\">\n\t\t\t\t<div class=\"elementor-widget-container\">\n\t\t\t\t\t\t\t\t\t<p>Wir sind spezialisiert auf die Behandlung von funktionsgest\u00f6rten Gelenken mit den dazugeh\u00f6rigen Nerven und Muskeln. Unsere erfahrenen Physiotherapeuten helfen Ihnen dabei, wieder gelenkig zu werden und Schmerzen zu lindern.<\/p>\t\t\t\t\t\t\t\t<\/div>\n\t\t\t\t<\/div>\n\t\t\t\t<div class=\"elementor-element elementor-element-d097fd6 elementor-widget elementor-widget-button\" data-id=\"d097fd6\" data-element_type=\"widget\" data-widget_type=\"button.default\">\n\t\t\t\t<div class=\"elementor-widget-container\">\n\t\t\t\t\t\t\t\t\t<div class=\"elementor-button-wrapper\">\n\t\t\t\t\t<a class=\"elementor-button elementor-button-link elementor-size-sm elementor-animation-grow\" href=\"https:\/\/webery-server1.de\/t7-physio\/kontakt\/\">\n\t\t\t\t\t\t<span class=\"elementor-button-content-wrapper\">\n\t\t\t\t\t\t\t\t\t<span class=\"elementor-button-text\">Kontaktieren Sie uns <\/span>\n\t\t\t\t\t<\/span>\n\t\t\t\t\t<\/a>\n\t\t\t\t<\/div>\n\t\t\t\t\t\t\t\t<\/div>\n\t\t\t\t<\/div>\n\t\t\t\t<\/div>\n\t\t<div class=\"elementor-element elementor-element-05afe6f e-con-full e-flex e-con e-child\" data-id=\"05afe6f\" data-element_type=\"container\">\n\t\t\t\t<div class=\"elementor-element elementor-element-0dd14fb elementor-widget elementor-widget-elementskit-hotspot\" data-id=\"0dd14fb\" data-element_type=\"widget\" data-widget_type=\"elementskit-hotspot.default\">\n\t\t\t\t<div class=\"elementor-widget-container\">\n\t\t\t\t\t<div class=\"ekit-wid-con\" >\n        <div class=\"ekit-location-groups\" data-breakpoints=\"{&quot;mobile&quot;:767,&quot;tablet&quot;:1024}\">\n            <div class=\"ekit-map-image text-center\">\n                <img fetchpriority=\"high\" decoding=\"async\" width=\"2000\" height=\"1333\" src=\"https:\/\/webery-server1.de\/t7-physio\/wp-content\/uploads\/2023\/09\/Physiotherapie-Slider-Content1.jpeg\" class=\"attachment-full size-full\" alt=\"\" srcset=\"https:\/\/webery-server1.de\/t7-physio\/wp-content\/uploads\/2023\/09\/Physiotherapie-Slider-Content1.jpeg 2000w, https:\/\/webery-server1.de\/t7-physio\/wp-content\/uploads\/2023\/09\/Physiotherapie-Slider-Content1-300x200.jpeg 300w, https:\/\/webery-server1.de\/t7-physio\/wp-content\/uploads\/2023\/09\/Physiotherapie-Slider-Content1-1024x682.jpeg 1024w, https:\/\/webery-server1.de\/t7-physio\/wp-content\/uploads\/2023\/09\/Physiotherapie-Slider-Content1-768x512.jpeg 768w, https:\/\/webery-server1.de\/t7-physio\/wp-content\/uploads\/2023\/09\/Physiotherapie-Slider-Content1-1536x1024.jpeg 1536w\" sizes=\"(max-width: 2000px) 100vw, 2000px\" \/>            <\/div>\n            <div class=\"ekit-location-wraper clearfix\">\n                \n<div class=\"ekit-location elementor-repeater-item-9e92ab6 ekit-location-on-click hotspot-following-line-straight ekit_hotspot_follow_line_top auto  \" data-directions=\"{&quot;desktop&quot;:&quot;ekit_hotspot_follow_line_top auto&quot;,&quot;mobile&quot;:&quot;ekit_hotspot_follow_line_top auto&quot;}\">\n    <div class=\"ekit-location_outer\">\n        <div class=\"ekit-hotspot-vertical-line\">\n                            <div class=\"ekit_hotspot_arrow\"><\/div>\n                    <\/div>\n        <div class=\"media ekit-flex-column ekit-location_inner\">\n                            <div class='media-body'>\n                                        <h3 class=\"ekit-hotspot-title\">Kopfschmerzen<\/h3>\n                                                        <\/div>\n                    <\/div>\n    <\/div>\n    <div class=\"ekit-location_indicator\">\n                    <div class=\"ekit_hotspot_pulse_1\"><\/div>\n            <div class=\"ekit_hotspot_pulse_2\"><\/div>\n                <div class=\"ekit-hotspot-horizontal-line\">\n                            <div class=\"ekit_hotspot_arrow\"><\/div>\n                    <\/div>\n    <\/div>\n<\/div>\n<div class=\"ekit-location elementor-repeater-item-443747e ekit-location-on-click hotspot-following-line-straight ekit_hotspot_follow_line_top auto  \" data-directions=\"{&quot;desktop&quot;:&quot;ekit_hotspot_follow_line_top auto&quot;,&quot;mobile&quot;:&quot;ekit_hotspot_follow_line_top auto&quot;}\">\n    <div class=\"ekit-location_outer\">\n        <div class=\"ekit-hotspot-vertical-line\">\n                            <div class=\"ekit_hotspot_arrow\"><\/div>\n                    <\/div>\n        <div class=\"media ekit-flex-column ekit-location_inner\">\n                            <div class='media-body'>\n                                        <h3 class=\"ekit-hotspot-title\">Knieschmerzen<\/h3>\n                                                        <\/div>\n                    <\/div>\n    <\/div>\n    <div class=\"ekit-location_indicator\">\n                    <div class=\"ekit_hotspot_pulse_1\"><\/div>\n            <div class=\"ekit_hotspot_pulse_2\"><\/div>\n                <div class=\"ekit-hotspot-horizontal-line\">\n                            <div class=\"ekit_hotspot_arrow\"><\/div>\n                    <\/div>\n    <\/div>\n<\/div>\n<div class=\"ekit-location elementor-repeater-item-6e78488 ekit-location-on-click hotspot-following-line-straight ekit_hotspot_follow_line_top auto  \" data-directions=\"{&quot;desktop&quot;:&quot;ekit_hotspot_follow_line_top auto&quot;,&quot;mobile&quot;:&quot;ekit_hotspot_follow_line_top auto&quot;}\">\n    <div class=\"ekit-location_outer\">\n        <div class=\"ekit-hotspot-vertical-line\">\n                            <div class=\"ekit_hotspot_arrow\"><\/div>\n                    <\/div>\n        <div class=\"media ekit-flex-column ekit-location_inner\">\n                            <div class='media-body'>\n                                        <h3 class=\"ekit-hotspot-title\">R\u00fcckenschmerzen<\/h3>\n                                                        <\/div>\n                    <\/div>\n    <\/div>\n    <div class=\"ekit-location_indicator\">\n                    <div class=\"ekit_hotspot_pulse_1\"><\/div>\n            <div class=\"ekit_hotspot_pulse_2\"><\/div>\n                <div class=\"ekit-hotspot-horizontal-line\">\n                            <div class=\"ekit_hotspot_arrow\"><\/div>\n                    <\/div>\n    <\/div>\n<\/div>            <\/div><!-- .location-wraper END -->\n        <\/div>\n    <\/div>\t\t\t\t<\/div>\n\t\t\t\t<\/div>\n\t\t\t\t<\/div>\n\t\t\t\t\t<\/div>\n\t\t\t\t<\/div>\n\t\t<div class=\"elementor-element elementor-element-752a7cf e-flex e-con-boxed e-con e-parent\" data-id=\"752a7cf\" data-element_type=\"container\" id=\"Service\" data-settings=\"{&quot;background_background&quot;:&quot;classic&quot;}\">\n\t\t\t\t\t<div class=\"e-con-inner\">\n\t\t<div class=\"elementor-element elementor-element-c826e56 e-con-full e-flex e-con e-child\" data-id=\"c826e56\" data-element_type=\"container\">\n\t\t\t\t<div class=\"elementor-element elementor-element-77f6eb9 elementor-widget elementor-widget-heading\" data-id=\"77f6eb9\" data-element_type=\"widget\" data-widget_type=\"heading.default\">\n\t\t\t\t<div class=\"elementor-widget-container\">\n\t\t\t\t\t<h2 class=\"elementor-heading-title elementor-size-default\">Vielf\u00e4ltige Physiotherapie f\u00fcr Ihre Gesundheit und Ihr Wohlbefinden<\/h2>\t\t\t\t<\/div>\n\t\t\t\t<\/div>\n\t\t<div class=\"elementor-element elementor-element-cd540ae e-con-full e-flex e-con e-child\" data-id=\"cd540ae\" data-element_type=\"container\">\n\t\t<div class=\"elementor-element elementor-element-ec7a4ea e-con-full e-flex e-con e-child\" data-id=\"ec7a4ea\" data-element_type=\"container\">\n\t\t\t\t<div class=\"elementor-element elementor-element-85efcd4 elementor-widget elementor-widget-text-editor\" data-id=\"85efcd4\" data-element_type=\"widget\" data-widget_type=\"text-editor.default\">\n\t\t\t\t<div class=\"elementor-widget-container\">\n\t\t\t\t\t\t\t\t\t<p>Unser Ziel ist es, Ihnen individuell angepasste Behandlungen anzubieten, um Ihre Beschwerden zu lindern, Ihre Mobilit\u00e4t zu verbessern und Ihre Lebensqualit\u00e4t zu steigern. Wir legen gro\u00dfen Wert auf eine ganzheitliche Betreuung und arbeiten eng mit Ihnen zusammen, um Ihre Ziele zu erreichen.<\/p><p>Besuchen Sie uns in unserer Praxis und lassen Sie sich von unserem kompetenten Team beraten. Wir freuen uns darauf, Ihnen zu helfen und Sie auf Ihrem Weg zu mehr Gesundheit und Wohlbefinden zu begleiten.<\/p><p><strong>Kontaktieren Sie uns noch heute, um einen Termin zu vereinbaren! <\/strong><\/p>\t\t\t\t\t\t\t\t<\/div>\n\t\t\t\t<\/div>\n\t\t\t\t<div class=\"elementor-element elementor-element-41b4e65 elementor-align-left elementor-widget elementor-widget-button\" data-id=\"41b4e65\" data-element_type=\"widget\" data-widget_type=\"button.default\">\n\t\t\t\t<div class=\"elementor-widget-container\">\n\t\t\t\t\t\t\t\t\t<div class=\"elementor-button-wrapper\">\n\t\t\t\t\t<a class=\"elementor-button elementor-button-link elementor-size-sm elementor-animation-grow\" href=\"https:\/\/webery-server1.de\/t7-physio\/kontakt\/\">\n\t\t\t\t\t\t<span class=\"elementor-button-content-wrapper\">\n\t\t\t\t\t\t\t\t\t<span class=\"elementor-button-text\">Termine online anfragen<\/span>\n\t\t\t\t\t<\/span>\n\t\t\t\t\t<\/a>\n\t\t\t\t<\/div>\n\t\t\t\t\t\t\t\t<\/div>\n\t\t\t\t<\/div>\n\t\t\t\t<\/div>\n\t\t<div class=\"elementor-element elementor-element-cb33541 e-con-full e-flex e-con e-child\" data-id=\"cb33541\" data-element_type=\"container\">\n\t\t\t\t<div class=\"elementor-element elementor-element-92865e3 elementor-widget elementor-widget-text-editor\" data-id=\"92865e3\" data-element_type=\"widget\" data-widget_type=\"text-editor.default\">\n\t\t\t\t<div class=\"elementor-widget-container\">\n\t\t\t\t\t\t\t\t\t<p>Unser erfahrenes Team bietet Ihnen eine Vielzahl von physiotherapeutischen Behandlungen und Therapiemethoden an, um Ihre Gesundheit und Ihr Wohlbefinden zu f\u00f6rdern. Wir sind spezialisiert auf die folgenden Bereiche:<\/p>\t\t\t\t\t\t\t\t<\/div>\n\t\t\t\t<\/div>\n\t\t\t\t<div class=\"elementor-element elementor-element-d4486d1 elementor-widget elementor-widget-elementskit-accordion\" data-id=\"d4486d1\" data-element_type=\"widget\" data-widget_type=\"elementskit-accordion.default\">\n\t\t\t\t<div class=\"elementor-widget-container\">\n\t\t\t\t\t<div class=\"ekit-wid-con\" >\n        <div class=\"elementskit-accordion accoedion-primary\" id=\"accordion-69eb93fe1a88a\">\n\n            \n                <div class=\"elementskit-card \">\n                    <div class=\"elementskit-card-header\" id=\"primaryHeading-0-d4486d1\">\n                        <a href=\"#collapse-bc2283069eb93fe1a88a\" class=\"ekit-accordion--toggler elementskit-btn-link collapsed\" data-ekit-toggle=\"collapse\" data-target=\"#Collapse-bc2283069eb93fe1a88a\" aria-expanded=\"false\" aria-controls=\"Collapse-bc2283069eb93fe1a88a\">\n                            \n                            <span class=\"ekit-accordion-title\">Physiotherapie<\/span>\n\n                            \n                                <div class=\"ekit_accordion_icon_group\">\n                                    <div class=\"ekit_accordion_normal_icon\">\n                                        <!-- Normal Icon -->\n\t\t\t\t\t\t\t\t\t\t<i class=\"icon icon-down-arrow1\"><\/i>                                    <\/div>\n\n                                    <div class=\"ekit_accordion_active_icon\">\n                                        <!-- Active Icon -->\n\t\t\t\t\t\t\t\t\t\t<i class=\"icon icon-up-arrow\"><\/i>                                    <\/div>\n                                <\/div>\n\n                            \n                                                    <\/a>\n                    <\/div>\n\n                    <div id=\"Collapse-bc2283069eb93fe1a88a\" class=\" collapse\" aria-labelledby=\"primaryHeading-0-d4486d1\" data-parent=\"#accordion-69eb93fe1a88a\">\n\n                        <div class=\"elementskit-card-body ekit-accordion--content\">\n                            <ul><li>Atemtherapie<\/li><li>Bobath-Therapie<\/li><li>CMD-Therapie<\/li><li>Faszientechniken<\/li><li>Kinesio-Taping<\/li><li>Krankengymnastik<\/li><li>Manuelle Lymphdrainage<\/li><li>Manuelle Therapie<\/li><li>Massage<\/li><li>Sportphysiotherapie<\/li><\/ul>                        <\/div>\n\n                    <\/div>\n\n                <\/div><!-- .elementskit-card END -->\n\n                \n                <div class=\"elementskit-card \">\n                    <div class=\"elementskit-card-header\" id=\"primaryHeading-1-d4486d1\">\n                        <a href=\"#collapse-8417e7169eb93fe1a88a\" class=\"ekit-accordion--toggler elementskit-btn-link collapsed\" data-ekit-toggle=\"collapse\" data-target=\"#Collapse-8417e7169eb93fe1a88a\" aria-expanded=\"false\" aria-controls=\"Collapse-8417e7169eb93fe1a88a\">\n                            \n                            <span class=\"ekit-accordion-title\">Osteopathie und Pilates:<\/span>\n\n                            \n                                <div class=\"ekit_accordion_icon_group\">\n                                    <div class=\"ekit_accordion_normal_icon\">\n                                        <!-- Normal Icon -->\n\t\t\t\t\t\t\t\t\t\t<i class=\"icon icon-down-arrow1\"><\/i>                                    <\/div>\n\n                                    <div class=\"ekit_accordion_active_icon\">\n                                        <!-- Active Icon -->\n\t\t\t\t\t\t\t\t\t\t<i class=\"icon icon-up-arrow\"><\/i>                                    <\/div>\n                                <\/div>\n\n                            \n                                                    <\/a>\n                    <\/div>\n\n                    <div id=\"Collapse-8417e7169eb93fe1a88a\" class=\" collapse\" aria-labelledby=\"primaryHeading-1-d4486d1\" data-parent=\"#accordion-69eb93fe1a88a\">\n\n                        <div class=\"elementskit-card-body ekit-accordion--content\">\n                            <p>Unser Heilpraktiker vor Ort arbeitet mit verschiedenen Methoden, um Ihre Gesundheit zu unterst\u00fctzen. Dazu geh\u00f6ren:<\/p><ul><li>Osteopathie<\/li><li>Atemtherapie<\/li><li>Bindegewebsmassage<\/li><li>Schr\u00f6pfen<\/li><li>Akupunktur<\/li><li>Elektrotherapie<\/li><li>Ultraschall<\/li><li>Fango<\/li><li>Neurodynamik<\/li><li>Lymphdrainage<\/li><li>Flossing\/Okklusionstraining<\/li><\/ul>                        <\/div>\n\n                    <\/div>\n\n                <\/div><!-- .elementskit-card END -->\n\n                                        <\/div>\n    <\/div>\t\t\t\t<\/div>\n\t\t\t\t<\/div>\n\t\t\t\t<\/div>\n\t\t\t\t<\/div>\n\t\t\t\t<\/div>\n\t\t\t\t\t<\/div>\n\t\t\t\t<\/div>\n\t\t\t\t<\/div>\n\t\t","protected":false},"excerpt":{"rendered":"<p>Willkommen bei unserer Physiotherapiepraxis! &#xE934;&#xE934;&#xE934;&#xE934;&#xE934; 4.9\/5 \u00f84,9\/5 von 180 Patienten auf Google bewertet Praxis f\u00fcr Manuelle Therapie im Zentrum von Hamburg Wir sind spezialisiert auf die Behandlung von funktionsgest\u00f6rten Gelenken mit den dazugeh\u00f6rigen Nerven und Muskeln. Unsere erfahrenen Physiotherapeuten helfen Ihnen dabei, wieder gelenkig zu werden und Schmerzen zu lindern. Kontaktieren Sie uns Kopfschmerzen Knieschmerzen [&hellip;]<\/p>\n","protected":false},"author":1,"featured_media":0,"parent":0,"menu_order":0,"comment_status":"closed","ping_status":"closed","template":"","meta":{"footnotes":""},"class_list":["post-11","page","type-page","status-publish","hentry"],"_links":{"self":[{"href":"https:\/\/webery-server1.de\/t7-physio\/wp-json\/wp\/v2\/pages\/11","targetHints":{"allow":["GET"]}}],"collection":[{"href":"https:\/\/webery-server1.de\/t7-physio\/wp-json\/wp\/v2\/pages"}],"about":[{"href":"https:\/\/webery-server1.de\/t7-physio\/wp-json\/wp\/v2\/types\/page"}],"author":[{"embeddable":true,"href":"https:\/\/webery-server1.de\/t7-physio\/wp-json\/wp\/v2\/users\/1"}],"replies":[{"embeddable":true,"href":"https:\/\/webery-server1.de\/t7-physio\/wp-json\/wp\/v2\/comments?post=11"}],"version-history":[{"count":3,"href":"https:\/\/webery-server1.de\/t7-physio\/wp-json\/wp\/v2\/pages\/11\/revisions"}],"predecessor-version":[{"id":1455,"href":"https:\/\/webery-server1.de\/t7-physio\/wp-json\/wp\/v2\/pages\/11\/revisions\/1455"}],"wp:attachment":[{"href":"https:\/\/webery-server1.de\/t7-physio\/wp-json\/wp\/v2\/media?parent=11"}],"curies":[{"name":"wp","href":"https:\/\/api.w.org\/{rel}","templated":true}]}}