{"id":584,"date":"2023-08-13T13:04:04","date_gmt":"2023-08-13T11:04:04","guid":{"rendered":"https:\/\/webery-server1.de\/t8-dachdecker\/?page_id=584"},"modified":"2025-03-26T14:19:17","modified_gmt":"2025-03-26T13:19:17","slug":"dachdeckung","status":"publish","type":"page","link":"https:\/\/webery-server1.de\/t8-dachdecker\/dachdeckung\/","title":{"rendered":"Dachdeckung"},"content":{"rendered":"\t\t<div data-elementor-type=\"wp-page\" data-elementor-id=\"584\" class=\"elementor elementor-584\" data-elementor-post-type=\"page\">\n\t\t\t\t<div class=\"elementor-element elementor-element-5f2df23 e-flex e-con-boxed e-con e-parent\" data-id=\"5f2df23\" data-element_type=\"container\" data-settings=\"{&quot;background_background&quot;:&quot;classic&quot;}\">\n\t\t\t\t\t<div class=\"e-con-inner\">\n\t\t<div class=\"elementor-element elementor-element-a574bbc e-con-full e-flex e-con e-child\" data-id=\"a574bbc\" data-element_type=\"container\">\n\t\t\t\t<div class=\"elementor-element elementor-element-ec03322 elementor-widget elementor-widget-elementskit-heading\" data-id=\"ec03322\" data-element_type=\"widget\" data-widget_type=\"elementskit-heading.default\">\n\t\t\t\t<div class=\"elementor-widget-container\">\n\t\t\t\t\t<div class=\"ekit-wid-con\" ><div class=\"ekit-heading elementskit-section-title-wraper text_center   ekit_heading_tablet-   ekit_heading_mobile-text_center\"><\/div><\/div>\t\t\t\t<\/div>\n\t\t\t\t<\/div>\n\t\t\t\t<\/div>\n\t\t\t\t\t<\/div>\n\t\t\t\t<\/div>\n\t\t<div class=\"elementor-element elementor-element-01c8869 e-flex e-con-boxed e-con e-parent\" data-id=\"01c8869\" data-element_type=\"container\">\n\t\t\t\t\t<div class=\"e-con-inner\">\n\t\t<div class=\"elementor-element elementor-element-36f4e9b e-con-full e-flex e-con e-child\" data-id=\"36f4e9b\" data-element_type=\"container\">\n\t\t\t\t<div class=\"elementor-element elementor-element-6bb5c4b elementor-widget elementor-widget-heading\" data-id=\"6bb5c4b\" data-element_type=\"widget\" data-widget_type=\"heading.default\">\n\t\t\t\t<div class=\"elementor-widget-container\">\n\t\t\t\t\t<h2 class=\"elementor-heading-title elementor-size-default\">Professionelle Dachdeckungen f\u00fcr Ihr Zuhause<\/h2>\t\t\t\t<\/div>\n\t\t\t\t<\/div>\n\t\t\t\t<div class=\"elementor-element elementor-element-9dbacd8 elementor-widget elementor-widget-text-editor\" data-id=\"9dbacd8\" data-element_type=\"widget\" data-widget_type=\"text-editor.default\">\n\t\t\t\t<div class=\"elementor-widget-container\">\n\t\t\t\t\t\t\t\t\t<p>Wir sind ein erfahrenes Dachdeckerunternehmen, das sich auf hochwertige Dachdeckungen spezialisiert hat. Mit unserem Fachwissen und unserer langj\u00e4hrigen Erfahrung bieten wir Ihnen zuverl\u00e4ssige L\u00f6sungen f\u00fcr alle Arten von D\u00e4chern.<\/p><p>Wir bieten professionelle Dachdeckungen f\u00fcr Neubauten und Renovierungen an. Egal, ob es sich um ein Steildach oder ein Flachdach handelt, wir haben das Know-how und die Erfahrung, um Ihr Dach zuverl\u00e4ssig und fachgerecht abzudichten.<\/p><p>Wir bieten eine breite Palette von Dachdeckungen f\u00fcr verschiedene Dachtypen an. Von Schiefer- und Ziegeld\u00e4chern bis hin zu Flachd\u00e4chern und Metalld\u00e4chern &#8211; wir haben die Expertise, um Ihr Dach optimal abzudecken.<\/p>\t\t\t\t\t\t\t\t<\/div>\n\t\t\t\t<\/div>\n\t\t\t\t<\/div>\n\t\t<div class=\"elementor-element elementor-element-38d0d39 e-con-full e-flex e-con e-child\" data-id=\"38d0d39\" data-element_type=\"container\">\n\t\t\t\t<div class=\"elementor-element elementor-element-fcf6d0b elementor-widget elementor-widget-image\" data-id=\"fcf6d0b\" data-element_type=\"widget\" data-widget_type=\"image.default\">\n\t\t\t\t<div class=\"elementor-widget-container\">\n\t\t\t\t\t\t\t\t\t\t\t\t\t\t\t<img fetchpriority=\"high\" decoding=\"async\" width=\"800\" height=\"533\" src=\"https:\/\/webery-server1.de\/t8-dachdecker\/wp-content\/uploads\/2023\/08\/Dachdecker-Slider3-1024x682.jpeg\" class=\"attachment-large size-large wp-image-737\" alt=\"\" srcset=\"https:\/\/webery-server1.de\/t8-dachdecker\/wp-content\/uploads\/2023\/08\/Dachdecker-Slider3-1024x682.jpeg 1024w, https:\/\/webery-server1.de\/t8-dachdecker\/wp-content\/uploads\/2023\/08\/Dachdecker-Slider3-300x200.jpeg 300w, https:\/\/webery-server1.de\/t8-dachdecker\/wp-content\/uploads\/2023\/08\/Dachdecker-Slider3-768x512.jpeg 768w, https:\/\/webery-server1.de\/t8-dachdecker\/wp-content\/uploads\/2023\/08\/Dachdecker-Slider3-1536x1024.jpeg 1536w, https:\/\/webery-server1.de\/t8-dachdecker\/wp-content\/uploads\/2023\/08\/Dachdecker-Slider3.jpeg 2000w\" sizes=\"(max-width: 800px) 100vw, 800px\" \/>\t\t\t\t\t\t\t\t\t\t\t\t\t\t\t<\/div>\n\t\t\t\t<\/div>\n\t\t\t\t<div class=\"elementor-element elementor-element-d7ce462 elementor-widget elementor-widget-image\" data-id=\"d7ce462\" data-element_type=\"widget\" data-widget_type=\"image.default\">\n\t\t\t\t<div class=\"elementor-widget-container\">\n\t\t\t\t\t\t\t\t\t\t\t\t\t\t\t<img decoding=\"async\" width=\"800\" height=\"533\" src=\"https:\/\/webery-server1.de\/t8-dachdecker\/wp-content\/uploads\/2023\/08\/Dachdecker-Slider4-1024x682.jpeg\" class=\"attachment-large size-large wp-image-738\" alt=\"\" srcset=\"https:\/\/webery-server1.de\/t8-dachdecker\/wp-content\/uploads\/2023\/08\/Dachdecker-Slider4-1024x682.jpeg 1024w, https:\/\/webery-server1.de\/t8-dachdecker\/wp-content\/uploads\/2023\/08\/Dachdecker-Slider4-300x200.jpeg 300w, https:\/\/webery-server1.de\/t8-dachdecker\/wp-content\/uploads\/2023\/08\/Dachdecker-Slider4-768x512.jpeg 768w, https:\/\/webery-server1.de\/t8-dachdecker\/wp-content\/uploads\/2023\/08\/Dachdecker-Slider4-1536x1024.jpeg 1536w, https:\/\/webery-server1.de\/t8-dachdecker\/wp-content\/uploads\/2023\/08\/Dachdecker-Slider4.jpeg 2000w\" sizes=\"(max-width: 800px) 100vw, 800px\" \/>\t\t\t\t\t\t\t\t\t\t\t\t\t\t\t<\/div>\n\t\t\t\t<\/div>\n\t\t\t\t<\/div>\n\t\t\t\t\t<\/div>\n\t\t\t\t<\/div>\n\t\t<div class=\"elementor-element elementor-element-e41b7f9 e-flex e-con-boxed e-con e-parent\" data-id=\"e41b7f9\" data-element_type=\"container\" data-settings=\"{&quot;background_background&quot;:&quot;classic&quot;}\">\n\t\t\t\t\t<div class=\"e-con-inner\">\n\t\t<div class=\"elementor-element elementor-element-7c398e9 e-con-full e-flex e-con e-child\" data-id=\"7c398e9\" data-element_type=\"container\">\n\t\t<div class=\"elementor-element elementor-element-24925d7 e-con-full e-flex e-con e-child\" data-id=\"24925d7\" data-element_type=\"container\">\n\t\t<div class=\"elementor-element elementor-element-5fcd140 e-con-full e-flex e-con e-child\" data-id=\"5fcd140\" data-element_type=\"container\">\n\t\t\t\t<div class=\"elementor-element elementor-element-41e76e7 ekit-equal-height-enable elementor-widget elementor-widget-elementskit-icon-box\" data-id=\"41e76e7\" data-element_type=\"widget\" data-widget_type=\"elementskit-icon-box.default\">\n\t\t\t\t<div class=\"elementor-widget-container\">\n\t\t\t\t\t<div class=\"ekit-wid-con\" >        <!-- link opening -->\n                <a href=\"#\" class=\"ekit_global_links\">\n                <!-- end link opening -->\n\n        <div class=\"elementskit-infobox text- text-left icon-lef-right-aligin elementor-animation- media gradient-active image-active hover_from_top\">\n                    <div class=\"elementskit-box-header elementor-animation-\">\n                <div class=\"elementskit-info-box-icon  text-center\">\n                    <i aria-hidden=\"true\" class=\"elementkit-infobox-icon fas fa-hammer\"><\/i>\n                <\/div>\n          <\/div>\n                        <div class=\"box-body\">\n                            <h3 class=\"elementskit-info-box-title\">\n                    Materialien                <\/h3>\n                        \t\t  \t<p>Wir verwenden nur hochwertige Materialien, um eine langlebige und \u00e4sthetisch ansprechende Dachdeckung zu gew\u00e4hrleisten. Dabei ber\u00fccksichtigen wir Ihre individuellen Bed\u00fcrfnisse und den architektonischen Stil Ihres Hauses.<\/p>\n                                <\/div>\n        \n                    <figure class=\"image-hover\"><img decoding=\"async\" width=\"2000\" height=\"569\" src=\"https:\/\/webery-server1.de\/t8-dachdecker\/wp-content\/uploads\/2023\/08\/Dachdecker-Slider2.jpeg\" class=\"attachment- size-\" alt=\"\" srcset=\"https:\/\/webery-server1.de\/t8-dachdecker\/wp-content\/uploads\/2023\/08\/Dachdecker-Slider2.jpeg 2000w, https:\/\/webery-server1.de\/t8-dachdecker\/wp-content\/uploads\/2023\/08\/Dachdecker-Slider2-300x85.jpeg 300w, https:\/\/webery-server1.de\/t8-dachdecker\/wp-content\/uploads\/2023\/08\/Dachdecker-Slider2-1024x291.jpeg 1024w, https:\/\/webery-server1.de\/t8-dachdecker\/wp-content\/uploads\/2023\/08\/Dachdecker-Slider2-768x218.jpeg 768w, https:\/\/webery-server1.de\/t8-dachdecker\/wp-content\/uploads\/2023\/08\/Dachdecker-Slider2-1536x437.jpeg 1536w\" sizes=\"(max-width: 2000px) 100vw, 2000px\" \/><\/figure>        \n                <\/div>\n                <\/a>\n        <\/div>\t\t\t\t<\/div>\n\t\t\t\t<\/div>\n\t\t\t\t<\/div>\n\t\t<div class=\"elementor-element elementor-element-1ecf760 e-con-full e-flex e-con e-child\" data-id=\"1ecf760\" data-element_type=\"container\">\n\t\t\t\t<div class=\"elementor-element elementor-element-cc2ef92 ekit-equal-height-enable elementor-widget elementor-widget-elementskit-icon-box\" data-id=\"cc2ef92\" data-element_type=\"widget\" data-widget_type=\"elementskit-icon-box.default\">\n\t\t\t\t<div class=\"elementor-widget-container\">\n\t\t\t\t\t<div class=\"ekit-wid-con\" >        <!-- link opening -->\n                <a href=\"#\" class=\"ekit_global_links\">\n                <!-- end link opening -->\n\n        <div class=\"elementskit-infobox text- text-left icon-lef-right-aligin elementor-animation- media gradient-active image-active hover_from_top\">\n                    <div class=\"elementskit-box-header elementor-animation-\">\n                <div class=\"elementskit-info-box-icon  text-center\">\n                    <i aria-hidden=\"true\" class=\"elementkit-infobox-icon fas fa-hammer\"><\/i>\n                <\/div>\n          <\/div>\n                        <div class=\"box-body\">\n                            <h3 class=\"elementskit-info-box-title\">\n                    Beratung und Planung                <\/h3>\n                        \t\t  \t<p>Unser Team steht Ihnen zur Seite, um Sie bei der Auswahl der richtigen Dachdeckung zu unterst\u00fctzen. Wir beraten Sie umfassend und erstellen ma\u00dfgeschneiderte L\u00f6sungen, die Ihren Anforderungen entsprechen.<\/p>\n                                <\/div>\n        \n                    <figure class=\"image-hover\"><img decoding=\"async\" width=\"2000\" height=\"569\" src=\"https:\/\/webery-server1.de\/t8-dachdecker\/wp-content\/uploads\/2023\/08\/Dachdecker-Slider2.jpeg\" class=\"attachment- size-\" alt=\"\" srcset=\"https:\/\/webery-server1.de\/t8-dachdecker\/wp-content\/uploads\/2023\/08\/Dachdecker-Slider2.jpeg 2000w, https:\/\/webery-server1.de\/t8-dachdecker\/wp-content\/uploads\/2023\/08\/Dachdecker-Slider2-300x85.jpeg 300w, https:\/\/webery-server1.de\/t8-dachdecker\/wp-content\/uploads\/2023\/08\/Dachdecker-Slider2-1024x291.jpeg 1024w, https:\/\/webery-server1.de\/t8-dachdecker\/wp-content\/uploads\/2023\/08\/Dachdecker-Slider2-768x218.jpeg 768w, https:\/\/webery-server1.de\/t8-dachdecker\/wp-content\/uploads\/2023\/08\/Dachdecker-Slider2-1536x437.jpeg 1536w\" sizes=\"(max-width: 2000px) 100vw, 2000px\" \/><\/figure>        \n                <\/div>\n                <\/a>\n        <\/div>\t\t\t\t<\/div>\n\t\t\t\t<\/div>\n\t\t\t\t<\/div>\n\t\t<div class=\"elementor-element elementor-element-2a69edf e-con-full e-flex e-con e-child\" data-id=\"2a69edf\" data-element_type=\"container\">\n\t\t\t\t<div class=\"elementor-element elementor-element-aad5e09 ekit-equal-height-enable elementor-widget elementor-widget-elementskit-icon-box\" data-id=\"aad5e09\" data-element_type=\"widget\" data-widget_type=\"elementskit-icon-box.default\">\n\t\t\t\t<div class=\"elementor-widget-container\">\n\t\t\t\t\t<div class=\"ekit-wid-con\" >        <!-- link opening -->\n                <a href=\"#\" class=\"ekit_global_links\">\n                <!-- end link opening -->\n\n        <div class=\"elementskit-infobox text- text-left icon-lef-right-aligin elementor-animation- media gradient-active image-active hover_from_top\">\n                    <div class=\"elementskit-box-header elementor-animation-\">\n                <div class=\"elementskit-info-box-icon  text-center\">\n                    <i aria-hidden=\"true\" class=\"elementkit-infobox-icon fas fa-hammer\"><\/i>\n                <\/div>\n          <\/div>\n                        <div class=\"box-body\">\n                            <h3 class=\"elementskit-info-box-title\">\n                    Reparaturen und Wartung                <\/h3>\n                        \t\t  \t<p>Neben der Installation neuer Dachdeckungen bieten wir auch Reparatur- und Wartungsdienstleistungen an. Wir sorgen daf\u00fcr, dass Ihr Dach in einem optimalen Zustand bleibt und vor Witterungseinfl\u00fcssen gesch\u00fctzt ist.<\/p>\n                                <\/div>\n        \n                    <figure class=\"image-hover\"><img decoding=\"async\" width=\"2000\" height=\"569\" src=\"https:\/\/webery-server1.de\/t8-dachdecker\/wp-content\/uploads\/2023\/08\/Dachdecker-Slider2.jpeg\" class=\"attachment- size-\" alt=\"\" srcset=\"https:\/\/webery-server1.de\/t8-dachdecker\/wp-content\/uploads\/2023\/08\/Dachdecker-Slider2.jpeg 2000w, https:\/\/webery-server1.de\/t8-dachdecker\/wp-content\/uploads\/2023\/08\/Dachdecker-Slider2-300x85.jpeg 300w, https:\/\/webery-server1.de\/t8-dachdecker\/wp-content\/uploads\/2023\/08\/Dachdecker-Slider2-1024x291.jpeg 1024w, https:\/\/webery-server1.de\/t8-dachdecker\/wp-content\/uploads\/2023\/08\/Dachdecker-Slider2-768x218.jpeg 768w, https:\/\/webery-server1.de\/t8-dachdecker\/wp-content\/uploads\/2023\/08\/Dachdecker-Slider2-1536x437.jpeg 1536w\" sizes=\"(max-width: 2000px) 100vw, 2000px\" \/><\/figure>        \n                <\/div>\n                <\/a>\n        <\/div>\t\t\t\t<\/div>\n\t\t\t\t<\/div>\n\t\t\t\t<\/div>\n\t\t\t\t<\/div>\n\t\t\t\t<div class=\"elementor-element elementor-element-eabfbad elementor-widget elementor-widget-spacer\" data-id=\"eabfbad\" data-element_type=\"widget\" data-widget_type=\"spacer.default\">\n\t\t\t\t<div class=\"elementor-widget-container\">\n\t\t\t\t\t\t\t<div class=\"elementor-spacer\">\n\t\t\t<div class=\"elementor-spacer-inner\"><\/div>\n\t\t<\/div>\n\t\t\t\t\t\t<\/div>\n\t\t\t\t<\/div>\n\t\t\t\t<\/div>\n\t\t\t\t\t<\/div>\n\t\t\t\t<\/div>\n\t\t<div class=\"elementor-element elementor-element-cdafed1 e-flex e-con-boxed e-con e-parent\" data-id=\"cdafed1\" data-element_type=\"container\" data-settings=\"{&quot;background_background&quot;:&quot;classic&quot;}\">\n\t\t\t\t\t<div class=\"e-con-inner\">\n\t\t<div class=\"elementor-element elementor-element-1ca7447 e-con-full e-flex e-con e-child\" data-id=\"1ca7447\" data-element_type=\"container\">\n\t\t\t\t<div class=\"elementor-element elementor-element-396105d elementor-widget elementor-widget-elementskit-heading\" data-id=\"396105d\" data-element_type=\"widget\" data-widget_type=\"elementskit-heading.default\">\n\t\t\t\t<div class=\"elementor-widget-container\">\n\t\t\t\t\t<div class=\"ekit-wid-con\" ><div class=\"ekit-heading elementskit-section-title-wraper text_left   ekit_heading_tablet-   ekit_heading_mobile-text_center\"><h1 class=\"ekit-heading--title elementskit-section-title \">Ihr Dach \u2013 unser Handwerk <br> Wir freuen uns auf Ihre Anfrage. <\/h1><\/div><\/div>\t\t\t\t<\/div>\n\t\t\t\t<\/div>\n\t\t\t\t<div class=\"elementor-element elementor-element-9a4aa57 elementor-widget elementor-widget-button\" data-id=\"9a4aa57\" data-element_type=\"widget\" data-widget_type=\"button.default\">\n\t\t\t\t<div class=\"elementor-widget-container\">\n\t\t\t\t\t\t\t\t\t<div class=\"elementor-button-wrapper\">\n\t\t\t\t\t<a class=\"elementor-button elementor-button-link elementor-size-sm\" href=\"https:\/\/webery-server1.de\/t8-dachdecker\/kontakt\/\">\n\t\t\t\t\t\t<span class=\"elementor-button-content-wrapper\">\n\t\t\t\t\t\t\t\t\t<span class=\"elementor-button-text\">jetzt kontaktieren<\/span>\n\t\t\t\t\t<\/span>\n\t\t\t\t\t<\/a>\n\t\t\t\t<\/div>\n\t\t\t\t\t\t\t\t<\/div>\n\t\t\t\t<\/div>\n\t\t\t\t<\/div>\n\t\t<div class=\"elementor-element elementor-element-ebd7109 e-con-full e-flex e-con e-child\" data-id=\"ebd7109\" data-element_type=\"container\">\n\t\t\t\t<div class=\"elementor-element elementor-element-73c17e0 elementor-widget elementor-widget-image\" data-id=\"73c17e0\" data-element_type=\"widget\" data-widget_type=\"image.default\">\n\t\t\t\t<div class=\"elementor-widget-container\">\n\t\t\t\t\t\t\t\t\t\t\t\t\t\t\t<img loading=\"lazy\" decoding=\"async\" width=\"800\" height=\"620\" src=\"https:\/\/webery-server1.de\/t8-dachdecker\/wp-content\/uploads\/2023\/09\/3d-rendering-architecture-model-with-rolled-up-blueprints-handwritten-notes-measurements-1024x794.png\" class=\"attachment-large size-large wp-image-823\" alt=\"\" srcset=\"https:\/\/webery-server1.de\/t8-dachdecker\/wp-content\/uploads\/2023\/09\/3d-rendering-architecture-model-with-rolled-up-blueprints-handwritten-notes-measurements-1024x794.png 1024w, https:\/\/webery-server1.de\/t8-dachdecker\/wp-content\/uploads\/2023\/09\/3d-rendering-architecture-model-with-rolled-up-blueprints-handwritten-notes-measurements-300x232.png 300w, https:\/\/webery-server1.de\/t8-dachdecker\/wp-content\/uploads\/2023\/09\/3d-rendering-architecture-model-with-rolled-up-blueprints-handwritten-notes-measurements-768x595.png 768w, https:\/\/webery-server1.de\/t8-dachdecker\/wp-content\/uploads\/2023\/09\/3d-rendering-architecture-model-with-rolled-up-blueprints-handwritten-notes-measurements.png 1262w\" sizes=\"(max-width: 800px) 100vw, 800px\" \/>\t\t\t\t\t\t\t\t\t\t\t\t\t\t\t<\/div>\n\t\t\t\t<\/div>\n\t\t\t\t<\/div>\n\t\t\t\t\t<\/div>\n\t\t\t\t<\/div>\n\t\t\t\t<\/div>\n\t\t","protected":false},"excerpt":{"rendered":"<p>Professionelle Dachdeckungen f\u00fcr Ihr Zuhause Wir sind ein erfahrenes Dachdeckerunternehmen, das sich auf hochwertige Dachdeckungen spezialisiert hat. Mit unserem Fachwissen und unserer langj\u00e4hrigen Erfahrung bieten wir Ihnen zuverl\u00e4ssige L\u00f6sungen f\u00fcr alle Arten von D\u00e4chern. Wir bieten professionelle Dachdeckungen f\u00fcr Neubauten und Renovierungen an. Egal, ob es sich um ein Steildach oder ein Flachdach handelt, wir [&hellip;]<\/p>\n","protected":false},"author":1,"featured_media":0,"parent":0,"menu_order":0,"comment_status":"closed","ping_status":"closed","template":"","meta":{"footnotes":""},"class_list":["post-584","page","type-page","status-publish","hentry"],"_links":{"self":[{"href":"https:\/\/webery-server1.de\/t8-dachdecker\/wp-json\/wp\/v2\/pages\/584","targetHints":{"allow":["GET"]}}],"collection":[{"href":"https:\/\/webery-server1.de\/t8-dachdecker\/wp-json\/wp\/v2\/pages"}],"about":[{"href":"https:\/\/webery-server1.de\/t8-dachdecker\/wp-json\/wp\/v2\/types\/page"}],"author":[{"embeddable":true,"href":"https:\/\/webery-server1.de\/t8-dachdecker\/wp-json\/wp\/v2\/users\/1"}],"replies":[{"embeddable":true,"href":"https:\/\/webery-server1.de\/t8-dachdecker\/wp-json\/wp\/v2\/comments?post=584"}],"version-history":[{"count":3,"href":"https:\/\/webery-server1.de\/t8-dachdecker\/wp-json\/wp\/v2\/pages\/584\/revisions"}],"predecessor-version":[{"id":959,"href":"https:\/\/webery-server1.de\/t8-dachdecker\/wp-json\/wp\/v2\/pages\/584\/revisions\/959"}],"wp:attachment":[{"href":"https:\/\/webery-server1.de\/t8-dachdecker\/wp-json\/wp\/v2\/media?parent=584"}],"curies":[{"name":"wp","href":"https:\/\/api.w.org\/{rel}","templated":true}]}}