{"id":589,"date":"2023-08-13T13:05:27","date_gmt":"2023-08-13T11:05:27","guid":{"rendered":"https:\/\/webery-server1.de\/t8-dachdecker\/?page_id=589"},"modified":"2025-03-26T14:19:43","modified_gmt":"2025-03-26T13:19:43","slug":"dachfenster","status":"publish","type":"page","link":"https:\/\/webery-server1.de\/t8-dachdecker\/dachfenster\/","title":{"rendered":"Dachfenster"},"content":{"rendered":"\t\t<div data-elementor-type=\"wp-page\" data-elementor-id=\"589\" class=\"elementor elementor-589\" data-elementor-post-type=\"page\">\n\t\t\t\t<div class=\"elementor-element elementor-element-bdce898 e-flex e-con-boxed e-con e-parent\" data-id=\"bdce898\" data-element_type=\"container\" data-settings=\"{&quot;background_background&quot;:&quot;classic&quot;}\">\n\t\t\t\t\t<div class=\"e-con-inner\">\n\t\t<div class=\"elementor-element elementor-element-d5e90ed e-con-full e-flex e-con e-child\" data-id=\"d5e90ed\" data-element_type=\"container\">\n\t\t\t\t<div class=\"elementor-element elementor-element-08e6e4c elementor-widget elementor-widget-elementskit-heading\" data-id=\"08e6e4c\" data-element_type=\"widget\" data-widget_type=\"elementskit-heading.default\">\n\t\t\t\t<div class=\"elementor-widget-container\">\n\t\t\t\t\t<div class=\"ekit-wid-con\" ><div class=\"ekit-heading elementskit-section-title-wraper text_center   ekit_heading_tablet-   ekit_heading_mobile-text_center\"><\/div><\/div>\t\t\t\t<\/div>\n\t\t\t\t<\/div>\n\t\t\t\t<\/div>\n\t\t\t\t\t<\/div>\n\t\t\t\t<\/div>\n\t\t<div class=\"elementor-element elementor-element-c520883 e-flex e-con-boxed e-con e-parent\" data-id=\"c520883\" data-element_type=\"container\">\n\t\t\t\t\t<div class=\"e-con-inner\">\n\t\t<div class=\"elementor-element elementor-element-a52308d e-con-full e-flex e-con e-child\" data-id=\"a52308d\" data-element_type=\"container\">\n\t\t\t\t<div class=\"elementor-element elementor-element-80456dc elementor-widget elementor-widget-text-editor\" data-id=\"80456dc\" data-element_type=\"widget\" data-widget_type=\"text-editor.default\">\n\t\t\t\t<div class=\"elementor-widget-container\">\n\t\t\t\t\t\t\t\t\t<p>Wir installieren hochwertige Dachfenster, die nicht nur f\u00fcr mehr Tageslicht in Ihren R\u00e4umen sorgen, sondern auch f\u00fcr eine bessere Bel\u00fcftung und Energieeffizienz.<\/p><p>Dachfenster sind eine tolle M\u00f6glichkeit, um mehr Licht und Luft in den Dachboden oder das Dachgeschoss zu bringen. Sie k\u00f6nnen auch dazu beitragen, den Raum heller und freundlicher zu gestalten. Es gibt viele verschiedene Arten von Dachfenstern, darunter Schwingfenster, Klapp-Schwing-Fenster und Dachfl\u00e4chenfenster. Jede Art hat ihre eigenen Vor- und Nachteile, und es ist wichtig, das richtige Fenster f\u00fcr Ihre Bed\u00fcrfnisse auszuw\u00e4hlen.<\/p><p>Ein weiterer wichtiger Faktor bei der Auswahl von Dachfenstern ist die Energieeffizienz. Ein gut isoliertes Dachfenster kann dazu beitragen, die Heizkosten zu senken und den Komfort im Raum zu verbessern. Es ist auch wichtig, sicherzustellen, dass das Fenster ordnungsgem\u00e4\u00df installiert wird, um Lecks und andere Probleme zu vermeiden.<\/p><p>Unser Dachdeckerunternehmen bietet eine breite Palette von Dachfenstern an, die auf Ihre Bed\u00fcrfnisse zugeschnitten sind. Wir k\u00f6nnen Ihnen helfen, das richtige Fenster auszuw\u00e4hlen und es professionell zu installieren. Kontaktieren Sie uns noch heute, um mehr dar\u00fcber zu erfahren, wie wir Ihnen helfen k\u00f6nnen, Ihr Dachgeschoss oder Ihren Dachboden zu verbessern.<\/p>\t\t\t\t\t\t\t\t<\/div>\n\t\t\t\t<\/div>\n\t\t\t\t<\/div>\n\t\t<div class=\"elementor-element elementor-element-8815e55 e-con-full e-flex e-con e-child\" data-id=\"8815e55\" data-element_type=\"container\">\n\t\t\t\t<div class=\"elementor-element elementor-element-f85e5be elementor-widget elementor-widget-image\" data-id=\"f85e5be\" data-element_type=\"widget\" data-widget_type=\"image.default\">\n\t\t\t\t<div class=\"elementor-widget-container\">\n\t\t\t\t\t\t\t\t\t\t\t\t\t\t\t<img fetchpriority=\"high\" decoding=\"async\" width=\"800\" height=\"534\" src=\"https:\/\/webery-server1.de\/t8-dachdecker\/wp-content\/uploads\/2023\/08\/Dachfenster-1024x684.jpeg\" class=\"attachment-large size-large wp-image-739\" alt=\"\" srcset=\"https:\/\/webery-server1.de\/t8-dachdecker\/wp-content\/uploads\/2023\/08\/Dachfenster-1024x684.jpeg 1024w, https:\/\/webery-server1.de\/t8-dachdecker\/wp-content\/uploads\/2023\/08\/Dachfenster-300x200.jpeg 300w, https:\/\/webery-server1.de\/t8-dachdecker\/wp-content\/uploads\/2023\/08\/Dachfenster-768x513.jpeg 768w, https:\/\/webery-server1.de\/t8-dachdecker\/wp-content\/uploads\/2023\/08\/Dachfenster-1536x1025.jpeg 1536w, https:\/\/webery-server1.de\/t8-dachdecker\/wp-content\/uploads\/2023\/08\/Dachfenster.jpeg 2000w\" sizes=\"(max-width: 800px) 100vw, 800px\" \/>\t\t\t\t\t\t\t\t\t\t\t\t\t\t\t<\/div>\n\t\t\t\t<\/div>\n\t\t\t\t<div class=\"elementor-element elementor-element-6f4be03 elementor-widget elementor-widget-image\" data-id=\"6f4be03\" data-element_type=\"widget\" data-widget_type=\"image.default\">\n\t\t\t\t<div class=\"elementor-widget-container\">\n\t\t\t\t\t\t\t\t\t\t\t\t\t\t\t<img decoding=\"async\" width=\"800\" height=\"533\" src=\"https:\/\/webery-server1.de\/t8-dachdecker\/wp-content\/uploads\/2023\/08\/Dachdecker-Content3-1024x682.jpeg\" class=\"attachment-large size-large wp-image-734\" alt=\"\" srcset=\"https:\/\/webery-server1.de\/t8-dachdecker\/wp-content\/uploads\/2023\/08\/Dachdecker-Content3-1024x682.jpeg 1024w, https:\/\/webery-server1.de\/t8-dachdecker\/wp-content\/uploads\/2023\/08\/Dachdecker-Content3-300x200.jpeg 300w, https:\/\/webery-server1.de\/t8-dachdecker\/wp-content\/uploads\/2023\/08\/Dachdecker-Content3-768x512.jpeg 768w, https:\/\/webery-server1.de\/t8-dachdecker\/wp-content\/uploads\/2023\/08\/Dachdecker-Content3-1536x1024.jpeg 1536w, https:\/\/webery-server1.de\/t8-dachdecker\/wp-content\/uploads\/2023\/08\/Dachdecker-Content3.jpeg 2000w\" sizes=\"(max-width: 800px) 100vw, 800px\" \/>\t\t\t\t\t\t\t\t\t\t\t\t\t\t\t<\/div>\n\t\t\t\t<\/div>\n\t\t\t\t<\/div>\n\t\t\t\t\t<\/div>\n\t\t\t\t<\/div>\n\t\t<div class=\"elementor-element elementor-element-a214ee6 e-flex e-con-boxed e-con e-parent\" data-id=\"a214ee6\" data-element_type=\"container\" data-settings=\"{&quot;background_background&quot;:&quot;classic&quot;}\">\n\t\t\t\t\t<div class=\"e-con-inner\">\n\t\t<div class=\"elementor-element elementor-element-791f796 e-con-full e-flex e-con e-child\" data-id=\"791f796\" data-element_type=\"container\">\n\t\t\t\t<div class=\"elementor-element elementor-element-e94d3c6 elementor-widget elementor-widget-elementskit-heading\" data-id=\"e94d3c6\" data-element_type=\"widget\" data-widget_type=\"elementskit-heading.default\">\n\t\t\t\t<div class=\"elementor-widget-container\">\n\t\t\t\t\t<div class=\"ekit-wid-con\" ><div class=\"ekit-heading elementskit-section-title-wraper text_left   ekit_heading_tablet-   ekit_heading_mobile-text_center\"><h1 class=\"ekit-heading--title elementskit-section-title \">Ihr Dach \u2013 unser Handwerk <br> Wir freuen uns auf Ihre Anfrage. <\/h1><\/div><\/div>\t\t\t\t<\/div>\n\t\t\t\t<\/div>\n\t\t\t\t<div class=\"elementor-element elementor-element-91b87a0 elementor-widget elementor-widget-button\" data-id=\"91b87a0\" data-element_type=\"widget\" data-widget_type=\"button.default\">\n\t\t\t\t<div class=\"elementor-widget-container\">\n\t\t\t\t\t\t\t\t\t<div class=\"elementor-button-wrapper\">\n\t\t\t\t\t<a class=\"elementor-button elementor-button-link elementor-size-sm\" href=\"https:\/\/webery-server1.de\/t8-dachdecker\/kontakt\/\">\n\t\t\t\t\t\t<span class=\"elementor-button-content-wrapper\">\n\t\t\t\t\t\t\t\t\t<span class=\"elementor-button-text\">jetzt kontaktieren<\/span>\n\t\t\t\t\t<\/span>\n\t\t\t\t\t<\/a>\n\t\t\t\t<\/div>\n\t\t\t\t\t\t\t\t<\/div>\n\t\t\t\t<\/div>\n\t\t\t\t<\/div>\n\t\t<div class=\"elementor-element elementor-element-05ddcaf e-con-full e-flex e-con e-child\" data-id=\"05ddcaf\" data-element_type=\"container\">\n\t\t\t\t<div class=\"elementor-element elementor-element-f09ff6c elementor-widget elementor-widget-image\" data-id=\"f09ff6c\" data-element_type=\"widget\" data-widget_type=\"image.default\">\n\t\t\t\t<div class=\"elementor-widget-container\">\n\t\t\t\t\t\t\t\t\t\t\t\t\t\t\t<img decoding=\"async\" width=\"800\" height=\"620\" src=\"https:\/\/webery-server1.de\/t8-dachdecker\/wp-content\/uploads\/2023\/09\/3d-rendering-architecture-model-with-rolled-up-blueprints-handwritten-notes-measurements-1024x794.png\" class=\"attachment-large size-large wp-image-823\" alt=\"\" srcset=\"https:\/\/webery-server1.de\/t8-dachdecker\/wp-content\/uploads\/2023\/09\/3d-rendering-architecture-model-with-rolled-up-blueprints-handwritten-notes-measurements-1024x794.png 1024w, https:\/\/webery-server1.de\/t8-dachdecker\/wp-content\/uploads\/2023\/09\/3d-rendering-architecture-model-with-rolled-up-blueprints-handwritten-notes-measurements-300x232.png 300w, https:\/\/webery-server1.de\/t8-dachdecker\/wp-content\/uploads\/2023\/09\/3d-rendering-architecture-model-with-rolled-up-blueprints-handwritten-notes-measurements-768x595.png 768w, https:\/\/webery-server1.de\/t8-dachdecker\/wp-content\/uploads\/2023\/09\/3d-rendering-architecture-model-with-rolled-up-blueprints-handwritten-notes-measurements.png 1262w\" sizes=\"(max-width: 800px) 100vw, 800px\" \/>\t\t\t\t\t\t\t\t\t\t\t\t\t\t\t<\/div>\n\t\t\t\t<\/div>\n\t\t\t\t<\/div>\n\t\t\t\t\t<\/div>\n\t\t\t\t<\/div>\n\t\t\t\t<\/div>\n\t\t","protected":false},"excerpt":{"rendered":"<p>Wir installieren hochwertige Dachfenster, die nicht nur f\u00fcr mehr Tageslicht in Ihren R\u00e4umen sorgen, sondern auch f\u00fcr eine bessere Bel\u00fcftung und Energieeffizienz. Dachfenster sind eine tolle M\u00f6glichkeit, um mehr Licht und Luft in den Dachboden oder das Dachgeschoss zu bringen. Sie k\u00f6nnen auch dazu beitragen, den Raum heller und freundlicher zu gestalten. Es gibt viele [&hellip;]<\/p>\n","protected":false},"author":1,"featured_media":0,"parent":0,"menu_order":0,"comment_status":"closed","ping_status":"closed","template":"","meta":{"footnotes":""},"class_list":["post-589","page","type-page","status-publish","hentry"],"_links":{"self":[{"href":"https:\/\/webery-server1.de\/t8-dachdecker\/wp-json\/wp\/v2\/pages\/589","targetHints":{"allow":["GET"]}}],"collection":[{"href":"https:\/\/webery-server1.de\/t8-dachdecker\/wp-json\/wp\/v2\/pages"}],"about":[{"href":"https:\/\/webery-server1.de\/t8-dachdecker\/wp-json\/wp\/v2\/types\/page"}],"author":[{"embeddable":true,"href":"https:\/\/webery-server1.de\/t8-dachdecker\/wp-json\/wp\/v2\/users\/1"}],"replies":[{"embeddable":true,"href":"https:\/\/webery-server1.de\/t8-dachdecker\/wp-json\/wp\/v2\/comments?post=589"}],"version-history":[{"count":3,"href":"https:\/\/webery-server1.de\/t8-dachdecker\/wp-json\/wp\/v2\/pages\/589\/revisions"}],"predecessor-version":[{"id":962,"href":"https:\/\/webery-server1.de\/t8-dachdecker\/wp-json\/wp\/v2\/pages\/589\/revisions\/962"}],"wp:attachment":[{"href":"https:\/\/webery-server1.de\/t8-dachdecker\/wp-json\/wp\/v2\/media?parent=589"}],"curies":[{"name":"wp","href":"https:\/\/api.w.org\/{rel}","templated":true}]}}