{"id":594,"date":"2023-08-13T13:05:50","date_gmt":"2023-08-13T11:05:50","guid":{"rendered":"https:\/\/webery-server1.de\/t8-dachdecker\/?page_id=594"},"modified":"2025-03-26T14:20:45","modified_gmt":"2025-03-26T13:20:45","slug":"flachdachabdichtung","status":"publish","type":"page","link":"https:\/\/webery-server1.de\/t8-dachdecker\/flachdachabdichtung\/","title":{"rendered":"Flachdachabdichtung"},"content":{"rendered":"\t\t<div data-elementor-type=\"wp-page\" data-elementor-id=\"594\" class=\"elementor elementor-594\" data-elementor-post-type=\"page\">\n\t\t\t\t<div class=\"elementor-element elementor-element-6addd34 e-flex e-con-boxed e-con e-parent\" data-id=\"6addd34\" data-element_type=\"container\" data-settings=\"{&quot;background_background&quot;:&quot;classic&quot;}\">\n\t\t\t\t\t<div class=\"e-con-inner\">\n\t\t<div class=\"elementor-element elementor-element-69a854f e-con-full e-flex e-con e-child\" data-id=\"69a854f\" data-element_type=\"container\">\n\t\t\t\t<div class=\"elementor-element elementor-element-e79739c elementor-widget elementor-widget-elementskit-heading\" data-id=\"e79739c\" data-element_type=\"widget\" data-widget_type=\"elementskit-heading.default\">\n\t\t\t\t<div class=\"elementor-widget-container\">\n\t\t\t\t\t<div class=\"ekit-wid-con\" ><div class=\"ekit-heading elementskit-section-title-wraper text_center   ekit_heading_tablet-   ekit_heading_mobile-text_center\"><\/div><\/div>\t\t\t\t<\/div>\n\t\t\t\t<\/div>\n\t\t\t\t<\/div>\n\t\t\t\t\t<\/div>\n\t\t\t\t<\/div>\n\t\t<div class=\"elementor-element elementor-element-e869b0c e-flex e-con-boxed e-con e-parent\" data-id=\"e869b0c\" data-element_type=\"container\">\n\t\t\t\t\t<div class=\"e-con-inner\">\n\t\t<div class=\"elementor-element elementor-element-e04badd e-con-full e-flex e-con e-child\" data-id=\"e04badd\" data-element_type=\"container\">\n\t\t\t\t<div class=\"elementor-element elementor-element-f4611bf elementor-widget elementor-widget-text-editor\" data-id=\"f4611bf\" data-element_type=\"widget\" data-widget_type=\"text-editor.default\">\n\t\t\t\t<div class=\"elementor-widget-container\">\n\t\t\t\t\t\t\t\t\t<p>Unser Unternehmen bietet professionelle Flachdachabdichtungen an, um sicherzustellen, dass Ihr Dach vor Feuchtigkeit und anderen Umwelteinfl\u00fcssen gesch\u00fctzt ist. Wir haben klare Verantwortlichkeiten f\u00fcr die Planung, Ausschreibung, Bau\u00fcberwachung und gutachterliche T\u00e4tigkeiten, um sicherzustellen, dass jeder Schritt des Prozesses sorgf\u00e4ltig durchgef\u00fchrt wird. Eine Flachdachabdichtung ist ein wichtiger Prozess und eine unverzichtbare Funktionsschicht bei jedem Dachaufbau. Nur durch diesen Vorgang wird das Dach vor Feuchtigkeit und anderen Umwelteinfl\u00fcssen gesch\u00fctzt. Wir \u00fcbernehmen alle Aufgaben der Abdichtung von Flachd\u00e4chern und stehen Ihnen bei Fragen rund um die Flachdachabdichtung zur Verf\u00fcgung. Unsere Experten sind f\u00fcr jede Flachdach-Abdichtung und jedem Geb\u00e4udetyp der richtige Ansprechpartner. Wenn Ihr Dach schon in die Jahre gekommen ist, kann eine Flachdachabdichtung Wunder bewirken. Wir bieten Ihnen eine fachm\u00e4nnische Versiegelung und Sanierung Ihres Dachs an. Vertrauen Sie uns, um Ihr Flachdach zu sch\u00fctzen und zuverl\u00e4ssig abzudichten.<\/p><p>Unsere Experten sind spezialisiert auf die Abdichtung von Flachd\u00e4chern. Wir verwenden nur hochwertige Materialien, um sicherzustellen, dass Ihr Flachdach optimal vor Feuchtigkeit und Witterungseinfl\u00fcssen gesch\u00fctzt ist.<\/p>\t\t\t\t\t\t\t\t<\/div>\n\t\t\t\t<\/div>\n\t\t\t\t<\/div>\n\t\t<div class=\"elementor-element elementor-element-b7b7bd4 e-con-full e-flex e-con e-child\" data-id=\"b7b7bd4\" data-element_type=\"container\">\n\t\t\t\t<div class=\"elementor-element elementor-element-cc012d1 elementor-widget elementor-widget-image\" data-id=\"cc012d1\" data-element_type=\"widget\" data-widget_type=\"image.default\">\n\t\t\t\t<div class=\"elementor-widget-container\">\n\t\t\t\t\t\t\t\t\t\t\t\t\t\t\t<img fetchpriority=\"high\" decoding=\"async\" width=\"800\" height=\"533\" src=\"https:\/\/webery-server1.de\/t8-dachdecker\/wp-content\/uploads\/2023\/08\/Dach-Sanierung-Reparatur-1024x682.jpeg\" class=\"attachment-large size-large wp-image-728\" alt=\"\" srcset=\"https:\/\/webery-server1.de\/t8-dachdecker\/wp-content\/uploads\/2023\/08\/Dach-Sanierung-Reparatur-1024x682.jpeg 1024w, https:\/\/webery-server1.de\/t8-dachdecker\/wp-content\/uploads\/2023\/08\/Dach-Sanierung-Reparatur-300x200.jpeg 300w, https:\/\/webery-server1.de\/t8-dachdecker\/wp-content\/uploads\/2023\/08\/Dach-Sanierung-Reparatur-768x512.jpeg 768w, https:\/\/webery-server1.de\/t8-dachdecker\/wp-content\/uploads\/2023\/08\/Dach-Sanierung-Reparatur-1536x1024.jpeg 1536w, https:\/\/webery-server1.de\/t8-dachdecker\/wp-content\/uploads\/2023\/08\/Dach-Sanierung-Reparatur.jpeg 2000w\" sizes=\"(max-width: 800px) 100vw, 800px\" \/>\t\t\t\t\t\t\t\t\t\t\t\t\t\t\t<\/div>\n\t\t\t\t<\/div>\n\t\t\t\t<div class=\"elementor-element elementor-element-fd438f0 elementor-widget elementor-widget-image\" data-id=\"fd438f0\" data-element_type=\"widget\" data-widget_type=\"image.default\">\n\t\t\t\t<div class=\"elementor-widget-container\">\n\t\t\t\t\t\t\t\t\t\t\t\t\t\t\t<img decoding=\"async\" width=\"800\" height=\"534\" src=\"https:\/\/webery-server1.de\/t8-dachdecker\/wp-content\/uploads\/2023\/08\/Flachdach-Lichtkuppel-1024x683.jpeg\" class=\"attachment-large size-large wp-image-740\" alt=\"\" srcset=\"https:\/\/webery-server1.de\/t8-dachdecker\/wp-content\/uploads\/2023\/08\/Flachdach-Lichtkuppel-1024x683.jpeg 1024w, https:\/\/webery-server1.de\/t8-dachdecker\/wp-content\/uploads\/2023\/08\/Flachdach-Lichtkuppel-300x200.jpeg 300w, https:\/\/webery-server1.de\/t8-dachdecker\/wp-content\/uploads\/2023\/08\/Flachdach-Lichtkuppel-768x512.jpeg 768w, https:\/\/webery-server1.de\/t8-dachdecker\/wp-content\/uploads\/2023\/08\/Flachdach-Lichtkuppel-1536x1025.jpeg 1536w, https:\/\/webery-server1.de\/t8-dachdecker\/wp-content\/uploads\/2023\/08\/Flachdach-Lichtkuppel.jpeg 2000w\" sizes=\"(max-width: 800px) 100vw, 800px\" \/>\t\t\t\t\t\t\t\t\t\t\t\t\t\t\t<\/div>\n\t\t\t\t<\/div>\n\t\t\t\t<\/div>\n\t\t\t\t\t<\/div>\n\t\t\t\t<\/div>\n\t\t<div class=\"elementor-element elementor-element-6364a0a e-flex e-con-boxed e-con e-parent\" data-id=\"6364a0a\" data-element_type=\"container\" data-settings=\"{&quot;background_background&quot;:&quot;classic&quot;}\">\n\t\t\t\t\t<div class=\"e-con-inner\">\n\t\t<div class=\"elementor-element elementor-element-d673a49 e-con-full e-flex e-con e-child\" data-id=\"d673a49\" data-element_type=\"container\">\n\t\t<div class=\"elementor-element elementor-element-ee85d6b e-con-full e-flex e-con e-child\" data-id=\"ee85d6b\" data-element_type=\"container\">\n\t\t<div class=\"elementor-element elementor-element-8498417 e-con-full e-flex e-con e-child\" data-id=\"8498417\" data-element_type=\"container\">\n\t\t\t\t<div class=\"elementor-element elementor-element-9d4875e ekit-equal-height-enable elementor-widget elementor-widget-elementskit-icon-box\" data-id=\"9d4875e\" data-element_type=\"widget\" data-widget_type=\"elementskit-icon-box.default\">\n\t\t\t\t<div class=\"elementor-widget-container\">\n\t\t\t\t\t<div class=\"ekit-wid-con\" >        <!-- link opening -->\n                <a href=\"#\" class=\"ekit_global_links\">\n                <!-- end link opening -->\n\n        <div class=\"elementskit-infobox text- text-left icon-lef-right-aligin elementor-animation- media gradient-active image-active hover_from_top\">\n                    <div class=\"elementskit-box-header elementor-animation-\">\n                <div class=\"elementskit-info-box-icon  text-center\">\n                    <i aria-hidden=\"true\" class=\"elementkit-infobox-icon fas fa-hammer\"><\/i>\n                <\/div>\n          <\/div>\n                        <div class=\"box-body\">\n                            <h3 class=\"elementskit-info-box-title\">\n                    Flachdach-Systeme                <\/h3>\n                        \t\t  \t<p>Es gibt viele verschiedene Arten von Flachdach-Systemen, die f\u00fcr verschiedene Anwendungen geeignet sind<\/p>\n                                <\/div>\n        \n                    <figure class=\"image-hover\"><img decoding=\"async\" width=\"2000\" height=\"569\" src=\"https:\/\/webery-server1.de\/t8-dachdecker\/wp-content\/uploads\/2023\/08\/Dachdecker-Slider2.jpeg\" class=\"attachment- size-\" alt=\"\" srcset=\"https:\/\/webery-server1.de\/t8-dachdecker\/wp-content\/uploads\/2023\/08\/Dachdecker-Slider2.jpeg 2000w, https:\/\/webery-server1.de\/t8-dachdecker\/wp-content\/uploads\/2023\/08\/Dachdecker-Slider2-300x85.jpeg 300w, https:\/\/webery-server1.de\/t8-dachdecker\/wp-content\/uploads\/2023\/08\/Dachdecker-Slider2-1024x291.jpeg 1024w, https:\/\/webery-server1.de\/t8-dachdecker\/wp-content\/uploads\/2023\/08\/Dachdecker-Slider2-768x218.jpeg 768w, https:\/\/webery-server1.de\/t8-dachdecker\/wp-content\/uploads\/2023\/08\/Dachdecker-Slider2-1536x437.jpeg 1536w\" sizes=\"(max-width: 2000px) 100vw, 2000px\" \/><\/figure>        \n                <\/div>\n                <\/a>\n        <\/div>\t\t\t\t<\/div>\n\t\t\t\t<\/div>\n\t\t\t\t<\/div>\n\t\t<div class=\"elementor-element elementor-element-442fd8b e-con-full e-flex e-con e-child\" data-id=\"442fd8b\" data-element_type=\"container\">\n\t\t\t\t<div class=\"elementor-element elementor-element-a8da30e ekit-equal-height-enable elementor-widget elementor-widget-elementskit-icon-box\" data-id=\"a8da30e\" data-element_type=\"widget\" data-widget_type=\"elementskit-icon-box.default\">\n\t\t\t\t<div class=\"elementor-widget-container\">\n\t\t\t\t\t<div class=\"ekit-wid-con\" >        <!-- link opening -->\n                <a href=\"#\" class=\"ekit_global_links\">\n                <!-- end link opening -->\n\n        <div class=\"elementskit-infobox text- text-left icon-lef-right-aligin elementor-animation- media gradient-active image-active hover_from_top\">\n                    <div class=\"elementskit-box-header elementor-animation-\">\n                <div class=\"elementskit-info-box-icon  text-center\">\n                    <i aria-hidden=\"true\" class=\"elementkit-infobox-icon fas fa-hammer\"><\/i>\n                <\/div>\n          <\/div>\n                        <div class=\"box-body\">\n                            <h3 class=\"elementskit-info-box-title\">\n                    Materialien                <\/h3>\n                        \t\t  \t<p>Es gibt verschiedene Materialien, die f\u00fcr die Abdichtung von Flachd\u00e4chern verwendet werden k\u00f6nnen, darunter EPDM-Folie, Bitumen und Dachschindeln.<\/p>\n                                <\/div>\n        \n                    <figure class=\"image-hover\"><img decoding=\"async\" width=\"2000\" height=\"569\" src=\"https:\/\/webery-server1.de\/t8-dachdecker\/wp-content\/uploads\/2023\/08\/Dachdecker-Slider2.jpeg\" class=\"attachment- size-\" alt=\"\" srcset=\"https:\/\/webery-server1.de\/t8-dachdecker\/wp-content\/uploads\/2023\/08\/Dachdecker-Slider2.jpeg 2000w, https:\/\/webery-server1.de\/t8-dachdecker\/wp-content\/uploads\/2023\/08\/Dachdecker-Slider2-300x85.jpeg 300w, https:\/\/webery-server1.de\/t8-dachdecker\/wp-content\/uploads\/2023\/08\/Dachdecker-Slider2-1024x291.jpeg 1024w, https:\/\/webery-server1.de\/t8-dachdecker\/wp-content\/uploads\/2023\/08\/Dachdecker-Slider2-768x218.jpeg 768w, https:\/\/webery-server1.de\/t8-dachdecker\/wp-content\/uploads\/2023\/08\/Dachdecker-Slider2-1536x437.jpeg 1536w\" sizes=\"(max-width: 2000px) 100vw, 2000px\" \/><\/figure>        \n                <\/div>\n                <\/a>\n        <\/div>\t\t\t\t<\/div>\n\t\t\t\t<\/div>\n\t\t\t\t<\/div>\n\t\t\t\t<\/div>\n\t\t\t\t<div class=\"elementor-element elementor-element-1248cbf elementor-widget elementor-widget-spacer\" data-id=\"1248cbf\" data-element_type=\"widget\" data-widget_type=\"spacer.default\">\n\t\t\t\t<div class=\"elementor-widget-container\">\n\t\t\t\t\t\t\t<div class=\"elementor-spacer\">\n\t\t\t<div class=\"elementor-spacer-inner\"><\/div>\n\t\t<\/div>\n\t\t\t\t\t\t<\/div>\n\t\t\t\t<\/div>\n\t\t\t\t<div class=\"elementor-element elementor-element-244e8f3 elementor-widget elementor-widget-text-editor\" data-id=\"244e8f3\" data-element_type=\"widget\" data-widget_type=\"text-editor.default\">\n\t\t\t\t<div class=\"elementor-widget-container\">\n\t\t\t\t\t\t\t\t\t<p>Kontaktieren Sie uns gerne wir erkl\u00e4ren Ihnen gerne die Vor- und Nachteile jedes Materials und Flachdach-Systems um Ihnen bei der Auswahl des richtigen Materials zu helfen.<\/p>\t\t\t\t\t\t\t\t<\/div>\n\t\t\t\t<\/div>\n\t\t\t\t<\/div>\n\t\t\t\t\t<\/div>\n\t\t\t\t<\/div>\n\t\t<div class=\"elementor-element elementor-element-32cac00 e-flex e-con-boxed e-con e-parent\" data-id=\"32cac00\" data-element_type=\"container\" data-settings=\"{&quot;background_background&quot;:&quot;classic&quot;}\">\n\t\t\t\t\t<div class=\"e-con-inner\">\n\t\t<div class=\"elementor-element elementor-element-2bf6f47 e-con-full e-flex e-con e-child\" data-id=\"2bf6f47\" data-element_type=\"container\">\n\t\t\t\t<div class=\"elementor-element elementor-element-3f77304 elementor-widget elementor-widget-elementskit-heading\" data-id=\"3f77304\" data-element_type=\"widget\" data-widget_type=\"elementskit-heading.default\">\n\t\t\t\t<div class=\"elementor-widget-container\">\n\t\t\t\t\t<div class=\"ekit-wid-con\" ><div class=\"ekit-heading elementskit-section-title-wraper text_left   ekit_heading_tablet-   ekit_heading_mobile-text_center\"><h1 class=\"ekit-heading--title elementskit-section-title \">Ihr Dach \u2013 unser Handwerk <br> Wir freuen uns auf Ihre Anfrage. <\/h1><\/div><\/div>\t\t\t\t<\/div>\n\t\t\t\t<\/div>\n\t\t\t\t<div class=\"elementor-element elementor-element-5073ce8 elementor-widget elementor-widget-button\" data-id=\"5073ce8\" data-element_type=\"widget\" data-widget_type=\"button.default\">\n\t\t\t\t<div class=\"elementor-widget-container\">\n\t\t\t\t\t\t\t\t\t<div class=\"elementor-button-wrapper\">\n\t\t\t\t\t<a class=\"elementor-button elementor-button-link elementor-size-sm\" href=\"https:\/\/webery-server1.de\/t8-dachdecker\/kontakt\/\">\n\t\t\t\t\t\t<span class=\"elementor-button-content-wrapper\">\n\t\t\t\t\t\t\t\t\t<span class=\"elementor-button-text\">jetzt kontaktieren<\/span>\n\t\t\t\t\t<\/span>\n\t\t\t\t\t<\/a>\n\t\t\t\t<\/div>\n\t\t\t\t\t\t\t\t<\/div>\n\t\t\t\t<\/div>\n\t\t\t\t<\/div>\n\t\t<div class=\"elementor-element elementor-element-6285ec1 e-con-full e-flex e-con e-child\" data-id=\"6285ec1\" data-element_type=\"container\">\n\t\t\t\t<div class=\"elementor-element elementor-element-fce09f9 elementor-widget elementor-widget-image\" data-id=\"fce09f9\" data-element_type=\"widget\" data-widget_type=\"image.default\">\n\t\t\t\t<div class=\"elementor-widget-container\">\n\t\t\t\t\t\t\t\t\t\t\t\t\t\t\t<img loading=\"lazy\" decoding=\"async\" width=\"800\" height=\"620\" src=\"https:\/\/webery-server1.de\/t8-dachdecker\/wp-content\/uploads\/2023\/09\/3d-rendering-architecture-model-with-rolled-up-blueprints-handwritten-notes-measurements-1024x794.png\" class=\"attachment-large size-large wp-image-823\" alt=\"\" srcset=\"https:\/\/webery-server1.de\/t8-dachdecker\/wp-content\/uploads\/2023\/09\/3d-rendering-architecture-model-with-rolled-up-blueprints-handwritten-notes-measurements-1024x794.png 1024w, https:\/\/webery-server1.de\/t8-dachdecker\/wp-content\/uploads\/2023\/09\/3d-rendering-architecture-model-with-rolled-up-blueprints-handwritten-notes-measurements-300x232.png 300w, https:\/\/webery-server1.de\/t8-dachdecker\/wp-content\/uploads\/2023\/09\/3d-rendering-architecture-model-with-rolled-up-blueprints-handwritten-notes-measurements-768x595.png 768w, https:\/\/webery-server1.de\/t8-dachdecker\/wp-content\/uploads\/2023\/09\/3d-rendering-architecture-model-with-rolled-up-blueprints-handwritten-notes-measurements.png 1262w\" sizes=\"(max-width: 800px) 100vw, 800px\" \/>\t\t\t\t\t\t\t\t\t\t\t\t\t\t\t<\/div>\n\t\t\t\t<\/div>\n\t\t\t\t<\/div>\n\t\t\t\t\t<\/div>\n\t\t\t\t<\/div>\n\t\t\t\t<\/div>\n\t\t","protected":false},"excerpt":{"rendered":"<p>Unser Unternehmen bietet professionelle Flachdachabdichtungen an, um sicherzustellen, dass Ihr Dach vor Feuchtigkeit und anderen Umwelteinfl\u00fcssen gesch\u00fctzt ist. Wir haben klare Verantwortlichkeiten f\u00fcr die Planung, Ausschreibung, Bau\u00fcberwachung und gutachterliche T\u00e4tigkeiten, um sicherzustellen, dass jeder Schritt des Prozesses sorgf\u00e4ltig durchgef\u00fchrt wird. Eine Flachdachabdichtung ist ein wichtiger Prozess und eine unverzichtbare Funktionsschicht bei jedem Dachaufbau. Nur durch [&hellip;]<\/p>\n","protected":false},"author":1,"featured_media":0,"parent":0,"menu_order":0,"comment_status":"closed","ping_status":"closed","template":"","meta":{"footnotes":""},"class_list":["post-594","page","type-page","status-publish","hentry"],"_links":{"self":[{"href":"https:\/\/webery-server1.de\/t8-dachdecker\/wp-json\/wp\/v2\/pages\/594","targetHints":{"allow":["GET"]}}],"collection":[{"href":"https:\/\/webery-server1.de\/t8-dachdecker\/wp-json\/wp\/v2\/pages"}],"about":[{"href":"https:\/\/webery-server1.de\/t8-dachdecker\/wp-json\/wp\/v2\/types\/page"}],"author":[{"embeddable":true,"href":"https:\/\/webery-server1.de\/t8-dachdecker\/wp-json\/wp\/v2\/users\/1"}],"replies":[{"embeddable":true,"href":"https:\/\/webery-server1.de\/t8-dachdecker\/wp-json\/wp\/v2\/comments?post=594"}],"version-history":[{"count":3,"href":"https:\/\/webery-server1.de\/t8-dachdecker\/wp-json\/wp\/v2\/pages\/594\/revisions"}],"predecessor-version":[{"id":968,"href":"https:\/\/webery-server1.de\/t8-dachdecker\/wp-json\/wp\/v2\/pages\/594\/revisions\/968"}],"wp:attachment":[{"href":"https:\/\/webery-server1.de\/t8-dachdecker\/wp-json\/wp\/v2\/media?parent=594"}],"curies":[{"name":"wp","href":"https:\/\/api.w.org\/{rel}","templated":true}]}}