{"id":599,"date":"2023-08-13T13:07:14","date_gmt":"2023-08-13T11:07:14","guid":{"rendered":"https:\/\/webery-server1.de\/t8-dachdecker\/?page_id=599"},"modified":"2025-03-26T14:21:17","modified_gmt":"2025-03-26T13:21:17","slug":"gruendach","status":"publish","type":"page","link":"https:\/\/webery-server1.de\/t8-dachdecker\/gruendach\/","title":{"rendered":"Gr\u00fcndach"},"content":{"rendered":"\t\t<div data-elementor-type=\"wp-page\" data-elementor-id=\"599\" class=\"elementor elementor-599\" data-elementor-post-type=\"page\">\n\t\t\t\t<div class=\"elementor-element elementor-element-a55c223 e-flex e-con-boxed e-con e-parent\" data-id=\"a55c223\" data-element_type=\"container\" data-settings=\"{&quot;background_background&quot;:&quot;classic&quot;}\">\n\t\t\t\t\t<div class=\"e-con-inner\">\n\t\t<div class=\"elementor-element elementor-element-8197c13 e-con-full e-flex e-con e-child\" data-id=\"8197c13\" data-element_type=\"container\">\n\t\t\t\t<div class=\"elementor-element elementor-element-8f76a15 elementor-widget elementor-widget-elementskit-heading\" data-id=\"8f76a15\" data-element_type=\"widget\" data-widget_type=\"elementskit-heading.default\">\n\t\t\t\t<div class=\"elementor-widget-container\">\n\t\t\t\t\t<div class=\"ekit-wid-con\" ><div class=\"ekit-heading elementskit-section-title-wraper text_center   ekit_heading_tablet-   ekit_heading_mobile-text_center\"><\/div><\/div>\t\t\t\t<\/div>\n\t\t\t\t<\/div>\n\t\t\t\t<\/div>\n\t\t\t\t\t<\/div>\n\t\t\t\t<\/div>\n\t\t<div class=\"elementor-element elementor-element-79a15ce e-flex e-con-boxed e-con e-parent\" data-id=\"79a15ce\" data-element_type=\"container\">\n\t\t\t\t\t<div class=\"e-con-inner\">\n\t\t<div class=\"elementor-element elementor-element-3048758 e-con-full e-flex e-con e-child\" data-id=\"3048758\" data-element_type=\"container\">\n\t\t\t\t<div class=\"elementor-element elementor-element-f3b8ad7 elementor-widget elementor-widget-text-editor\" data-id=\"f3b8ad7\" data-element_type=\"widget\" data-widget_type=\"text-editor.default\">\n\t\t\t\t<div class=\"elementor-widget-container\">\n\t\t\t\t\t\t\t\t\t<p>Wir bieten auch die Installation von Gr\u00fcnd\u00e4chern an, die nicht nur \u00e4sthetisch ansprechend sind, sondern auch \u00f6kologische Vorteile bieten, wie z.B. verbesserte W\u00e4rmed\u00e4mmung und Regenwasserr\u00fcckhaltung.<\/p><p>Ein Gr\u00fcndach ist eine Hausbegr\u00fcnung mit Pflanzen auf der Dachfl\u00e4che eines Geb\u00e4udes. Es dient nicht nur als Gestaltungselement, sondern tr\u00e4gt auch zur besseren Funktion des Geb\u00e4udes bei. Gr\u00fcnd\u00e4cher haben positive \u00f6kologische Funktionen und leisten einen Beitrag zur Minderung der Beeintr\u00e4chtigung des Naturhaushaltes in st\u00e4dtischen Gebieten. <\/p>\t\t\t\t\t\t\t\t<\/div>\n\t\t\t\t<\/div>\n\t\t\t\t<\/div>\n\t\t<div class=\"elementor-element elementor-element-f89cf07 e-con-full e-flex e-con e-child\" data-id=\"f89cf07\" data-element_type=\"container\">\n\t\t\t\t<div class=\"elementor-element elementor-element-4759c49 elementor-widget elementor-widget-image\" data-id=\"4759c49\" data-element_type=\"widget\" data-widget_type=\"image.default\">\n\t\t\t\t<div class=\"elementor-widget-container\">\n\t\t\t\t\t\t\t\t\t\t\t\t\t\t\t<img fetchpriority=\"high\" decoding=\"async\" width=\"800\" height=\"533\" src=\"https:\/\/webery-server1.de\/t8-dachdecker\/wp-content\/uploads\/2023\/08\/Dachbegru\u0308nung-1024x682.jpeg\" class=\"attachment-large size-large wp-image-730\" alt=\"\" srcset=\"https:\/\/webery-server1.de\/t8-dachdecker\/wp-content\/uploads\/2023\/08\/Dachbegru\u0308nung-1024x682.jpeg 1024w, https:\/\/webery-server1.de\/t8-dachdecker\/wp-content\/uploads\/2023\/08\/Dachbegru\u0308nung-300x200.jpeg 300w, https:\/\/webery-server1.de\/t8-dachdecker\/wp-content\/uploads\/2023\/08\/Dachbegru\u0308nung-768x512.jpeg 768w, https:\/\/webery-server1.de\/t8-dachdecker\/wp-content\/uploads\/2023\/08\/Dachbegru\u0308nung-1536x1024.jpeg 1536w, https:\/\/webery-server1.de\/t8-dachdecker\/wp-content\/uploads\/2023\/08\/Dachbegru\u0308nung.jpeg 2000w\" sizes=\"(max-width: 800px) 100vw, 800px\" \/>\t\t\t\t\t\t\t\t\t\t\t\t\t\t\t<\/div>\n\t\t\t\t<\/div>\n\t\t\t\t<div class=\"elementor-element elementor-element-6e5ec1a elementor-widget elementor-widget-image\" data-id=\"6e5ec1a\" data-element_type=\"widget\" data-widget_type=\"image.default\">\n\t\t\t\t<div class=\"elementor-widget-container\">\n\t\t\t\t\t\t\t\t\t\t\t\t\t\t\t<img decoding=\"async\" width=\"800\" height=\"534\" src=\"https:\/\/webery-server1.de\/t8-dachdecker\/wp-content\/uploads\/2023\/08\/Dachbegru\u0308nung-2-1024x684.jpeg\" class=\"attachment-large size-large wp-image-729\" alt=\"\" srcset=\"https:\/\/webery-server1.de\/t8-dachdecker\/wp-content\/uploads\/2023\/08\/Dachbegru\u0308nung-2-1024x684.jpeg 1024w, https:\/\/webery-server1.de\/t8-dachdecker\/wp-content\/uploads\/2023\/08\/Dachbegru\u0308nung-2-300x200.jpeg 300w, https:\/\/webery-server1.de\/t8-dachdecker\/wp-content\/uploads\/2023\/08\/Dachbegru\u0308nung-2-768x513.jpeg 768w, https:\/\/webery-server1.de\/t8-dachdecker\/wp-content\/uploads\/2023\/08\/Dachbegru\u0308nung-2-1536x1025.jpeg 1536w, https:\/\/webery-server1.de\/t8-dachdecker\/wp-content\/uploads\/2023\/08\/Dachbegru\u0308nung-2.jpeg 2000w\" sizes=\"(max-width: 800px) 100vw, 800px\" \/>\t\t\t\t\t\t\t\t\t\t\t\t\t\t\t<\/div>\n\t\t\t\t<\/div>\n\t\t\t\t<\/div>\n\t\t\t\t\t<\/div>\n\t\t\t\t<\/div>\n\t\t<div class=\"elementor-element elementor-element-dcc217e e-flex e-con-boxed e-con e-parent\" data-id=\"dcc217e\" data-element_type=\"container\" data-settings=\"{&quot;background_background&quot;:&quot;classic&quot;}\">\n\t\t\t\t\t<div class=\"e-con-inner\">\n\t\t<div class=\"elementor-element elementor-element-169ead4 e-con-full e-flex e-con e-child\" data-id=\"169ead4\" data-element_type=\"container\">\n\t\t\t\t<div class=\"elementor-element elementor-element-caf0cc0 elementor-widget elementor-widget-text-editor\" data-id=\"caf0cc0\" data-element_type=\"widget\" data-widget_type=\"text-editor.default\">\n\t\t\t\t<div class=\"elementor-widget-container\">\n\t\t\t\t\t\t\t\t\t<p>Grund\u00e4cher bieten zahlreiche Vorteile, wie zum Beispiel:<\/p>\t\t\t\t\t\t\t\t<\/div>\n\t\t\t\t<\/div>\n\t\t<div class=\"elementor-element elementor-element-de9eb40 e-con-full e-flex e-con e-child\" data-id=\"de9eb40\" data-element_type=\"container\">\n\t\t<div class=\"elementor-element elementor-element-b2d00d4 e-con-full e-flex e-con e-child\" data-id=\"b2d00d4\" data-element_type=\"container\">\n\t\t\t\t<div class=\"elementor-element elementor-element-74c5da3 ekit-equal-height-enable elementor-widget elementor-widget-elementskit-icon-box\" data-id=\"74c5da3\" data-element_type=\"widget\" data-widget_type=\"elementskit-icon-box.default\">\n\t\t\t\t<div class=\"elementor-widget-container\">\n\t\t\t\t\t<div class=\"ekit-wid-con\" >        <!-- link opening -->\n                <a href=\"#\" class=\"ekit_global_links\">\n                <!-- end link opening -->\n\n        <div class=\"elementskit-infobox text- text-left icon-lef-right-aligin elementor-animation- media gradient-active image-active hover_from_top\">\n                    <div class=\"elementskit-box-header elementor-animation-\">\n                <div class=\"elementskit-info-box-icon  text-center\">\n                    <i aria-hidden=\"true\" class=\"elementkit-infobox-icon fas fa-hammer\"><\/i>\n                <\/div>\n          <\/div>\n                        <div class=\"box-body\">\n                            <h3 class=\"elementskit-info-box-title\">\n                    W\u00e4rmed\u00e4mmung                <\/h3>\n                        \t\t  \t<p>Gr\u00fcnd\u00e4cher isolieren das Geb\u00e4ude und helfen dabei, den W\u00e4rmeverlust im Winter zu reduzieren und im Sommer die Hitze abzuhalten.<\/p>\n                                <\/div>\n        \n                    <figure class=\"image-hover\"><img decoding=\"async\" width=\"2000\" height=\"569\" src=\"https:\/\/webery-server1.de\/t8-dachdecker\/wp-content\/uploads\/2023\/08\/Dachdecker-Slider2.jpeg\" class=\"attachment- size-\" alt=\"\" srcset=\"https:\/\/webery-server1.de\/t8-dachdecker\/wp-content\/uploads\/2023\/08\/Dachdecker-Slider2.jpeg 2000w, https:\/\/webery-server1.de\/t8-dachdecker\/wp-content\/uploads\/2023\/08\/Dachdecker-Slider2-300x85.jpeg 300w, https:\/\/webery-server1.de\/t8-dachdecker\/wp-content\/uploads\/2023\/08\/Dachdecker-Slider2-1024x291.jpeg 1024w, https:\/\/webery-server1.de\/t8-dachdecker\/wp-content\/uploads\/2023\/08\/Dachdecker-Slider2-768x218.jpeg 768w, https:\/\/webery-server1.de\/t8-dachdecker\/wp-content\/uploads\/2023\/08\/Dachdecker-Slider2-1536x437.jpeg 1536w\" sizes=\"(max-width: 2000px) 100vw, 2000px\" \/><\/figure>        \n                <\/div>\n                <\/a>\n        <\/div>\t\t\t\t<\/div>\n\t\t\t\t<\/div>\n\t\t\t\t<\/div>\n\t\t<div class=\"elementor-element elementor-element-3d777ff e-con-full e-flex e-con e-child\" data-id=\"3d777ff\" data-element_type=\"container\">\n\t\t\t\t<div class=\"elementor-element elementor-element-706ab47 ekit-equal-height-enable elementor-widget elementor-widget-elementskit-icon-box\" data-id=\"706ab47\" data-element_type=\"widget\" data-widget_type=\"elementskit-icon-box.default\">\n\t\t\t\t<div class=\"elementor-widget-container\">\n\t\t\t\t\t<div class=\"ekit-wid-con\" >        <!-- link opening -->\n                <a href=\"#\" class=\"ekit_global_links\">\n                <!-- end link opening -->\n\n        <div class=\"elementskit-infobox text- text-left icon-lef-right-aligin elementor-animation- media gradient-active image-active hover_from_top\">\n                    <div class=\"elementskit-box-header elementor-animation-\">\n                <div class=\"elementskit-info-box-icon  text-center\">\n                    <i aria-hidden=\"true\" class=\"elementkit-infobox-icon fas fa-hammer\"><\/i>\n                <\/div>\n          <\/div>\n                        <div class=\"box-body\">\n                            <h3 class=\"elementskit-info-box-title\">\n                    Regenwasserr\u00fcckhaltung                <\/h3>\n                        \t\t  \t<p>Die Pflanzen auf dem Gr\u00fcndach k\u00f6nnen Regenwasser speichern und langsam abgeben, wodurch die Kanalisation entlastet wird.<\/p>\n                                <\/div>\n        \n                    <figure class=\"image-hover\"><img decoding=\"async\" width=\"2000\" height=\"569\" src=\"https:\/\/webery-server1.de\/t8-dachdecker\/wp-content\/uploads\/2023\/08\/Dachdecker-Slider2.jpeg\" class=\"attachment- size-\" alt=\"\" srcset=\"https:\/\/webery-server1.de\/t8-dachdecker\/wp-content\/uploads\/2023\/08\/Dachdecker-Slider2.jpeg 2000w, https:\/\/webery-server1.de\/t8-dachdecker\/wp-content\/uploads\/2023\/08\/Dachdecker-Slider2-300x85.jpeg 300w, https:\/\/webery-server1.de\/t8-dachdecker\/wp-content\/uploads\/2023\/08\/Dachdecker-Slider2-1024x291.jpeg 1024w, https:\/\/webery-server1.de\/t8-dachdecker\/wp-content\/uploads\/2023\/08\/Dachdecker-Slider2-768x218.jpeg 768w, https:\/\/webery-server1.de\/t8-dachdecker\/wp-content\/uploads\/2023\/08\/Dachdecker-Slider2-1536x437.jpeg 1536w\" sizes=\"(max-width: 2000px) 100vw, 2000px\" \/><\/figure>        \n                <\/div>\n                <\/a>\n        <\/div>\t\t\t\t<\/div>\n\t\t\t\t<\/div>\n\t\t\t\t<\/div>\n\t\t<div class=\"elementor-element elementor-element-0d4c008 e-con-full e-flex e-con e-child\" data-id=\"0d4c008\" data-element_type=\"container\">\n\t\t\t\t<div class=\"elementor-element elementor-element-5ebc4a4 ekit-equal-height-enable elementor-widget elementor-widget-elementskit-icon-box\" data-id=\"5ebc4a4\" data-element_type=\"widget\" data-widget_type=\"elementskit-icon-box.default\">\n\t\t\t\t<div class=\"elementor-widget-container\">\n\t\t\t\t\t<div class=\"ekit-wid-con\" >        <!-- link opening -->\n                <a href=\"#\" class=\"ekit_global_links\">\n                <!-- end link opening -->\n\n        <div class=\"elementskit-infobox text- text-left icon-lef-right-aligin elementor-animation- media gradient-active image-active hover_from_top\">\n                    <div class=\"elementskit-box-header elementor-animation-\">\n                <div class=\"elementskit-info-box-icon  text-center\">\n                    <i aria-hidden=\"true\" class=\"elementkit-infobox-icon fas fa-hammer\"><\/i>\n                <\/div>\n          <\/div>\n                        <div class=\"box-body\">\n                            <h3 class=\"elementskit-info-box-title\">\n                    Luftreinigung                <\/h3>\n                        \t\t  \t<p>Die Pflanzen filtern Schadstoffe aus der Luft und verbessern so die Luftqualit\u00e4t.<\/p>\n                                <\/div>\n        \n                    <figure class=\"image-hover\"><img decoding=\"async\" width=\"2000\" height=\"569\" src=\"https:\/\/webery-server1.de\/t8-dachdecker\/wp-content\/uploads\/2023\/08\/Dachdecker-Slider2.jpeg\" class=\"attachment- size-\" alt=\"\" srcset=\"https:\/\/webery-server1.de\/t8-dachdecker\/wp-content\/uploads\/2023\/08\/Dachdecker-Slider2.jpeg 2000w, https:\/\/webery-server1.de\/t8-dachdecker\/wp-content\/uploads\/2023\/08\/Dachdecker-Slider2-300x85.jpeg 300w, https:\/\/webery-server1.de\/t8-dachdecker\/wp-content\/uploads\/2023\/08\/Dachdecker-Slider2-1024x291.jpeg 1024w, https:\/\/webery-server1.de\/t8-dachdecker\/wp-content\/uploads\/2023\/08\/Dachdecker-Slider2-768x218.jpeg 768w, https:\/\/webery-server1.de\/t8-dachdecker\/wp-content\/uploads\/2023\/08\/Dachdecker-Slider2-1536x437.jpeg 1536w\" sizes=\"(max-width: 2000px) 100vw, 2000px\" \/><\/figure>        \n                <\/div>\n                <\/a>\n        <\/div>\t\t\t\t<\/div>\n\t\t\t\t<\/div>\n\t\t\t\t<\/div>\n\t\t\t\t<\/div>\n\t\t<div class=\"elementor-element elementor-element-bb19cdd e-con-full e-flex e-con e-child\" data-id=\"bb19cdd\" data-element_type=\"container\">\n\t\t<div class=\"elementor-element elementor-element-b86378b e-con-full e-flex e-con e-child\" data-id=\"b86378b\" data-element_type=\"container\">\n\t\t\t\t<div class=\"elementor-element elementor-element-4396c68 ekit-equal-height-enable elementor-widget elementor-widget-elementskit-icon-box\" data-id=\"4396c68\" data-element_type=\"widget\" data-widget_type=\"elementskit-icon-box.default\">\n\t\t\t\t<div class=\"elementor-widget-container\">\n\t\t\t\t\t<div class=\"ekit-wid-con\" >        <!-- link opening -->\n                <a href=\"#\" class=\"ekit_global_links\">\n                <!-- end link opening -->\n\n        <div class=\"elementskit-infobox text- text-left icon-lef-right-aligin elementor-animation- media gradient-active image-active hover_from_top\">\n                    <div class=\"elementskit-box-header elementor-animation-\">\n                <div class=\"elementskit-info-box-icon  text-center\">\n                    <i aria-hidden=\"true\" class=\"elementkit-infobox-icon fas fa-hammer\"><\/i>\n                <\/div>\n          <\/div>\n                        <div class=\"box-body\">\n                            <h3 class=\"elementskit-info-box-title\">\n                    L\u00e4rmminderung                <\/h3>\n                        \t\t  \t<p>Gr\u00fcnd\u00e4cher k\u00f6nnen den L\u00e4rm von au\u00dfen absorbieren und somit den Ger\u00e4uschpegel im Geb\u00e4ude reduzieren.<\/p>\n                                <\/div>\n        \n                    <figure class=\"image-hover\"><img decoding=\"async\" width=\"2000\" height=\"569\" src=\"https:\/\/webery-server1.de\/t8-dachdecker\/wp-content\/uploads\/2023\/08\/Dachdecker-Slider2.jpeg\" class=\"attachment- size-\" alt=\"\" srcset=\"https:\/\/webery-server1.de\/t8-dachdecker\/wp-content\/uploads\/2023\/08\/Dachdecker-Slider2.jpeg 2000w, https:\/\/webery-server1.de\/t8-dachdecker\/wp-content\/uploads\/2023\/08\/Dachdecker-Slider2-300x85.jpeg 300w, https:\/\/webery-server1.de\/t8-dachdecker\/wp-content\/uploads\/2023\/08\/Dachdecker-Slider2-1024x291.jpeg 1024w, https:\/\/webery-server1.de\/t8-dachdecker\/wp-content\/uploads\/2023\/08\/Dachdecker-Slider2-768x218.jpeg 768w, https:\/\/webery-server1.de\/t8-dachdecker\/wp-content\/uploads\/2023\/08\/Dachdecker-Slider2-1536x437.jpeg 1536w\" sizes=\"(max-width: 2000px) 100vw, 2000px\" \/><\/figure>        \n                <\/div>\n                <\/a>\n        <\/div>\t\t\t\t<\/div>\n\t\t\t\t<\/div>\n\t\t\t\t<\/div>\n\t\t<div class=\"elementor-element elementor-element-a53dd0b e-con-full e-flex e-con e-child\" data-id=\"a53dd0b\" data-element_type=\"container\">\n\t\t\t\t<div class=\"elementor-element elementor-element-d108ee6 ekit-equal-height-enable elementor-widget elementor-widget-elementskit-icon-box\" data-id=\"d108ee6\" data-element_type=\"widget\" data-widget_type=\"elementskit-icon-box.default\">\n\t\t\t\t<div class=\"elementor-widget-container\">\n\t\t\t\t\t<div class=\"ekit-wid-con\" >        <!-- link opening -->\n                <a href=\"#\" class=\"ekit_global_links\">\n                <!-- end link opening -->\n\n        <div class=\"elementskit-infobox text- text-left icon-lef-right-aligin elementor-animation- media gradient-active image-active hover_from_top\">\n                    <div class=\"elementskit-box-header elementor-animation-\">\n                <div class=\"elementskit-info-box-icon  text-center\">\n                    <i aria-hidden=\"true\" class=\"elementkit-infobox-icon fas fa-hammer\"><\/i>\n                <\/div>\n          <\/div>\n                        <div class=\"box-body\">\n                            <h3 class=\"elementskit-info-box-title\">\n                    Lebensraum f\u00fcr Tiere und Pflanzen                <\/h3>\n                        \t\t  \t<p>Gr\u00fcnd\u00e4cher bieten Lebensraum f\u00fcr Insekten, V\u00f6gel und andere Tiere, die in st\u00e4dtischen Gebieten oft wenig Platz finden.<\/p>\n                                <\/div>\n        \n                    <figure class=\"image-hover\"><img decoding=\"async\" width=\"2000\" height=\"569\" src=\"https:\/\/webery-server1.de\/t8-dachdecker\/wp-content\/uploads\/2023\/08\/Dachdecker-Slider2.jpeg\" class=\"attachment- size-\" alt=\"\" srcset=\"https:\/\/webery-server1.de\/t8-dachdecker\/wp-content\/uploads\/2023\/08\/Dachdecker-Slider2.jpeg 2000w, https:\/\/webery-server1.de\/t8-dachdecker\/wp-content\/uploads\/2023\/08\/Dachdecker-Slider2-300x85.jpeg 300w, https:\/\/webery-server1.de\/t8-dachdecker\/wp-content\/uploads\/2023\/08\/Dachdecker-Slider2-1024x291.jpeg 1024w, https:\/\/webery-server1.de\/t8-dachdecker\/wp-content\/uploads\/2023\/08\/Dachdecker-Slider2-768x218.jpeg 768w, https:\/\/webery-server1.de\/t8-dachdecker\/wp-content\/uploads\/2023\/08\/Dachdecker-Slider2-1536x437.jpeg 1536w\" sizes=\"(max-width: 2000px) 100vw, 2000px\" \/><\/figure>        \n                <\/div>\n                <\/a>\n        <\/div>\t\t\t\t<\/div>\n\t\t\t\t<\/div>\n\t\t\t\t<\/div>\n\t\t<div class=\"elementor-element elementor-element-4f3dbe7 e-con-full e-flex e-con e-child\" data-id=\"4f3dbe7\" data-element_type=\"container\">\n\t\t\t\t<\/div>\n\t\t\t\t<\/div>\n\t\t\t\t<div class=\"elementor-element elementor-element-2175dd7 elementor-widget elementor-widget-spacer\" data-id=\"2175dd7\" data-element_type=\"widget\" data-widget_type=\"spacer.default\">\n\t\t\t\t<div class=\"elementor-widget-container\">\n\t\t\t\t\t\t\t<div class=\"elementor-spacer\">\n\t\t\t<div class=\"elementor-spacer-inner\"><\/div>\n\t\t<\/div>\n\t\t\t\t\t\t<\/div>\n\t\t\t\t<\/div>\n\t\t\t\t<div class=\"elementor-element elementor-element-45699e5 elementor-widget elementor-widget-text-editor\" data-id=\"45699e5\" data-element_type=\"widget\" data-widget_type=\"text-editor.default\">\n\t\t\t\t<div class=\"elementor-widget-container\">\n\t\t\t\t\t\t\t\t\t<p>Wir stellen auch Informationen \u00fcber verschiedene Pflanzenarten und Pflegehinweise bereit, um sicherzustellen, dass das Gr\u00fcndach optimal funktioniert und lange h\u00e4lt.<\/p><p>Lassen Sie sich gerne von uns beraten!<\/p>\t\t\t\t\t\t\t\t<\/div>\n\t\t\t\t<\/div>\n\t\t\t\t<\/div>\n\t\t\t\t\t<\/div>\n\t\t\t\t<\/div>\n\t\t<div class=\"elementor-element elementor-element-e0ac070 e-flex e-con-boxed e-con e-parent\" data-id=\"e0ac070\" data-element_type=\"container\" data-settings=\"{&quot;background_background&quot;:&quot;classic&quot;}\">\n\t\t\t\t\t<div class=\"e-con-inner\">\n\t\t<div class=\"elementor-element elementor-element-8c20565 e-con-full e-flex e-con e-child\" data-id=\"8c20565\" data-element_type=\"container\">\n\t\t\t\t<div class=\"elementor-element elementor-element-900009f elementor-widget elementor-widget-elementskit-heading\" data-id=\"900009f\" data-element_type=\"widget\" data-widget_type=\"elementskit-heading.default\">\n\t\t\t\t<div class=\"elementor-widget-container\">\n\t\t\t\t\t<div class=\"ekit-wid-con\" ><div class=\"ekit-heading elementskit-section-title-wraper text_left   ekit_heading_tablet-   ekit_heading_mobile-text_center\"><h1 class=\"ekit-heading--title elementskit-section-title \">Ihr Dach \u2013 unser Handwerk <br> Wir freuen uns auf Ihre Anfrage. <\/h1><\/div><\/div>\t\t\t\t<\/div>\n\t\t\t\t<\/div>\n\t\t\t\t<div class=\"elementor-element elementor-element-1bfe040 elementor-widget elementor-widget-button\" data-id=\"1bfe040\" data-element_type=\"widget\" data-widget_type=\"button.default\">\n\t\t\t\t<div class=\"elementor-widget-container\">\n\t\t\t\t\t\t\t\t\t<div class=\"elementor-button-wrapper\">\n\t\t\t\t\t<a class=\"elementor-button elementor-button-link elementor-size-sm\" href=\"https:\/\/webery-server1.de\/t8-dachdecker\/kontakt\/\">\n\t\t\t\t\t\t<span class=\"elementor-button-content-wrapper\">\n\t\t\t\t\t\t\t\t\t<span class=\"elementor-button-text\">jetzt kontaktieren<\/span>\n\t\t\t\t\t<\/span>\n\t\t\t\t\t<\/a>\n\t\t\t\t<\/div>\n\t\t\t\t\t\t\t\t<\/div>\n\t\t\t\t<\/div>\n\t\t\t\t<\/div>\n\t\t<div class=\"elementor-element elementor-element-88a3f00 e-con-full e-flex e-con e-child\" data-id=\"88a3f00\" data-element_type=\"container\">\n\t\t\t\t<div class=\"elementor-element elementor-element-23b3cf6 elementor-widget elementor-widget-image\" data-id=\"23b3cf6\" data-element_type=\"widget\" data-widget_type=\"image.default\">\n\t\t\t\t<div class=\"elementor-widget-container\">\n\t\t\t\t\t\t\t\t\t\t\t\t\t\t\t<img loading=\"lazy\" decoding=\"async\" width=\"800\" height=\"620\" src=\"https:\/\/webery-server1.de\/t8-dachdecker\/wp-content\/uploads\/2023\/09\/3d-rendering-architecture-model-with-rolled-up-blueprints-handwritten-notes-measurements-1024x794.png\" class=\"attachment-large size-large wp-image-823\" alt=\"\" srcset=\"https:\/\/webery-server1.de\/t8-dachdecker\/wp-content\/uploads\/2023\/09\/3d-rendering-architecture-model-with-rolled-up-blueprints-handwritten-notes-measurements-1024x794.png 1024w, https:\/\/webery-server1.de\/t8-dachdecker\/wp-content\/uploads\/2023\/09\/3d-rendering-architecture-model-with-rolled-up-blueprints-handwritten-notes-measurements-300x232.png 300w, https:\/\/webery-server1.de\/t8-dachdecker\/wp-content\/uploads\/2023\/09\/3d-rendering-architecture-model-with-rolled-up-blueprints-handwritten-notes-measurements-768x595.png 768w, https:\/\/webery-server1.de\/t8-dachdecker\/wp-content\/uploads\/2023\/09\/3d-rendering-architecture-model-with-rolled-up-blueprints-handwritten-notes-measurements.png 1262w\" sizes=\"(max-width: 800px) 100vw, 800px\" \/>\t\t\t\t\t\t\t\t\t\t\t\t\t\t\t<\/div>\n\t\t\t\t<\/div>\n\t\t\t\t<\/div>\n\t\t\t\t\t<\/div>\n\t\t\t\t<\/div>\n\t\t\t\t<\/div>\n\t\t","protected":false},"excerpt":{"rendered":"<p>Wir bieten auch die Installation von Gr\u00fcnd\u00e4chern an, die nicht nur \u00e4sthetisch ansprechend sind, sondern auch \u00f6kologische Vorteile bieten, wie z.B. verbesserte W\u00e4rmed\u00e4mmung und Regenwasserr\u00fcckhaltung. Ein Gr\u00fcndach ist eine Hausbegr\u00fcnung mit Pflanzen auf der Dachfl\u00e4che eines Geb\u00e4udes. Es dient nicht nur als Gestaltungselement, sondern tr\u00e4gt auch zur besseren Funktion des Geb\u00e4udes bei. Gr\u00fcnd\u00e4cher haben positive [&hellip;]<\/p>\n","protected":false},"author":1,"featured_media":0,"parent":0,"menu_order":0,"comment_status":"closed","ping_status":"closed","template":"","meta":{"footnotes":""},"class_list":["post-599","page","type-page","status-publish","hentry"],"_links":{"self":[{"href":"https:\/\/webery-server1.de\/t8-dachdecker\/wp-json\/wp\/v2\/pages\/599","targetHints":{"allow":["GET"]}}],"collection":[{"href":"https:\/\/webery-server1.de\/t8-dachdecker\/wp-json\/wp\/v2\/pages"}],"about":[{"href":"https:\/\/webery-server1.de\/t8-dachdecker\/wp-json\/wp\/v2\/types\/page"}],"author":[{"embeddable":true,"href":"https:\/\/webery-server1.de\/t8-dachdecker\/wp-json\/wp\/v2\/users\/1"}],"replies":[{"embeddable":true,"href":"https:\/\/webery-server1.de\/t8-dachdecker\/wp-json\/wp\/v2\/comments?post=599"}],"version-history":[{"count":3,"href":"https:\/\/webery-server1.de\/t8-dachdecker\/wp-json\/wp\/v2\/pages\/599\/revisions"}],"predecessor-version":[{"id":971,"href":"https:\/\/webery-server1.de\/t8-dachdecker\/wp-json\/wp\/v2\/pages\/599\/revisions\/971"}],"wp:attachment":[{"href":"https:\/\/webery-server1.de\/t8-dachdecker\/wp-json\/wp\/v2\/media?parent=599"}],"curies":[{"name":"wp","href":"https:\/\/api.w.org\/{rel}","templated":true}]}}