{"id":601,"date":"2023-08-13T13:07:51","date_gmt":"2023-08-13T11:07:51","guid":{"rendered":"https:\/\/webery-server1.de\/t8-dachdecker\/?page_id=601"},"modified":"2025-03-26T14:22:08","modified_gmt":"2025-03-26T13:22:08","slug":"isolierung","status":"publish","type":"page","link":"https:\/\/webery-server1.de\/t8-dachdecker\/isolierung\/","title":{"rendered":"Isolierung"},"content":{"rendered":"\t\t<div data-elementor-type=\"wp-page\" data-elementor-id=\"601\" class=\"elementor elementor-601\" data-elementor-post-type=\"page\">\n\t\t\t\t<div class=\"elementor-element elementor-element-5be18f1 e-flex e-con-boxed e-con e-parent\" data-id=\"5be18f1\" data-element_type=\"container\" data-settings=\"{&quot;background_background&quot;:&quot;classic&quot;}\">\n\t\t\t\t\t<div class=\"e-con-inner\">\n\t\t<div class=\"elementor-element elementor-element-fdcc543 e-con-full e-flex e-con e-child\" data-id=\"fdcc543\" data-element_type=\"container\">\n\t\t\t\t<div class=\"elementor-element elementor-element-72f339a elementor-widget elementor-widget-elementskit-heading\" data-id=\"72f339a\" data-element_type=\"widget\" data-widget_type=\"elementskit-heading.default\">\n\t\t\t\t<div class=\"elementor-widget-container\">\n\t\t\t\t\t<div class=\"ekit-wid-con\" ><div class=\"ekit-heading elementskit-section-title-wraper text_center   ekit_heading_tablet-   ekit_heading_mobile-text_center\"><\/div><\/div>\t\t\t\t<\/div>\n\t\t\t\t<\/div>\n\t\t\t\t<\/div>\n\t\t\t\t\t<\/div>\n\t\t\t\t<\/div>\n\t\t<div class=\"elementor-element elementor-element-6f82f7c e-flex e-con-boxed e-con e-parent\" data-id=\"6f82f7c\" data-element_type=\"container\">\n\t\t\t\t\t<div class=\"e-con-inner\">\n\t\t<div class=\"elementor-element elementor-element-43f7c0b e-con-full e-flex e-con e-child\" data-id=\"43f7c0b\" data-element_type=\"container\">\n\t\t\t\t<div class=\"elementor-element elementor-element-9ec0116 elementor-widget elementor-widget-text-editor\" data-id=\"9ec0116\" data-element_type=\"widget\" data-widget_type=\"text-editor.default\">\n\t\t\t\t<div class=\"elementor-widget-container\">\n\t\t\t\t\t\t\t\t\t<p>Eine gute Dachisolierung ist entscheidend f\u00fcr den Energieverbrauch Ihres Hauses. Wir bieten professionelle Isolierungsarbeiten an, um sicherzustellen, dass Ihr Dach optimal isoliert ist und Sie Energiekosten sparen k\u00f6nnen.<\/p><p>Hierbei wird das Dach von innen oder au\u00dfen isoliert, um W\u00e4rmeverluste zu vermeiden.<\/p><p><strong>Warum ist Isolierung wichtig?<\/strong><\/p><p>Eine gute Isolierung ist f\u00fcr jedes Haus unerl\u00e4sslich. Sie sorgt daf\u00fcr, dass im Winter die W\u00e4rme im Haus bleibt und im Sommer die Hitze drau\u00dfen bleibt. Dadurch spart man nicht nur Energiekosten, sondern schont auch die Umwelt. Au\u00dferdem kann eine schlechte Isolierung zu Feuchtigkeitssch\u00e4den und Schimmelbildung f\u00fchren.<\/p><p>Um die richtige Isolierung f\u00fcr das eigene Haus zu finden, sollte man sich von einem Fachmann beraten lassen. Wir zeigen Ihnen gerne die verschiedenen M\u00f6glichkeiten auf und finden eine individuelle L\u00f6sung f\u00fcr das jeweilige Haus. Wichtig ist dabei, dass die Isolierung fachgerecht ausgef\u00fchrt wird, um ein optimales Ergebnis zu erzielen. Kontaktieren Sie uns gerne und lassen Sie sich beraten.<\/p>\t\t\t\t\t\t\t\t<\/div>\n\t\t\t\t<\/div>\n\t\t\t\t<\/div>\n\t\t<div class=\"elementor-element elementor-element-da82540 e-con-full e-flex e-con e-child\" data-id=\"da82540\" data-element_type=\"container\">\n\t\t\t\t<div class=\"elementor-element elementor-element-a42769c elementor-widget elementor-widget-image\" data-id=\"a42769c\" data-element_type=\"widget\" data-widget_type=\"image.default\">\n\t\t\t\t<div class=\"elementor-widget-container\">\n\t\t\t\t\t\t\t\t\t\t\t\t\t\t\t<img fetchpriority=\"high\" decoding=\"async\" width=\"800\" height=\"533\" src=\"https:\/\/webery-server1.de\/t8-dachdecker\/wp-content\/uploads\/2023\/08\/Dachdecker-Slider1-1024x682.jpeg\" class=\"attachment-large size-large wp-image-735\" alt=\"\" srcset=\"https:\/\/webery-server1.de\/t8-dachdecker\/wp-content\/uploads\/2023\/08\/Dachdecker-Slider1-1024x682.jpeg 1024w, https:\/\/webery-server1.de\/t8-dachdecker\/wp-content\/uploads\/2023\/08\/Dachdecker-Slider1-300x200.jpeg 300w, https:\/\/webery-server1.de\/t8-dachdecker\/wp-content\/uploads\/2023\/08\/Dachdecker-Slider1-768x512.jpeg 768w, https:\/\/webery-server1.de\/t8-dachdecker\/wp-content\/uploads\/2023\/08\/Dachdecker-Slider1-1536x1024.jpeg 1536w, https:\/\/webery-server1.de\/t8-dachdecker\/wp-content\/uploads\/2023\/08\/Dachdecker-Slider1.jpeg 2000w\" sizes=\"(max-width: 800px) 100vw, 800px\" \/>\t\t\t\t\t\t\t\t\t\t\t\t\t\t\t<\/div>\n\t\t\t\t<\/div>\n\t\t\t\t<div class=\"elementor-element elementor-element-d689275 elementor-widget elementor-widget-image\" data-id=\"d689275\" data-element_type=\"widget\" data-widget_type=\"image.default\">\n\t\t\t\t<div class=\"elementor-widget-container\">\n\t\t\t\t\t\t\t\t\t\t\t\t\t\t\t<img decoding=\"async\" width=\"800\" height=\"533\" src=\"https:\/\/webery-server1.de\/t8-dachdecker\/wp-content\/uploads\/2023\/08\/Dachdecker-Content2-1024x682.jpeg\" class=\"attachment-large size-large wp-image-733\" alt=\"\" srcset=\"https:\/\/webery-server1.de\/t8-dachdecker\/wp-content\/uploads\/2023\/08\/Dachdecker-Content2-1024x682.jpeg 1024w, https:\/\/webery-server1.de\/t8-dachdecker\/wp-content\/uploads\/2023\/08\/Dachdecker-Content2-300x200.jpeg 300w, https:\/\/webery-server1.de\/t8-dachdecker\/wp-content\/uploads\/2023\/08\/Dachdecker-Content2-768x512.jpeg 768w, https:\/\/webery-server1.de\/t8-dachdecker\/wp-content\/uploads\/2023\/08\/Dachdecker-Content2-1536x1024.jpeg 1536w, https:\/\/webery-server1.de\/t8-dachdecker\/wp-content\/uploads\/2023\/08\/Dachdecker-Content2.jpeg 2000w\" sizes=\"(max-width: 800px) 100vw, 800px\" \/>\t\t\t\t\t\t\t\t\t\t\t\t\t\t\t<\/div>\n\t\t\t\t<\/div>\n\t\t\t\t<\/div>\n\t\t\t\t\t<\/div>\n\t\t\t\t<\/div>\n\t\t<div class=\"elementor-element elementor-element-134604c e-flex e-con-boxed e-con e-parent\" data-id=\"134604c\" data-element_type=\"container\" data-settings=\"{&quot;background_background&quot;:&quot;classic&quot;}\">\n\t\t\t\t\t<div class=\"e-con-inner\">\n\t\t<div class=\"elementor-element elementor-element-44690b0 e-con-full e-flex e-con e-child\" data-id=\"44690b0\" data-element_type=\"container\">\n\t\t\t\t<div class=\"elementor-element elementor-element-a7a4ade elementor-widget elementor-widget-elementskit-heading\" data-id=\"a7a4ade\" data-element_type=\"widget\" data-widget_type=\"elementskit-heading.default\">\n\t\t\t\t<div class=\"elementor-widget-container\">\n\t\t\t\t\t<div class=\"ekit-wid-con\" ><div class=\"ekit-heading elementskit-section-title-wraper text_left   ekit_heading_tablet-   ekit_heading_mobile-text_center\"><h1 class=\"ekit-heading--title elementskit-section-title \">Ihr Dach \u2013 unser Handwerk <br> Wir freuen uns auf Ihre Anfrage. <\/h1><\/div><\/div>\t\t\t\t<\/div>\n\t\t\t\t<\/div>\n\t\t\t\t<div class=\"elementor-element elementor-element-ea0c4a1 elementor-widget elementor-widget-button\" data-id=\"ea0c4a1\" data-element_type=\"widget\" data-widget_type=\"button.default\">\n\t\t\t\t<div class=\"elementor-widget-container\">\n\t\t\t\t\t\t\t\t\t<div class=\"elementor-button-wrapper\">\n\t\t\t\t\t<a class=\"elementor-button elementor-button-link elementor-size-sm\" href=\"https:\/\/webery-server1.de\/t8-dachdecker\/kontakt\/\">\n\t\t\t\t\t\t<span class=\"elementor-button-content-wrapper\">\n\t\t\t\t\t\t\t\t\t<span class=\"elementor-button-text\">jetzt kontaktieren<\/span>\n\t\t\t\t\t<\/span>\n\t\t\t\t\t<\/a>\n\t\t\t\t<\/div>\n\t\t\t\t\t\t\t\t<\/div>\n\t\t\t\t<\/div>\n\t\t\t\t<\/div>\n\t\t<div class=\"elementor-element elementor-element-a0b11bd e-con-full e-flex e-con e-child\" data-id=\"a0b11bd\" data-element_type=\"container\">\n\t\t\t\t<div class=\"elementor-element elementor-element-b010fff elementor-widget elementor-widget-image\" data-id=\"b010fff\" data-element_type=\"widget\" data-widget_type=\"image.default\">\n\t\t\t\t<div class=\"elementor-widget-container\">\n\t\t\t\t\t\t\t\t\t\t\t\t\t\t\t<img decoding=\"async\" width=\"800\" height=\"620\" src=\"https:\/\/webery-server1.de\/t8-dachdecker\/wp-content\/uploads\/2023\/09\/3d-rendering-architecture-model-with-rolled-up-blueprints-handwritten-notes-measurements-1024x794.png\" class=\"attachment-large size-large wp-image-823\" alt=\"\" srcset=\"https:\/\/webery-server1.de\/t8-dachdecker\/wp-content\/uploads\/2023\/09\/3d-rendering-architecture-model-with-rolled-up-blueprints-handwritten-notes-measurements-1024x794.png 1024w, https:\/\/webery-server1.de\/t8-dachdecker\/wp-content\/uploads\/2023\/09\/3d-rendering-architecture-model-with-rolled-up-blueprints-handwritten-notes-measurements-300x232.png 300w, https:\/\/webery-server1.de\/t8-dachdecker\/wp-content\/uploads\/2023\/09\/3d-rendering-architecture-model-with-rolled-up-blueprints-handwritten-notes-measurements-768x595.png 768w, https:\/\/webery-server1.de\/t8-dachdecker\/wp-content\/uploads\/2023\/09\/3d-rendering-architecture-model-with-rolled-up-blueprints-handwritten-notes-measurements.png 1262w\" sizes=\"(max-width: 800px) 100vw, 800px\" \/>\t\t\t\t\t\t\t\t\t\t\t\t\t\t\t<\/div>\n\t\t\t\t<\/div>\n\t\t\t\t<\/div>\n\t\t\t\t\t<\/div>\n\t\t\t\t<\/div>\n\t\t\t\t<\/div>\n\t\t","protected":false},"excerpt":{"rendered":"<p>Eine gute Dachisolierung ist entscheidend f\u00fcr den Energieverbrauch Ihres Hauses. Wir bieten professionelle Isolierungsarbeiten an, um sicherzustellen, dass Ihr Dach optimal isoliert ist und Sie Energiekosten sparen k\u00f6nnen. Hierbei wird das Dach von innen oder au\u00dfen isoliert, um W\u00e4rmeverluste zu vermeiden. Warum ist Isolierung wichtig? Eine gute Isolierung ist f\u00fcr jedes Haus unerl\u00e4sslich. Sie sorgt [&hellip;]<\/p>\n","protected":false},"author":1,"featured_media":0,"parent":0,"menu_order":0,"comment_status":"closed","ping_status":"closed","template":"","meta":{"footnotes":""},"class_list":["post-601","page","type-page","status-publish","hentry"],"_links":{"self":[{"href":"https:\/\/webery-server1.de\/t8-dachdecker\/wp-json\/wp\/v2\/pages\/601","targetHints":{"allow":["GET"]}}],"collection":[{"href":"https:\/\/webery-server1.de\/t8-dachdecker\/wp-json\/wp\/v2\/pages"}],"about":[{"href":"https:\/\/webery-server1.de\/t8-dachdecker\/wp-json\/wp\/v2\/types\/page"}],"author":[{"embeddable":true,"href":"https:\/\/webery-server1.de\/t8-dachdecker\/wp-json\/wp\/v2\/users\/1"}],"replies":[{"embeddable":true,"href":"https:\/\/webery-server1.de\/t8-dachdecker\/wp-json\/wp\/v2\/comments?post=601"}],"version-history":[{"count":3,"href":"https:\/\/webery-server1.de\/t8-dachdecker\/wp-json\/wp\/v2\/pages\/601\/revisions"}],"predecessor-version":[{"id":977,"href":"https:\/\/webery-server1.de\/t8-dachdecker\/wp-json\/wp\/v2\/pages\/601\/revisions\/977"}],"wp:attachment":[{"href":"https:\/\/webery-server1.de\/t8-dachdecker\/wp-json\/wp\/v2\/media?parent=601"}],"curies":[{"name":"wp","href":"https:\/\/api.w.org\/{rel}","templated":true}]}}