{"id":85,"date":"2023-08-12T14:17:58","date_gmt":"2023-08-12T12:17:58","guid":{"rendered":"https:\/\/webery-server1.de\/t9-glaser\/?page_id=85"},"modified":"2025-03-26T14:42:33","modified_gmt":"2025-03-26T13:42:33","slug":"ueber-uns","status":"publish","type":"page","link":"https:\/\/webery-server1.de\/t9-glaser\/ueber-uns\/","title":{"rendered":"\u00dcber uns"},"content":{"rendered":"\t\t<div data-elementor-type=\"wp-page\" data-elementor-id=\"85\" class=\"elementor elementor-85\" data-elementor-post-type=\"page\">\n\t\t\t\t<div class=\"elementor-element elementor-element-600255b e-flex e-con-boxed e-con e-parent\" data-id=\"600255b\" data-element_type=\"container\" data-settings=\"{&quot;background_background&quot;:&quot;classic&quot;}\">\n\t\t\t\t\t<div class=\"e-con-inner\">\n\t\t<div class=\"elementor-element elementor-element-d04206a e-con-full e-flex e-con e-child\" data-id=\"d04206a\" data-element_type=\"container\">\n\t\t\t\t<div class=\"elementor-element elementor-element-33dae90 elementor-widget elementor-widget-elementskit-heading\" data-id=\"33dae90\" data-element_type=\"widget\" data-widget_type=\"elementskit-heading.default\">\n\t\t\t\t<div class=\"elementor-widget-container\">\n\t\t\t\t\t<div class=\"ekit-wid-con\" ><div class=\"ekit-heading elementskit-section-title-wraper text_center   ekit_heading_tablet-   ekit_heading_mobile-text_center\"><\/div><\/div>\t\t\t\t<\/div>\n\t\t\t\t<\/div>\n\t\t\t\t<\/div>\n\t\t\t\t\t<\/div>\n\t\t\t\t<\/div>\n\t\t<div class=\"elementor-element elementor-element-9357a8e e-flex e-con-boxed e-con e-parent\" data-id=\"9357a8e\" data-element_type=\"container\" data-settings=\"{&quot;background_background&quot;:&quot;classic&quot;}\">\n\t\t\t\t\t<div class=\"e-con-inner\">\n\t\t<div class=\"elementor-element elementor-element-3690d12 e-con-full e-flex e-con e-child\" data-id=\"3690d12\" data-element_type=\"container\">\n\t\t\t\t<div class=\"elementor-element elementor-element-4447cfc elementor-widget elementor-widget-heading\" data-id=\"4447cfc\" data-element_type=\"widget\" data-widget_type=\"heading.default\">\n\t\t\t\t<div class=\"elementor-widget-container\">\n\t\t\t\t\t<h2 class=\"elementor-heading-title elementor-size-default\">Leistungsstark: von Standard bis besonders.<\/h2>\t\t\t\t<\/div>\n\t\t\t\t<\/div>\n\t\t\t\t<div class=\"elementor-element elementor-element-d7195f4 elementor-widget elementor-widget-text-editor\" data-id=\"d7195f4\" data-element_type=\"widget\" data-widget_type=\"text-editor.default\">\n\t\t\t\t<div class=\"elementor-widget-container\">\n\t\t\t\t\t\t\t\t\t<p>Seit fast 100 Jahren sind wir Experten f\u00fcr Glas. Urspr\u00fcnglich als klassische Glasschleiferei gegr\u00fcndet, haben wir im Laufe der Jahre unser Leistungsspektrum erweitert, um den vielf\u00e4ltigen Herausforderungen gerecht zu werden. Unser hoher Qualit\u00e4tsanspruch ist dabei unver\u00e4ndert geblieben, sei es bei Projekten f\u00fcr Gewerbetreibende und Innenarchitekten.<\/p><p>Obwohl unser Handwerk traditionell ist, setzen wir moderne Techniken und Systeme ein, die uns in der Glasbearbeitung und -montage Effizienz und neue M\u00f6glichkeiten bieten. Wir greifen dabei auf ein umfangreiches Sortiment an Glas und Zubeh\u00f6r sowie auf beste Kontakte zu Lieferanten zur\u00fcck.<\/p><p>Glas ist ein sensibles Material, \u00e4hnlich wie die Zusammenarbeit verschiedener Gewerke auf einer Baustelle. Wir engagieren uns kooperativ und flexibel, um reibungslose Abl\u00e4ufe zu gew\u00e4hrleisten. Wir scheuen uns nicht vor komplexen und schwierigen Glasprojekten und nehmen auch das Risiko in Kauf. Unsere Kunden aus allen Branchen sind uns seit Jahren treu.<\/p>\t\t\t\t\t\t\t\t<\/div>\n\t\t\t\t<\/div>\n\t\t\t\t<\/div>\n\t\t<div class=\"elementor-element elementor-element-b758aa4 e-con-full e-flex e-con e-child\" data-id=\"b758aa4\" data-element_type=\"container\">\n\t\t\t\t<div class=\"elementor-element elementor-element-550bd86 elementor-widget elementor-widget-image\" data-id=\"550bd86\" data-element_type=\"widget\" data-widget_type=\"image.default\">\n\t\t\t\t<div class=\"elementor-widget-container\">\n\t\t\t\t\t\t\t\t\t\t\t\t\t\t\t<img fetchpriority=\"high\" decoding=\"async\" width=\"576\" height=\"1024\" src=\"https:\/\/webery-server1.de\/t9-glaser\/wp-content\/uploads\/2023\/09\/3d-vertical-background-with-abstract-style-576x1024.jpg\" class=\"attachment-large size-large wp-image-1041\" alt=\"\" srcset=\"https:\/\/webery-server1.de\/t9-glaser\/wp-content\/uploads\/2023\/09\/3d-vertical-background-with-abstract-style-576x1024.jpg 576w, https:\/\/webery-server1.de\/t9-glaser\/wp-content\/uploads\/2023\/09\/3d-vertical-background-with-abstract-style-169x300.jpg 169w, https:\/\/webery-server1.de\/t9-glaser\/wp-content\/uploads\/2023\/09\/3d-vertical-background-with-abstract-style-768x1365.jpg 768w, https:\/\/webery-server1.de\/t9-glaser\/wp-content\/uploads\/2023\/09\/3d-vertical-background-with-abstract-style-864x1536.jpg 864w, https:\/\/webery-server1.de\/t9-glaser\/wp-content\/uploads\/2023\/09\/3d-vertical-background-with-abstract-style.jpg 1125w\" sizes=\"(max-width: 576px) 100vw, 576px\" \/>\t\t\t\t\t\t\t\t\t\t\t\t\t\t\t<\/div>\n\t\t\t\t<\/div>\n\t\t\t\t<\/div>\n\t\t\t\t\t<\/div>\n\t\t\t\t<\/div>\n\t\t<div class=\"elementor-element elementor-element-3fa6d1b e-flex e-con-boxed e-con e-parent\" data-id=\"3fa6d1b\" data-element_type=\"container\" data-settings=\"{&quot;background_background&quot;:&quot;classic&quot;}\">\n\t\t\t\t\t<div class=\"e-con-inner\">\n\t\t<div class=\"elementor-element elementor-element-d4da0b7 e-con-full e-flex e-con e-child\" data-id=\"d4da0b7\" data-element_type=\"container\">\n\t\t\t\t<div class=\"elementor-element elementor-element-deb6d86 elementor-widget elementor-widget-elementskit-heading\" data-id=\"deb6d86\" data-element_type=\"widget\" data-widget_type=\"elementskit-heading.default\">\n\t\t\t\t<div class=\"elementor-widget-container\">\n\t\t\t\t\t<div class=\"ekit-wid-con\" ><div class=\"ekit-heading elementskit-section-title-wraper text_left   ekit_heading_tablet-   ekit_heading_mobile-text_center\"><h1 class=\"ekit-heading--title elementskit-section-title \">Wir freuen uns auf Ihre Anfrage. <\/h1><\/div><\/div>\t\t\t\t<\/div>\n\t\t\t\t<\/div>\n\t\t\t\t<div class=\"elementor-element elementor-element-3987086 elementor-widget elementor-widget-button\" data-id=\"3987086\" data-element_type=\"widget\" data-widget_type=\"button.default\">\n\t\t\t\t<div class=\"elementor-widget-container\">\n\t\t\t\t\t\t\t\t\t<div class=\"elementor-button-wrapper\">\n\t\t\t\t\t<a class=\"elementor-button elementor-button-link elementor-size-sm\" href=\"https:\/\/webery-server1.de\/t9-glaser\/kontakt\/\">\n\t\t\t\t\t\t<span class=\"elementor-button-content-wrapper\">\n\t\t\t\t\t\t\t\t\t<span class=\"elementor-button-text\">jetzt kontaktieren<\/span>\n\t\t\t\t\t<\/span>\n\t\t\t\t\t<\/a>\n\t\t\t\t<\/div>\n\t\t\t\t\t\t\t\t<\/div>\n\t\t\t\t<\/div>\n\t\t\t\t<\/div>\n\t\t<div class=\"elementor-element elementor-element-59130d7 e-con-full e-flex e-con e-child\" data-id=\"59130d7\" data-element_type=\"container\">\n\t\t\t\t<\/div>\n\t\t\t\t\t<\/div>\n\t\t\t\t<\/div>\n\t\t\t\t<\/div>\n\t\t","protected":false},"excerpt":{"rendered":"<p>Leistungsstark: von Standard bis besonders. Seit fast 100 Jahren sind wir Experten f\u00fcr Glas. Urspr\u00fcnglich als klassische Glasschleiferei gegr\u00fcndet, haben wir im Laufe der Jahre unser Leistungsspektrum erweitert, um den vielf\u00e4ltigen Herausforderungen gerecht zu werden. Unser hoher Qualit\u00e4tsanspruch ist dabei unver\u00e4ndert geblieben, sei es bei Projekten f\u00fcr Gewerbetreibende und Innenarchitekten. Obwohl unser Handwerk traditionell ist, [&hellip;]<\/p>\n","protected":false},"author":1,"featured_media":0,"parent":0,"menu_order":0,"comment_status":"closed","ping_status":"closed","template":"","meta":{"footnotes":""},"class_list":["post-85","page","type-page","status-publish","hentry"],"_links":{"self":[{"href":"https:\/\/webery-server1.de\/t9-glaser\/wp-json\/wp\/v2\/pages\/85","targetHints":{"allow":["GET"]}}],"collection":[{"href":"https:\/\/webery-server1.de\/t9-glaser\/wp-json\/wp\/v2\/pages"}],"about":[{"href":"https:\/\/webery-server1.de\/t9-glaser\/wp-json\/wp\/v2\/types\/page"}],"author":[{"embeddable":true,"href":"https:\/\/webery-server1.de\/t9-glaser\/wp-json\/wp\/v2\/users\/1"}],"replies":[{"embeddable":true,"href":"https:\/\/webery-server1.de\/t9-glaser\/wp-json\/wp\/v2\/comments?post=85"}],"version-history":[{"count":3,"href":"https:\/\/webery-server1.de\/t9-glaser\/wp-json\/wp\/v2\/pages\/85\/revisions"}],"predecessor-version":[{"id":1242,"href":"https:\/\/webery-server1.de\/t9-glaser\/wp-json\/wp\/v2\/pages\/85\/revisions\/1242"}],"wp:attachment":[{"href":"https:\/\/webery-server1.de\/t9-glaser\/wp-json\/wp\/v2\/media?parent=85"}],"curies":[{"name":"wp","href":"https:\/\/api.w.org\/{rel}","templated":true}]}}